{"id":166,"date":"2023-03-21T20:44:40","date_gmt":"2023-03-21T19:44:40","guid":{"rendered":"https:\/\/blogsaverroes.juntadeandalucia.es\/ceper\/?page_id=166"},"modified":"2023-05-27T18:40:31","modified_gmt":"2023-05-27T16:40:31","slug":"ingles-basico","status":"publish","type":"page","link":"https:\/\/blogsaverroes.juntadeandalucia.es\/ceper\/ingles-basico\/","title":{"rendered":"INGL\u00c9S B\u00c1SICO"},"content":{"rendered":"<p style=\"text-align: center\"><span style=\"color: #ff0000;font-size: 36pt\"><strong>INGL\u00c9S B\u00c1SICO<\/strong><\/span><\/p>\n<h1 style=\"text-align: center\"><span style=\"font-size: 14pt\">En este apartado aparecen materiales y propuestas para el alumnado de INGL\u00c9S B\u00c1SICO.<\/span><\/h1>\n<p style=\"text-align: center\"><strong>Actualmente trabajamos con el m\u00e9todo \u00abEnglish for Adults Today 1\u00bb de Burlington Books.<\/strong><\/p>\n<p><img loading=\"lazy\" decoding=\"async\" class=\"size-medium wp-image-285 aligncenter\" src=\"https:\/\/blogsaverroes.juntadeandalucia.es\/funglishzone\/files\/2020\/10\/9789963273782-213x300.jpg\" alt=\"\" width=\"213\" height=\"300\"><\/p>\n<p>&nbsp;<\/p>\n<hr>\n<p>Internet est\u00e1 repleto de recursos para aprender ingl\u00e9s: ejercicios en l\u00ednea, series, pel\u00edculas, explicaciones gramaticales, etc. A continuaci\u00f3n proponemos algunos enlaces \u00fatiles en ense\u00f1anza de adultos.&nbsp;<\/p>\n<p><span style=\"font-size: 14pt;color: #ff0000\"><strong>EJERCICIOS INGL\u00c9S ONLINE<\/strong><\/span><\/p>\n<p><strong>Con Ejercicios<\/strong> de <strong>ingl\u00e9s online<\/strong>&nbsp;accedemos a miles de ejercicios de ingl\u00e9s en l\u00ednea. Todos los ejercicios de esta web contienen <strong>auto-correcci\u00f3n<\/strong>. Permite descargar sus ejercicios en <strong>PDF<\/strong>. Tambi\u00e9n puedes <strong>imprimir<\/strong>los. Pincha aqu\u00ed:&nbsp;<\/p>\n<p><a href=\"https:\/\/www.ejerciciosinglesonline.com\/\">https:\/\/www.ejerciciosinglesonline.com<\/a><\/p>\n<p><span style=\"font-size: 14pt;color: #ff0000\"><strong>CURSO-INGL\u00c9S<\/strong><\/span><\/p>\n<div class=\"col-xs-6\">Es r\u00e1pido y gratis. Permite hacerse una cuenta o&nbsp;navegar libremente. Todos los ejercicios de esta web contienen <strong>auto-correcci\u00f3n<\/strong>. Pincha aqu\u00ed:<\/div>\n<div>&nbsp;<\/div>\n<div><a href=\"https:\/\/www.curso-ingles.com\/\">https:\/\/www.curso-ingles.com<\/a><\/div>\n<div>&nbsp;<\/div>\n<div><span style=\"font-size: 14pt\"><strong><span style=\"color: #ff0000\">PERFECT ENGLISH GRAMMAR<\/span><\/strong><\/span><\/div>\n<div>&nbsp;<\/div>\n<div>Esta p\u00e1gina pertenece a Seonaid, y se presenta de esta manera: \u00abI\u2019m a British native speaker of English. I have a Master\u2019s degree (MPhil) from Cambridge University in English and Linguistics and I\u2019ve been teaching English to foreign students for many years\u00bb.<\/div>\n<div>Todos los ejercicios de esta web contienen <strong>auto-correcci\u00f3n<\/strong>. Permite descargar sus ejercicios en <strong>PDF<\/strong>. Tambi\u00e9n puedes <strong>imprimir<\/strong>los.&nbsp; Pincha aqu\u00ed:<\/div>\n<div>&nbsp;<\/div>\n<div><a href=\"https:\/\/www.perfect-english-grammar.com\/\">https:\/\/www.perfect-english-grammar.com<\/a><\/div>\n<div>\n<hr>\n<\/div>\n","protected":false},"excerpt":{"rendered":"<p>INGL\u00c9S B\u00c1SICO En este apartado aparecen materiales y propuestas para el alumnado de INGL\u00c9S B\u00c1SICO. Actualmente trabajamos con el m\u00e9todo \u00abEnglish for Adults Today 1\u00bb de Burlington Books. &nbsp; Internet est\u00e1 repleto de recursos para aprender ingl\u00e9s: ejercicios en l\u00ednea, series, pel\u00edculas, explicaciones gramaticales, etc. A continuaci\u00f3n proponemos algunos enlaces \u00fatiles en ense\u00f1anza de adultos.&nbsp; &hellip; <\/p>\n<p><a class=\"more-link btn\" href=\"https:\/\/blogsaverroes.juntadeandalucia.es\/ceper\/ingles-basico\/\">Seguir leyendo<\/a><\/p>\n","protected":false},"author":7857,"featured_media":0,"parent":0,"menu_order":0,"comment_status":"closed","ping_status":"closed","template":"","meta":{"ngg_post_thumbnail":0,"footnotes":""},"aioseo_notices":[],"_links":{"self":[{"href":"https:\/\/blogsaverroes.juntadeandalucia.es\/ceper\/wp-json\/wp\/v2\/pages\/166"}],"collection":[{"href":"https:\/\/blogsaverroes.juntadeandalucia.es\/ceper\/wp-json\/wp\/v2\/pages"}],"about":[{"href":"https:\/\/blogsaverroes.juntadeandalucia.es\/ceper\/wp-json\/wp\/v2\/types\/page"}],"author":[{"embeddable":true,"href":"https:\/\/blogsaverroes.juntadeandalucia.es\/ceper\/wp-json\/wp\/v2\/users\/7857"}],"replies":[{"embeddable":true,"href":"https:\/\/blogsaverroes.juntadeandalucia.es\/ceper\/wp-json\/wp\/v2\/comments?post=166"}],"version-history":[{"count":5,"href":"https:\/\/blogsaverroes.juntadeandalucia.es\/ceper\/wp-json\/wp\/v2\/pages\/166\/revisions"}],"predecessor-version":[{"id":318,"href":"https:\/\/blogsaverroes.juntadeandalucia.es\/ceper\/wp-json\/wp\/v2\/pages\/166\/revisions\/318"}],"wp:attachment":[{"href":"https:\/\/blogsaverroes.juntadeandalucia.es\/ceper\/wp-json\/wp\/v2\/media?parent=166"}],"curies":[{"name":"wp","href":"https:\/\/api.w.org\/{rel}","templated":true}]}}