{"id":168,"date":"2023-03-21T20:45:12","date_gmt":"2023-03-21T19:45:12","guid":{"rendered":"https:\/\/blogsaverroes.juntadeandalucia.es\/ceper\/?page_id=168"},"modified":"2023-05-27T18:43:55","modified_gmt":"2023-05-27T16:43:55","slug":"ingles-b1","status":"publish","type":"page","link":"https:\/\/blogsaverroes.juntadeandalucia.es\/ceper\/ingles-b1\/","title":{"rendered":"INGL\u00c9S B1"},"content":{"rendered":"<p style=\"text-align: center\"><span style=\"color: #ff0000;font-size: 36pt\"><strong>B1&nbsp;&#8211; EOI&nbsp;ANDALUC\u00cdA<\/strong><\/span><\/p>\n<h1 style=\"text-align: center\"><span style=\"font-size: 14pt\">En este apartado aparecen materiales y propuestas para el alumnado de B1 matriculado en alguna Escuela Oficial de Idiomas (EOI) o Centro de Educaci\u00f3n Permanente (CEPER \/ SEP) de Andaluc\u00eda en la modalidad SEMIPRESENCIAL.<\/span><\/h1>\n<ol>\n<li>En ense\u00f1anza SEMIPRESENCIAL se trabaja con la plataforma MOODLE. Una vez matriculado en la EOI, necesitas USUARIO Y CONTRASE\u00d1A para acceder a la plataforma.<\/li>\n<li>En la plataforma se suben tareas para que puedan ser corregidas por vuestros tutores en la EOI. Tambi\u00e9n se pueden acceder a los contenidos. Estos tambi\u00e9n pueden realizarse en la web de <strong>C.R.E.A. <\/strong>(una plataforma de acceso libre con los Contenidos y Recursos Educativos de Andaluc\u00eda.\n<ul>\n<li>Aqu\u00ed os dejamos el enlace a CREA: <a href=\"http:\/\/www.juntadeandalucia.es\/educacion\/permanente\/materiales\/\">http:\/\/www.juntadeandalucia.es\/educacion\/permanente\/materiales\/<\/a><\/li>\n<li>El material para el B1 se encuentra en \u00abIdiomas-EOI Ingl\u00e9s-NIVEL INTERMEDIO B1 Ingl\u00e9s\u00bb.\n<ul>\n<li>Enlace: <a href=\"http:\/\/www.juntadeandalucia.es\/educacion\/permanente\/materiales\/index.php?etapa=7&amp;materia=293#space\">http:\/\/www.juntadeandalucia.es\/educacion\/permanente\/materiales\/index.php?etapa=7&amp;materia=293#space<\/a><\/li>\n<\/ul>\n<\/li>\n<li>Cada curso contiene 6 unidades y cada unidad, 4 temas (24 temas en total). Para acceder a ellos, picad en la lupa que aparece a la derecha de cada tema.<\/li>\n<\/ul>\n<\/li>\n<\/ol>\n<p>&nbsp;<\/p>\n<p style=\"text-align: center\"><span style=\"color: #ff0000;font-size: 18pt\"><strong>EX\u00c1MENES OFICIALES JUNTA DE ANDALUC\u00cdA<\/strong><\/span><\/p>\n<p><strong>\u00a1SI PINCHAS EN LA IMAGEN DE ABAJO, ACCEDER\u00c1S A LA P\u00c1GINA DE LA CONSEJER\u00cdA DE EDUCACI\u00d3N QUE CONTIENE LOS MODELOS DE LOS EX\u00c1MENES OFICIALES DE CONVOCATORIAS ANTERIORES! SI TE VAS A PRESENTAR A LA <span style=\"color: #ff0000\">PRUEBA LIBRE<\/span> TE RESULTAR\u00c1N DE MUCHA UTILIDAD.<\/strong><\/p>\n<p><a href=\"https:\/\/www.juntadeandalucia.es\/educacion\/portals\/web\/educacion-permanente\/pruebas-certificacion\/modelos\/-\/documentos\/EIkl6htcQCP8\/carpeta\/ingles-1g49tjjgbl5xl\"><img loading=\"lazy\" decoding=\"async\" class=\"aligncenter wp-image-260 size-medium\" src=\"https:\/\/blogsaverroes.juntadeandalucia.es\/funglishzone\/files\/2020\/10\/Como-hacer-un-plan-de-trabajo-300x150.png\" alt=\"\" width=\"300\" height=\"150\"><\/a><\/p>\n<hr>\n<p>&nbsp;<\/p>\n<p style=\"text-align: center\"><strong><span style=\"font-size: 18pt\">ENLACES DE INTER\u00c9S<\/span><\/strong><\/p>\n<p style=\"text-align: center\"><span style=\"color: #ff0000;font-size: 18pt\"><strong>EXPRESIONES \u00daTILES PARA USAR EN LA PARTE DE <\/strong><strong>SPEAKING<\/strong><\/span><\/p>\n<p><strong>En el siguiente enlace encontrar\u00e1s numerosas expresiones para expresar una opini\u00f3n, acuerdo, desacuerdo, etc., organizadas por niveles.<\/strong><\/p>\n<p>Aqu\u00ed:&nbsp;<a href=\"https:\/\/salondeidiomas.wordpress.com\/2017\/10\/13\/expresiones-utiles-para-el-speaking-opinion-estar-de-acuerdo-desacuerdo\/\">https:\/\/salondeidiomas.wordpress.com\/2017\/10\/13\/expresiones-utiles-para-el-speaking-opinion-estar-de-acuerdo-desacuerdo\/<\/a><\/p>\n","protected":false},"excerpt":{"rendered":"<p>B1&nbsp;&#8211; EOI&nbsp;ANDALUC\u00cdA En este apartado aparecen materiales y propuestas para el alumnado de B1 matriculado en alguna Escuela Oficial de Idiomas (EOI) o Centro de Educaci\u00f3n Permanente (CEPER \/ SEP) de Andaluc\u00eda en la modalidad SEMIPRESENCIAL. En ense\u00f1anza SEMIPRESENCIAL se trabaja con la plataforma MOODLE. Una vez matriculado en la EOI, necesitas USUARIO Y CONTRASE\u00d1A &hellip; <\/p>\n<p><a class=\"more-link btn\" href=\"https:\/\/blogsaverroes.juntadeandalucia.es\/ceper\/ingles-b1\/\">Seguir leyendo<\/a><\/p>\n","protected":false},"author":7857,"featured_media":0,"parent":0,"menu_order":0,"comment_status":"closed","ping_status":"closed","template":"","meta":{"ngg_post_thumbnail":0,"footnotes":""},"aioseo_notices":[],"_links":{"self":[{"href":"https:\/\/blogsaverroes.juntadeandalucia.es\/ceper\/wp-json\/wp\/v2\/pages\/168"}],"collection":[{"href":"https:\/\/blogsaverroes.juntadeandalucia.es\/ceper\/wp-json\/wp\/v2\/pages"}],"about":[{"href":"https:\/\/blogsaverroes.juntadeandalucia.es\/ceper\/wp-json\/wp\/v2\/types\/page"}],"author":[{"embeddable":true,"href":"https:\/\/blogsaverroes.juntadeandalucia.es\/ceper\/wp-json\/wp\/v2\/users\/7857"}],"replies":[{"embeddable":true,"href":"https:\/\/blogsaverroes.juntadeandalucia.es\/ceper\/wp-json\/wp\/v2\/comments?post=168"}],"version-history":[{"count":7,"href":"https:\/\/blogsaverroes.juntadeandalucia.es\/ceper\/wp-json\/wp\/v2\/pages\/168\/revisions"}],"predecessor-version":[{"id":306,"href":"https:\/\/blogsaverroes.juntadeandalucia.es\/ceper\/wp-json\/wp\/v2\/pages\/168\/revisions\/306"}],"wp:attachment":[{"href":"https:\/\/blogsaverroes.juntadeandalucia.es\/ceper\/wp-json\/wp\/v2\/media?parent=168"}],"curies":[{"name":"wp","href":"https:\/\/api.w.org\/{rel}","templated":true}]}}