{"id":115,"date":"2020-10-23T12:56:59","date_gmt":"2020-10-23T10:56:59","guid":{"rendered":"https:\/\/blogsaverroes.juntadeandalucia.es\/ceper500viviendas\/?page_id=115"},"modified":"2021-05-25T10:04:07","modified_gmt":"2021-05-25T08:04:07","slug":"seper-puche","status":"publish","type":"page","link":"https:\/\/blogsaverroes.juntadeandalucia.es\/ceper500viviendas\/secciones\/seper-puche\/","title":{"rendered":"SEP Puche"},"content":{"rendered":"<div id=\"attachment_243\" style=\"width: 500px\" class=\"wp-caption aligncenter\"><img loading=\"lazy\" decoding=\"async\" aria-describedby=\"caption-attachment-243\" class=\"size-full wp-image-243\" src=\"https:\/\/blogsaverroes.juntadeandalucia.es\/ceper500viviendas\/files\/2020\/10\/Puche.jpg\" alt=\"\" width=\"490\" height=\"326\" srcset=\"https:\/\/blogsaverroes.juntadeandalucia.es\/ceper500viviendas\/files\/2020\/10\/Puche.jpg 490w, https:\/\/blogsaverroes.juntadeandalucia.es\/ceper500viviendas\/files\/2020\/10\/Puche-300x200.jpg 300w, https:\/\/blogsaverroes.juntadeandalucia.es\/ceper500viviendas\/files\/2020\/10\/Puche-24x16.jpg 24w, https:\/\/blogsaverroes.juntadeandalucia.es\/ceper500viviendas\/files\/2020\/10\/Puche-36x24.jpg 36w, https:\/\/blogsaverroes.juntadeandalucia.es\/ceper500viviendas\/files\/2020\/10\/Puche-48x32.jpg 48w\" sizes=\"(max-width: 490px) 100vw, 490px\" \/><p id=\"caption-attachment-243\" class=\"wp-caption-text\">TFGP.<\/p><\/div>\n<p><strong>La Secci\u00f3n de Educaci\u00f3n Permanente Puche <\/strong>est\u00e1 ubicada&nbsp;en la barriada de su mismo nombre.<\/p>\n<p>La Seper El Puche pertenece al Centro Matriz Quinientas Viviendas&nbsp; de la capital de Almer\u00eda. Cuenta con una plantilla de dos profesoras y una tercera a tiempo parcial. Est\u00e1 situada&nbsp; en la Avd. Mare&nbsp; Nostrum, 1.&nbsp; &nbsp; &nbsp;<\/p>\n<p><img loading=\"lazy\" decoding=\"async\" class=\"aligncenter size-large wp-image-380\" src=\"https:\/\/blogsaverroes.juntadeandalucia.es\/ceper500viviendas\/files\/2021\/05\/Oferta.Puche_.21-22-724x1024.jpg\" alt=\"\" width=\"724\" height=\"1024\" srcset=\"https:\/\/blogsaverroes.juntadeandalucia.es\/ceper500viviendas\/files\/2021\/05\/Oferta.Puche_.21-22-724x1024.jpg 724w, https:\/\/blogsaverroes.juntadeandalucia.es\/ceper500viviendas\/files\/2021\/05\/Oferta.Puche_.21-22-212x300.jpg 212w, https:\/\/blogsaverroes.juntadeandalucia.es\/ceper500viviendas\/files\/2021\/05\/Oferta.Puche_.21-22-768x1086.jpg 768w, https:\/\/blogsaverroes.juntadeandalucia.es\/ceper500viviendas\/files\/2021\/05\/Oferta.Puche_.21-22-1086x1536.jpg 1086w, https:\/\/blogsaverroes.juntadeandalucia.es\/ceper500viviendas\/files\/2021\/05\/Oferta.Puche_.21-22-1448x2048.jpg 1448w, https:\/\/blogsaverroes.juntadeandalucia.es\/ceper500viviendas\/files\/2021\/05\/Oferta.Puche_.21-22-scaled.jpg 1810w\" sizes=\"(max-width: 724px) 100vw, 724px\" \/>&nbsp; &nbsp; &nbsp; &nbsp; &nbsp; &nbsp; &nbsp; &nbsp; &nbsp; &nbsp; &nbsp; &nbsp; &nbsp; &nbsp; &nbsp; &nbsp; &nbsp; &nbsp; &nbsp; &nbsp; &nbsp; &nbsp; &nbsp; &nbsp; &nbsp; &nbsp; &nbsp; &nbsp; &nbsp; &nbsp; &nbsp; &nbsp; &nbsp; &nbsp; &nbsp; &nbsp; &nbsp; &nbsp;<\/p>\n<p style=\"text-align: center\"><a href=\"https:\/\/blogsaverroes.juntadeandalucia.es\/ceper500viviendas\/files\/2021\/05\/Oferta.Puche_.21-22.pdf\"><strong>Oferta formativa para el curso 2021-22<\/strong><\/a><\/p>\n<p>&nbsp;<\/p>\n<p>Es un barrio perif\u00e9rico en el que su aislamiento geogr\u00e1fico y sus l\u00edmites f\u00edsicos y simb\u00f3licos lo mantienen al margen de la ciudad y ciudadan\u00eda&nbsp; se Almer\u00eda.&nbsp;&nbsp;&nbsp;&nbsp;&nbsp;&nbsp;&nbsp;&nbsp;&nbsp;&nbsp;<\/p>\n<p>Las clases est\u00e1n ubicadas en lo que antes era un mercado del barrio, por por ello la estructura es rectangular con una galer\u00eda abierta en el centro con aulas a ambos lados.<\/p>\n<p>La Secci\u00f3n dispone de cuatro espacios, tres para dar clase y otro que usamos de biblioteca y sala de inform\u00e1tica. La disposici\u00f3n es lineal, dan todas a la galer\u00eda y se comunican&nbsp; entre s\u00ed pasando de una a otra, el resto las ocupan el I.E.S R\u00edo Andarax y una Asociaci\u00f3n Vecinal, compartiendo con ellos servicios y la entrada.<\/p>\n<p><img loading=\"lazy\" decoding=\"async\" class=\"size-medium wp-image-322 alignleft\" src=\"https:\/\/blogsaverroes.juntadeandalucia.es\/ceper500viviendas\/files\/2021\/05\/PucheHeader-300x169.jpg\" alt=\"\" width=\"300\" height=\"169\" srcset=\"https:\/\/blogsaverroes.juntadeandalucia.es\/ceper500viviendas\/files\/2021\/05\/PucheHeader-300x169.jpg 300w, https:\/\/blogsaverroes.juntadeandalucia.es\/ceper500viviendas\/files\/2021\/05\/PucheHeader-768x432.jpg 768w, https:\/\/blogsaverroes.juntadeandalucia.es\/ceper500viviendas\/files\/2021\/05\/PucheHeader.jpg 930w\" sizes=\"(max-width: 300px) 100vw, 300px\" \/><\/p>\n<p>&nbsp;<strong>Entorno socio-econ\u00f3mico<\/strong>: en el barrio viven personas de 21 nacionalidades,&nbsp; siendo las m\u00e1s representadas la espa\u00f1ola&nbsp; y marroqu\u00ed, aumentado cada d\u00eda esta \u00faltima.<\/p>\n<p style=\"text-align: left\">El activismo dentro de todos los colectivos est\u00e1 contribuyendo a la creaci\u00f3n&nbsp; de un Espacio Social Multicultural, que avanza no&nbsp; sin dificultades. La econom\u00eda de la poblaci\u00f3n est\u00e1 basada en la agricultura&nbsp;&nbsp; mayoritariamente, personal de servicios y en menor cantidad operarios&nbsp; cualificados y especializados no agrarios. Si bien es cierto que la caracter\u00edstica principal&nbsp; del empleo al que acceden los habitantes del barrio es la precariedad. <img loading=\"lazy\" decoding=\"async\" class=\"size-medium wp-image-353 alignright\" src=\"https:\/\/blogsaverroes.juntadeandalucia.es\/ceper500viviendas\/files\/2021\/05\/Puche8-225x300.jpg\" alt=\"\" width=\"225\" height=\"300\" srcset=\"https:\/\/blogsaverroes.juntadeandalucia.es\/ceper500viviendas\/files\/2021\/05\/Puche8-225x300.jpg 225w, https:\/\/blogsaverroes.juntadeandalucia.es\/ceper500viviendas\/files\/2021\/05\/Puche8-768x1024.jpg 768w, https:\/\/blogsaverroes.juntadeandalucia.es\/ceper500viviendas\/files\/2021\/05\/Puche8-1152x1536.jpg 1152w, https:\/\/blogsaverroes.juntadeandalucia.es\/ceper500viviendas\/files\/2021\/05\/Puche8.jpg 1200w\" sizes=\"(max-width: 225px) 100vw, 225px\" \/><\/p>\n<p><strong>El nivel sociocultural<\/strong>&nbsp;de la mayor\u00eda de la poblaci\u00f3n es bajo, abandonaron muy&nbsp; pronto la escuela, por tanto carecen de titulaci\u00f3n y cualificaci\u00f3n profesional.<\/p>\n<p><strong>Edificio<\/strong>&nbsp; en est\u00e1 en mal estado, malas condiciones de habitabilidad (fri\u00f3 o&nbsp; calor, con humedad, poca luminosidad, mala ac\u00fastica)<\/p>\n<p><strong>Recursos<\/strong>: Material did\u00e1ctico. Biblioteca peque\u00f1a., fotocopiadora, proyector,&nbsp;&nbsp; retroproyector de opacos y reproductor de CD.<\/p>\n<p><img loading=\"lazy\" decoding=\"async\" class=\"size-medium wp-image-354 alignleft\" src=\"https:\/\/blogsaverroes.juntadeandalucia.es\/ceper500viviendas\/files\/2021\/05\/Puche2-225x300.jpg\" alt=\"\" width=\"225\" height=\"300\" srcset=\"https:\/\/blogsaverroes.juntadeandalucia.es\/ceper500viviendas\/files\/2021\/05\/Puche2-225x300.jpg 225w, https:\/\/blogsaverroes.juntadeandalucia.es\/ceper500viviendas\/files\/2021\/05\/Puche2-768x1024.jpg 768w, https:\/\/blogsaverroes.juntadeandalucia.es\/ceper500viviendas\/files\/2021\/05\/Puche2-1152x1536.jpg 1152w, https:\/\/blogsaverroes.juntadeandalucia.es\/ceper500viviendas\/files\/2021\/05\/Puche2.jpg 1200w\" sizes=\"(max-width: 225px) 100vw, 225px\" \/><\/p>\n<p>&nbsp;<\/p>\n<p><strong>Alumnado<\/strong>&nbsp; es&nbsp; inmigrante en su gran mayor\u00eda.<\/p>\n<p>-Las motivaciones&nbsp;&nbsp; son muy variadas, a cada persona le mueve un inter\u00e9s diferente para asistir a clase, unos vienen para ampliar conocimientos, prepararse para conseguir la titulaci\u00f3n b\u00e1sica, otros para aprender espa\u00f1ol,&nbsp; en otros casos asisten como un medio de evasi\u00f3n, de relaci\u00f3n o v\u00ednculo&nbsp;&nbsp; afectivo, pues en muchos casos son personas j\u00f3venes que est\u00e1n solas (casos de&nbsp; poblaci\u00f3n inmigrante),&nbsp; proceden de familias desestructuradas o son mujeres y&nbsp; el aula constituye el \u00fanico lugar\/ espacio para el ocio y la cultura.<\/p>\n<p>-Una caracter\u00edstica del alumnado adulto es la limitaci\u00f3n de tiempo, por lo que&nbsp; el absentismo y el abandono es un hecho a tener en cuenta. Al ser laboralmente&nbsp; activos disponen de poco tiempo para participar en actividades extraescolares.<\/p>\n<p>-Tienen diferentes planes de futuro, diferente situaci\u00f3n jur\u00eddica y laboral.<\/p>\n<p>-Su estilo de aprendizaje es muy diferente.<\/p>\n<p>-Todos, en mayor o menor medida pasan por crisis depresivas o de ansiedad&nbsp;&nbsp; vinculadas a sus situaciones laborales, jur\u00eddicas o familiares. Por esto, el&nbsp; clima afectivo de la clase debe ser positivo y estimulante.<\/p>\n<p>-Los&nbsp; grupos est\u00e1n formados por alumnado que presenta un nulo o m\u00ednimo&nbsp; conocimiento de nuestro idioma en general, pero&nbsp; que poseen un&nbsp; nivel&nbsp; de&nbsp;&nbsp; escolarizaci\u00f3n de su pa\u00eds&nbsp; muy dispar, desde personas&nbsp; que han estado pocos&nbsp; a\u00f1os escolarizados, a aquellas que tienen algunos cursos de estudios universitarios.<\/p>\n","protected":false},"excerpt":{"rendered":"<p>La Secci\u00f3n de Educaci\u00f3n Permanente Puche est\u00e1 ubicada&nbsp;en la barriada de su mismo nombre. La Seper El Puche pertenece al Centro Matriz Quinientas Viviendas&nbsp; de la capital de Almer\u00eda. Cuenta con una plantilla de&#46;&#46;&#46;<\/p>\n","protected":false},"author":10322,"featured_media":0,"parent":98,"menu_order":0,"comment_status":"closed","ping_status":"closed","template":"","meta":{"ngg_post_thumbnail":0,"footnotes":""},"aioseo_notices":[],"_links":{"self":[{"href":"https:\/\/blogsaverroes.juntadeandalucia.es\/ceper500viviendas\/wp-json\/wp\/v2\/pages\/115"}],"collection":[{"href":"https:\/\/blogsaverroes.juntadeandalucia.es\/ceper500viviendas\/wp-json\/wp\/v2\/pages"}],"about":[{"href":"https:\/\/blogsaverroes.juntadeandalucia.es\/ceper500viviendas\/wp-json\/wp\/v2\/types\/page"}],"author":[{"embeddable":true,"href":"https:\/\/blogsaverroes.juntadeandalucia.es\/ceper500viviendas\/wp-json\/wp\/v2\/users\/10322"}],"replies":[{"embeddable":true,"href":"https:\/\/blogsaverroes.juntadeandalucia.es\/ceper500viviendas\/wp-json\/wp\/v2\/comments?post=115"}],"version-history":[{"count":9,"href":"https:\/\/blogsaverroes.juntadeandalucia.es\/ceper500viviendas\/wp-json\/wp\/v2\/pages\/115\/revisions"}],"predecessor-version":[{"id":424,"href":"https:\/\/blogsaverroes.juntadeandalucia.es\/ceper500viviendas\/wp-json\/wp\/v2\/pages\/115\/revisions\/424"}],"up":[{"embeddable":true,"href":"https:\/\/blogsaverroes.juntadeandalucia.es\/ceper500viviendas\/wp-json\/wp\/v2\/pages\/98"}],"wp:attachment":[{"href":"https:\/\/blogsaverroes.juntadeandalucia.es\/ceper500viviendas\/wp-json\/wp\/v2\/media?parent=115"}],"curies":[{"name":"wp","href":"https:\/\/api.w.org\/{rel}","templated":true}]}}