{"id":124,"date":"2020-10-26T17:14:10","date_gmt":"2020-10-26T16:14:10","guid":{"rendered":"https:\/\/blogsaverroes.juntadeandalucia.es\/ceper500viviendas\/?page_id=124"},"modified":"2020-10-26T17:14:10","modified_gmt":"2020-10-26T16:14:10","slug":"institucional","status":"publish","type":"page","link":"https:\/\/blogsaverroes.juntadeandalucia.es\/ceper500viviendas\/institucional\/","title":{"rendered":"Institucional"},"content":{"rendered":"<p>\u00d3rganos de Gobierno y gesti\u00f3n del Centro. Documentaci\u00f3n institucional.<\/p>\n","protected":false},"excerpt":{"rendered":"<p>\u00d3rganos de Gobierno y gesti\u00f3n del Centro. Documentaci\u00f3n institucional.<\/p>\n","protected":false},"author":10322,"featured_media":0,"parent":0,"menu_order":0,"comment_status":"closed","ping_status":"closed","template":"","meta":{"ngg_post_thumbnail":0,"footnotes":""},"aioseo_notices":[],"_links":{"self":[{"href":"https:\/\/blogsaverroes.juntadeandalucia.es\/ceper500viviendas\/wp-json\/wp\/v2\/pages\/124"}],"collection":[{"href":"https:\/\/blogsaverroes.juntadeandalucia.es\/ceper500viviendas\/wp-json\/wp\/v2\/pages"}],"about":[{"href":"https:\/\/blogsaverroes.juntadeandalucia.es\/ceper500viviendas\/wp-json\/wp\/v2\/types\/page"}],"author":[{"embeddable":true,"href":"https:\/\/blogsaverroes.juntadeandalucia.es\/ceper500viviendas\/wp-json\/wp\/v2\/users\/10322"}],"replies":[{"embeddable":true,"href":"https:\/\/blogsaverroes.juntadeandalucia.es\/ceper500viviendas\/wp-json\/wp\/v2\/comments?post=124"}],"version-history":[{"count":1,"href":"https:\/\/blogsaverroes.juntadeandalucia.es\/ceper500viviendas\/wp-json\/wp\/v2\/pages\/124\/revisions"}],"predecessor-version":[{"id":125,"href":"https:\/\/blogsaverroes.juntadeandalucia.es\/ceper500viviendas\/wp-json\/wp\/v2\/pages\/124\/revisions\/125"}],"wp:attachment":[{"href":"https:\/\/blogsaverroes.juntadeandalucia.es\/ceper500viviendas\/wp-json\/wp\/v2\/media?parent=124"}],"curies":[{"name":"wp","href":"https:\/\/api.w.org\/{rel}","templated":true}]}}