{"id":213,"date":"2020-10-28T19:42:40","date_gmt":"2020-10-28T18:42:40","guid":{"rendered":"https:\/\/blogsaverroes.juntadeandalucia.es\/ceper500viviendas\/?page_id=213"},"modified":"2021-04-10T17:43:27","modified_gmt":"2021-04-10T15:43:27","slug":"documentacion","status":"publish","type":"page","link":"https:\/\/blogsaverroes.juntadeandalucia.es\/ceper500viviendas\/institucional\/documentacion\/","title":{"rendered":"Documentaci\u00f3n"},"content":{"rendered":"<p>Documentaci\u00f3n Institucional:<\/p>\n<ol>\n<li>Plan de Centro.<\/li>\n<li>Reglamento de Organizaci\u00f3n y Funcionamiento.<\/li>\n<li>Proyecto de Gesti\u00f3n.<\/li>\n<\/ol>\n","protected":false},"excerpt":{"rendered":"<p>Documentaci\u00f3n Institucional: Plan de Centro. Reglamento de Organizaci\u00f3n y Funcionamiento. Proyecto de Gesti\u00f3n.<\/p>\n","protected":false},"author":10322,"featured_media":0,"parent":124,"menu_order":3,"comment_status":"closed","ping_status":"closed","template":"","meta":{"ngg_post_thumbnail":0,"footnotes":""},"aioseo_notices":[],"_links":{"self":[{"href":"https:\/\/blogsaverroes.juntadeandalucia.es\/ceper500viviendas\/wp-json\/wp\/v2\/pages\/213"}],"collection":[{"href":"https:\/\/blogsaverroes.juntadeandalucia.es\/ceper500viviendas\/wp-json\/wp\/v2\/pages"}],"about":[{"href":"https:\/\/blogsaverroes.juntadeandalucia.es\/ceper500viviendas\/wp-json\/wp\/v2\/types\/page"}],"author":[{"embeddable":true,"href":"https:\/\/blogsaverroes.juntadeandalucia.es\/ceper500viviendas\/wp-json\/wp\/v2\/users\/10322"}],"replies":[{"embeddable":true,"href":"https:\/\/blogsaverroes.juntadeandalucia.es\/ceper500viviendas\/wp-json\/wp\/v2\/comments?post=213"}],"version-history":[{"count":1,"href":"https:\/\/blogsaverroes.juntadeandalucia.es\/ceper500viviendas\/wp-json\/wp\/v2\/pages\/213\/revisions"}],"predecessor-version":[{"id":214,"href":"https:\/\/blogsaverroes.juntadeandalucia.es\/ceper500viviendas\/wp-json\/wp\/v2\/pages\/213\/revisions\/214"}],"up":[{"embeddable":true,"href":"https:\/\/blogsaverroes.juntadeandalucia.es\/ceper500viviendas\/wp-json\/wp\/v2\/pages\/124"}],"wp:attachment":[{"href":"https:\/\/blogsaverroes.juntadeandalucia.es\/ceper500viviendas\/wp-json\/wp\/v2\/media?parent=213"}],"curies":[{"name":"wp","href":"https:\/\/api.w.org\/{rel}","templated":true}]}}