{"id":65,"date":"2020-10-23T10:09:09","date_gmt":"2020-10-23T08:09:09","guid":{"rendered":"https:\/\/blogsaverroes.juntadeandalucia.es\/ceper500viviendas\/?page_id=65"},"modified":"2020-10-23T10:09:09","modified_gmt":"2020-10-23T08:09:09","slug":"tae","status":"publish","type":"page","link":"https:\/\/blogsaverroes.juntadeandalucia.es\/ceper500viviendas\/planes\/tae\/","title":{"rendered":"TAE"},"content":{"rendered":"<p>Apoyo al estudio para la obtenci\u00f3n del T\u00edtulo de Graduado en Educaci\u00f3n Secudaria Obligatoria en modalidad semipresencial.<\/p>\n","protected":false},"excerpt":{"rendered":"<p>Apoyo al estudio para la obtenci\u00f3n del T\u00edtulo de Graduado en Educaci\u00f3n Secudaria Obligatoria en modalidad semipresencial.<\/p>\n","protected":false},"author":10322,"featured_media":0,"parent":63,"menu_order":0,"comment_status":"closed","ping_status":"closed","template":"","meta":{"ngg_post_thumbnail":0,"footnotes":""},"aioseo_notices":[],"_links":{"self":[{"href":"https:\/\/blogsaverroes.juntadeandalucia.es\/ceper500viviendas\/wp-json\/wp\/v2\/pages\/65"}],"collection":[{"href":"https:\/\/blogsaverroes.juntadeandalucia.es\/ceper500viviendas\/wp-json\/wp\/v2\/pages"}],"about":[{"href":"https:\/\/blogsaverroes.juntadeandalucia.es\/ceper500viviendas\/wp-json\/wp\/v2\/types\/page"}],"author":[{"embeddable":true,"href":"https:\/\/blogsaverroes.juntadeandalucia.es\/ceper500viviendas\/wp-json\/wp\/v2\/users\/10322"}],"replies":[{"embeddable":true,"href":"https:\/\/blogsaverroes.juntadeandalucia.es\/ceper500viviendas\/wp-json\/wp\/v2\/comments?post=65"}],"version-history":[{"count":2,"href":"https:\/\/blogsaverroes.juntadeandalucia.es\/ceper500viviendas\/wp-json\/wp\/v2\/pages\/65\/revisions"}],"predecessor-version":[{"id":67,"href":"https:\/\/blogsaverroes.juntadeandalucia.es\/ceper500viviendas\/wp-json\/wp\/v2\/pages\/65\/revisions\/67"}],"up":[{"embeddable":true,"href":"https:\/\/blogsaverroes.juntadeandalucia.es\/ceper500viviendas\/wp-json\/wp\/v2\/pages\/63"}],"wp:attachment":[{"href":"https:\/\/blogsaverroes.juntadeandalucia.es\/ceper500viviendas\/wp-json\/wp\/v2\/media?parent=65"}],"curies":[{"name":"wp","href":"https:\/\/api.w.org\/{rel}","templated":true}]}}