{"id":92,"date":"2020-10-23T12:39:12","date_gmt":"2020-10-23T10:39:12","guid":{"rendered":"https:\/\/blogsaverroes.juntadeandalucia.es\/ceper500viviendas\/?page_id=92"},"modified":"2021-05-14T11:59:54","modified_gmt":"2021-05-14T09:59:54","slug":"informatica","status":"publish","type":"page","link":"https:\/\/blogsaverroes.juntadeandalucia.es\/ceper500viviendas\/planes\/informatica\/","title":{"rendered":"Inform\u00e1tica"},"content":{"rendered":"<p>&nbsp;<\/p>\n<p><img loading=\"lazy\" decoding=\"async\" class=\"aligncenter wp-image-233 size-large\" src=\"https:\/\/blogsaverroes.juntadeandalucia.es\/ceper500viviendas\/files\/2020\/10\/TICs-1024x576.jpg\" alt=\"\" width=\"1024\" height=\"576\" srcset=\"https:\/\/blogsaverroes.juntadeandalucia.es\/ceper500viviendas\/files\/2020\/10\/TICs-1024x576.jpg 1024w, https:\/\/blogsaverroes.juntadeandalucia.es\/ceper500viviendas\/files\/2020\/10\/TICs-300x169.jpg 300w, https:\/\/blogsaverroes.juntadeandalucia.es\/ceper500viviendas\/files\/2020\/10\/TICs-768x432.jpg 768w, https:\/\/blogsaverroes.juntadeandalucia.es\/ceper500viviendas\/files\/2020\/10\/TICs-24x14.jpg 24w, https:\/\/blogsaverroes.juntadeandalucia.es\/ceper500viviendas\/files\/2020\/10\/TICs-36x20.jpg 36w, https:\/\/blogsaverroes.juntadeandalucia.es\/ceper500viviendas\/files\/2020\/10\/TICs-48x27.jpg 48w, https:\/\/blogsaverroes.juntadeandalucia.es\/ceper500viviendas\/files\/2020\/10\/TICs.jpg 1280w\" sizes=\"(max-width: 1024px) 100vw, 1024px\" \/><\/p>\n<p>A partir de los avances tecnol\u00f3gicos que se han venido produciendo en los \u00faltimos a\u00f1os en las tecnolog\u00edas de la informaci\u00f3n y la comunicaci\u00f3n (en adelante TIC), se puede decir que una nueva sociedad est\u00e1 emergiendo. Esta sociedad se caracteriza, entre otras cosas, por la capacidad de acceder a la informaci\u00f3n y la de saber utilizarla adecuadamente para transformarla en conocimiento. Tanto el acceso a las TIC como su uso se est\u00e1n convirtiendo en requisitos esenciales para la inserci\u00f3n y promoci\u00f3n laboral, la autonom\u00eda en el aprendizaje y para la pr\u00e1ctica de una ciudadan\u00eda activa.<\/p>\n<p><strong>Finalidades y objetivos<\/strong><\/p>\n<ul>\n<li>Poner las tecnolog\u00edas de la informaci\u00f3n y la comunicaci\u00f3n al servicio de las personas para lograr una mayor calidad de vida y equilibrio social y territorial.<\/li>\n<li>Alfabetizar a la poblaci\u00f3n adulta que lo requiera en el uso de las tecnolog\u00edas de la informaci\u00f3n y la comunicaci\u00f3n para evitar la llamada \u00abbrecha digital\u00bb.<\/li>\n<li>Expandir el acceso a las TIC y el conocimiento de su uso b\u00e1sico.<\/li>\n<li>Que los alumnos\/as sepan manejar con destreza y fluidez los perif\u00e9ricos de entrada de informaci\u00f3n y comunicaci\u00f3n con el ordenador: rat\u00f3n, teclado&#8230;<\/li>\n<li>Iniciar en el uso de algunas de las herramientas b\u00e1sicas de software incluidas en la distribuciones linux, ofim\u00e1tica, internet, tratamiento de im\u00e1genes, m\u00fasica&#8230;<\/li>\n<li>Descubrir las posibilidades de aplicaci\u00f3n de las herramientas de software al trabajo y a la vida diaria.<\/li>\n<li>Crear una actitud de inter\u00e9s y auto-aprendizaje en el alumnado, para seguir ampliando los conocimientos inform\u00e1ticos y su aplicaci\u00f3n pr\u00e1ctica.<\/li>\n<\/ul>\n<p><!--more--><\/p>\n<p><a href=\"https:\/\/blogsaverroes.juntadeandalucia.es\/ceper500viviendas\/files\/2021\/05\/Plan.TIC_.2020-21.pdf\">Plan TIC 2020-21<\/a><\/p>\n","protected":false},"excerpt":{"rendered":"<p>&nbsp; A partir de los avances tecnol\u00f3gicos que se han venido produciendo en los \u00faltimos a\u00f1os en las tecnolog\u00edas de la informaci\u00f3n y la comunicaci\u00f3n (en adelante TIC), se puede decir que una nueva&#46;&#46;&#46;<\/p>\n","protected":false},"author":10322,"featured_media":0,"parent":63,"menu_order":0,"comment_status":"closed","ping_status":"closed","template":"","meta":{"ngg_post_thumbnail":0,"footnotes":""},"aioseo_notices":[],"_links":{"self":[{"href":"https:\/\/blogsaverroes.juntadeandalucia.es\/ceper500viviendas\/wp-json\/wp\/v2\/pages\/92"}],"collection":[{"href":"https:\/\/blogsaverroes.juntadeandalucia.es\/ceper500viviendas\/wp-json\/wp\/v2\/pages"}],"about":[{"href":"https:\/\/blogsaverroes.juntadeandalucia.es\/ceper500viviendas\/wp-json\/wp\/v2\/types\/page"}],"author":[{"embeddable":true,"href":"https:\/\/blogsaverroes.juntadeandalucia.es\/ceper500viviendas\/wp-json\/wp\/v2\/users\/10322"}],"replies":[{"embeddable":true,"href":"https:\/\/blogsaverroes.juntadeandalucia.es\/ceper500viviendas\/wp-json\/wp\/v2\/comments?post=92"}],"version-history":[{"count":4,"href":"https:\/\/blogsaverroes.juntadeandalucia.es\/ceper500viviendas\/wp-json\/wp\/v2\/pages\/92\/revisions"}],"predecessor-version":[{"id":409,"href":"https:\/\/blogsaverroes.juntadeandalucia.es\/ceper500viviendas\/wp-json\/wp\/v2\/pages\/92\/revisions\/409"}],"up":[{"embeddable":true,"href":"https:\/\/blogsaverroes.juntadeandalucia.es\/ceper500viviendas\/wp-json\/wp\/v2\/pages\/63"}],"wp:attachment":[{"href":"https:\/\/blogsaverroes.juntadeandalucia.es\/ceper500viviendas\/wp-json\/wp\/v2\/media?parent=92"}],"curies":[{"name":"wp","href":"https:\/\/api.w.org\/{rel}","templated":true}]}}