{"id":42,"date":"2020-01-10T09:36:01","date_gmt":"2020-01-10T08:36:01","guid":{"rendered":"http:\/\/blogsaverroes.juntadeandalucia.es\/pre\/nuevoies2v2\/?page_id=42"},"modified":"2024-04-30T16:39:17","modified_gmt":"2024-04-30T15:39:17","slug":"actividades","status":"publish","type":"page","link":"https:\/\/blogsaverroes.juntadeandalucia.es\/ceperaljibe\/actividades\/","title":{"rendered":"Noticias."},"content":{"rendered":"<ul style=\"list-style-type: square\">\n<li><strong><span style=\"font-family: verdana, geneva, sans-serif;font-size: 12pt\">INFORMACI\u00d3N BECAS DE CARACTER GENERAL CURSO ACAD\u00c9MICO 2024\/2025<\/span><\/strong><\/li>\n<\/ul>\n<p>El plazo de presentaci\u00f3n de solicitudes est\u00e1 abierto hasta el 10 de mayo de 2024 hasta las 15:00h.<\/p>\n<p><strong>TODO AQUEL ALUMNADO QUE QUIERA CURSAR ESTUDIOS PARA EL CURSO PR\u00d3XIMO 24\/25 Y QUE QUIERA RECIBIR AYUDA, DEBE SOLICITAR LA BECA AUNQUE NO SEPA QUE ENSE\u00d1ANZAS VAYA A CURSAR , SE SOLICITA PARA UNA DETERMINADA ENSE\u00d1ANZA Y CENTRO EDUCATIVO PREVISTO, SI LUEGO EL ALUMNADO HACE OTRO POR NO HABER OBTENIDO PLAZA EN EL INICIALMENTE PREVISTO O POR HABER SOLICITADO OTRO DIFERENTE PODR\u00c1 MODIFICARLO POSTERIORMENTE<\/strong><\/p>\n<p>&nbsp;<\/p>\n<ul>\n<li><span style=\"font-family: verdana, geneva, sans-serif;font-size: 12pt\"><strong>PRUEBA PARA LA OBTENCI\u00d3N DEL T\u00cdTULO DE GRADUADO EN LA ESO PARA MAYORES DE 18 A\u00d1OS (CONVOCATORIA DE JUNIO)<\/strong><\/span><\/li>\n<\/ul>\n<p>El plazo para la solicitud de inscripci\u00f3n en la prueba para la la obtenci\u00f3n del t\u00edtulo de Graduado en la ESO para mayores de 18 a\u00f1os correspondiente a la convocatoria de junio es del 8 al 26 de abril de 2024, ambos incluidos.<\/p>\n<p><a href=\"https:\/\/www.juntadeandalucia.es\/educacion\/secretariavirtual\/accesoTramite\/209\/\">Acceso a inscripci\u00f3n en la Secretar\u00eda virtual de la Junta de Andaluc\u00eda<\/a> <a href='https:\/\/www.juntadeandalucia.es\/educacion\/secretariavirtual\/accesoTramite\/209\/' class='icon-button download-icon' target=\"_blank\">SECRETAR\u00cdA VIRTUAL<span class='et-icon'><\/span><\/a> &nbsp;<\/p>\n<p>Calendario:<\/p>\n<ul>\n<li>21 de mayo de 2024.&nbsp; Listados provisionales de personas inscritas: prueba ESO para mayores de 18 a\u00f1os.<\/li>\n<li>Del 22 al 24 de mayo de 2024.&nbsp; Plazo de subsanaci\u00f3n para personas que solicitan la inscripci\u00f3n: prueba ESO para mayores de 18 a\u00f1os.<\/li>\n<li>4 de junio de 2024.&nbsp; Listados definitivos de personas inscritas con asignaci\u00f3n a comisiones evaluadoras: prueba ESO para mayores de 18 a\u00f1os.<\/li>\n<li><span style=\"color: #ff0000\">15 de junio de 2024<\/span>.&nbsp; Celebraci\u00f3n de las pruebas para la obtenci\u00f3n del t\u00edtulo de Graduado en ESO para mayores de 18 a\u00f1os.<\/li>\n<li>19 de junio de 2024.&nbsp; Publicaci\u00f3n de calificaciones provisionales: prueba ESO para mayores de 18 a\u00f1os.<\/li>\n<li>Del 20 al 21 de junio de 2024.&nbsp; Plazo de reclamaci\u00f3n sobre las calificaciones provisionales: prueba ESO para mayores de 18 a\u00f1os.<\/li>\n<li>25 de junio de 2024.&nbsp; Publicaci\u00f3n de calificaciones definitivas: prueba ESO para mayores de 18 a\u00f1os.&nbsp;<\/li>\n<\/ul>\n<p>&nbsp;<\/p>\n<p>Modelos convocatorias a\u00f1os anteriores <a href='https:\/\/www.juntadeandalucia.es\/educacion\/portals\/web\/educacion-permanente\/pruebas-obtencion-graduado-eso\/modelos' class='icon-button download-icon' target=\"_blank\">Acceso<span class='et-icon'><\/span><\/a> &nbsp;<\/p>\n","protected":false},"excerpt":{"rendered":"<p>INFORMACI\u00d3N BECAS DE CARACTER GENERAL CURSO ACAD\u00c9MICO 2024\/2025 El plazo de presentaci\u00f3n de solicitudes est\u00e1 abierto hasta el 10 de mayo de 2024 hasta las 15:00h. TODO AQUEL ALUMNADO QUE QUIERA CURSAR ESTUDIOS PARA EL CURSO PR\u00d3XIMO 24\/25 Y QUE QUIERA RECIBIR AYUDA, DEBE SOLICITAR LA BECA AUNQUE NO SEPA QUE ENSE\u00d1ANZAS VAYA A CURSAR [&hellip;]<\/p>\n","protected":false},"author":7051,"featured_media":0,"parent":0,"menu_order":0,"comment_status":"closed","ping_status":"closed","template":"","meta":{"_et_pb_use_builder":"off","_et_pb_old_content":"","_et_gb_content_width":"","ngg_post_thumbnail":0,"footnotes":""},"aioseo_notices":[],"_links":{"self":[{"href":"https:\/\/blogsaverroes.juntadeandalucia.es\/ceperaljibe\/wp-json\/wp\/v2\/pages\/42"}],"collection":[{"href":"https:\/\/blogsaverroes.juntadeandalucia.es\/ceperaljibe\/wp-json\/wp\/v2\/pages"}],"about":[{"href":"https:\/\/blogsaverroes.juntadeandalucia.es\/ceperaljibe\/wp-json\/wp\/v2\/types\/page"}],"author":[{"embeddable":true,"href":"https:\/\/blogsaverroes.juntadeandalucia.es\/ceperaljibe\/wp-json\/wp\/v2\/users\/7051"}],"replies":[{"embeddable":true,"href":"https:\/\/blogsaverroes.juntadeandalucia.es\/ceperaljibe\/wp-json\/wp\/v2\/comments?post=42"}],"version-history":[{"count":13,"href":"https:\/\/blogsaverroes.juntadeandalucia.es\/ceperaljibe\/wp-json\/wp\/v2\/pages\/42\/revisions"}],"predecessor-version":[{"id":842,"href":"https:\/\/blogsaverroes.juntadeandalucia.es\/ceperaljibe\/wp-json\/wp\/v2\/pages\/42\/revisions\/842"}],"wp:attachment":[{"href":"https:\/\/blogsaverroes.juntadeandalucia.es\/ceperaljibe\/wp-json\/wp\/v2\/media?parent=42"}],"curies":[{"name":"wp","href":"https:\/\/api.w.org\/{rel}","templated":true}]}}