{"id":535,"date":"2022-12-09T12:52:47","date_gmt":"2022-12-09T11:52:47","guid":{"rendered":"https:\/\/blogsaverroes.juntadeandalucia.es\/ceperaljibe\/?page_id=535"},"modified":"2024-04-25T19:45:54","modified_gmt":"2024-04-25T18:45:54","slug":"pagina-en-construccion-del-centro-de-educacion-permanente-aljibe","status":"publish","type":"page","link":"https:\/\/blogsaverroes.juntadeandalucia.es\/ceperaljibe\/","title":{"rendered":"P\u00c1GINA WEB DEL C.E.PER. ALJIBE"},"content":{"rendered":"<p><img loading=\"lazy\" decoding=\"async\" class=\"aligncenter size-full wp-image-550\" src=\"https:\/\/blogsaverroes.juntadeandalucia.es\/ceperaljibe\/files\/2022\/12\/Captura-de-pantalla-2022-12-09-145933.png\" alt=\"\" width=\"985\" height=\"206\" srcset=\"https:\/\/blogsaverroes.juntadeandalucia.es\/ceperaljibe\/files\/2022\/12\/Captura-de-pantalla-2022-12-09-145933.png 985w, https:\/\/blogsaverroes.juntadeandalucia.es\/ceperaljibe\/files\/2022\/12\/Captura-de-pantalla-2022-12-09-145933-980x205.png 980w, https:\/\/blogsaverroes.juntadeandalucia.es\/ceperaljibe\/files\/2022\/12\/Captura-de-pantalla-2022-12-09-145933-480x100.png 480w\" sizes=\"(min-width: 0px) and (max-width: 480px) 480px, (min-width: 481px) and (max-width: 980px) 980px, (min-width: 981px) 985px, 100vw\" \/><\/p>\n<p style=\"text-align: center\"><span style=\"font-size: 14pt;font-family: verdana, geneva, sans-serif\"><a href=\"https:\/\/blogsaverroes.juntadeandalucia.es\/ceperaljibe\/\">Bienvenida<\/a>&nbsp; &nbsp; &nbsp;<a href=\"https:\/\/blogsaverroes.juntadeandalucia.es\/ceperaljibe\/el-centro-de-adultos\">El centro<\/a>&nbsp; &nbsp; &nbsp;<a href=\"https:\/\/blogsaverroes.juntadeandalucia.es\/ceperaljibe\/secretaria\/\">Secretar\u00eda<\/a>&nbsp; &nbsp; &nbsp;<a href=\"https:\/\/blogsaverroes.juntadeandalucia.es\/ceperaljibe\/oferta-educativa\/\">Oferta educativa<\/a>&nbsp; &nbsp; &nbsp;<a href=\"https:\/\/blogsaverroes.juntadeandalucia.es\/ceperaljibe\/recursos\/\">Recursos<\/a>&nbsp; &nbsp; &nbsp;<a href=\"https:\/\/blogsaverroes.juntadeandalucia.es\/ceperaljibe\/novedades\/\">Actualidad<\/a>&nbsp; &nbsp; &nbsp;<a href=\"https:\/\/blogsaverroes.juntadeandalucia.es\/ceperaljibe\/actividades\/\">Noticias<\/a> &nbsp;&nbsp; &nbsp;&nbsp;<a href=\"https:\/\/blogsaverroes.juntadeandalucia.es\/ceperaljibe\/asociaciondealumnosrosaleon\/\">Asociaci\u00f3n de Alumnos\/as Rosa Le\u00f3n<\/a>&nbsp; &nbsp; &nbsp; &nbsp; <a href=\"https:\/\/blogsaverroes.juntadeandalucia.es\/ceperaljibe\/contactar-con-el-centro\/\">Contacto<\/a>&nbsp; &nbsp; <a href=\"https:\/\/blogsaverroes.juntadeandalucia.es\/ceperaljibe\/s-e-p-estella-del-marques\/\">S.E.P. Estella del Marqu\u00e9s<\/a>&nbsp; &nbsp; &nbsp;<a href=\"https:\/\/blogsaverroes.juntadeandalucia.es\/ceperaljibe\/s-e-p-el-torno\/\">S.E.P. El Torno<\/a>&nbsp; &nbsp; &nbsp;<a href=\"https:\/\/blogsaverroes.juntadeandalucia.es\/ceperaljibe\/s-e-p-torrecera\/\">S.E.P. Torrecera<\/a><\/span><span style=\"font-family: verdana, geneva, sans-serif;font-size: 14pt\">&nbsp; &nbsp; &nbsp; &nbsp;<\/span><a href=\"https:\/\/blogsaverroes.juntadeandalucia.es\/ceperaljibe\/nuestras-redes-sociales\/\"><span style=\"font-family: verdana, geneva, sans-serif;font-size: 14pt\">Presencia en redes<\/span><\/a><\/p>\n<p><img loading=\"lazy\" decoding=\"async\" class=\"wp-image-548 alignleft\" src=\"https:\/\/blogsaverroes.juntadeandalucia.es\/ceperaljibe\/files\/2022\/12\/Captura-de-pantalla-2022-12-09-145715.png\" alt=\"\" width=\"965\" height=\"462\" srcset=\"https:\/\/blogsaverroes.juntadeandalucia.es\/ceperaljibe\/files\/2022\/12\/Captura-de-pantalla-2022-12-09-145715.png 965w, https:\/\/blogsaverroes.juntadeandalucia.es\/ceperaljibe\/files\/2022\/12\/Captura-de-pantalla-2022-12-09-145715-480x230.png 480w\" sizes=\"(min-width: 0px) and (max-width: 480px) 480px, (min-width: 481px) 965px, 100vw\" \/> &nbsp; &nbsp; &nbsp; &nbsp; &nbsp; &nbsp; &nbsp; &nbsp; <span style=\"font-size: 12pt\"><em>&nbsp; &nbsp;<\/em><\/span><\/p>\n<h4><span style=\"font-family: verdana, geneva, sans-serif\">Aljibe \/\/ Centro de educaci\u00f3n permanente<\/span><\/h4>\n<hr>\n<h4><span style=\"font-size: 12pt\"><em>&nbsp; &nbsp; &nbsp; &nbsp; &nbsp; &nbsp; &nbsp; &nbsp; &nbsp; &nbsp; &nbsp; &nbsp; &nbsp; &nbsp; &nbsp; &nbsp; &nbsp; &nbsp; &nbsp; &nbsp; &nbsp; &nbsp; &nbsp; &nbsp; &nbsp; &nbsp; &nbsp; &nbsp; &nbsp; &nbsp; &nbsp; &nbsp; &nbsp; &nbsp; &nbsp; &nbsp; &nbsp; &nbsp; &nbsp; &nbsp; &nbsp; &nbsp; &nbsp; &nbsp; &nbsp; &nbsp; &nbsp; &nbsp; &nbsp; &nbsp; &nbsp; &nbsp; &nbsp; &nbsp; &nbsp; &nbsp; &nbsp; &nbsp; &nbsp; &nbsp; &nbsp; &nbsp; &nbsp; &nbsp; &nbsp; &nbsp; &nbsp; &nbsp; &nbsp; &nbsp; &nbsp; &nbsp; &nbsp; &nbsp; &nbsp; &nbsp; &nbsp; &nbsp; &nbsp; &nbsp; &nbsp; &nbsp; &nbsp; &nbsp; &nbsp; &nbsp; &nbsp; &nbsp; &nbsp; &nbsp; &nbsp; &nbsp; &nbsp; &nbsp; &nbsp; &nbsp; &nbsp; &nbsp; &nbsp; &nbsp; &nbsp; &nbsp; &nbsp;&nbsp;<\/em><\/span><\/h4>\n<p><strong><span style=\"font-size: 12pt;font-family: verdana, geneva, sans-serif\"><em>La Educaci\u00f3n Permanente (EP) es considerada como aquel movimiento que pretende llevar la educaci\u00f3n a todos los niveles y estados de la vida del ser humano, para que a cada persona le sea posible tanto recibirla como llevarla a cabo.<\/em><\/span><\/strong><\/p>\n<p>&nbsp;<\/p>\n<ul style=\"list-style-type: square\">\n<li><strong><span style=\"font-family: verdana, geneva, sans-serif\">En la primera fase se pone el acento en la Educaci\u00f3n de Adultos.<\/span><\/strong><\/li>\n<li><strong><span style=\"font-family: verdana, geneva, sans-serif\">En el segundo periodo, te\u00f3ricos y pr\u00e1cticos toman conciencia del hecho de que entre educaci\u00f3n de j\u00f3venes y educaci\u00f3n de adultos no existe barrera; continuidad entre la una y la otra.<\/span><\/strong><\/li>\n<li><strong><span style=\"font-family: verdana, geneva, sans-serif\">En la tercera fase, el concepto de Educaci\u00f3n Permanente adquiere un sentido m\u00e1s amplio.<\/span><\/strong><\/li>\n<\/ul>\n<p>&nbsp;<\/p>\n<p><strong><span style=\"font-family: verdana, geneva, sans-serif\"><div class='et-box et-bio'>\n\t\t\t\t\t<div class='et-box-content'>DATOS DEL CENTRO<\/span><\/strong><\/p>\n<pre class=\"brush: xml; title: ; notranslate\" title=\"\"><strong><span style=\"font-family: verdana, geneva, sans-serif\">Centro: Centro de Educaci\u00f3n Permanente Aljibe<\/span><\/strong><\/pre>\n<pre class=\"brush: xml; title: ; notranslate\" title=\"\"><strong><span style=\"font-family: verdana, geneva, sans-serif\">[Direcci\u00f3n: C\/ Vicario, 12-14. 11403 Jerez de la Frontera (C\u00e1diz)<\/span><\/strong><\/pre>\n<pre class=\"brush: xml; title: ; notranslate\" title=\"\"><strong><span style=\"font-family: verdana, geneva, sans-serif\">Tel\u00e9fono: 856 811 559<\/span><\/strong><\/pre>\n<pre class=\"brush: xml; title: ; notranslate\" title=\"\"><strong><span style=\"font-family: verdana, geneva, sans-serif\">Correo electr\u00f3nico: 11500262.edu@juntadeandalucia.es<\/div><\/div><\/span><\/strong><\/pre>\n<p>&nbsp;<\/p>\n","protected":false},"excerpt":{"rendered":"<p>Bienvenida&nbsp; &nbsp; &nbsp;El centro&nbsp; &nbsp; &nbsp;Secretar\u00eda&nbsp; &nbsp; &nbsp;Oferta educativa&nbsp; &nbsp; &nbsp;Recursos&nbsp; &nbsp; &nbsp;Actualidad&nbsp; &nbsp; &nbsp;Noticias &nbsp;&nbsp; &nbsp;&nbsp;Asociaci\u00f3n de Alumnos\/as Rosa Le\u00f3n&nbsp; &nbsp; &nbsp; &nbsp; Contacto&nbsp; &nbsp; S.E.P. Estella del Marqu\u00e9s&nbsp; &nbsp; &nbsp;S.E.P. El Torno&nbsp; &nbsp; &nbsp;S.E.P. Torrecera&nbsp; &nbsp; &nbsp; &nbsp;Presencia en redes &nbsp; &nbsp; &nbsp; &nbsp; &nbsp; &nbsp; &nbsp; &nbsp; &nbsp; &nbsp; Aljibe \/\/ Centro [&hellip;]<\/p>\n","protected":false},"author":16925,"featured_media":0,"parent":0,"menu_order":0,"comment_status":"closed","ping_status":"closed","template":"","meta":{"_et_pb_use_builder":"off","_et_pb_old_content":"","_et_gb_content_width":"","ngg_post_thumbnail":0,"footnotes":""},"aioseo_notices":[],"_links":{"self":[{"href":"https:\/\/blogsaverroes.juntadeandalucia.es\/ceperaljibe\/wp-json\/wp\/v2\/pages\/535"}],"collection":[{"href":"https:\/\/blogsaverroes.juntadeandalucia.es\/ceperaljibe\/wp-json\/wp\/v2\/pages"}],"about":[{"href":"https:\/\/blogsaverroes.juntadeandalucia.es\/ceperaljibe\/wp-json\/wp\/v2\/types\/page"}],"author":[{"embeddable":true,"href":"https:\/\/blogsaverroes.juntadeandalucia.es\/ceperaljibe\/wp-json\/wp\/v2\/users\/16925"}],"replies":[{"embeddable":true,"href":"https:\/\/blogsaverroes.juntadeandalucia.es\/ceperaljibe\/wp-json\/wp\/v2\/comments?post=535"}],"version-history":[{"count":75,"href":"https:\/\/blogsaverroes.juntadeandalucia.es\/ceperaljibe\/wp-json\/wp\/v2\/pages\/535\/revisions"}],"predecessor-version":[{"id":819,"href":"https:\/\/blogsaverroes.juntadeandalucia.es\/ceperaljibe\/wp-json\/wp\/v2\/pages\/535\/revisions\/819"}],"wp:attachment":[{"href":"https:\/\/blogsaverroes.juntadeandalucia.es\/ceperaljibe\/wp-json\/wp\/v2\/media?parent=535"}],"curies":[{"name":"wp","href":"https:\/\/api.w.org\/{rel}","templated":true}]}}