{"id":589,"date":"2023-04-18T14:41:15","date_gmt":"2023-04-18T13:41:15","guid":{"rendered":"https:\/\/blogsaverroes.juntadeandalucia.es\/ceperaljibe\/?page_id=589"},"modified":"2024-10-28T14:26:39","modified_gmt":"2024-10-28T13:26:39","slug":"secretaria","status":"publish","type":"page","link":"https:\/\/blogsaverroes.juntadeandalucia.es\/ceperaljibe\/secretaria\/","title":{"rendered":"Secretar\u00eda"},"content":{"rendered":"<hr>\n<p>&nbsp;<\/p>\n<p><span style=\"font-family: verdana, geneva, sans-serif\">Aqu\u00ed podr\u00e1s encontrar la informaci\u00f3n que necesites para ponerte en contacto con el Centro, ya sea con la Direcci\u00f3n, Jefatura de Estudios, Secretar\u00eda o Conserjer\u00eda.<\/span><\/p>\n<h3>&nbsp;<\/h3>\n<h3><span style=\"font-family: verdana, geneva, sans-serif\">Horarios de atenci\u00f3n<\/span><\/h3>\n<table style=\"border-style: solid;width: 465px;border-color: #000000;background-color: #a1edca\" width=\"465\">\n<tbody>\n<tr>\n<th style=\"width: 123.134px\">&nbsp;<\/th>\n<th style=\"width: 326.48px\"><span style=\"font-family: verdana, geneva, sans-serif\">Horarios<\/span><\/th>\n<\/tr>\n<tr>\n<td style=\"width: 123.134px\"><span style=\"font-family: verdana, geneva, sans-serif\"><strong>Direcci\u00f3n<\/strong><\/span><\/td>\n<td style=\"width: 326.48px\"><span style=\"font-family: verdana, geneva, sans-serif\">Lunes de 18 a 19 horas; Martes de 9 a 10 horas y Mi\u00e9rcoles de 18 a 19 horas.<\/span><\/td>\n<\/tr>\n<tr>\n<td style=\"width: 123.134px\"><span style=\"font-family: verdana, geneva, sans-serif\"><strong>Jefatura de Estudios<\/strong><\/span><\/td>\n<td style=\"width: 326.48px\"><span style=\"font-family: verdana, geneva, sans-serif\">Martes de 13 a 14 horas y Viernes de 12 a 13 horas.<\/span><\/td>\n<\/tr>\n<tr>\n<td style=\"width: 123.134px\"><span style=\"font-family: verdana, geneva, sans-serif\"><strong>Secretar\u00eda<\/strong><\/span><\/td>\n<td style=\"width: 326.48px\"><span style=\"font-family: verdana, geneva, sans-serif\">Lunes de 9 a 10 horas, Martes de 17 a 18 horas y Jueves de 13 a 14 horas.<\/span><\/td>\n<\/tr>\n<\/tbody>\n<\/table>\n<h3>&nbsp;<\/h3>\n<p>&nbsp;<\/p>\n<h3><span style=\"font-family: verdana, geneva, sans-serif\">Documentos oficiales<\/span><\/h3>\n<p><span style=\"font-family: verdana, geneva, sans-serif\">Si deseas matricularte o inscribirte en algunos de nuestros cursos, desde nuestra web puedes descargarte los documentos necesarios, tan s\u00f3lo tendr\u00e1s que hacer clic en:&nbsp;<a href=\"https:\/\/blogsaverroes.juntadeandalucia.es\/ceperaljibe\/files\/2023\/04\/ImpresoMatriculaAdultos.pdf\"><span style=\"font-size: 18pt\"><strong> \u21d3<\/strong> <\/span><\/a>&nbsp; &nbsp;,descargarlos, imprimirlos y<\/span><span style=\"font-family: verdana, geneva, sans-serif\"><span style=\"font-family: verdana, geneva, sans-serif\">&nbsp;rellenarlos para su entrega en el Centro.<\/span><\/span><\/p>\n<p>&nbsp;<\/p>\n<p>&nbsp;<\/p>\n<h3><span style=\"font-family: verdana, geneva, sans-serif\">Tel\u00e9fonos de inter\u00e9s de la Delegaci\u00f3n Provincial de Educaci\u00f3n<\/span><\/h3>\n<table style=\"border-style: dashed;width: 481px;background-color: #a1edca\" width=\"481\">\n<tbody>\n<tr>\n<th><span style=\"font-family: verdana, geneva, sans-serif\">\u00c1rea<\/span><\/th>\n<th><span style=\"font-family: verdana, geneva, sans-serif\">Tel\u00e9fono<\/span><\/th>\n<\/tr>\n<tr>\n<td><span style=\"font-family: verdana, geneva, sans-serif\"><strong>Educaci\u00f3n Permanente<\/strong><\/span><\/td>\n<td><span style=\"font-family: verdana, geneva, sans-serif\">856 90 46 70\/71<\/span><\/td>\n<\/tr>\n<tr>\n<td><span style=\"font-family: verdana, geneva, sans-serif\"><strong>Servicio atenci\u00f3n comunidad educativa<\/strong><\/span><\/td>\n<td><span style=\"font-family: verdana, geneva, sans-serif\">900 84 80 00<\/span><\/td>\n<\/tr>\n<tr>\n<td>&nbsp;<\/td>\n<td>&nbsp;<\/td>\n<\/tr>\n<tr>\n<td><span style=\"font-family: verdana, geneva, sans-serif\"><strong>Gabinete de Seguridad y Salud Laboral<\/strong><\/span><\/td>\n<td><span style=\"font-family: verdana, geneva, sans-serif\">956 00 69 29<\/span><\/td>\n<\/tr>\n<tr>\n<td><span style=\"font-family: verdana, geneva, sans-serif\"><strong>Asesor\u00eda m\u00e9dica<\/strong><\/span><\/td>\n<td><span style=\"font-family: verdana, geneva, sans-serif\">956 00 68 73<\/span><\/td>\n<\/tr>\n<tr>\n<td><span style=\"font-family: verdana, geneva, sans-serif\"><strong>T\u00edtulos<\/strong><\/span><\/td>\n<td><span style=\"font-family: verdana, geneva, sans-serif\">856 90 46 51<\/span><\/td>\n<\/tr>\n<\/tbody>\n<\/table>\n","protected":false},"excerpt":{"rendered":"<p>&nbsp; Aqu\u00ed podr\u00e1s encontrar la informaci\u00f3n que necesites para ponerte en contacto con el Centro, ya sea con la Direcci\u00f3n, Jefatura de Estudios, Secretar\u00eda o Conserjer\u00eda. &nbsp; Horarios de atenci\u00f3n &nbsp; Horarios Direcci\u00f3n Lunes de 18 a 19 horas; Martes de 9 a 10 horas y Mi\u00e9rcoles de 18 a 19 horas. Jefatura de Estudios [&hellip;]<\/p>\n","protected":false},"author":16925,"featured_media":0,"parent":0,"menu_order":0,"comment_status":"closed","ping_status":"closed","template":"page-template-blank.php","meta":{"_et_pb_use_builder":"","_et_pb_old_content":"","_et_gb_content_width":"","ngg_post_thumbnail":0,"footnotes":""},"aioseo_notices":[],"_links":{"self":[{"href":"https:\/\/blogsaverroes.juntadeandalucia.es\/ceperaljibe\/wp-json\/wp\/v2\/pages\/589"}],"collection":[{"href":"https:\/\/blogsaverroes.juntadeandalucia.es\/ceperaljibe\/wp-json\/wp\/v2\/pages"}],"about":[{"href":"https:\/\/blogsaverroes.juntadeandalucia.es\/ceperaljibe\/wp-json\/wp\/v2\/types\/page"}],"author":[{"embeddable":true,"href":"https:\/\/blogsaverroes.juntadeandalucia.es\/ceperaljibe\/wp-json\/wp\/v2\/users\/16925"}],"replies":[{"embeddable":true,"href":"https:\/\/blogsaverroes.juntadeandalucia.es\/ceperaljibe\/wp-json\/wp\/v2\/comments?post=589"}],"version-history":[{"count":11,"href":"https:\/\/blogsaverroes.juntadeandalucia.es\/ceperaljibe\/wp-json\/wp\/v2\/pages\/589\/revisions"}],"predecessor-version":[{"id":849,"href":"https:\/\/blogsaverroes.juntadeandalucia.es\/ceperaljibe\/wp-json\/wp\/v2\/pages\/589\/revisions\/849"}],"wp:attachment":[{"href":"https:\/\/blogsaverroes.juntadeandalucia.es\/ceperaljibe\/wp-json\/wp\/v2\/media?parent=589"}],"curies":[{"name":"wp","href":"https:\/\/api.w.org\/{rel}","templated":true}]}}