{"id":765,"date":"2024-04-23T17:28:36","date_gmt":"2024-04-23T16:28:36","guid":{"rendered":"https:\/\/blogsaverroes.juntadeandalucia.es\/ceperaljibe\/?page_id=765"},"modified":"2025-06-04T16:31:11","modified_gmt":"2025-06-04T15:31:11","slug":"oferta-educativa-del-c-e-per-aljibe","status":"publish","type":"page","link":"https:\/\/blogsaverroes.juntadeandalucia.es\/ceperaljibe\/oferta-educativa-del-c-e-per-aljibe\/","title":{"rendered":"Oferta educativa del C.E.PER. &#8220;Aljibe&#8221;"},"content":{"rendered":"<p><span style=\"font-family: verdana, geneva, sans-serif;font-size: 18pt\">La oferta de nuestro centro es muy variada, te detallamos todos los planes que ofertamos:<\/span><\/p>\n<ul style=\"list-style-type: square\">\n<li><span style=\"font-size: 18pt;color: #3366ff\"><a style=\"color: #3366ff\" href=\"https:\/\/blogsaverroes.juntadeandalucia.es\/ceperaljibe\/files\/2023\/04\/PLAN-DE-FORMACI\u00d3N-B\u00c1SICA-DE-PERSONAS-ADULTAS.pdf\"><span style=\"font-family: verdana, geneva, sans-serif\">Plan de formaci\u00f3n b\u00e1sica niveles I y II<\/span><\/a><\/span><\/li>\n<li><span style=\"font-size: 18pt;color: #3366ff\"><a style=\"color: #3366ff\" href=\"https:\/\/blogsaverroes.juntadeandalucia.es\/ceperaljibe\/files\/2023\/04\/PLAN-DE-PREPARACION-PARA-LA-OBTENCION-DEL-GRADUADO-EN-SECUNDARIA-1.pdf\"><span style=\"font-family: verdana, geneva, sans-serif\">Plan de tutorizaci\u00f3n de secundaria para adultos: Espa modalidad semipresencial con niveles I y II<\/span><\/a><\/span><\/li>\n<li><span style=\"font-size: 18pt;color: #3366ff\"><a style=\"color: #3366ff\" href=\"https:\/\/blogsaverroes.juntadeandalucia.es\/ceperaljibe\/files\/2023\/04\/PLAN-DE-PREPARACION-PARA-LA-OBTENCION-DEL-GRADUADO-EN-SECUNDARIA-1.pdf\"><span style=\"font-family: verdana, geneva, sans-serif\">Plan de preparaci\u00f3n para las pruebas libres de obtenci\u00f3n de t\u00edtulo de educaci\u00f3n secundaria para adultos<\/span><\/a><\/span><\/li>\n<li><span style=\"font-size: 18pt;color: #3366ff\"><a style=\"color: #3366ff\" href=\"https:\/\/blogsaverroes.juntadeandalucia.es\/ceperaljibe\/files\/2023\/04\/PLAN-EDUCATIVO-DE-ACERCAMIENTO-AL-CONOCIMIENTO-DE-LA-CULTURA-Y-LENGUA-ESPA\u00d1OLA-PARA-PERSONAS-PROCEDENTES-DE-OTROS-PA\u00cdSES.pdf\"><span style=\"font-family: verdana, geneva, sans-serif\">Espa\u00f1ol para extranjeros (Interculturalidad)<\/span><\/a><\/span><\/li>\n<li><span style=\"font-size: 18pt;color: #3366ff\"><a style=\"color: #3366ff\" href=\"https:\/\/blogsaverroes.juntadeandalucia.es\/ceperaljibe\/files\/2023\/04\/PLAN-DE-USO-DE-NUEVAS-TECNOLOG\u00cdAS-1.pdf\"><span style=\"font-family: verdana, geneva, sans-serif\">Plan de uso b\u00e1sico de las tecnolog\u00edas de la informaci\u00f3n y comunicaci\u00f3n<\/span><\/a><\/span><\/li>\n<li><span style=\"font-size: 18pt;color: #3366ff\"><a style=\"color: #3366ff\" href=\"https:\/\/blogsaverroes.juntadeandalucia.es\/ceperaljibe\/files\/2023\/04\/PLAN-EDUCATIVO-DE-USO-B\u00c1SICO-DE-IDIOMAS-EXTRANJEROS.ingles.pdf\"><span style=\"font-family: verdana, geneva, sans-serif\">Plan de uso b\u00e1sico de idioma extranjero: Ingl\u00e9s<\/span><\/a><\/span><\/li>\n<li><span style=\"font-family: verdana, geneva, sans-serif;font-size: 18pt;color: #3366ff\">Plan de preparaci\u00f3n para las pruebas de acceso a ciclos formativos de grado medio<\/span><\/li>\n<li><span style=\"font-size: 18pt;color: #3366ff\"><a style=\"color: #3366ff\" href=\"https:\/\/blogsaverroes.juntadeandalucia.es\/ceperaljibe\/files\/2023\/04\/Preparaci\u00f3n-para-la-Prueba-de-acceso-a-los-Ciclos-Formativos-de-Grado-Superior.pdf\"><span style=\"font-family: verdana, geneva, sans-serif\">Plan de preparaci\u00f3n para las pruebas de acceso a ciclos formativos de grado superior<\/span><\/a><\/span><\/li>\n<li><span style=\"font-size: 18pt;color: #3366ff\"><a style=\"color: #3366ff\" href=\"https:\/\/blogsaverroes.juntadeandalucia.es\/ceperaljibe\/files\/2023\/04\/PlanPreparacionAuxiliarClinica-1.pdf\"><span style=\"font-family: verdana, geneva, sans-serif\">Plan de preparaci\u00f3n para las pruebas libres de obtenci\u00f3n del t\u00edtulo de t\u00e9cnico auxiliar de cl\u00ednica<\/span><\/a><\/span><\/li>\n<li><span style=\"font-size: 18pt;color: #3366ff\"><a style=\"color: #3366ff\" href=\"https:\/\/blogsaverroes.juntadeandalucia.es\/ceperaljibe\/files\/2023\/04\/PLAN-DE-ADQUISICI\u00d3N-DE-H\u00c1BITOS-DE-VIDA-SALUDABLE-1.pdf\"><span style=\"font-family: verdana, geneva, sans-serif\">Plan de adquisici\u00f3n de h\u00e1bitos de vida saludable<\/span><\/a><\/span><\/li>\n<li><span style=\"font-size: 18pt;color: #3366ff\"><a style=\"color: #3366ff\" href=\"https:\/\/blogsaverroes.juntadeandalucia.es\/ceperaljibe\/files\/2023\/04\/PATRIMONIO-CULTURAL-ANDALUZ.pdf\"><span style=\"font-family: verdana, geneva, sans-serif\">Plan de conocimiento del patrimonio cultural de Andaluc\u00eda y medioambiente.<\/span><\/a><\/span><\/li>\n<li><span style=\"font-size: 18pt;color: #3366ff\">Plan de preparaci\u00f3n de las pruebas libres de T\u00e9cnico superior en Educaci\u00f3n Infantil.<\/span><\/li>\n<li><span style=\"font-size: 18pt;color: #3366ff\">Plan de preparaci\u00f3n de las pruebas libres de Grado Medio en Atenci\u00f3n a personas en situaci\u00f3n de dependencia.<\/span><\/li>\n<\/ul>\n<p>&nbsp;<\/p>\n<p>&nbsp;<\/p>\n<p>&nbsp;<\/p>\n<p>&nbsp;<\/p>\n<p>&nbsp;<\/p>\n<p>&nbsp;<\/p>\n<p>&nbsp;<\/p>\n","protected":false},"excerpt":{"rendered":"<p>La oferta de nuestro centro es muy variada, te detallamos todos los planes que ofertamos: Plan de formaci\u00f3n b\u00e1sica niveles I y II Plan de tutorizaci\u00f3n de secundaria para adultos: Espa modalidad semipresencial con niveles I y II Plan de preparaci\u00f3n para las pruebas libres de obtenci\u00f3n de t\u00edtulo de educaci\u00f3n secundaria para adultos Espa\u00f1ol [&hellip;]<\/p>\n","protected":false},"author":16925,"featured_media":0,"parent":0,"menu_order":0,"comment_status":"closed","ping_status":"closed","template":"","meta":{"_et_pb_use_builder":"","_et_pb_old_content":"","_et_gb_content_width":"","ngg_post_thumbnail":0,"footnotes":""},"aioseo_notices":[],"_links":{"self":[{"href":"https:\/\/blogsaverroes.juntadeandalucia.es\/ceperaljibe\/wp-json\/wp\/v2\/pages\/765"}],"collection":[{"href":"https:\/\/blogsaverroes.juntadeandalucia.es\/ceperaljibe\/wp-json\/wp\/v2\/pages"}],"about":[{"href":"https:\/\/blogsaverroes.juntadeandalucia.es\/ceperaljibe\/wp-json\/wp\/v2\/types\/page"}],"author":[{"embeddable":true,"href":"https:\/\/blogsaverroes.juntadeandalucia.es\/ceperaljibe\/wp-json\/wp\/v2\/users\/16925"}],"replies":[{"embeddable":true,"href":"https:\/\/blogsaverroes.juntadeandalucia.es\/ceperaljibe\/wp-json\/wp\/v2\/comments?post=765"}],"version-history":[{"count":9,"href":"https:\/\/blogsaverroes.juntadeandalucia.es\/ceperaljibe\/wp-json\/wp\/v2\/pages\/765\/revisions"}],"predecessor-version":[{"id":903,"href":"https:\/\/blogsaverroes.juntadeandalucia.es\/ceperaljibe\/wp-json\/wp\/v2\/pages\/765\/revisions\/903"}],"wp:attachment":[{"href":"https:\/\/blogsaverroes.juntadeandalucia.es\/ceperaljibe\/wp-json\/wp\/v2\/media?parent=765"}],"curies":[{"name":"wp","href":"https:\/\/api.w.org\/{rel}","templated":true}]}}