{"id":141,"date":"2015-03-17T07:13:24","date_gmt":"2015-03-17T07:13:24","guid":{"rendered":"http:\/\/blogsaverroes.juntadeandalucia.es\/pre\/ceip\/?page_id=141"},"modified":"2020-06-04T19:49:34","modified_gmt":"2020-06-04T19:49:34","slug":"escolarizacion","status":"publish","type":"page","link":"https:\/\/blogsaverroes.juntadeandalucia.es\/ceperalmaden\/secretaria\/escolarizacion\/","title":{"rendered":"Matriculaci\u00f3n"},"content":{"rendered":"<h3 style=\"text-align: center\"><span style=\"color: #0000ff\">INFORMACI\u00d3N DE LA OFERTA EDUCATIVA<\/span><\/h3>\n<p>Estos son los planes educativos ofertados en el CEPER Almad\u00e9n:<\/p>\n<ul>\n<li style=\"font-weight: 400\"><span style=\"font-weight: 400\">Graduado Secundaria Modalidad Prueba Libre (grupos de ma\u00f1ana y tarde).<\/span><\/li>\n<li style=\"font-weight: 400\"><span style=\"font-weight: 400\">Graduado Secundaria Tutor\u00eda de Apoyo al Estudio Nivel II (grupos de ma\u00f1ana y tarde).<\/span><\/li>\n<li style=\"font-weight: 400\"><span style=\"font-weight: 400\">Prueba de acceso a Ciclos Formativos Grado Superior (grupo solo de ma\u00f1ana).<\/span><\/li>\n<li style=\"font-weight: 400\"><span style=\"font-weight: 400\">Prueba de acceso a la Universidad +25 \u2013 V\u00cdA A (Geograf\u00eda e Historia) (grupos de ma\u00f1ana y tarde).<\/span><\/li>\n<li style=\"font-weight: 400\"><span style=\"font-weight: 400\">Prueba de acceso a la Universidad +25 \u2013 VIA D (Geograf\u00eda y Econom\u00eda de la Empresa) (grupos de ma\u00f1ana y tarde).<\/span><\/li>\n<li style=\"font-weight: 400\"><span style=\"font-weight: 400\">Prueba de acceso a la Universidad +45 (grupos de ma\u00f1ana y tarde).<\/span><\/li>\n<li style=\"font-weight: 400\"><span style=\"font-weight: 400\">Tecnolog\u00eda de la Informaci\u00f3n y Comunicaci\u00f3n \u2013 Inform\u00e1tica (grupos de ma\u00f1ana y tarde).<\/span><\/li>\n<li style=\"font-weight: 400\"><span style=\"font-weight: 400\">Uso B\u00e1sico de Idiomas (Ingl\u00e9s: niveles 1, 2 y 3) (grupos de ma\u00f1ana y tarde).<\/span><\/li>\n<li style=\"font-weight: 400\"><span style=\"font-weight: 400\">Interculturalidad: Espa\u00f1ol para extranjeros (grupo de ma\u00f1ana y tarde seg\u00fan demanda).<\/span><\/li>\n<li style=\"font-weight: 400\"><span style=\"font-weight: 400\">Envejecimiento activo: h\u00e1bitos de vida saludable (grupo solo de ma\u00f1ana).<\/span><\/li>\n<li>Plan de Refuerzo y Mejora de la Competencia Lectora (pendiente de aprobaci\u00f3n).<\/li>\n<\/ul>\n<h3 style=\"text-align: center\"><span style=\"color: #0000ff\">INFORMACI\u00d3N DE SOLICITUD DE ADMISI\u00d3N Y MATR\u00cdCULA.&nbsp;<\/span><\/h3>\n<p><strong>D\u00f3nde se realiza la tramitaci\u00f3n de la matr\u00edcula?<\/strong><\/p>\n<p>En el&nbsp;<em>Centro de Educaci\u00f3n Permanente Almad\u00e9n<\/em>&nbsp;(C\/ Mart\u00ednez Molina, 50, Ja\u00e9n).<\/p>\n<p><strong>\u00bfQui\u00e9n se puede matricular en el Centro?<\/strong><\/p>\n<p>Cualquier&nbsp;<em>persona mayor de 18 a\u00f1os<\/em>&nbsp;o que los cumpla en el a\u00f1o natural en que comience el curso acad\u00e9mico. No es necesario residir ni estar empadronado en Ja\u00e9n.&nbsp;<\/p>\n<p><em>Para la matr\u00edcula en&nbsp;Educaci\u00f3n Secundaria (ESO)<\/em>, de manera&nbsp;excepcional, tambi\u00e9n puedes acceder a las ense\u00f1anzas de personas adultas&nbsp;<em>si eres mayor de 16 a\u00f1os<\/em>, o los cumples en el a\u00f1o natural en que comienza el curso acad\u00e9mico,&nbsp;<em>acreditando alguna de estas situaciones<\/em>:<\/p>\n<ul>\n<li>Ser persona trabajadora por cuenta propia o ajena de manera que no puedas acudir al centro educativo de car\u00e1cter ordinario.<\/li>\n<li>Ser deportista de rendimiento en Andaluc\u00eda o de alto rendimiento o alto nivel.<\/li>\n<li>Encontrarte en situaci\u00f3n personal extraordinaria de enfermedad, discapacidad o cualquier otra que&nbsp; te&nbsp; impida&nbsp; cursar&nbsp; las&nbsp; ense\u00f1anzas&nbsp; en&nbsp; r\u00e9gimen&nbsp; ordinario,&nbsp; quedando&nbsp; incluidas&nbsp; en&nbsp; este&nbsp; supuesto&nbsp; las&nbsp; personas v\u00edctimas de la violencia de g\u00e9nero y las v\u00edctimas de terrorismo, as\u00ed como sus hijos e hijas, y las personas que se encuentren en situaci\u00f3n de dificultad social extrema o riesgo de exclusi\u00f3n.<\/li>\n<li>Estar interno o interna en centros penitenciarios o de menores sujetos a medidas de privaci\u00f3n de libertad por sentencia judicial.<\/li>\n<\/ul>\n<p><strong>\u00bfCu\u00e1nto cuesta?<\/strong><\/p>\n<p>Nada. Nuestro Centro es P\u00fablico. Es TOTALMENTE GRATUITO.<\/p>\n<p><strong>\u00bfCu\u00e1les son los plazos de inscripci\u00f3n?<\/strong><\/p>\n<p>Plazo ordinario: Del d\u00eda 1 al 15 de junio.<\/p>\n<p>El plazo extraordinario: Del d\u00eda 1 al 10 de septiembre.<\/p>\n<p><strong>\u00bfEn qu\u00e9 horario se atiende al p\u00fablico?<\/strong><\/p>\n<p>De 9:30 a 13:30 h&nbsp;<u>con cita previa<\/u>&nbsp;llamando al tel\u00e9fono del centro (953 366 129).<\/p>\n<p><strong>\u00bfQu\u00e9 documentaci\u00f3n se requiere para inscribirse?<\/strong>&nbsp;<\/p>\n<p>Para Graduado Educaci\u00f3n Secundaria&nbsp;<u>TAE Nivel II<\/u>:<\/p>\n<ul>\n<li><a href=\"https:\/\/blogsaverroes.juntadeandalucia.es\/ceperalmaden\/files\/2020\/06\/anexo_I_ESO_matriculaci%C3%B3n.pdf\">Solicitud de matr\u00edcula<\/a>&nbsp;(te la podemos facilitar en el Centro si no puedes imprimirla).<\/li>\n<li>Cuenta de correo electr\u00f3nico en GMAIL.<\/li>\n<li>Dos fotocopias del DNI, pasaporte o NIE.<\/li>\n<li>Fotocopia del certificado de \u00faltimos estudios realizados.<\/li>\n<li>Tres fotos tama\u00f1o carnet (en el reverso de las fotos debe constar el n\u00famero de carnet y el nombre y apellidos escritos a bol\u00edgrafo).<\/li>\n<li>Menores de 28 a\u00f1os (justificante del pago del seguro escolar).<\/li>\n<\/ul>\n<p>Para el&nbsp;<u>resto de Planes Educativos<\/u>:<\/p>\n<ul>\n<li><a href=\"https:\/\/blogsaverroes.juntadeandalucia.es\/ceperalmaden\/files\/2020\/06\/anexo_V-matriculaci%C3%B3n.pdf\">Solicitud de matr\u00edcula<\/a>&nbsp;(te la podemos facilitar en el Centro si no puedes imprimirla).<\/li>\n<li>Cuenta de correo electr\u00f3nico en GMAIL.<\/li>\n<li>Una fotocopia del DNI, pasaporte o NIE.<\/li>\n<li>Una foto tama\u00f1o carnet si has estado matriculado anteriormente en nuestro Centro y dos fotos si es la primera vez que te matriculas (en el reverso de la\/s foto\/s debe constar el n\u00famero de carnet y el nombre y apellidos escritos a bol\u00edgrafo).<\/li>\n<li>Fotocopia del certificado de \u00faltimos estudios realizados.<\/li>\n<\/ul>\n<p><strong>\u00bfC\u00f3mo se realiza la adjudicaci\u00f3n de plazas?<\/strong><\/p>\n<p>Con car\u00e1cter general, se adjudicar\u00e1n las plazas&nbsp;<strong>por orden de fecha de inscripci\u00f3n en el centro,&nbsp;<\/strong>es decir,<strong>&nbsp;<\/strong>por orden de llegada.<\/p>\n<p>Para &nbsp;matr\u00edculas en Educaci\u00f3n Secundaria Obligatoria (ESO) se adjudicaran las plazas en el periodo ordinario de junio, en el caso de que haya m\u00e1s solicitudes que puestos escolares vacantes, se seguir\u00e1 la&nbsp;<a href=\"http:\/\/www.juntadeandalucia.es\/educacion\/portals\/web\/educacion-permanente\/eso\/adjudicacion\/-\/libre\/detalle\/NHtKQrKW2RYc\/secundaria-solicitud-de-plaza-es-seguro-que-obtendre-una-plaza-1h8y6s1heldk1\" target=\"_blank\" rel=\"noopener noreferrer\">prioridad que establece la normativa (ver detalles).<\/a>&nbsp;<\/p>\n<h3 style=\"text-align: center\"><span style=\"color: #0000ff\">OTRAS INFORMACIONES.<\/span><\/h3>\n<p style=\"text-align: justify\">Para cursar las ense\u00f1anzas de Educaci\u00f3n Secundaria (ESO) en su totalidad, dispones de <strong>seis&nbsp;convocatorias <\/strong>(dos por curso escolar). Ten en cuenta que no se contempla la&nbsp;<strong>anulaci\u00f3n, renuncia o baja<\/strong>&nbsp;de matr\u00edcula, por lo que, una vez formalizada tu matr\u00edcula, con cada curso, agotas dos convocatorias.<\/p>\n<p>Para el resto de Planes Formativos, diferentes a Educaci\u00f3n Secundaria (ESO), solamente dispones de dos cursos para permanecer o superar un Plan Formativo, y excepcionalmente hasta un tercer curso escolar.<\/p>\n<ul style=\"text-align: justify\">\n<li><a href=\"http:\/\/www.juntadeandalucia.es\/educacion\/portals\/web\/educacion-permanente\/eso\/matricula\">M\u00e1s informaci\u00f3n<\/a>.<\/li>\n<\/ul>\n<p style=\"text-align: justify\">&nbsp;<\/p>\n<h3>&nbsp;<\/h3>\n<p>&nbsp;<\/p>\n","protected":false},"excerpt":{"rendered":"<p>INFORMACI\u00d3N DE LA OFERTA EDUCATIVA Estos son los planes educativos ofertados en el CEPER Almad\u00e9n: Graduado Secundaria Modalidad Prueba Libre (grupos de ma\u00f1ana y tarde). Graduado Secundaria Tutor\u00eda de Apoyo al Estudio Nivel II (grupos&#46;&#46;&#46;<\/p>\n","protected":false},"author":1,"featured_media":0,"parent":77,"menu_order":0,"comment_status":"open","ping_status":"open","template":"page-templates\/child-menu.php","meta":{"ngg_post_thumbnail":0,"footnotes":"","_mc_calendar":[]},"aioseo_notices":[],"_links":{"self":[{"href":"https:\/\/blogsaverroes.juntadeandalucia.es\/ceperalmaden\/wp-json\/wp\/v2\/pages\/141"}],"collection":[{"href":"https:\/\/blogsaverroes.juntadeandalucia.es\/ceperalmaden\/wp-json\/wp\/v2\/pages"}],"about":[{"href":"https:\/\/blogsaverroes.juntadeandalucia.es\/ceperalmaden\/wp-json\/wp\/v2\/types\/page"}],"author":[{"embeddable":true,"href":"https:\/\/blogsaverroes.juntadeandalucia.es\/ceperalmaden\/wp-json\/wp\/v2\/users\/1"}],"replies":[{"embeddable":true,"href":"https:\/\/blogsaverroes.juntadeandalucia.es\/ceperalmaden\/wp-json\/wp\/v2\/comments?post=141"}],"version-history":[{"count":69,"href":"https:\/\/blogsaverroes.juntadeandalucia.es\/ceperalmaden\/wp-json\/wp\/v2\/pages\/141\/revisions"}],"predecessor-version":[{"id":4694,"href":"https:\/\/blogsaverroes.juntadeandalucia.es\/ceperalmaden\/wp-json\/wp\/v2\/pages\/141\/revisions\/4694"}],"up":[{"embeddable":true,"href":"https:\/\/blogsaverroes.juntadeandalucia.es\/ceperalmaden\/wp-json\/wp\/v2\/pages\/77"}],"wp:attachment":[{"href":"https:\/\/blogsaverroes.juntadeandalucia.es\/ceperalmaden\/wp-json\/wp\/v2\/media?parent=141"}],"curies":[{"name":"wp","href":"https:\/\/api.w.org\/{rel}","templated":true}]}}