{"id":198,"date":"2015-03-17T09:55:36","date_gmt":"2015-03-17T09:55:36","guid":{"rendered":"http:\/\/blogsaverroes.juntadeandalucia.es\/pre\/ceip\/?page_id=198"},"modified":"2019-01-07T21:39:32","modified_gmt":"2019-01-07T21:39:32","slug":"erasmus_k1-104","status":"publish","type":"page","link":"https:\/\/blogsaverroes.juntadeandalucia.es\/ceperalmaden\/erasmus_k1-104\/","title":{"rendered":"Erasmus Plus KA-104"},"content":{"rendered":"<h2><b>Resumen del proyecto \u201cNuevos enfoques en educaci\u00f3n de adultos\u201d<\/b><\/h2>\n<table style=\"width: 281px\">\n<tbody>\n<tr>\n<td style=\"text-align: left;width: 217px\"><a href=\"https:\/\/ec.europa.eu\/programmes\/erasmus-plus\/projects\/eplus-project-details\/#project\/2018-1-ES01-KA104-049623\" target=\"_blank\" rel=\"noopener\">&nbsp;Enlace a ficha del proyecto&nbsp;<\/a><\/td>\n<td style=\"text-align: left;width: 60px\">&nbsp;<a href=\"https:\/\/ec.europa.eu\/programmes\/erasmus-plus\/projects\/eplus-project-details\/#project\/2018-1-ES01-KA104-049623\" target=\"_blank\" rel=\"noopener\"><img loading=\"lazy\" decoding=\"async\" class=\"alignnone wp-image-2726\" src=\"https:\/\/blogsaverroes.juntadeandalucia.es\/ceperalmaden\/files\/2015\/03\/clic.png\" alt=\"\" width=\"41\" height=\"41\" srcset=\"https:\/\/blogsaverroes.juntadeandalucia.es\/ceperalmaden\/files\/2015\/03\/clic.png 225w, https:\/\/blogsaverroes.juntadeandalucia.es\/ceperalmaden\/files\/2015\/03\/clic-150x150.png 150w, https:\/\/blogsaverroes.juntadeandalucia.es\/ceperalmaden\/files\/2015\/03\/clic-100x100.png 100w, https:\/\/blogsaverroes.juntadeandalucia.es\/ceperalmaden\/files\/2015\/03\/clic-160x160.png 160w, https:\/\/blogsaverroes.juntadeandalucia.es\/ceperalmaden\/files\/2015\/03\/clic-320x320.png 320w, https:\/\/blogsaverroes.juntadeandalucia.es\/ceperalmaden\/files\/2015\/03\/clic-24x24.png 24w, https:\/\/blogsaverroes.juntadeandalucia.es\/ceperalmaden\/files\/2015\/03\/clic-36x36.png 36w, https:\/\/blogsaverroes.juntadeandalucia.es\/ceperalmaden\/files\/2015\/03\/clic-48x48.png 48w\" sizes=\"(max-width: 41px) 100vw, 41px\" \/><\/a>&nbsp;&nbsp;<\/td>\n<\/tr>\n<\/tbody>\n<\/table>\n<ol>\n<li><b> CONTEXTO<\/b><\/li>\n<\/ol>\n<p><span style=\"font-weight: 400\">El CEPer Almad\u00e9n es un centro de Educaci\u00f3n Permanente de Adultos en la provincia de Ja\u00e9n.<\/span> <span style=\"font-weight: 400\">Cuenta con un claustro de 18 docentes diseminados en ocho localidades diferentes. El alumnado tiene entre 18 y los 85 a\u00f1os, originarios de 14 nacionalidades distintas. Proceden de capas socioecon\u00f3micas desfavorecidas. La mayor parte est\u00e1n en paro o tienen trabajos espor\u00e1dicos de mano de obra no cualificada. Es por ello que buscan una segunda oportunidad incorpor\u00e1ndose de nuevo al sistema educativo.<\/span><\/p>\n<ol start=\"2\">\n<li><b> OBJETIVOS DEL PROYECTO<\/b><\/li>\n<\/ol>\n<p><span style=\"font-weight: 400\">Objetivo 1: Promover el uso de las TIC, especialmente en la ense\u00f1anza semipresencial.<\/span><\/p>\n<p><span style=\"font-weight: 400\">Objetivo 2: Conocer y desarrollar estrategias para la inclusi\u00f3n social y educativa del alumnado adulto y su promoci\u00f3n al mercado laboral.<\/span><\/p>\n<p><span style=\"font-weight: 400\">Objetivo 3: Adquirir y transferir nuevos enfoques metodol\u00f3gicos de innovaci\u00f3n educativa y en los \u00e1mbitos de la formaci\u00f3n permanente de adultos.<\/span><\/p>\n<ol start=\"3\">\n<li><b> N\u00daMERO Y PERFIL DE LOS PARTICIPANTES<\/b><\/li>\n<\/ol>\n<p><span style=\"font-weight: 400\">Los participantes que forman parte de este proyecto supone el 50% del claustro, muchos de ellos con experiencia previa en otros proyectos internacionales y todos comprometidos con la necesidad de innovaci\u00f3n para mejorar la calidad de la educaci\u00f3n de adultos. El perfil de estos docentes est\u00e1 compuesto por:&nbsp;<\/span><\/p>\n<p><span style=\"font-weight: 400\">&#8211; Miembros del equipo directivo<\/span><\/p>\n<p><span style=\"font-weight: 400\">&#8211; El coordinador del proyecto TIC<\/span><\/p>\n<p><span style=\"font-weight: 400\">&#8211; Docentes de lenguas extranjeras<\/span><\/p>\n<p><span style=\"font-weight: 400\">&#8211; Docentes de ense\u00f1anza semipresencial en el \u00e1mbito de comunicaci\u00f3n y <\/span><span style=\"font-weight: 400\">en el \u00e1mbito cient\u00edfico tecnol\u00f3gico.<\/span><\/p>\n<ol start=\"4\">\n<li><b> DESCRIPCI\u00d3N DE LAS ACTIVIDADES<\/b><\/li>\n<\/ol>\n<p><span style=\"font-weight: 400\">\u00c1MBITO N\u00ba 1:<\/span><\/p>\n<p><span style=\"font-weight: 400\">&#8211; Participaci\u00f3n en cursos estructurados<\/span><\/p>\n<p><span style=\"font-weight: 400\">&#8211; Construcci\u00f3n del Portfolio digital del profesorado y del alumnado.<\/span><\/p>\n<p><span style=\"font-weight: 400\">&#8211; Creaci\u00f3n de un blog de aula para el trabajo de todo el curso.<\/span><\/p>\n<p><span style=\"font-weight: 400\">&#8211; Difusi\u00f3n de las experiencias a trav\u00e9s del blog y redes sociales.<\/span><\/p>\n<p><span style=\"font-weight: 400\">\u00c1MBITO N\u00ba 2:<\/span><\/p>\n<p><span style=\"font-weight: 400\">&#8211; Estancia de observaci\u00f3n: organizaci\u00f3n de centros de adultos europeos.<\/span><\/p>\n<p><span style=\"font-weight: 400\">&#8211; Aprendizaje de buenas pr\u00e1cticas sobre la gesti\u00f3n y organizaci\u00f3n del centro.<\/span><\/p>\n<p><span style=\"font-weight: 400\">&#8211; Semana Intercultural: \u201cAprendiendo a ser Iguales\u201d<\/span><\/p>\n<p><span style=\"font-weight: 400\">&#8211; Charla de la \u201cAsociaci\u00f3n de ayuda al pueblo saharaui\u201d<\/span><\/p>\n<p><span style=\"font-weight: 400\">&#8211; Concierto de flamenco con la colaboraci\u00f3n de alumnos de etnia gitana.<\/span><\/p>\n<p><span style=\"font-weight: 400\">\u00c1MBITO N\u00ba 3:<\/span><\/p>\n<p><span style=\"font-weight: 400\">&#8211; Ejercicios pr\u00e1cticos que desarrollan las habilidades de pensamiento cr\u00edtico de los estudiantes: reuni\u00f3n creativa, negociaci\u00f3n y persuasi\u00f3n, sesiones de auto \u2013 motivaci\u00f3n.<\/span><\/p>\n<p><span style=\"font-weight: 400\">&#8211; Taller de gamificaci\u00f3n y metodolog\u00eda creativa,<\/span><\/p>\n<p><span style=\"font-weight: 400\">&#8211; Recopilaci\u00f3n de materiales aut\u00e9nticos relevantes y contacto con hablantes nativos en la localidad.<\/span><\/p>\n<p><span style=\"font-weight: 400\">&#8211; Realizaci\u00f3n de salidas guiadas en lengua extranjera.<\/span><\/p>\n<ol start=\"5\">\n<li><b> METODOLOG\u00cdA UTILIZADA PARA LLEVAR A CABO EL PROYECTO<\/b><\/li>\n<\/ol>\n<p><span style=\"font-weight: 400\">PLANIFICACI\u00d3N: detecci\u00f3n de necesidades, acuerdos de prioridades, dise\u00f1o de objetivos, elaboraci\u00f3n del plan de actividades, estrategias para evaluar el programa, selecci\u00f3n de participantes y de socios colaboradores del proyecto.<\/span><\/p>\n<p><span style=\"font-weight: 400\">EJECUCI\u00d3N DEL PROGRAMA: concretar tareas, actividades y duraci\u00f3n, inicio del programa, evaluaci\u00f3n y seguimiento del programa, del impacto y de su difusi\u00f3n.<\/span><\/p>\n<p><span style=\"font-weight: 400\">VALORACI\u00d3N: an\u00e1lisis de resultados y evaluaci\u00f3n del logro de objetivos, de procedimientos, de la satisfacci\u00f3n de los participantes y de instituciones participantes, an\u00e1lisis de logros, de impacto y difusi\u00f3n.<\/span><\/p>\n<ol start=\"6\">\n<li><b> DESCRIPCI\u00d3N DE LOS RESULTADOS<\/b><\/li>\n<\/ol>\n<ul>\n<li><span style=\"font-weight: 400\">Consolidar el uso de la web como recurso did\u00e1ctico e integrar la tecnolog\u00eda en las experiencias de aprendizaje para ayudar a integrar la escuela en la vida de los estudiantes.<\/span><\/li>\n<li><span style=\"font-weight: 400\">Observar, analizar e implementar diversas estrategias de organizaci\u00f3n y gesti\u00f3n de centros de buenas pr\u00e1cticas y hacerlo transferible a la propia escuela.<\/span><\/li>\n<li><span style=\"font-weight: 400\">Convertir el centro en un espacio que mejore la inclusi\u00f3n social y calidad de vida mediante una formaci\u00f3n adecuada y conectada con el mundo laboral.<\/span><\/li>\n<li><span style=\"font-weight: 400\">Ampliar la gama de actividades y recursos de ense\u00f1anza que el profesorado puede ofrecer al alumnado mejorando sus propias capacidades creativas.<\/span><\/li>\n<li><span style=\"font-weight: 400\">Mejorar la planificaci\u00f3n de las clases con estrategias de ense\u00f1anza m\u00e1s activas e innovadoras.<\/span><\/li>\n<\/ul>\n<ol start=\"7\">\n<li><b> IMPACTO PREVISTO Y BENEFICIOS A LARGO PLAZO<\/b><\/li>\n<\/ol>\n<p><span style=\"font-weight: 400\">En los participantes:<\/span><\/p>\n<p><span style=\"font-weight: 400\">&#8211; Progreso logrado en las acciones formativas de calidad que han favorecido las experiencias educativas inclusivas.<\/span><\/p>\n<p><span style=\"font-weight: 400\">&#8211; Transferencia de buenas pr\u00e1cticas experimentadas en centros europeos.<\/span><\/p>\n<p><span style=\"font-weight: 400\">En las instituciones participantes:<\/span><\/p>\n<p><span style=\"font-weight: 400\">&#8211; Inicio de relaciones profesionales con profesorado europeo para comenzar y continuar proyectos KA2 o Etwinning.<\/span><\/p>\n<p><span style=\"font-weight: 400\">&#8211; Enriquecimiento que implica la participaci\u00f3n en un proyecto Erasmus +<\/span><\/p>\n<p><span style=\"font-weight: 400\">En el alumnado: <\/span><\/p>\n<p><span style=\"font-weight: 400\">&#8211; Avance en el aprendizaje de un idioma extranjeros y en su rendimiento acad\u00e9mico a trav\u00e9s de tareas de aprendizaje m\u00e1s innovadoras y motivadoras.<\/span><\/p>\n<p><span style=\"font-weight: 400\">&#8211; Participaci\u00f3n, en trabajos cooperativos, con otro alumnado europeo.<\/span><\/p>\n<p><span style=\"font-weight: 400\">En otras organizaciones:<\/span><\/p>\n<p><span style=\"font-weight: 400\">&#8211; Diseminaci\u00f3n de experiencias educativas europeas de \u00e9xito.<\/span><\/p>\n<p><span style=\"font-weight: 400\">&#8211; Cooperaci\u00f3n en redes educativas europeas.<\/span><\/p>\n","protected":false},"excerpt":{"rendered":"<p>Resumen del proyecto \u201cNuevos enfoques en educaci\u00f3n de adultos\u201d &nbsp;Enlace a ficha del proyecto&nbsp; &nbsp;&nbsp;&nbsp; CONTEXTO El CEPer Almad\u00e9n es un centro de Educaci\u00f3n Permanente de Adultos en la provincia de Ja\u00e9n. Cuenta con un&#46;&#46;&#46;<\/p>\n","protected":false},"author":1,"featured_media":0,"parent":0,"menu_order":0,"comment_status":"open","ping_status":"open","template":"page-templates\/child-menu.php","meta":{"ngg_post_thumbnail":0,"footnotes":"","_mc_calendar":[]},"aioseo_notices":[],"_links":{"self":[{"href":"https:\/\/blogsaverroes.juntadeandalucia.es\/ceperalmaden\/wp-json\/wp\/v2\/pages\/198"}],"collection":[{"href":"https:\/\/blogsaverroes.juntadeandalucia.es\/ceperalmaden\/wp-json\/wp\/v2\/pages"}],"about":[{"href":"https:\/\/blogsaverroes.juntadeandalucia.es\/ceperalmaden\/wp-json\/wp\/v2\/types\/page"}],"author":[{"embeddable":true,"href":"https:\/\/blogsaverroes.juntadeandalucia.es\/ceperalmaden\/wp-json\/wp\/v2\/users\/1"}],"replies":[{"embeddable":true,"href":"https:\/\/blogsaverroes.juntadeandalucia.es\/ceperalmaden\/wp-json\/wp\/v2\/comments?post=198"}],"version-history":[{"count":10,"href":"https:\/\/blogsaverroes.juntadeandalucia.es\/ceperalmaden\/wp-json\/wp\/v2\/pages\/198\/revisions"}],"predecessor-version":[{"id":3697,"href":"https:\/\/blogsaverroes.juntadeandalucia.es\/ceperalmaden\/wp-json\/wp\/v2\/pages\/198\/revisions\/3697"}],"wp:attachment":[{"href":"https:\/\/blogsaverroes.juntadeandalucia.es\/ceperalmaden\/wp-json\/wp\/v2\/media?parent=198"}],"curies":[{"name":"wp","href":"https:\/\/api.w.org\/{rel}","templated":true}]}}