{"id":339,"date":"2015-03-18T08:43:14","date_gmt":"2015-03-18T08:43:14","guid":{"rendered":"http:\/\/blogsaverroes.juntadeandalucia.es\/pre\/ceip\/?page_id=339"},"modified":"2018-11-24T20:14:27","modified_gmt":"2018-11-24T20:14:27","slug":"proyecto-materiales-recursos","status":"publish","type":"page","link":"https:\/\/blogsaverroes.juntadeandalucia.es\/ceperalmaden\/proyecto-materiales-recursos\/","title":{"rendered":"Materiales, recursos&#8230;"},"content":{"rendered":"<div id=\"categorias\">\n<h1>Recursos de apoyo al estudio a la tutor\u00eda E.S.O.<\/h1>\n<\/div>\n<h3>Recursos generales de la Consejer\u00eda de Educaci\u00f3n:&nbsp;&nbsp;<\/h3>\n<table style=\"width: 391px\">\n<tbody>\n<tr>\n<td style=\"width: 313px\">&nbsp; &nbsp; &nbsp; &nbsp;<a href=\"http:\/\/www.juntadeandalucia.es\/educacion\/permanente\/materiales\/index.php?etapa=1\" target=\"_blank\" rel=\"noopener\">Temarios Nivel I&nbsp; (MOGEA)<\/a><\/td>\n<td style=\"width: 74px\">&nbsp; &nbsp;<a href=\"http:\/\/www.juntadeandalucia.es\/educacion\/permanente\/materiales\/index.php?etapa=1\" target=\"_blank\" rel=\"noopener\"><img loading=\"lazy\" decoding=\"async\" class=\"alignnone wp-image-2726\" src=\"https:\/\/blogsaverroes.juntadeandalucia.es\/ceperalmaden\/files\/2015\/03\/clic.png\" alt=\"\" width=\"43\" height=\"43\" srcset=\"https:\/\/blogsaverroes.juntadeandalucia.es\/ceperalmaden\/files\/2015\/03\/clic.png 225w, https:\/\/blogsaverroes.juntadeandalucia.es\/ceperalmaden\/files\/2015\/03\/clic-150x150.png 150w, https:\/\/blogsaverroes.juntadeandalucia.es\/ceperalmaden\/files\/2015\/03\/clic-100x100.png 100w, https:\/\/blogsaverroes.juntadeandalucia.es\/ceperalmaden\/files\/2015\/03\/clic-160x160.png 160w, https:\/\/blogsaverroes.juntadeandalucia.es\/ceperalmaden\/files\/2015\/03\/clic-320x320.png 320w, https:\/\/blogsaverroes.juntadeandalucia.es\/ceperalmaden\/files\/2015\/03\/clic-24x24.png 24w, https:\/\/blogsaverroes.juntadeandalucia.es\/ceperalmaden\/files\/2015\/03\/clic-36x36.png 36w, https:\/\/blogsaverroes.juntadeandalucia.es\/ceperalmaden\/files\/2015\/03\/clic-48x48.png 48w\" sizes=\"(max-width: 43px) 100vw, 43px\" \/><\/a>&nbsp;<\/td>\n<\/tr>\n<tr>\n<td style=\"width: 313px\">&nbsp; &nbsp; &nbsp; &nbsp;<a href=\"http:\/\/www.juntadeandalucia.es\/educacion\/permanente\/materiales\/index.php?etapa=2\" target=\"_blank\" rel=\"noopener\">Temarios Nivel II&nbsp; (MOGEA)<\/a><\/td>\n<td style=\"width: 74px\">&nbsp; &nbsp;<a href=\"http:\/\/www.juntadeandalucia.es\/educacion\/permanente\/materiales\/index.php?etapa=2\" target=\"_blank\" rel=\"noopener\"><img loading=\"lazy\" decoding=\"async\" class=\"alignnone wp-image-2726\" src=\"https:\/\/blogsaverroes.juntadeandalucia.es\/ceperalmaden\/files\/2015\/03\/clic.png\" alt=\"\" width=\"43\" height=\"43\" srcset=\"https:\/\/blogsaverroes.juntadeandalucia.es\/ceperalmaden\/files\/2015\/03\/clic.png 225w, https:\/\/blogsaverroes.juntadeandalucia.es\/ceperalmaden\/files\/2015\/03\/clic-150x150.png 150w, https:\/\/blogsaverroes.juntadeandalucia.es\/ceperalmaden\/files\/2015\/03\/clic-100x100.png 100w, https:\/\/blogsaverroes.juntadeandalucia.es\/ceperalmaden\/files\/2015\/03\/clic-160x160.png 160w, https:\/\/blogsaverroes.juntadeandalucia.es\/ceperalmaden\/files\/2015\/03\/clic-320x320.png 320w, https:\/\/blogsaverroes.juntadeandalucia.es\/ceperalmaden\/files\/2015\/03\/clic-24x24.png 24w, https:\/\/blogsaverroes.juntadeandalucia.es\/ceperalmaden\/files\/2015\/03\/clic-36x36.png 36w, https:\/\/blogsaverroes.juntadeandalucia.es\/ceperalmaden\/files\/2015\/03\/clic-48x48.png 48w\" sizes=\"(max-width: 43px) 100vw, 43px\" \/><\/a><\/td>\n<\/tr>\n<tr>\n<td style=\"width: 313px;text-align: center\"><a href=\"http:\/\/www.juntadeandalucia.es\/educacion\/portals\/web\/educacion-permanente\/eso\/semipresencial\" target=\"_blank\" rel=\"noopener\">Ayuda para el manejo de la Planaforma Semipresencial (TAE-ESO)<\/a><\/td>\n<td style=\"width: 74px;text-align: center\"><a href=\"http:\/\/www.juntadeandalucia.es\/educacion\/portals\/web\/educacion-permanente\/eso\/semipresencial\" target=\"_blank\" rel=\"noopener\"><img loading=\"lazy\" decoding=\"async\" class=\"alignnone wp-image-2726\" src=\"https:\/\/blogsaverroes.juntadeandalucia.es\/ceperalmaden\/files\/2015\/03\/clic.png\" alt=\"\" width=\"43\" height=\"43\" srcset=\"https:\/\/blogsaverroes.juntadeandalucia.es\/ceperalmaden\/files\/2015\/03\/clic.png 225w, https:\/\/blogsaverroes.juntadeandalucia.es\/ceperalmaden\/files\/2015\/03\/clic-150x150.png 150w, https:\/\/blogsaverroes.juntadeandalucia.es\/ceperalmaden\/files\/2015\/03\/clic-100x100.png 100w, https:\/\/blogsaverroes.juntadeandalucia.es\/ceperalmaden\/files\/2015\/03\/clic-160x160.png 160w, https:\/\/blogsaverroes.juntadeandalucia.es\/ceperalmaden\/files\/2015\/03\/clic-320x320.png 320w, https:\/\/blogsaverroes.juntadeandalucia.es\/ceperalmaden\/files\/2015\/03\/clic-24x24.png 24w, https:\/\/blogsaverroes.juntadeandalucia.es\/ceperalmaden\/files\/2015\/03\/clic-36x36.png 36w, https:\/\/blogsaverroes.juntadeandalucia.es\/ceperalmaden\/files\/2015\/03\/clic-48x48.png 48w\" sizes=\"(max-width: 43px) 100vw, 43px\" \/><\/a><\/td>\n<\/tr>\n<\/tbody>\n<\/table>\n<h3>Otros recursos:<\/h3>\n<h4>\u00c1mbito de comunicaci\u00f3n: LENGUA<\/h4>\n<table style=\"width: 392px\">\n<tbody>\n<tr style=\"height: 24px\">\n<td style=\"width: 324px;height: 24px\">&nbsp; &nbsp; &nbsp; &nbsp;<a href=\"http:\/\/www.cervantesvirtual.com\/\" target=\"_blank\" rel=\"noopener\">Biblioteca Virtual Miguel de Cervantes<\/a><\/td>\n<td style=\"width: 60px;height: 24px\">&nbsp;<a href=\"http:\/\/www.cervantesvirtual.com\/\" target=\"_blank\" rel=\"noopener\"><img loading=\"lazy\" decoding=\"async\" class=\"alignnone wp-image-2726\" src=\"https:\/\/blogsaverroes.juntadeandalucia.es\/ceperalmaden\/files\/2015\/03\/clic.png\" alt=\"\" width=\"43\" height=\"43\" srcset=\"https:\/\/blogsaverroes.juntadeandalucia.es\/ceperalmaden\/files\/2015\/03\/clic.png 225w, https:\/\/blogsaverroes.juntadeandalucia.es\/ceperalmaden\/files\/2015\/03\/clic-150x150.png 150w, https:\/\/blogsaverroes.juntadeandalucia.es\/ceperalmaden\/files\/2015\/03\/clic-100x100.png 100w, https:\/\/blogsaverroes.juntadeandalucia.es\/ceperalmaden\/files\/2015\/03\/clic-160x160.png 160w, https:\/\/blogsaverroes.juntadeandalucia.es\/ceperalmaden\/files\/2015\/03\/clic-320x320.png 320w, https:\/\/blogsaverroes.juntadeandalucia.es\/ceperalmaden\/files\/2015\/03\/clic-24x24.png 24w, https:\/\/blogsaverroes.juntadeandalucia.es\/ceperalmaden\/files\/2015\/03\/clic-36x36.png 36w, https:\/\/blogsaverroes.juntadeandalucia.es\/ceperalmaden\/files\/2015\/03\/clic-48x48.png 48w\" sizes=\"(max-width: 43px) 100vw, 43px\" \/><\/a><\/td>\n<\/tr>\n<tr style=\"height: 24px\">\n<td style=\"width: 324px;height: 24px\">&nbsp; &nbsp; &nbsp; &nbsp;<a href=\"http:\/\/www.bibliotecavirtualdeandalucia.es\/opencms\" target=\"_blank\" rel=\"noopener\">Biblioteca Virtual Andaluc\u00eda<\/a><\/td>\n<td style=\"width: 60px;height: 24px\">&nbsp;<a href=\"http:\/\/www.bibliotecavirtualdeandalucia.es\/opencms\" target=\"_blank\" rel=\"noopener\"><img loading=\"lazy\" decoding=\"async\" class=\"alignnone wp-image-2726\" src=\"https:\/\/blogsaverroes.juntadeandalucia.es\/ceperalmaden\/files\/2015\/03\/clic.png\" alt=\"\" width=\"43\" height=\"43\" srcset=\"https:\/\/blogsaverroes.juntadeandalucia.es\/ceperalmaden\/files\/2015\/03\/clic.png 225w, https:\/\/blogsaverroes.juntadeandalucia.es\/ceperalmaden\/files\/2015\/03\/clic-150x150.png 150w, https:\/\/blogsaverroes.juntadeandalucia.es\/ceperalmaden\/files\/2015\/03\/clic-100x100.png 100w, https:\/\/blogsaverroes.juntadeandalucia.es\/ceperalmaden\/files\/2015\/03\/clic-160x160.png 160w, https:\/\/blogsaverroes.juntadeandalucia.es\/ceperalmaden\/files\/2015\/03\/clic-320x320.png 320w, https:\/\/blogsaverroes.juntadeandalucia.es\/ceperalmaden\/files\/2015\/03\/clic-24x24.png 24w, https:\/\/blogsaverroes.juntadeandalucia.es\/ceperalmaden\/files\/2015\/03\/clic-36x36.png 36w, https:\/\/blogsaverroes.juntadeandalucia.es\/ceperalmaden\/files\/2015\/03\/clic-48x48.png 48w\" sizes=\"(max-width: 43px) 100vw, 43px\" \/><\/a><\/td>\n<\/tr>\n<tr style=\"height: 24px\">\n<td style=\"width: 324px;height: 24px\">&nbsp; &nbsp; &nbsp; &nbsp;<a href=\"https:\/\/www.wdl.org\/es\/\" target=\"_blank\" rel=\"noopener\">Biblioteca Digital Mundial<\/a><\/td>\n<td style=\"width: 60px;height: 24px\">&nbsp;<a href=\"https:\/\/www.wdl.org\/es\/\" target=\"_blank\" rel=\"noopener\"><img loading=\"lazy\" decoding=\"async\" class=\"alignnone wp-image-2726\" src=\"https:\/\/blogsaverroes.juntadeandalucia.es\/ceperalmaden\/files\/2015\/03\/clic.png\" alt=\"\" width=\"43\" height=\"43\" srcset=\"https:\/\/blogsaverroes.juntadeandalucia.es\/ceperalmaden\/files\/2015\/03\/clic.png 225w, https:\/\/blogsaverroes.juntadeandalucia.es\/ceperalmaden\/files\/2015\/03\/clic-150x150.png 150w, https:\/\/blogsaverroes.juntadeandalucia.es\/ceperalmaden\/files\/2015\/03\/clic-100x100.png 100w, https:\/\/blogsaverroes.juntadeandalucia.es\/ceperalmaden\/files\/2015\/03\/clic-160x160.png 160w, https:\/\/blogsaverroes.juntadeandalucia.es\/ceperalmaden\/files\/2015\/03\/clic-320x320.png 320w, https:\/\/blogsaverroes.juntadeandalucia.es\/ceperalmaden\/files\/2015\/03\/clic-24x24.png 24w, https:\/\/blogsaverroes.juntadeandalucia.es\/ceperalmaden\/files\/2015\/03\/clic-36x36.png 36w, https:\/\/blogsaverroes.juntadeandalucia.es\/ceperalmaden\/files\/2015\/03\/clic-48x48.png 48w\" sizes=\"(max-width: 43px) 100vw, 43px\" \/><\/a><\/td>\n<\/tr>\n<tr style=\"height: 10.7812px\">\n<td style=\"width: 324px;height: 10.7812px\">&nbsp; &nbsp; &nbsp; <a href=\"http:\/\/dle.rae.es\/?w=diccionario\" target=\"_blank\" rel=\"noopener\">Diccionario Real Academia L.<\/a><\/td>\n<td style=\"width: 60px;height: 10.7812px\">&nbsp;&nbsp;<a href=\"http:\/\/dle.rae.es\/?w=diccionario\" target=\"_blank\" rel=\"noopener\"><img loading=\"lazy\" decoding=\"async\" class=\"alignnone wp-image-2726\" src=\"https:\/\/blogsaverroes.juntadeandalucia.es\/ceperalmaden\/files\/2015\/03\/clic.png\" alt=\"\" width=\"43\" height=\"43\" srcset=\"https:\/\/blogsaverroes.juntadeandalucia.es\/ceperalmaden\/files\/2015\/03\/clic.png 225w, https:\/\/blogsaverroes.juntadeandalucia.es\/ceperalmaden\/files\/2015\/03\/clic-150x150.png 150w, https:\/\/blogsaverroes.juntadeandalucia.es\/ceperalmaden\/files\/2015\/03\/clic-100x100.png 100w, https:\/\/blogsaverroes.juntadeandalucia.es\/ceperalmaden\/files\/2015\/03\/clic-160x160.png 160w, https:\/\/blogsaverroes.juntadeandalucia.es\/ceperalmaden\/files\/2015\/03\/clic-320x320.png 320w, https:\/\/blogsaverroes.juntadeandalucia.es\/ceperalmaden\/files\/2015\/03\/clic-24x24.png 24w, https:\/\/blogsaverroes.juntadeandalucia.es\/ceperalmaden\/files\/2015\/03\/clic-36x36.png 36w, https:\/\/blogsaverroes.juntadeandalucia.es\/ceperalmaden\/files\/2015\/03\/clic-48x48.png 48w\" sizes=\"(max-width: 43px) 100vw, 43px\" \/><\/a><\/td>\n<\/tr>\n<tr style=\"height: 24px\">\n<td style=\"width: 324px;height: 24px\">&nbsp; &nbsp; &nbsp;&nbsp;<\/td>\n<td style=\"width: 60px;height: 24px\">&nbsp;<\/td>\n<\/tr>\n<tr style=\"height: 24px\">\n<td style=\"width: 324px;height: 24px\">&nbsp;<\/td>\n<td style=\"width: 60px;height: 24px\">&nbsp; &nbsp; &nbsp; &nbsp;<\/td>\n<\/tr>\n<\/tbody>\n<\/table>\n<h3>\u00c1mbito de Comunicaci\u00f3n: IDIOMAS<\/h3>\n<table style=\"width: 615px;height: 182px\">\n<tbody>\n<tr>\n<td style=\"width: 511px\">&nbsp; &nbsp; &nbsp; &nbsp; &nbsp; &nbsp; &nbsp; &nbsp; &nbsp; &nbsp; &nbsp; &nbsp; &nbsp; &nbsp;&nbsp;<\/td>\n<td style=\"width: 88px\">&nbsp;<\/td>\n<\/tr>\n<tr>\n<td style=\"width: 511px\">&nbsp;<\/td>\n<td style=\"width: 88px\">&nbsp;<\/td>\n<\/tr>\n<tr>\n<td style=\"width: 511px\">&nbsp;<\/td>\n<td style=\"width: 88px\">&nbsp;<\/td>\n<\/tr>\n<tr>\n<td style=\"width: 511px\">&nbsp;<\/td>\n<td style=\"width: 88px\">&nbsp;<\/td>\n<\/tr>\n<tr>\n<td style=\"width: 511px\">&nbsp;<\/td>\n<td style=\"width: 88px\">&nbsp;<\/td>\n<\/tr>\n<tr>\n<td style=\"width: 511px\">&nbsp;<\/td>\n<td style=\"width: 88px\">&nbsp; &nbsp; &nbsp; &nbsp;<\/td>\n<\/tr>\n<\/tbody>\n<\/table>\n<h3>\u00c1mbito Social<\/h3>\n<table style=\"width: 615px\">\n<tbody>\n<tr>\n<td style=\"width: 520px\">&nbsp;<\/td>\n<td style=\"width: 93px\">&nbsp;<\/td>\n<\/tr>\n<tr>\n<td style=\"width: 520px\">&nbsp;<\/td>\n<td style=\"width: 93px\">&nbsp;<\/td>\n<\/tr>\n<tr>\n<td style=\"width: 520px\">&nbsp;<\/td>\n<td style=\"width: 93px\">&nbsp;<\/td>\n<\/tr>\n<tr>\n<td style=\"width: 520px\">&nbsp;<\/td>\n<td style=\"width: 93px\">&nbsp;<\/td>\n<\/tr>\n<tr>\n<td style=\"width: 520px\">&nbsp;<\/td>\n<td style=\"width: 93px\">&nbsp;<\/td>\n<\/tr>\n<tr>\n<td style=\"width: 520px\">&nbsp;<\/td>\n<td style=\"width: 93px\">&nbsp; &nbsp; &nbsp;&nbsp;<\/td>\n<\/tr>\n<\/tbody>\n<\/table>\n<h3>\u00c1mbito Cient\u00edfico-Tecnol\u00f3gico<\/h3>\n<table style=\"width: 612px\">\n<tbody>\n<tr>\n<td style=\"width: 524px\">&nbsp;<\/td>\n<td style=\"width: 88px\">&nbsp;<\/td>\n<\/tr>\n<tr>\n<td style=\"width: 524px\">&nbsp;<\/td>\n<td style=\"width: 88px\">&nbsp;<\/td>\n<\/tr>\n<tr>\n<td style=\"width: 524px\">&nbsp;<\/td>\n<td style=\"width: 88px\">&nbsp;<\/td>\n<\/tr>\n<tr>\n<td style=\"width: 524px\">&nbsp;<\/td>\n<td style=\"width: 88px\">&nbsp;<\/td>\n<\/tr>\n<tr>\n<td style=\"width: 524px\">&nbsp;<\/td>\n<td style=\"width: 88px\">&nbsp;<\/td>\n<\/tr>\n<tr>\n<td style=\"width: 524px\">&nbsp;<\/td>\n<td style=\"width: 88px\">&nbsp;&nbsp;<\/td>\n<\/tr>\n<\/tbody>\n<\/table>\n","protected":false},"excerpt":{"rendered":"<p>Recursos de apoyo al estudio a la tutor\u00eda E.S.O. Recursos generales de la Consejer\u00eda de Educaci\u00f3n:&nbsp;&nbsp; &nbsp; &nbsp; &nbsp; &nbsp;Temarios Nivel I&nbsp; (MOGEA) &nbsp; &nbsp;&nbsp; &nbsp; &nbsp; &nbsp; &nbsp;Temarios Nivel II&nbsp; (MOGEA) &nbsp; &nbsp; Ayuda&#46;&#46;&#46;<\/p>\n","protected":false},"author":1,"featured_media":0,"parent":0,"menu_order":0,"comment_status":"open","ping_status":"open","template":"page-templates\/child-menu.php","meta":{"ngg_post_thumbnail":0,"footnotes":"","_mc_calendar":[]},"aioseo_notices":[],"_links":{"self":[{"href":"https:\/\/blogsaverroes.juntadeandalucia.es\/ceperalmaden\/wp-json\/wp\/v2\/pages\/339"}],"collection":[{"href":"https:\/\/blogsaverroes.juntadeandalucia.es\/ceperalmaden\/wp-json\/wp\/v2\/pages"}],"about":[{"href":"https:\/\/blogsaverroes.juntadeandalucia.es\/ceperalmaden\/wp-json\/wp\/v2\/types\/page"}],"author":[{"embeddable":true,"href":"https:\/\/blogsaverroes.juntadeandalucia.es\/ceperalmaden\/wp-json\/wp\/v2\/users\/1"}],"replies":[{"embeddable":true,"href":"https:\/\/blogsaverroes.juntadeandalucia.es\/ceperalmaden\/wp-json\/wp\/v2\/comments?post=339"}],"version-history":[{"count":26,"href":"https:\/\/blogsaverroes.juntadeandalucia.es\/ceperalmaden\/wp-json\/wp\/v2\/pages\/339\/revisions"}],"predecessor-version":[{"id":3238,"href":"https:\/\/blogsaverroes.juntadeandalucia.es\/ceperalmaden\/wp-json\/wp\/v2\/pages\/339\/revisions\/3238"}],"wp:attachment":[{"href":"https:\/\/blogsaverroes.juntadeandalucia.es\/ceperalmaden\/wp-json\/wp\/v2\/media?parent=339"}],"curies":[{"name":"wp","href":"https:\/\/api.w.org\/{rel}","templated":true}]}}