{"id":357,"date":"2015-03-18T10:22:59","date_gmt":"2015-03-18T10:22:59","guid":{"rendered":"http:\/\/blogsaverroes.juntadeandalucia.es\/pre\/ceip\/?page_id=357"},"modified":"2018-08-31T00:42:03","modified_gmt":"2018-08-31T00:42:03","slug":"materiales-recursos-5","status":"publish","type":"page","link":"https:\/\/blogsaverroes.juntadeandalucia.es\/ceperalmaden\/materiales-recursos-5\/","title":{"rendered":"Materiales, recursos&#8230;"},"content":{"rendered":"<div id=\"categorias\">\n<h1 class=\"fittexted_for_content_h1\">Recursos de apoyo para el plan de H\u00e1bitos de Vida Saludable&nbsp;<\/h1>\n<\/div>\n<h3 class=\"fittexted_for_content_h3\">Recursos generales de la Consejer\u00eda de Educaci\u00f3n:&nbsp;&nbsp;<\/h3>\n<table style=\"width: 422px\">\n<tbody>\n<tr>\n<td style=\"width: 361px;text-align: left\"><a href=\"http:\/\/www.juntadeandalucia.es\/educacion\/permanente\/materiales\/index.php?habitos#space\" target=\"_blank\" rel=\"noopener\">Recursos H\u00e1bitos de Vida Saludable (MOGEA)<\/a><\/td>\n<td style=\"width: 71px;text-align: left\"><a href=\"http:\/\/www.juntadeandalucia.es\/educacion\/permanente\/materiales\/index.php?habitos#space\" target=\"_blank\" rel=\"noopener\"><img loading=\"lazy\" decoding=\"async\" class=\"wp-image-2726 alignnone\" src=\"https:\/\/blogsaverroes.juntadeandalucia.es\/ceperalmaden\/files\/2015\/03\/clic.png\" alt=\"\" width=\"46\" height=\"46\" srcset=\"https:\/\/blogsaverroes.juntadeandalucia.es\/ceperalmaden\/files\/2015\/03\/clic.png 225w, https:\/\/blogsaverroes.juntadeandalucia.es\/ceperalmaden\/files\/2015\/03\/clic-150x150.png 150w, https:\/\/blogsaverroes.juntadeandalucia.es\/ceperalmaden\/files\/2015\/03\/clic-100x100.png 100w, https:\/\/blogsaverroes.juntadeandalucia.es\/ceperalmaden\/files\/2015\/03\/clic-160x160.png 160w, https:\/\/blogsaverroes.juntadeandalucia.es\/ceperalmaden\/files\/2015\/03\/clic-320x320.png 320w, https:\/\/blogsaverroes.juntadeandalucia.es\/ceperalmaden\/files\/2015\/03\/clic-24x24.png 24w, https:\/\/blogsaverroes.juntadeandalucia.es\/ceperalmaden\/files\/2015\/03\/clic-36x36.png 36w, https:\/\/blogsaverroes.juntadeandalucia.es\/ceperalmaden\/files\/2015\/03\/clic-48x48.png 48w\" sizes=\"(max-width: 46px) 100vw, 46px\" \/><\/a>&nbsp;<\/td>\n<\/tr>\n<\/tbody>\n<\/table>\n","protected":false},"excerpt":{"rendered":"<p>Recursos de apoyo para el plan de H\u00e1bitos de Vida Saludable&nbsp; Recursos generales de la Consejer\u00eda de Educaci\u00f3n:&nbsp;&nbsp; Recursos H\u00e1bitos de Vida Saludable (MOGEA) &nbsp;<\/p>\n","protected":false},"author":1,"featured_media":0,"parent":0,"menu_order":0,"comment_status":"open","ping_status":"open","template":"page-templates\/child-menu.php","meta":{"ngg_post_thumbnail":0,"footnotes":"","_mc_calendar":[]},"aioseo_notices":[],"_links":{"self":[{"href":"https:\/\/blogsaverroes.juntadeandalucia.es\/ceperalmaden\/wp-json\/wp\/v2\/pages\/357"}],"collection":[{"href":"https:\/\/blogsaverroes.juntadeandalucia.es\/ceperalmaden\/wp-json\/wp\/v2\/pages"}],"about":[{"href":"https:\/\/blogsaverroes.juntadeandalucia.es\/ceperalmaden\/wp-json\/wp\/v2\/types\/page"}],"author":[{"embeddable":true,"href":"https:\/\/blogsaverroes.juntadeandalucia.es\/ceperalmaden\/wp-json\/wp\/v2\/users\/1"}],"replies":[{"embeddable":true,"href":"https:\/\/blogsaverroes.juntadeandalucia.es\/ceperalmaden\/wp-json\/wp\/v2\/comments?post=357"}],"version-history":[{"count":10,"href":"https:\/\/blogsaverroes.juntadeandalucia.es\/ceperalmaden\/wp-json\/wp\/v2\/pages\/357\/revisions"}],"predecessor-version":[{"id":2842,"href":"https:\/\/blogsaverroes.juntadeandalucia.es\/ceperalmaden\/wp-json\/wp\/v2\/pages\/357\/revisions\/2842"}],"wp:attachment":[{"href":"https:\/\/blogsaverroes.juntadeandalucia.es\/ceperalmaden\/wp-json\/wp\/v2\/media?parent=357"}],"curies":[{"name":"wp","href":"https:\/\/api.w.org\/{rel}","templated":true}]}}