{"id":3743,"date":"2019-02-01T21:26:25","date_gmt":"2019-02-01T21:26:25","guid":{"rendered":"https:\/\/blogsaverroes.juntadeandalucia.es\/ceperalmaden\/?page_id=3743"},"modified":"2019-02-01T23:40:27","modified_gmt":"2019-02-01T23:40:27","slug":"webs-empleo","status":"publish","type":"page","link":"https:\/\/blogsaverroes.juntadeandalucia.es\/ceperalmaden\/empleo\/webs-empleo\/","title":{"rendered":"Webs empleo"},"content":{"rendered":"<table>\n<tbody>\n<tr>\n<td style=\"text-align: left\"><span class=\"Estilo12\"><strong>Enlaces:<\/strong><\/span><\/td>\n<td style=\"text-align: left\">&nbsp;<\/td>\n<\/tr>\n<tr>\n<td style=\"text-align: left\"><span class=\"Estilo12\"><a href=\"http:\/\/www.sepe.es\/\" target=\"_blank\" rel=\"noopener\">www.sepe.es<\/a><\/span><\/td>\n<td style=\"text-align: left\"><span class=\"Estilo13\">Servicio p\u00fablico de empleo estatal.<\/span><\/td>\n<\/tr>\n<tr>\n<td style=\"text-align: left\"><span class=\"Estilo13\"><a href=\"http:\/\/www.juntadeandalucia.es\/servicioandaluzdeempleo\/web\/websae\/portal\/es\/index.html?ticket=nocas\" target=\"_blank\" rel=\"noopener\">www.sae.es<\/a><\/span><\/td>\n<td style=\"text-align: left\"><span class=\"Estilo13\">Servicio andaluz de empleo. <\/span><\/td>\n<\/tr>\n<tr>\n<td style=\"text-align: left\"><span class=\"Estilo13\"><a href=\"http:\/\/www.andaluciaemprende.es\/\" target=\"_blank\" rel=\"noopener\">www.andaluciaemprende.es<\/a><\/span><\/td>\n<td style=\"text-align: left\">\n<p align=\"justify\">Andaluc\u00eda Emprende tiene como misi\u00f3n prestar servicios de calidad para promover la iniciativa emprendedora y el desarrollo empresarial, apoyando la creaci\u00f3n y consolidaci\u00f3n de empresas y empleo.<\/p>\n<\/td>\n<\/tr>\n<tr>\n<td style=\"text-align: left\"><span class=\"Estilo12\"><a href=\"http:\/\/www.infoempleo.com\/\" target=\"_blank\" rel=\"noopener\">www.infoempleo.com <\/a><\/span><\/td>\n<td style=\"text-align: left\"><span class=\"Estilo13\">Portal de b\u00fasqueda de empleo nacional e internacional. <\/span><\/td>\n<\/tr>\n<tr>\n<td style=\"text-align: left\"><span class=\"Estilo12\"><a href=\"https:\/\/adecco.es\/orientacion\/\" target=\"_blank\" rel=\"noopener\">www.adecco.es <\/a><\/span><\/td>\n<td style=\"text-align: left\"><span class=\"Estilo13\">Adecco es el mayor proveedor de soluciones de Recursos Humanos en Espa\u00f1a y en el mundo. Ofrece un servicio integral especializado en diversas \u00e1reas: selecci\u00f3n, trabajo temporal, formaci\u00f3n, prevenci\u00f3n de riesgos laborales, gesti\u00f3n de carreras y consultor\u00eda.<\/span><\/td>\n<\/tr>\n<tr>\n<td style=\"text-align: left\"><a href=\"http:\/\/acciontrabajo.com\/\" target=\"_blank\" rel=\"noopener\"><span class=\"Estilo12\">www.acciontrabajo.com<\/span><\/a><\/td>\n<td style=\"text-align: left\"><span class=\"Estilo13\">Bolsa de trabajo y ofertas de empleo nacionales e internacionales. <\/span><\/td>\n<\/tr>\n<tr>\n<td style=\"text-align: left\"><span class=\"Estilo12\"><a href=\"http:\/\/www.aldaba.com\/\" target=\"_blank\" rel=\"noopener\">www.aldaba.org<\/a><\/span><\/td>\n<td style=\"text-align: left\">Bolsa de trabajo con ofertas actualizadas en tiempo real, registro y difusi\u00f3n de hoja de servicios y base de datos de libre consulta.<\/td>\n<\/tr>\n<tr>\n<td style=\"text-align: left\"><span class=\"Estilo12\"><a class=\"Estilo13\" href=\"http:\/\/bolsadetrabajo.com\/\" target=\"_blank\" rel=\"noopener\">www.bolsadetrabajo.com<\/a><\/span><\/td>\n<td style=\"text-align: left\">Bolsa de trabajo y empleo donde puede publicar sus ofertas de trabajo, empleos o curr\u00edculo.<\/td>\n<\/tr>\n<tr>\n<td style=\"text-align: left\"><span class=\"Estilo12\"><a href=\"http:\/\/www.canaltrabajo.com\/\" target=\"_blank\" rel=\"noopener\">www.canaltrabajo.com<\/a><\/span><\/td>\n<td style=\"text-align: left\">La gu\u00eda del trabajo en Internet.<\/td>\n<\/tr>\n<tr>\n<td style=\"text-align: left\"><a class=\"Estilo12\" href=\"http:\/\/www.educaweb.com\/\" target=\"_blank\" rel=\"noopener\">www.educaweb.com<\/a><\/td>\n<td style=\"text-align: left\">Portal de orientaci\u00f3n acad\u00e9mica y profesional.<\/td>\n<\/tr>\n<tr>\n<td style=\"text-align: left\"><a class=\"Estilo12\" href=\"https:\/\/empleate.gob.es\/empleo\/#\/\" target=\"_blank\" rel=\"noopener\">www.empleate.com<\/a><\/td>\n<td style=\"text-align: left\">Empresa de reclutamiento y selecci\u00f3n de personal por Internet.<\/td>\n<\/tr>\n<tr>\n<td style=\"text-align: left\"><a href=\"http:\/\/www.estudiasotrabajas.blogspot.com.es\/\" target=\"_blank\" rel=\"noopener\">www.estudiasotrabajas.com<\/a><\/td>\n<td style=\"text-align: left\">Portal de b\u00fasqueda de empleo y formaci\u00f3n.<\/td>\n<\/tr>\n<tr>\n<td style=\"text-align: left\"><a class=\"Estilo13\" href=\"http:\/\/www.freelance.com\/en\/\" target=\"_blank\" rel=\"noopener\">www.freelance.com<\/a><\/td>\n<td style=\"text-align: left\">Portal internacional de oferta y b\u00fasqueda de empleo.<\/td>\n<\/tr>\n<tr>\n<td style=\"text-align: left\"><a class=\"Estilo12\" href=\"https:\/\/www.infojobs.net\/\" target=\"_blank\" rel=\"noopener\">www.infojobs.net<\/a><\/td>\n<td style=\"text-align: left\">Bolsa de empleo privada online, especializada en el mercado espa\u00f1ol.<\/td>\n<\/tr>\n<tr>\n<td style=\"text-align: left\"><a class=\"Estilo12\" href=\"http:\/\/interempleo.es\/\" target=\"_blank\" rel=\"noopener\">www.interempleo.es <\/a><\/td>\n<td style=\"text-align: left\">Empresa de trabajo temporal, agencia de colocaci\u00f3n y recolocaci\u00f3n<\/td>\n<\/tr>\n<tr>\n<td style=\"text-align: left\"><a class=\"Estilo12\" href=\"http:\/\/eduso.net\/\" target=\"_blank\" rel=\"noopener\">www.eduso.net<\/a><\/td>\n<td style=\"text-align: left\">El portal de la educaci\u00f3n social.<\/td>\n<\/tr>\n<tr>\n<td style=\"text-align: left\"><a class=\"Estilo12\" href=\"http:\/\/www.hacesfalta.org\/\" target=\"_blank\" rel=\"noopener\">www.hacesfalta.org<\/a><\/td>\n<td style=\"text-align: left\">Ofertas de voluntariado y empleo.<\/td>\n<\/tr>\n<tr>\n<td style=\"text-align: left\"><a class=\"Estilo12\" href=\"http:\/\/www.monster.es\/\" target=\"_blank\" rel=\"noopener\">www.monster.es<\/a><\/td>\n<td style=\"text-align: left\">Ofertas y perfiles de trabajo. B\u00fasqueda de formaci\u00f3n.<\/td>\n<\/tr>\n<tr>\n<td style=\"text-align: left\"><a class=\"Estilo12\" href=\"http:\/\/www.oficinaempleo.com\/\" target=\"_blank\" rel=\"noopener\">www.oficinaempleo.com<\/a><\/td>\n<td style=\"text-align: left\">Web para buscar trabajo y ofrecer empleo.<\/td>\n<\/tr>\n<tr>\n<td style=\"text-align: left\"><a class=\"Estilo12\" href=\"http:\/\/www.opositor.com\/\" target=\"_blank\" rel=\"noopener\">www.opositor.com<\/a><\/td>\n<td style=\"text-align: left\">El portal del opositor.<\/td>\n<\/tr>\n<tr>\n<td style=\"text-align: left\"><a href=\"http:\/\/empleo.trovit.es\/\" target=\"_blank\" rel=\"noopener\">Trovit<\/a><\/td>\n<td style=\"text-align: left\"><span class=\"st\">Buscador de ofertas de empleo en Espa\u00f1a.<\/span><\/td>\n<\/tr>\n<\/tbody>\n<\/table>\n","protected":false},"excerpt":{"rendered":"<p>Enlaces: &nbsp; www.sepe.es Servicio p\u00fablico de empleo estatal. www.sae.es Servicio andaluz de empleo. www.andaluciaemprende.es Andaluc\u00eda Emprende tiene como misi\u00f3n prestar servicios de calidad para promover la iniciativa emprendedora y el desarrollo empresarial, apoyando la creaci\u00f3n&#46;&#46;&#46;<\/p>\n","protected":false},"author":6371,"featured_media":0,"parent":3750,"menu_order":0,"comment_status":"closed","ping_status":"closed","template":"","meta":{"ngg_post_thumbnail":0,"footnotes":"","_mc_calendar":[]},"aioseo_notices":[],"_links":{"self":[{"href":"https:\/\/blogsaverroes.juntadeandalucia.es\/ceperalmaden\/wp-json\/wp\/v2\/pages\/3743"}],"collection":[{"href":"https:\/\/blogsaverroes.juntadeandalucia.es\/ceperalmaden\/wp-json\/wp\/v2\/pages"}],"about":[{"href":"https:\/\/blogsaverroes.juntadeandalucia.es\/ceperalmaden\/wp-json\/wp\/v2\/types\/page"}],"author":[{"embeddable":true,"href":"https:\/\/blogsaverroes.juntadeandalucia.es\/ceperalmaden\/wp-json\/wp\/v2\/users\/6371"}],"replies":[{"embeddable":true,"href":"https:\/\/blogsaverroes.juntadeandalucia.es\/ceperalmaden\/wp-json\/wp\/v2\/comments?post=3743"}],"version-history":[{"count":8,"href":"https:\/\/blogsaverroes.juntadeandalucia.es\/ceperalmaden\/wp-json\/wp\/v2\/pages\/3743\/revisions"}],"predecessor-version":[{"id":3816,"href":"https:\/\/blogsaverroes.juntadeandalucia.es\/ceperalmaden\/wp-json\/wp\/v2\/pages\/3743\/revisions\/3816"}],"up":[{"embeddable":true,"href":"https:\/\/blogsaverroes.juntadeandalucia.es\/ceperalmaden\/wp-json\/wp\/v2\/pages\/3750"}],"wp:attachment":[{"href":"https:\/\/blogsaverroes.juntadeandalucia.es\/ceperalmaden\/wp-json\/wp\/v2\/media?parent=3743"}],"curies":[{"name":"wp","href":"https:\/\/api.w.org\/{rel}","templated":true}]}}