{"id":3754,"date":"2019-02-01T21:38:55","date_gmt":"2019-02-01T21:38:55","guid":{"rendered":"https:\/\/blogsaverroes.juntadeandalucia.es\/ceperalmaden\/?page_id=3754"},"modified":"2019-02-01T23:22:02","modified_gmt":"2019-02-01T23:22:02","slug":"policia-nacional","status":"publish","type":"page","link":"https:\/\/blogsaverroes.juntadeandalucia.es\/ceperalmaden\/empleo\/policia-nacional\/","title":{"rendered":"Polic\u00eda Nacional"},"content":{"rendered":"<p style=\"text-align: justify\">El Cuerpo Nacional de Polic\u00eda es un instituto armado, de naturaleza civil, que depende del Ministerio del Interior. Su misi\u00f3n, en todo el territorio nacional, consiste en velar por el libre ejercicio de los derechos y libertades, as\u00ed como garantizar la seguridad ciudadana. Podr\u00e1s acceder como polic\u00eda o como inspector, siendo diferentes los requisitos para el ingreso.<\/p>\n<table style=\"width: 758px\">\n<tbody>\n<tr>\n<td style=\"width: 352.015625px;text-align: left\"><strong>Enlaces:<\/strong><\/td>\n<td style=\"width: 400.984375px;text-align: left\">&nbsp;<\/td>\n<\/tr>\n<tr>\n<td style=\"width: 352.015625px;text-align: left\"><a href=\"https:\/\/www.policia.es\/oposiciones\/requisitos.html\" target=\"_blank\" rel=\"noopener\">Oposiciones y convocatorias a Polic\u00eda Nacional<\/a><\/td>\n<td style=\"width: 400.984375px;text-align: left\">Informaci\u00f3n sobre las oposiciones, requisitos de ingreso para los aspirantes al cuerpo de Polic\u00eda Nacional.<\/td>\n<\/tr>\n<tr>\n<td style=\"width: 352.015625px;text-align: left\"><a href=\"https:\/\/www.policia.es\/org_central\/division_forma_perfe\/carrera_profesional.html\" target=\"_blank\" rel=\"noopener\">Carrera profesional<\/a><\/td>\n<td style=\"width: 400.984375px;text-align: left\">Informaci\u00f3n sobre la carrera profesional de la Polic\u00eda Nacional<\/td>\n<\/tr>\n<tr>\n<td style=\"width: 352.015625px;text-align: left\">&nbsp;<a href=\"https:\/\/www.policia.es\/org_central\/seguridad_ciudadana\/seguridad_privada\/seguridad_privada.html\" target=\"_blank\" rel=\"noopener\">Convocatorias a seguridad privada<\/a><\/td>\n<td style=\"width: 400.984375px;text-align: left\">&nbsp;Informaci\u00f3n sobre los procesos de selecci\u00f3n para las&nbsp;pruebas de selecci\u00f3n para vigilante de seguridad y su especialidad de vigilante de explosivos y escolta privado.<\/td>\n<\/tr>\n<\/tbody>\n<\/table>\n","protected":false},"excerpt":{"rendered":"<p>El Cuerpo Nacional de Polic\u00eda es un instituto armado, de naturaleza civil, que depende del Ministerio del Interior. Su misi\u00f3n, en todo el territorio nacional, consiste en velar por el libre ejercicio de los derechos&#46;&#46;&#46;<\/p>\n","protected":false},"author":6371,"featured_media":0,"parent":3750,"menu_order":0,"comment_status":"closed","ping_status":"closed","template":"","meta":{"ngg_post_thumbnail":0,"footnotes":"","_mc_calendar":[]},"aioseo_notices":[],"_links":{"self":[{"href":"https:\/\/blogsaverroes.juntadeandalucia.es\/ceperalmaden\/wp-json\/wp\/v2\/pages\/3754"}],"collection":[{"href":"https:\/\/blogsaverroes.juntadeandalucia.es\/ceperalmaden\/wp-json\/wp\/v2\/pages"}],"about":[{"href":"https:\/\/blogsaverroes.juntadeandalucia.es\/ceperalmaden\/wp-json\/wp\/v2\/types\/page"}],"author":[{"embeddable":true,"href":"https:\/\/blogsaverroes.juntadeandalucia.es\/ceperalmaden\/wp-json\/wp\/v2\/users\/6371"}],"replies":[{"embeddable":true,"href":"https:\/\/blogsaverroes.juntadeandalucia.es\/ceperalmaden\/wp-json\/wp\/v2\/comments?post=3754"}],"version-history":[{"count":10,"href":"https:\/\/blogsaverroes.juntadeandalucia.es\/ceperalmaden\/wp-json\/wp\/v2\/pages\/3754\/revisions"}],"predecessor-version":[{"id":3811,"href":"https:\/\/blogsaverroes.juntadeandalucia.es\/ceperalmaden\/wp-json\/wp\/v2\/pages\/3754\/revisions\/3811"}],"up":[{"embeddable":true,"href":"https:\/\/blogsaverroes.juntadeandalucia.es\/ceperalmaden\/wp-json\/wp\/v2\/pages\/3750"}],"wp:attachment":[{"href":"https:\/\/blogsaverroes.juntadeandalucia.es\/ceperalmaden\/wp-json\/wp\/v2\/media?parent=3754"}],"curies":[{"name":"wp","href":"https:\/\/api.w.org\/{rel}","templated":true}]}}