{"id":3757,"date":"2019-02-01T21:43:01","date_gmt":"2019-02-01T21:43:01","guid":{"rendered":"https:\/\/blogsaverroes.juntadeandalucia.es\/ceperalmaden\/?page_id=3757"},"modified":"2019-02-01T23:17:31","modified_gmt":"2019-02-01T23:17:31","slug":"guardia-civil","status":"publish","type":"page","link":"https:\/\/blogsaverroes.juntadeandalucia.es\/ceperalmaden\/empleo\/guardia-civil\/","title":{"rendered":"Guardia Civil"},"content":{"rendered":"<p style=\"text-align: justify\">La Guardia Civil espa\u00f1ola es un Instituto Armado de naturaleza militar que forma parte de las Fuerzas y Cuerpos de seguridad del Estado. Depende del Gobierno de Espa\u00f1a y la Constituci\u00f3n le fija la misi\u00f3n primordial de proteger el libre ejercicio de los derechos y libertades de los espa\u00f1oles as\u00ed como garantizar la seguridad ciudadana.<\/p>\n<table style=\"width: 755px\">\n<tbody>\n<tr>\n<td style=\"width: 262.59375px;text-align: left\"><strong>Enlaces:<\/strong><\/td>\n<td style=\"width: 493.40625px;text-align: left\">&nbsp;<\/td>\n<\/tr>\n<tr>\n<td style=\"width: 262.59375px;text-align: left\"><a href=\"http:\/\/www.guardiacivil.es\/es\/institucional\/serguacivil\/ingresogc\/index.html\" target=\"_blank\" rel=\"noopener\">Oposiciones a la Guardia Civil<\/a><\/td>\n<td style=\"width: 493.40625px;text-align: left\">En esta p\u00e1gina podr\u00e1 obtener informaci\u00f3n sobre las formas de ingreso directo a las diferentes escalas de de la Guardia Civil, el&nbsp;n\u00famero de plazas, requisitos y pruebas para el ingreso y el r\u00e9gimen de los alumnos.<\/td>\n<\/tr>\n<tr>\n<td style=\"width: 262.59375px;text-align: left\">&nbsp;<a href=\"https:\/\/www.youtube.com\/watch?v=HIZixnQjLgI\">Video informativo Guardia Civil<\/a><\/td>\n<td style=\"width: 493.40625px;text-align: left\">Video explicativo sobre profesi\u00f3n de Guardia Civil<\/td>\n<\/tr>\n<tr>\n<td style=\"width: 262.59375px;text-align: left\">&nbsp;<a href=\"http:\/\/www.guardiacivil.es\/es\/institucional\/serguacivil\/carreprofesio\/index.html\" target=\"_blank\" rel=\"noopener\">Carrera profesional&nbsp;<\/a><\/td>\n<td style=\"width: 493.40625px;text-align: left\">Informaci\u00f3n sobre las escalas y las categor\u00edas profesionales de la Guardia Civil<\/td>\n<\/tr>\n<\/tbody>\n<\/table>\n","protected":false},"excerpt":{"rendered":"<p>La Guardia Civil espa\u00f1ola es un Instituto Armado de naturaleza militar que forma parte de las Fuerzas y Cuerpos de seguridad del Estado. Depende del Gobierno de Espa\u00f1a y la Constituci\u00f3n le fija la misi\u00f3n&#46;&#46;&#46;<\/p>\n","protected":false},"author":6371,"featured_media":0,"parent":3750,"menu_order":0,"comment_status":"closed","ping_status":"closed","template":"","meta":{"ngg_post_thumbnail":0,"footnotes":"","_mc_calendar":[]},"aioseo_notices":[],"_links":{"self":[{"href":"https:\/\/blogsaverroes.juntadeandalucia.es\/ceperalmaden\/wp-json\/wp\/v2\/pages\/3757"}],"collection":[{"href":"https:\/\/blogsaverroes.juntadeandalucia.es\/ceperalmaden\/wp-json\/wp\/v2\/pages"}],"about":[{"href":"https:\/\/blogsaverroes.juntadeandalucia.es\/ceperalmaden\/wp-json\/wp\/v2\/types\/page"}],"author":[{"embeddable":true,"href":"https:\/\/blogsaverroes.juntadeandalucia.es\/ceperalmaden\/wp-json\/wp\/v2\/users\/6371"}],"replies":[{"embeddable":true,"href":"https:\/\/blogsaverroes.juntadeandalucia.es\/ceperalmaden\/wp-json\/wp\/v2\/comments?post=3757"}],"version-history":[{"count":9,"href":"https:\/\/blogsaverroes.juntadeandalucia.es\/ceperalmaden\/wp-json\/wp\/v2\/pages\/3757\/revisions"}],"predecessor-version":[{"id":3806,"href":"https:\/\/blogsaverroes.juntadeandalucia.es\/ceperalmaden\/wp-json\/wp\/v2\/pages\/3757\/revisions\/3806"}],"up":[{"embeddable":true,"href":"https:\/\/blogsaverroes.juntadeandalucia.es\/ceperalmaden\/wp-json\/wp\/v2\/pages\/3750"}],"wp:attachment":[{"href":"https:\/\/blogsaverroes.juntadeandalucia.es\/ceperalmaden\/wp-json\/wp\/v2\/media?parent=3757"}],"curies":[{"name":"wp","href":"https:\/\/api.w.org\/{rel}","templated":true}]}}