{"id":42,"date":"2015-03-13T08:40:47","date_gmt":"2015-03-13T08:40:47","guid":{"rendered":"http:\/\/blogsaverroes.juntadeandalucia.es\/pre\/ceip\/?page_id=42"},"modified":"2019-09-27T09:52:32","modified_gmt":"2019-09-27T09:52:32","slug":"equipo-directivo","status":"publish","type":"page","link":"https:\/\/blogsaverroes.juntadeandalucia.es\/ceperalmaden\/equipo-directivo\/","title":{"rendered":"Equipo directivo"},"content":{"rendered":"<h3><strong>Direcci\u00f3n: <\/strong><\/h3>\n<table style=\"width: 576px\">\n<tbody>\n<tr>\n<td style=\"width: 122px\">&nbsp; &nbsp; &nbsp; &nbsp;<\/p>\n<p>&nbsp;<\/td>\n<td style=\"width: 440px\">&nbsp;Mar\u00eda \u00c1ngeles S\u00e1nchez Porcel<\/td>\n<\/tr>\n<tr>\n<td style=\"width: 562px;text-align: left\" colspan=\"2\"><strong>Tel\u00e9fonos:<\/strong>&nbsp;<\/p>\n<p><strong>Corporativos:<\/strong><\/td>\n<\/tr>\n<tr>\n<td style=\"width: 562px;text-align: left\" colspan=\"2\"><strong>Correo electr\u00f3nico:<\/strong> 23500425.edu@juntadeandaluc\u00eda.es<\/td>\n<\/tr>\n<\/tbody>\n<\/table>\n<p>&nbsp;<\/p>\n<h3><strong>Jefatura de estudios:&nbsp;<\/strong><\/h3>\n<table style=\"width: 575px\">\n<tbody>\n<tr>\n<td style=\"width: 128px\">&nbsp;<\/td>\n<td style=\"width: 447px\">&nbsp;Mar\u00eda Carmen G\u00f3mez&nbsp;<\/td>\n<\/tr>\n<tr>\n<td style=\"width: 128px;text-align: left\" colspan=\"2\"><strong>Tel\u00e9fonos:<\/strong>&nbsp;<\/p>\n<p><strong>Corporativos:<\/strong><\/td>\n<\/tr>\n<tr>\n<td style=\"width: 128px;text-align: left\" colspan=\"2\"><strong>Correo electr\u00f3nico:&nbsp;<\/strong>&nbsp; &nbsp;<\/td>\n<\/tr>\n<\/tbody>\n<\/table>\n<p>&nbsp;<\/p>\n<h3><strong>Secretar\u00eda: <\/strong><\/h3>\n<table style=\"width: 575px\">\n<tbody>\n<tr>\n<td style=\"width: 123px\">&nbsp;<\/td>\n<td style=\"width: 462px\">Mar\u00eda \u00c1ngeles S\u00e1nchez&nbsp;<\/td>\n<\/tr>\n<tr>\n<td style=\"width: 123px;text-align: left\" colspan=\"2\"><strong>Tel\u00e9fono:<\/strong>&nbsp;<\/p>\n<p><strong>Corporativo:<\/strong><\/td>\n<\/tr>\n<tr>\n<td style=\"width: 123px;text-align: left\" colspan=\"2\">&nbsp;<strong>Correo electr\u00f3nico:&nbsp;<\/strong><\/td>\n<\/tr>\n<\/tbody>\n<\/table>\n<p>&nbsp;<\/p>\n<p>&nbsp;<\/p>\n","protected":false},"excerpt":{"rendered":"<p>Direcci\u00f3n: &nbsp; &nbsp; &nbsp; &nbsp; &nbsp; &nbsp;Mar\u00eda \u00c1ngeles S\u00e1nchez Porcel Tel\u00e9fonos:&nbsp; Corporativos: Correo electr\u00f3nico: 23500425.edu@juntadeandaluc\u00eda.es &nbsp; Jefatura de estudios:&nbsp; &nbsp; &nbsp;Mar\u00eda Carmen G\u00f3mez&nbsp; Tel\u00e9fonos:&nbsp; Corporativos: Correo electr\u00f3nico:&nbsp;&nbsp; &nbsp; &nbsp; Secretar\u00eda: &nbsp; Mar\u00eda \u00c1ngeles S\u00e1nchez&nbsp; Tel\u00e9fono:&nbsp;&#46;&#46;&#46;<\/p>\n","protected":false},"author":1,"featured_media":0,"parent":0,"menu_order":0,"comment_status":"open","ping_status":"open","template":"page-templates\/child-menu.php","meta":{"ngg_post_thumbnail":0,"footnotes":"","_mc_calendar":[]},"aioseo_notices":[],"_links":{"self":[{"href":"https:\/\/blogsaverroes.juntadeandalucia.es\/ceperalmaden\/wp-json\/wp\/v2\/pages\/42"}],"collection":[{"href":"https:\/\/blogsaverroes.juntadeandalucia.es\/ceperalmaden\/wp-json\/wp\/v2\/pages"}],"about":[{"href":"https:\/\/blogsaverroes.juntadeandalucia.es\/ceperalmaden\/wp-json\/wp\/v2\/types\/page"}],"author":[{"embeddable":true,"href":"https:\/\/blogsaverroes.juntadeandalucia.es\/ceperalmaden\/wp-json\/wp\/v2\/users\/1"}],"replies":[{"embeddable":true,"href":"https:\/\/blogsaverroes.juntadeandalucia.es\/ceperalmaden\/wp-json\/wp\/v2\/comments?post=42"}],"version-history":[{"count":12,"href":"https:\/\/blogsaverroes.juntadeandalucia.es\/ceperalmaden\/wp-json\/wp\/v2\/pages\/42\/revisions"}],"predecessor-version":[{"id":2853,"href":"https:\/\/blogsaverroes.juntadeandalucia.es\/ceperalmaden\/wp-json\/wp\/v2\/pages\/42\/revisions\/2853"}],"wp:attachment":[{"href":"https:\/\/blogsaverroes.juntadeandalucia.es\/ceperalmaden\/wp-json\/wp\/v2\/media?parent=42"}],"curies":[{"name":"wp","href":"https:\/\/api.w.org\/{rel}","templated":true}]}}