{"id":5063,"date":"2020-08-28T08:40:43","date_gmt":"2020-08-28T08:40:43","guid":{"rendered":"https:\/\/blogsaverroes.juntadeandalucia.es\/ceperalmaden\/?page_id=5063"},"modified":"2020-08-28T08:50:18","modified_gmt":"2020-08-28T08:50:18","slug":"educacion-no-presencial-documentos-de-tareas","status":"publish","type":"page","link":"https:\/\/blogsaverroes.juntadeandalucia.es\/ceperalmaden\/educacion-no-presencial-documentos-de-tareas\/","title":{"rendered":"Educaci\u00f3n no Presencial (Documentos de Tareas)."},"content":{"rendered":"<h2 style=\"text-align: center\"><strong><span style=\"color: #800080\">LA CLASE EN CASA<\/span><\/strong><\/h2>\n<h2 style=\"text-align: center\"><strong><span style=\"color: #800000\">Todo lo necesario para trabajar desde casa.<\/span><\/strong><\/h2>\n<p><strong>Estimado alumnado:<\/p>\n<p>Desde el C.E.PER. \u00abAlmad\u00e9n\u00bb de Ja\u00e9n, hemos creado este gran apartado en nuestra web desde el cual gestionaremos todos los procesos de LA CLASE EN CASA. Son momentos complicados y todos lo sabemos, por eso seguimos trabajando de manera incansable, para que todo funcione de la mejor manera posible y, sobre todo, para que nuestro alumnado pueda continuar su proceso de ense\u00f1anza-aprendizaje. Son d\u00edas dif\u00edciles y desde el profesorado echamos ya mucho de menos a nuestro alumnado, vuestro contacto y convivencia directa.<\/p>\n<p>En esta p\u00e1gina, a trav\u00e9s de los documentos enlazados, ten\u00e9is todo tipo de indicaciones:<\/p>\n<p>\u00bfQU\u00c9 TRABAJAR?, \u00bfC\u00d3MO TRABAJAR?, \u00bfCON QU\u00c9 TRABAJAR?, \u00bfCU\u00c1NDO TRABAJAR?<br \/>\n\u00bfC\u00d3MO PUEDO RESOLVER UNA DUDA QUE SE ME PLANTEA?<br \/>\n\u00bfPUEDO COMUNICARME CON LOS PROFESORES? \u00bfY CON EL COLEGIO?<\/p>\n<p>El C.E.PER. \u00abAlmad\u00e9n\u00bb permanece abierto TELEM\u00c1TICAMENTE a trav\u00e9s de:<\/p>\n<p>P\u00c1GINA WEB: https:\/\/blogsaverroes.juntadeandalucia.es\/ceperalmaden\/<\/p>\n<p>E-MAIL: ceperalmaden2021@gmail.com<\/p>\n<p>Para cuestiones referidas a tareas escolares telem\u00e1ticas, el contacto con el profesorado est\u00e1 en los documentos de cada clase pr\u00f3ximamente subidos a la web.<\/p>\n<p>Mucho \u00e1nimo, mucha fuerza.<\/p>\n<p>El Equipo Directivo<\/strong><\/p>\n","protected":false},"excerpt":{"rendered":"<p>LA CLASE EN CASA Todo lo necesario para trabajar desde casa. Estimado alumnado: Desde el C.E.PER. \u00abAlmad\u00e9n\u00bb de Ja\u00e9n, hemos creado este gran apartado en nuestra web desde el cual gestionaremos todos los procesos de&#46;&#46;&#46;<\/p>\n","protected":false},"author":6371,"featured_media":0,"parent":0,"menu_order":0,"comment_status":"closed","ping_status":"closed","template":"","meta":{"ngg_post_thumbnail":0,"footnotes":"","_mc_calendar":[]},"aioseo_notices":[],"_links":{"self":[{"href":"https:\/\/blogsaverroes.juntadeandalucia.es\/ceperalmaden\/wp-json\/wp\/v2\/pages\/5063"}],"collection":[{"href":"https:\/\/blogsaverroes.juntadeandalucia.es\/ceperalmaden\/wp-json\/wp\/v2\/pages"}],"about":[{"href":"https:\/\/blogsaverroes.juntadeandalucia.es\/ceperalmaden\/wp-json\/wp\/v2\/types\/page"}],"author":[{"embeddable":true,"href":"https:\/\/blogsaverroes.juntadeandalucia.es\/ceperalmaden\/wp-json\/wp\/v2\/users\/6371"}],"replies":[{"embeddable":true,"href":"https:\/\/blogsaverroes.juntadeandalucia.es\/ceperalmaden\/wp-json\/wp\/v2\/comments?post=5063"}],"version-history":[{"count":6,"href":"https:\/\/blogsaverroes.juntadeandalucia.es\/ceperalmaden\/wp-json\/wp\/v2\/pages\/5063\/revisions"}],"predecessor-version":[{"id":5070,"href":"https:\/\/blogsaverroes.juntadeandalucia.es\/ceperalmaden\/wp-json\/wp\/v2\/pages\/5063\/revisions\/5070"}],"wp:attachment":[{"href":"https:\/\/blogsaverroes.juntadeandalucia.es\/ceperalmaden\/wp-json\/wp\/v2\/media?parent=5063"}],"curies":[{"name":"wp","href":"https:\/\/api.w.org\/{rel}","templated":true}]}}