{"id":5141,"date":"2020-09-09T16:09:30","date_gmt":"2020-09-09T16:09:30","guid":{"rendered":"https:\/\/blogsaverroes.juntadeandalucia.es\/ceperalmaden\/?page_id=5141"},"modified":"2020-09-14T15:58:05","modified_gmt":"2020-09-14T15:58:05","slug":"programa-de-acogida-s-e-p-virgen-de-la-paz","status":"publish","type":"page","link":"https:\/\/blogsaverroes.juntadeandalucia.es\/ceperalmaden\/programa-de-acogida-s-e-p-virgen-de-la-paz\/","title":{"rendered":"PROGRAMA DE ACOGIDA DEL ALUMNADO: \u00abS.E.P. VIRGEN DE LA PAZ\u00bb."},"content":{"rendered":"<h1 style=\"text-align: center\"><strong><span style=\"color: #ff0000\">PROGRAMA DE ACOGIDA DEL ALUMNADO<\/span><\/strong><\/h1>\n<h4 style=\"text-align: center\"><strong><span style=\"color: #0000ff\">GU\u00cdAS ORIENTATIVAS DE PLAN EDUCATIVO DEL ALUMNADO<\/span><\/strong><\/h4>\n<p style=\"text-align: center\">Para acceder a las Gu\u00edas Orientativas de Plan Educativo del alumnado se cliquea sobre la imagen de la portada del documento que le interese y lo obtendr\u00e1 en formato pdf.<\/p>\n<p style=\"text-align: center\"><span style=\"color: #008080\"><strong>Gu\u00eda Orientativa del Alumnado del Plan Educativo de Preparaci\u00f3n para la Prueba Libre de ESO.<\/strong><\/span><\/p>\n<p style=\"text-align: center\"><a href=\"https:\/\/drive.google.com\/file\/d\/1zAmHUHnJ1EwTWSllhL4q3M9ASg1XwLct\/view?usp=sharing\"><img loading=\"lazy\" decoding=\"async\" class=\"alignnone size-full wp-image-5109\" src=\"https:\/\/blogsaverroes.juntadeandalucia.es\/ceperalmaden\/files\/2020\/09\/Prueba-Libre-1.png\" alt=\"\" width=\"396\" height=\"555\" \/><\/a><\/p>\n<p style=\"text-align: center\"><span style=\"color: #008080\"><strong>Gu\u00eda Orientativa del Alumnado del Plan Educativo de H\u00e1bitos de Vida Saludable y Prevenci\u00f3n de Enfermedades y Riesgos Profesionales.<\/strong><\/span><\/p>\n<p style=\"text-align: center\"><a href=\"https:\/\/drive.google.com\/file\/d\/15rpgT7AvigBceT_aAv5q9kQQtCOqTDOB\/view?usp=sharing\"><img loading=\"lazy\" decoding=\"async\" class=\"alignnone size-full wp-image-5109\" src=\"https:\/\/blogsaverroes.juntadeandalucia.es\/ceperalmaden\/files\/2020\/09\/HVS.png\" alt=\"\" width=\"396\" height=\"555\" \/><\/a><\/p>\n","protected":false},"excerpt":{"rendered":"<p>PROGRAMA DE ACOGIDA DEL ALUMNADO GU\u00cdAS ORIENTATIVAS DE PLAN EDUCATIVO DEL ALUMNADO Para acceder a las Gu\u00edas Orientativas de Plan Educativo del alumnado se cliquea sobre la imagen de la portada del documento que le&#46;&#46;&#46;<\/p>\n","protected":false},"author":6371,"featured_media":0,"parent":0,"menu_order":0,"comment_status":"closed","ping_status":"closed","template":"","meta":{"ngg_post_thumbnail":0,"footnotes":"","_mc_calendar":[]},"aioseo_notices":[],"_links":{"self":[{"href":"https:\/\/blogsaverroes.juntadeandalucia.es\/ceperalmaden\/wp-json\/wp\/v2\/pages\/5141"}],"collection":[{"href":"https:\/\/blogsaverroes.juntadeandalucia.es\/ceperalmaden\/wp-json\/wp\/v2\/pages"}],"about":[{"href":"https:\/\/blogsaverroes.juntadeandalucia.es\/ceperalmaden\/wp-json\/wp\/v2\/types\/page"}],"author":[{"embeddable":true,"href":"https:\/\/blogsaverroes.juntadeandalucia.es\/ceperalmaden\/wp-json\/wp\/v2\/users\/6371"}],"replies":[{"embeddable":true,"href":"https:\/\/blogsaverroes.juntadeandalucia.es\/ceperalmaden\/wp-json\/wp\/v2\/comments?post=5141"}],"version-history":[{"count":9,"href":"https:\/\/blogsaverroes.juntadeandalucia.es\/ceperalmaden\/wp-json\/wp\/v2\/pages\/5141\/revisions"}],"predecessor-version":[{"id":5172,"href":"https:\/\/blogsaverroes.juntadeandalucia.es\/ceperalmaden\/wp-json\/wp\/v2\/pages\/5141\/revisions\/5172"}],"wp:attachment":[{"href":"https:\/\/blogsaverroes.juntadeandalucia.es\/ceperalmaden\/wp-json\/wp\/v2\/media?parent=5141"}],"curies":[{"name":"wp","href":"https:\/\/api.w.org\/{rel}","templated":true}]}}