{"id":5225,"date":"2020-09-29T12:14:11","date_gmt":"2020-09-29T12:14:11","guid":{"rendered":"https:\/\/blogsaverroes.juntadeandalucia.es\/ceperalmaden\/?page_id=5225"},"modified":"2020-11-30T17:01:04","modified_gmt":"2020-11-30T17:01:04","slug":"tecnologia-de-la-comunicacion-e-informacion","status":"publish","type":"page","link":"https:\/\/blogsaverroes.juntadeandalucia.es\/ceperalmaden\/tecnologia-de-la-comunicacion-e-informacion\/","title":{"rendered":"TECNOLOG\u00cdA DE LA COMUNICACI\u00d3N E INFORMACI\u00d3N"},"content":{"rendered":"<h1 style=\"text-align: center\"><strong><span style=\"color: #ff0000\">TECNOLOG\u00cdA DE LA COMUNICACI\u00d3N E INFORMACI\u00d3N<\/span><\/strong><\/h1>\n<h4 style=\"text-align: center\"><strong><span style=\"color: #0000ff\">TEMAS A TRATAR<\/span><\/strong><\/h4>\n<p><a href=\"https:\/\/drive.google.com\/file\/d\/1AJ29HEsiLOF9RNjrJreQV7aDGn7Mr_2-\/view?usp=sharing\">Tema 1<\/a>: \u00abComponentes y nociones b\u00e1sicas para el empleo de modo saludable del ordenador\u00bb.<\/p>\n<p><a href=\"https:\/\/drive.google.com\/file\/d\/13oZHrRGy4NxqmR0YfobIZACZl32uRZI4\/view?usp=sharing\">Tema 2<\/a>: \u00abAspectos b\u00e1sicos sobre Guadalinex y nuestra casa virtual\u00bb.<\/p>\n<p><a href=\"https:\/\/drive.google.com\/file\/d\/1eDw8KdgaMys0oeFess9X8AI-HAG0DoHE\/view?usp=sharing\">Tema 3<\/a>: \u00abCorreo electr\u00f3nico (Parte I)\u00bb.<\/p>\n<p><a href=\"https:\/\/drive.google.com\/file\/d\/1HaLt_cvyEPOQxQuLO78A59OesJvbiX1q\/view?usp=sharing\">Tema 4:<\/a> \u00abCorreo electr\u00f3nico (Parte II)\u00bb.<\/p>\n<p><a href=\"https:\/\/drive.google.com\/file\/d\/1yeD1fyxZGyFsC-TbZZ5lHclNEgRnkOb6\/view?usp=sharing\">Tema 5:<\/a> \u00abCorreo electr\u00f3nico (Parte III)\u00bb.<\/p>\n","protected":false},"excerpt":{"rendered":"<p>TECNOLOG\u00cdA DE LA COMUNICACI\u00d3N E INFORMACI\u00d3N TEMAS A TRATAR Tema 1: \u00abComponentes y nociones b\u00e1sicas para el empleo de modo saludable del ordenador\u00bb. Tema 2: \u00abAspectos b\u00e1sicos sobre Guadalinex y nuestra casa virtual\u00bb. Tema 3:&#46;&#46;&#46;<\/p>\n","protected":false},"author":6371,"featured_media":0,"parent":0,"menu_order":0,"comment_status":"closed","ping_status":"closed","template":"","meta":{"ngg_post_thumbnail":0,"footnotes":"","_mc_calendar":[]},"aioseo_notices":[],"_links":{"self":[{"href":"https:\/\/blogsaverroes.juntadeandalucia.es\/ceperalmaden\/wp-json\/wp\/v2\/pages\/5225"}],"collection":[{"href":"https:\/\/blogsaverroes.juntadeandalucia.es\/ceperalmaden\/wp-json\/wp\/v2\/pages"}],"about":[{"href":"https:\/\/blogsaverroes.juntadeandalucia.es\/ceperalmaden\/wp-json\/wp\/v2\/types\/page"}],"author":[{"embeddable":true,"href":"https:\/\/blogsaverroes.juntadeandalucia.es\/ceperalmaden\/wp-json\/wp\/v2\/users\/6371"}],"replies":[{"embeddable":true,"href":"https:\/\/blogsaverroes.juntadeandalucia.es\/ceperalmaden\/wp-json\/wp\/v2\/comments?post=5225"}],"version-history":[{"count":11,"href":"https:\/\/blogsaverroes.juntadeandalucia.es\/ceperalmaden\/wp-json\/wp\/v2\/pages\/5225\/revisions"}],"predecessor-version":[{"id":5265,"href":"https:\/\/blogsaverroes.juntadeandalucia.es\/ceperalmaden\/wp-json\/wp\/v2\/pages\/5225\/revisions\/5265"}],"wp:attachment":[{"href":"https:\/\/blogsaverroes.juntadeandalucia.es\/ceperalmaden\/wp-json\/wp\/v2\/media?parent=5225"}],"curies":[{"name":"wp","href":"https:\/\/api.w.org\/{rel}","templated":true}]}}