{"id":6356,"date":"2022-03-19T11:11:09","date_gmt":"2022-03-19T11:11:09","guid":{"rendered":"https:\/\/blogsaverroes.juntadeandalucia.es\/ceperalmaden\/?page_id=6356"},"modified":"2022-03-19T20:40:33","modified_gmt":"2022-03-19T20:40:33","slug":"informacion-y-contacto","status":"publish","type":"page","link":"https:\/\/blogsaverroes.juntadeandalucia.es\/ceperalmaden\/informacion-y-contacto\/","title":{"rendered":"Informaci\u00f3n y contacto."},"content":{"rendered":"<h1 style=\"text-align: center\"><span style=\"color: #ff0000\"><strong>PUNTO DE INFORMACI\u00d3N Y CONTACTO CON EL CENTRO<\/strong><\/span><\/h1>\n<h5 style=\"text-align: center\"><span style=\"color: #0000ff\">C.E.PER. \u00abALMAD\u00c9N\u00bb (JA\u00c9N)<\/span><\/h5>\n<p style=\"text-align: center\"><img loading=\"lazy\" decoding=\"async\" class=\"alignnone wp-image-6378\" src=\"https:\/\/blogsaverroes.juntadeandalucia.es\/ceperalmaden\/files\/2022\/03\/ICONO-INFORMACI\u00d3N-1.jpg\" alt=\"\" width=\"242\" height=\"242\" srcset=\"https:\/\/blogsaverroes.juntadeandalucia.es\/ceperalmaden\/files\/2022\/03\/ICONO-INFORMACI\u00d3N-1.jpg 225w, https:\/\/blogsaverroes.juntadeandalucia.es\/ceperalmaden\/files\/2022\/03\/ICONO-INFORMACI\u00d3N-1-150x150.jpg 150w, https:\/\/blogsaverroes.juntadeandalucia.es\/ceperalmaden\/files\/2022\/03\/ICONO-INFORMACI\u00d3N-1-80x80.jpg 80w\" sizes=\"(max-width: 242px) 100vw, 242px\" \/><\/p>\n<p style=\"text-align: justify\">Si desea contactar de forma f\u00e1cil, c\u00f3moda, directa y r\u00e1pida con el C.E.PER. \u00abAlmad\u00e9n\u00bb, puede hacerlo de estas tres maneras:<\/p>\n<p>&nbsp;<\/p>\n<table style=\"border-collapse: collapse;width: 100%\">\n<tbody>\n<tr>\n<td style=\"width: 24.9818%;text-align: center\"><strong>Forma de contacto:<\/strong><\/td>\n<td style=\"width: 75.0182%;text-align: center\"><strong>Procedimiento de realizaci\u00f3n:<\/strong><\/td>\n<\/tr>\n<tr>\n<td style=\"width: 24.9818%;text-align: center\"><strong><span style=\"text-decoration: underline\">N\u00famero 1<\/span>: <\/strong><\/p>\n<p><strong>\u00abMediante llamada directa desde la WEB\u00bb.<\/strong><\/td>\n<td style=\"width: 75.0182%\">\n<p style=\"text-align: justify\">Clicando sobre el icono y n\u00famero de tel\u00e9fono siguiente se realizar\u00e1 una llamada autom\u00e1tica desde el dispositivo que se encuentre.<\/p>\n<ul>\n<li style=\"text-align: left\">Si se encuentra con su m\u00f3vil se realizar\u00e1 la llamada autom\u00e1ticamente.<\/li>\n<li style=\"text-align: left\">Si se encuentra en un ordenador le pedir\u00e1 que utilice una aplicaci\u00f3n para realizarse la llamada.<\/li>\n<\/ul>\n<p style=\"text-align: center\"><strong><a href=\"tel:953366129\"><img loading=\"lazy\" decoding=\"async\" class=\"alignnone wp-image-6391\" src=\"https:\/\/blogsaverroes.juntadeandalucia.es\/ceperalmaden\/files\/2022\/03\/Icono-de-llamada.png\" alt=\"\" width=\"266\" height=\"250\" srcset=\"https:\/\/blogsaverroes.juntadeandalucia.es\/ceperalmaden\/files\/2022\/03\/Icono-de-llamada.png 496w, https:\/\/blogsaverroes.juntadeandalucia.es\/ceperalmaden\/files\/2022\/03\/Icono-de-llamada-300x283.png 300w\" sizes=\"(max-width: 266px) 100vw, 266px\" \/><\/a><\/strong><\/p>\n<\/td>\n<\/tr>\n<tr>\n<td style=\"width: 24.9818%;text-align: center\"><strong><span style=\"text-decoration: underline\">N\u00famero 2<\/span>:<\/strong><\/p>\n<p><strong>\u00abEnviando un correo electr\u00f3nico desde la WEB\u00bb.<\/strong><\/td>\n<td style=\"width: 75.0182%\">\n<p style=\"text-align: justify\">Enviando un email directamente clicando el icono de nuestro correo electr\u00f3nico que se expone a continuaci\u00f3n. Intentaremos responder a su email en la mayor brevedad posible para poder informarle, asesorarle u orientarle.<\/p>\n<p style=\"text-align: center\"><strong><a href=\"mailto:23500425.edu@juntadeandalucia.es?Subject=Solicitud%20de%20asesoramiento,%20informaci\u00f3n%20u%20orientaci\u00f3n.\"><img loading=\"lazy\" decoding=\"async\" class=\"alignnone wp-image-6395\" src=\"https:\/\/blogsaverroes.juntadeandalucia.es\/ceperalmaden\/files\/2022\/03\/Icono-nuestro-correo.png\" alt=\"\" width=\"250\" height=\"250\" srcset=\"https:\/\/blogsaverroes.juntadeandalucia.es\/ceperalmaden\/files\/2022\/03\/Icono-nuestro-correo.png 626w, https:\/\/blogsaverroes.juntadeandalucia.es\/ceperalmaden\/files\/2022\/03\/Icono-nuestro-correo-300x300.png 300w, https:\/\/blogsaverroes.juntadeandalucia.es\/ceperalmaden\/files\/2022\/03\/Icono-nuestro-correo-150x150.png 150w, https:\/\/blogsaverroes.juntadeandalucia.es\/ceperalmaden\/files\/2022\/03\/Icono-nuestro-correo-80x80.png 80w, https:\/\/blogsaverroes.juntadeandalucia.es\/ceperalmaden\/files\/2022\/03\/Icono-nuestro-correo-320x320.png 320w\" sizes=\"(max-width: 250px) 100vw, 250px\" \/><\/a><\/strong><\/p>\n<\/td>\n<\/tr>\n<tr>\n<td style=\"width: 24.9818%;text-align: center\"><strong><span style=\"text-decoration: underline\">N\u00famero 3<\/span>:<\/strong><\/p>\n<p><strong>\u00abRellenando y enviando el cuestionario de contacto\u00bb.<\/strong><\/td>\n<td style=\"width: 75.0182%\">\n<ul>\n<li style=\"text-align: justify\">Rellenando el <strong>formulario de contacto<\/strong> que hay a continuaci\u00f3n. En este caso intentaremos ponernos en contacto en la mayor brevedad posible para poder informarle, asesorarle u orientarle.<\/li>\n<\/ul>\n<p style=\"text-align: left\">\n<div class=\"wpcf7 no-js\" id=\"wpcf7-f6351-o1\" lang=\"es-ES\" dir=\"ltr\">\n<div class=\"screen-reader-response\"><p role=\"status\" aria-live=\"polite\" aria-atomic=\"true\"><\/p> <ul><\/ul><\/div>\n<form action=\"\/ceperalmaden\/wp-json\/wp\/v2\/pages\/6356#wpcf7-f6351-o1\" method=\"post\" class=\"wpcf7-form init\" aria-label=\"Formulario de contacto\" novalidate=\"novalidate\" data-status=\"init\">\n<div style=\"display: none;\">\n<input type=\"hidden\" name=\"_wpcf7\" value=\"6351\" \/>\n<input type=\"hidden\" name=\"_wpcf7_version\" value=\"5.9.8\" \/>\n<input type=\"hidden\" name=\"_wpcf7_locale\" value=\"es_ES\" \/>\n<input type=\"hidden\" name=\"_wpcf7_unit_tag\" value=\"wpcf7-f6351-o1\" \/>\n<input type=\"hidden\" name=\"_wpcf7_container_post\" value=\"0\" \/>\n<input type=\"hidden\" name=\"_wpcf7_posted_data_hash\" value=\"\" \/>\n<\/div>\n<p><label> Nombre (requerido):<br \/>\n<span class=\"wpcf7-form-control-wrap\" data-name=\"your-name\"><input size=\"40\" maxlength=\"400\" class=\"wpcf7-form-control wpcf7-text wpcf7-validates-as-required\" aria-required=\"true\" aria-invalid=\"false\" value=\"\" type=\"text\" name=\"your-name\" \/><\/span> <\/label>\n<\/p>\n<p><label> Tu correo electr\u00f3nico (requerido):<br \/>\n<span class=\"wpcf7-form-control-wrap\" data-name=\"your-email\"><input size=\"40\" maxlength=\"400\" class=\"wpcf7-form-control wpcf7-email wpcf7-validates-as-required wpcf7-text wpcf7-validates-as-email\" aria-required=\"true\" aria-invalid=\"false\" value=\"\" type=\"email\" name=\"your-email\" \/><\/span> <\/label>\n<\/p>\n<p><label> Mensaje<br \/>\n<span class=\"wpcf7-form-control-wrap\" data-name=\"your-message\"><textarea cols=\"40\" rows=\"10\" maxlength=\"2000\" class=\"wpcf7-form-control wpcf7-textarea\" aria-invalid=\"false\" name=\"your-message\"><\/textarea><\/span> <\/label>\n<\/p>\n<p><input class=\"wpcf7-form-control wpcf7-submit has-spinner\" type=\"submit\" value=\"Enviar\" \/>\n<\/p><div class=\"wpcf7-response-output\" aria-hidden=\"true\"><\/div>\n<\/form>\n<\/div>\n<\/p>\n<\/td>\n<\/tr>\n<\/tbody>\n<\/table>\n<p>&nbsp;<\/p>\n<p style=\"text-align: center\"><img loading=\"lazy\" decoding=\"async\" class=\"wp-image-6364 alignleft\" src=\"https:\/\/blogsaverroes.juntadeandalucia.es\/ceperalmaden\/files\/2022\/03\/Icono-protecci\u00f3n-de-datos.png\" alt=\"\" width=\"59\" height=\"59\" srcset=\"https:\/\/blogsaverroes.juntadeandalucia.es\/ceperalmaden\/files\/2022\/03\/Icono-protecci\u00f3n-de-datos.png 982w, https:\/\/blogsaverroes.juntadeandalucia.es\/ceperalmaden\/files\/2022\/03\/Icono-protecci\u00f3n-de-datos-300x300.png 300w, https:\/\/blogsaverroes.juntadeandalucia.es\/ceperalmaden\/files\/2022\/03\/Icono-protecci\u00f3n-de-datos-150x150.png 150w, https:\/\/blogsaverroes.juntadeandalucia.es\/ceperalmaden\/files\/2022\/03\/Icono-protecci\u00f3n-de-datos-768x768.png 768w, https:\/\/blogsaverroes.juntadeandalucia.es\/ceperalmaden\/files\/2022\/03\/Icono-protecci\u00f3n-de-datos-80x80.png 80w, https:\/\/blogsaverroes.juntadeandalucia.es\/ceperalmaden\/files\/2022\/03\/Icono-protecci\u00f3n-de-datos-320x320.png 320w\" sizes=\"(max-width: 59px) 100vw, 59px\" \/><\/p>\n<p style=\"text-align: justify\"><strong>PROTECCI\u00d3N DE DATOS<\/strong>: En cumplimiento de lo dispuesto en la Ley Org\u00e1nica 15\/1999, de 13 de diciembre, de Protecci\u00f3n de Datos de Car\u00e1cter Personal, la Consejer\u00eda de Educaci\u00f3n y Deporte le informa que los datos personales proporcionados por Vd. en este formulario ser\u00e1n utilizados \u00fanicamente para gestionar su consulta y proporcionarle la respuesta adecuada.&nbsp;<\/p>\n","protected":false},"excerpt":{"rendered":"<p>PUNTO DE INFORMACI\u00d3N Y CONTACTO CON EL CENTRO C.E.PER. \u00abALMAD\u00c9N\u00bb (JA\u00c9N) Si desea contactar de forma f\u00e1cil, c\u00f3moda, directa y r\u00e1pida con el C.E.PER. \u00abAlmad\u00e9n\u00bb, puede hacerlo de estas tres maneras: &nbsp; Forma de contacto:&#46;&#46;&#46;<\/p>\n","protected":false},"author":6371,"featured_media":0,"parent":0,"menu_order":0,"comment_status":"closed","ping_status":"closed","template":"","meta":{"ngg_post_thumbnail":0,"footnotes":"","_mc_calendar":[]},"aioseo_notices":[],"_links":{"self":[{"href":"https:\/\/blogsaverroes.juntadeandalucia.es\/ceperalmaden\/wp-json\/wp\/v2\/pages\/6356"}],"collection":[{"href":"https:\/\/blogsaverroes.juntadeandalucia.es\/ceperalmaden\/wp-json\/wp\/v2\/pages"}],"about":[{"href":"https:\/\/blogsaverroes.juntadeandalucia.es\/ceperalmaden\/wp-json\/wp\/v2\/types\/page"}],"author":[{"embeddable":true,"href":"https:\/\/blogsaverroes.juntadeandalucia.es\/ceperalmaden\/wp-json\/wp\/v2\/users\/6371"}],"replies":[{"embeddable":true,"href":"https:\/\/blogsaverroes.juntadeandalucia.es\/ceperalmaden\/wp-json\/wp\/v2\/comments?post=6356"}],"version-history":[{"count":34,"href":"https:\/\/blogsaverroes.juntadeandalucia.es\/ceperalmaden\/wp-json\/wp\/v2\/pages\/6356\/revisions"}],"predecessor-version":[{"id":6399,"href":"https:\/\/blogsaverroes.juntadeandalucia.es\/ceperalmaden\/wp-json\/wp\/v2\/pages\/6356\/revisions\/6399"}],"wp:attachment":[{"href":"https:\/\/blogsaverroes.juntadeandalucia.es\/ceperalmaden\/wp-json\/wp\/v2\/media?parent=6356"}],"curies":[{"name":"wp","href":"https:\/\/api.w.org\/{rel}","templated":true}]}}