{"id":6442,"date":"2022-03-22T18:10:30","date_gmt":"2022-03-22T18:10:30","guid":{"rendered":"https:\/\/blogsaverroes.juntadeandalucia.es\/ceperalmaden\/?page_id=6442"},"modified":"2022-03-22T19:57:23","modified_gmt":"2022-03-22T19:57:23","slug":"calculo-de-distancias-y-duracion-de-rutas-al-c-e-per-a-pie-bicileta-y-coche","status":"publish","type":"page","link":"https:\/\/blogsaverroes.juntadeandalucia.es\/ceperalmaden\/calculo-de-distancias-y-duracion-de-rutas-al-c-e-per-a-pie-bicileta-y-coche\/","title":{"rendered":"C\u00c1LCULO DE DISTANCIAS Y DURACI\u00d3N DE RUTAS AL C.E.PER. A PIE, BICICLETA O COCHE."},"content":{"rendered":"<h1 style=\"text-align: center\"><span style=\"color: #ff0000\"><strong>C\u00c1LCULO DE DISTANCIAS Y DURACI\u00d3N DE RUTAS AL CENTRO<\/strong><\/span><\/h1>\n<h4 style=\"text-align: center\"><strong><span style=\"color: #000080\">DIRECCI\u00d3N DEL C.E.PER. ALMAD\u00c9N: <\/span><\/strong><\/h4>\n<h4 style=\"text-align: center\"><strong><span style=\"color: #000080\">C\/ MART\u00cdNEZ MOLINA, 50 (Ja\u00e9n)<\/span><\/strong><\/h4>\n<p>&nbsp;<\/p>\n<table style=\"border-collapse: collapse;width: 100%\">\n<tbody>\n<tr>\n<td style=\"width: 33.3333%;text-align: center\"><img loading=\"lazy\" decoding=\"async\" class=\"alignnone wp-image-6443\" src=\"https:\/\/blogsaverroes.juntadeandalucia.es\/ceperalmaden\/files\/2022\/03\/A-pie.jpg\" alt=\"\" width=\"350\" height=\"350\" srcset=\"https:\/\/blogsaverroes.juntadeandalucia.es\/ceperalmaden\/files\/2022\/03\/A-pie.jpg 640w, https:\/\/blogsaverroes.juntadeandalucia.es\/ceperalmaden\/files\/2022\/03\/A-pie-300x300.jpg 300w, https:\/\/blogsaverroes.juntadeandalucia.es\/ceperalmaden\/files\/2022\/03\/A-pie-150x150.jpg 150w, https:\/\/blogsaverroes.juntadeandalucia.es\/ceperalmaden\/files\/2022\/03\/A-pie-80x80.jpg 80w, https:\/\/blogsaverroes.juntadeandalucia.es\/ceperalmaden\/files\/2022\/03\/A-pie-320x320.jpg 320w\" sizes=\"(max-width: 350px) 100vw, 350px\" \/><\/td>\n<td style=\"width: 33.3333%;text-align: center\"><img loading=\"lazy\" decoding=\"async\" class=\"alignnone wp-image-6447\" src=\"https:\/\/blogsaverroes.juntadeandalucia.es\/ceperalmaden\/files\/2022\/03\/A-bicicleta.png\" alt=\"\" width=\"263\" height=\"268\" srcset=\"https:\/\/blogsaverroes.juntadeandalucia.es\/ceperalmaden\/files\/2022\/03\/A-bicicleta.png 445w, https:\/\/blogsaverroes.juntadeandalucia.es\/ceperalmaden\/files\/2022\/03\/A-bicicleta-295x300.png 295w\" sizes=\"(max-width: 263px) 100vw, 263px\" \/><\/td>\n<td style=\"width: 33.3333%;text-align: center\"><img loading=\"lazy\" decoding=\"async\" class=\"alignnone wp-image-6450\" src=\"https:\/\/blogsaverroes.juntadeandalucia.es\/ceperalmaden\/files\/2022\/03\/en-coche.png\" alt=\"\" width=\"288\" height=\"331\" srcset=\"https:\/\/blogsaverroes.juntadeandalucia.es\/ceperalmaden\/files\/2022\/03\/en-coche.png 512w, https:\/\/blogsaverroes.juntadeandalucia.es\/ceperalmaden\/files\/2022\/03\/en-coche-261x300.png 261w\" sizes=\"(max-width: 288px) 100vw, 288px\" \/><\/td>\n<\/tr>\n<\/tbody>\n<\/table>\n<h4>&nbsp;<\/h4>\n<h4 style=\"text-align: center\"><strong><span style=\"color: #008000\">Instrucciones para la realizaci\u00f3n de los c\u00e1lculos:<\/span><\/strong><\/h4>\n<p>&nbsp;<\/p>\n<table style=\"border-collapse: collapse;width: 100%;height: 887px\">\n<tbody>\n<tr style=\"height: 221px\">\n<td style=\"width: 6.49165%;text-align: center;height: 221px\"><strong>Paso 1<\/strong><\/td>\n<td style=\"width: 27.4981%;height: 221px\">\n<p style=\"text-align: center\">Abre la aplicaci\u00f3n de Google Maps clicando el icono que te facilitamos a la derecha y se abrir\u00e1 una nueva pesta\u00f1a de internet.<\/p>\n<\/td>\n<td style=\"width: 66.0102%;text-align: center;height: 221px\"><a href=\"https:\/\/www.google.com\/maps\/@37.7797221,-3.7943167,15z\"><img loading=\"lazy\" decoding=\"async\" class=\"alignnone wp-image-6459\" src=\"https:\/\/blogsaverroes.juntadeandalucia.es\/ceperalmaden\/files\/2022\/03\/google-maps.png\" alt=\"\" width=\"125\" height=\"153\" srcset=\"https:\/\/blogsaverroes.juntadeandalucia.es\/ceperalmaden\/files\/2022\/03\/google-maps.png 319w, https:\/\/blogsaverroes.juntadeandalucia.es\/ceperalmaden\/files\/2022\/03\/google-maps-244x300.png 244w\" sizes=\"(max-width: 125px) 100vw, 125px\" \/><\/a><\/td>\n<\/tr>\n<tr style=\"height: 293px\">\n<td style=\"width: 6.49165%;text-align: center;height: 293px\"><strong>Paso 2<\/strong><\/td>\n<td style=\"width: 27.4981%;text-align: center;height: 293px\">Se te va abrir una nueva pesta\u00f1a de internet y clicas el icono que debajo te indicamos cuya localizaci\u00f3n te marcamos en la imagen de la derecha que te facilitamos.<\/p>\n<p><img loading=\"lazy\" decoding=\"async\" class=\"alignnone size-full wp-image-6461\" src=\"https:\/\/blogsaverroes.juntadeandalucia.es\/ceperalmaden\/files\/2022\/03\/bot\u00f3n-maps.png\" alt=\"\" width=\"54\" height=\"56\" \/><\/td>\n<td style=\"width: 66.0102%;text-align: center;height: 293px\"><img loading=\"lazy\" decoding=\"async\" class=\"alignnone wp-image-6464\" src=\"https:\/\/blogsaverroes.juntadeandalucia.es\/ceperalmaden\/files\/2022\/03\/maps-1.png\" alt=\"\" width=\"949\" height=\"392\" srcset=\"https:\/\/blogsaverroes.juntadeandalucia.es\/ceperalmaden\/files\/2022\/03\/maps-1.png 1600w, https:\/\/blogsaverroes.juntadeandalucia.es\/ceperalmaden\/files\/2022\/03\/maps-1-300x124.png 300w, https:\/\/blogsaverroes.juntadeandalucia.es\/ceperalmaden\/files\/2022\/03\/maps-1-1024x423.png 1024w, https:\/\/blogsaverroes.juntadeandalucia.es\/ceperalmaden\/files\/2022\/03\/maps-1-768x317.png 768w, https:\/\/blogsaverroes.juntadeandalucia.es\/ceperalmaden\/files\/2022\/03\/maps-1-1536x635.png 1536w\" sizes=\"(max-width: 949px) 100vw, 949px\" \/><\/td>\n<\/tr>\n<tr style=\"height: 327px\">\n<td style=\"width: 6.49165%;text-align: center;height: 327px\"><strong>Paso 3<\/strong><\/td>\n<td style=\"width: 27.4981%;text-align: center;height: 327px\">Una vez clicado te aparecer\u00e1 un nuevo men\u00fa donde aparecer\u00e1n los iconos de los medios que puedes utilizar para desplazarte: <strong>coche, autob\u00fas, a pie, bicicleta o avi\u00f3n<\/strong>. Seleccionamos el que queramos calcular.<\/p>\n<p><img loading=\"lazy\" decoding=\"async\" class=\"alignnone size-full wp-image-6465\" src=\"https:\/\/blogsaverroes.juntadeandalucia.es\/ceperalmaden\/files\/2022\/03\/icono-desplazamiento.png\" alt=\"\" width=\"275\" height=\"64\" \/><\/p>\n<p>Su ubicaci\u00f3n te la facilitamos en la imagen que te facilitamos a la derecha.<\/td>\n<td style=\"width: 66.0102%;text-align: center;height: 327px\"><img loading=\"lazy\" decoding=\"async\" class=\"alignnone size-full wp-image-6466\" src=\"https:\/\/blogsaverroes.juntadeandalucia.es\/ceperalmaden\/files\/2022\/03\/maps-2.png\" alt=\"\" width=\"1600\" height=\"661\" srcset=\"https:\/\/blogsaverroes.juntadeandalucia.es\/ceperalmaden\/files\/2022\/03\/maps-2.png 1600w, https:\/\/blogsaverroes.juntadeandalucia.es\/ceperalmaden\/files\/2022\/03\/maps-2-300x124.png 300w, https:\/\/blogsaverroes.juntadeandalucia.es\/ceperalmaden\/files\/2022\/03\/maps-2-1024x423.png 1024w, https:\/\/blogsaverroes.juntadeandalucia.es\/ceperalmaden\/files\/2022\/03\/maps-2-768x317.png 768w, https:\/\/blogsaverroes.juntadeandalucia.es\/ceperalmaden\/files\/2022\/03\/maps-2-1536x635.png 1536w\" sizes=\"(max-width: 1600px) 100vw, 1600px\" \/><\/td>\n<\/tr>\n<tr style=\"height: 23px\">\n<td style=\"width: 6.49165%;text-align: center;height: 23px\"><strong>Paso 4<\/strong><\/td>\n<td style=\"width: 27.4981%;height: 23px;text-align: center\">Vamos a clicar como ejemplo el icono \u00aba pie\u00bb. Una vez clicado se nos activa adquiriendo la siguiente forma.<\/p>\n<p><img loading=\"lazy\" decoding=\"async\" class=\"alignnone size-full wp-image-6476\" src=\"https:\/\/blogsaverroes.juntadeandalucia.es\/ceperalmaden\/files\/2022\/03\/maps-3.png\" alt=\"\" width=\"64\" height=\"60\" \/><\/td>\n<td style=\"width: 66.0102%;height: 23px;text-align: center\"><img loading=\"lazy\" decoding=\"async\" class=\"alignnone size-full wp-image-6477\" src=\"https:\/\/blogsaverroes.juntadeandalucia.es\/ceperalmaden\/files\/2022\/03\/maps-4.png\" alt=\"\" width=\"1600\" height=\"655\" srcset=\"https:\/\/blogsaverroes.juntadeandalucia.es\/ceperalmaden\/files\/2022\/03\/maps-4.png 1600w, https:\/\/blogsaverroes.juntadeandalucia.es\/ceperalmaden\/files\/2022\/03\/maps-4-300x123.png 300w, https:\/\/blogsaverroes.juntadeandalucia.es\/ceperalmaden\/files\/2022\/03\/maps-4-1024x419.png 1024w, https:\/\/blogsaverroes.juntadeandalucia.es\/ceperalmaden\/files\/2022\/03\/maps-4-768x314.png 768w, https:\/\/blogsaverroes.juntadeandalucia.es\/ceperalmaden\/files\/2022\/03\/maps-4-1536x629.png 1536w\" sizes=\"(max-width: 1600px) 100vw, 1600px\" \/><\/td>\n<\/tr>\n<tr style=\"height: 23px\">\n<td style=\"width: 6.49165%;text-align: center;height: 23px\"><strong>Paso 5<\/strong><\/td>\n<td style=\"width: 27.4981%;height: 23px;text-align: center\">Clicamos en el primer espacio habilitado y escribimos el punto de origen de nuestra ruta.<\/p>\n<p><img loading=\"lazy\" decoding=\"async\" class=\"alignnone size-full wp-image-6481\" src=\"https:\/\/blogsaverroes.juntadeandalucia.es\/ceperalmaden\/files\/2022\/03\/maps-6.png\" alt=\"\" width=\"550\" height=\"223\" srcset=\"https:\/\/blogsaverroes.juntadeandalucia.es\/ceperalmaden\/files\/2022\/03\/maps-6.png 550w, https:\/\/blogsaverroes.juntadeandalucia.es\/ceperalmaden\/files\/2022\/03\/maps-6-300x122.png 300w\" sizes=\"(max-width: 550px) 100vw, 550px\" \/><\/p>\n<p>Se recomienda comenzar a escribir la direcci\u00f3n sin diminutivos: <strong>plaza, avenida, paseo, calle&#8230; <\/strong>Por <strong>ejemplo<\/strong> vamos introducir la direcci\u00f3n de la Estaci\u00f3n de Autobuses de Ja\u00e9n: <strong>Plaza Coca de la Pi\u00f1era, 6 Ja\u00e9n<\/strong><\/p>\n<p>Una vez introducida la direcci\u00f3n clicamos la lupa que hay a la derecha.<\/p>\n<p><img loading=\"lazy\" decoding=\"async\" class=\"alignnone size-full wp-image-6480\" src=\"https:\/\/blogsaverroes.juntadeandalucia.es\/ceperalmaden\/files\/2022\/03\/maps-5.png\" alt=\"\" width=\"402\" height=\"70\" srcset=\"https:\/\/blogsaverroes.juntadeandalucia.es\/ceperalmaden\/files\/2022\/03\/maps-5.png 402w, https:\/\/blogsaverroes.juntadeandalucia.es\/ceperalmaden\/files\/2022\/03\/maps-5-300x52.png 300w\" sizes=\"(max-width: 402px) 100vw, 402px\" \/><\/p>\n<p>&nbsp; Autom\u00e1ticamente nos aparecer\u00e1 el punto de origen de la ruta localizado como se puede observa en la imagen de la derecha.<\/td>\n<td style=\"width: 66.0102%;height: 23px;text-align: center\"><img loading=\"lazy\" decoding=\"async\" class=\"alignnone size-full wp-image-6484\" src=\"https:\/\/blogsaverroes.juntadeandalucia.es\/ceperalmaden\/files\/2022\/03\/maps-7.png\" alt=\"\" width=\"1600\" height=\"660\" srcset=\"https:\/\/blogsaverroes.juntadeandalucia.es\/ceperalmaden\/files\/2022\/03\/maps-7.png 1600w, https:\/\/blogsaverroes.juntadeandalucia.es\/ceperalmaden\/files\/2022\/03\/maps-7-300x124.png 300w, https:\/\/blogsaverroes.juntadeandalucia.es\/ceperalmaden\/files\/2022\/03\/maps-7-1024x422.png 1024w, https:\/\/blogsaverroes.juntadeandalucia.es\/ceperalmaden\/files\/2022\/03\/maps-7-768x317.png 768w, https:\/\/blogsaverroes.juntadeandalucia.es\/ceperalmaden\/files\/2022\/03\/maps-7-1536x633.png 1536w\" sizes=\"(max-width: 1600px) 100vw, 1600px\" \/><\/td>\n<\/tr>\n<tr>\n<td style=\"width: 6.49165%;text-align: center\"><strong>&nbsp;Paso 6<\/strong><\/td>\n<td style=\"width: 27.4981%;text-align: center\">Realizamos los mismos pasos que en el apartado anterior en el espacio habilitado para escribir la direcci\u00f3n de destino donde vamos a escribir la de nuestro Centro: <strong>Calle Mart\u00ednez Molina, 50 Ja\u00e9n<\/strong>. Seguidamente le damos a la lupa y nos aparecer\u00e1n las rutas definidas hacia el centro con su duraci\u00f3n y distancia.<\/td>\n<td style=\"width: 66.0102%;text-align: center\"><img loading=\"lazy\" decoding=\"async\" class=\"alignnone size-full wp-image-6487\" src=\"https:\/\/blogsaverroes.juntadeandalucia.es\/ceperalmaden\/files\/2022\/03\/maps-8.png\" alt=\"\" width=\"1600\" height=\"662\" srcset=\"https:\/\/blogsaverroes.juntadeandalucia.es\/ceperalmaden\/files\/2022\/03\/maps-8.png 1600w, https:\/\/blogsaverroes.juntadeandalucia.es\/ceperalmaden\/files\/2022\/03\/maps-8-300x124.png 300w, https:\/\/blogsaverroes.juntadeandalucia.es\/ceperalmaden\/files\/2022\/03\/maps-8-1024x423.png 1024w, https:\/\/blogsaverroes.juntadeandalucia.es\/ceperalmaden\/files\/2022\/03\/maps-8-768x318.png 768w, https:\/\/blogsaverroes.juntadeandalucia.es\/ceperalmaden\/files\/2022\/03\/maps-8-1536x635.png 1536w\" sizes=\"(max-width: 1600px) 100vw, 1600px\" \/><\/td>\n<\/tr>\n<\/tbody>\n<\/table>\n<p style=\"text-align: center\">&nbsp;<\/p>\n","protected":false},"excerpt":{"rendered":"<p>C\u00c1LCULO DE DISTANCIAS Y DURACI\u00d3N DE RUTAS AL CENTRO DIRECCI\u00d3N DEL C.E.PER. ALMAD\u00c9N: C\/ MART\u00cdNEZ MOLINA, 50 (Ja\u00e9n) &nbsp; &nbsp; Instrucciones para la realizaci\u00f3n de los c\u00e1lculos: &nbsp; Paso 1 Abre la aplicaci\u00f3n de Google&#46;&#46;&#46;<\/p>\n","protected":false},"author":6371,"featured_media":0,"parent":0,"menu_order":0,"comment_status":"closed","ping_status":"closed","template":"","meta":{"ngg_post_thumbnail":0,"footnotes":"","_mc_calendar":[]},"aioseo_notices":[],"_links":{"self":[{"href":"https:\/\/blogsaverroes.juntadeandalucia.es\/ceperalmaden\/wp-json\/wp\/v2\/pages\/6442"}],"collection":[{"href":"https:\/\/blogsaverroes.juntadeandalucia.es\/ceperalmaden\/wp-json\/wp\/v2\/pages"}],"about":[{"href":"https:\/\/blogsaverroes.juntadeandalucia.es\/ceperalmaden\/wp-json\/wp\/v2\/types\/page"}],"author":[{"embeddable":true,"href":"https:\/\/blogsaverroes.juntadeandalucia.es\/ceperalmaden\/wp-json\/wp\/v2\/users\/6371"}],"replies":[{"embeddable":true,"href":"https:\/\/blogsaverroes.juntadeandalucia.es\/ceperalmaden\/wp-json\/wp\/v2\/comments?post=6442"}],"version-history":[{"count":34,"href":"https:\/\/blogsaverroes.juntadeandalucia.es\/ceperalmaden\/wp-json\/wp\/v2\/pages\/6442\/revisions"}],"predecessor-version":[{"id":6493,"href":"https:\/\/blogsaverroes.juntadeandalucia.es\/ceperalmaden\/wp-json\/wp\/v2\/pages\/6442\/revisions\/6493"}],"wp:attachment":[{"href":"https:\/\/blogsaverroes.juntadeandalucia.es\/ceperalmaden\/wp-json\/wp\/v2\/media?parent=6442"}],"curies":[{"name":"wp","href":"https:\/\/api.w.org\/{rel}","templated":true}]}}