{"id":7086,"date":"2022-04-19T17:18:27","date_gmt":"2022-04-19T17:18:27","guid":{"rendered":"https:\/\/blogsaverroes.juntadeandalucia.es\/ceperalmaden\/?page_id=7086"},"modified":"2022-04-19T18:15:57","modified_gmt":"2022-04-19T18:15:57","slug":"tu-perfil-personal","status":"publish","type":"page","link":"https:\/\/blogsaverroes.juntadeandalucia.es\/ceperalmaden\/tu-perfil-personal\/","title":{"rendered":"TU PERFIL PERSONAL."},"content":{"rendered":"<h1 style=\"text-align: center\"><span style=\"color: #800000\"><strong>DESCUBRE C\u00d3MO ERES<\/strong><\/span><\/h1>\n<h3 style=\"text-align: center\"><span style=\"color: #0000ff\"><strong>ORIENTACI\u00d3N ACAD\u00c9MICA<\/strong><\/span><\/h3>\n<p style=\"text-align: center\"><img loading=\"lazy\" decoding=\"async\" class=\"alignnone wp-image-7087\" src=\"https:\/\/blogsaverroes.juntadeandalucia.es\/ceperalmaden\/files\/2022\/04\/Perfil-personal.jpg\" alt=\"\" width=\"894\" height=\"391\" srcset=\"https:\/\/blogsaverroes.juntadeandalucia.es\/ceperalmaden\/files\/2022\/04\/Perfil-personal.jpg 800w, https:\/\/blogsaverroes.juntadeandalucia.es\/ceperalmaden\/files\/2022\/04\/Perfil-personal-300x131.jpg 300w, https:\/\/blogsaverroes.juntadeandalucia.es\/ceperalmaden\/files\/2022\/04\/Perfil-personal-768x336.jpg 768w\" sizes=\"(max-width: 894px) 100vw, 894px\" \/><\/p>\n<p>Antes de dar cualquier paso para la realizaci\u00f3n de unos estudios o buscar una profesi\u00f3n debes investigarte a ti mismo o misma. Debes centrarte en dos aspectos:<\/p>\n<ul>\n<li>Estudiar tu perfil personal.<\/li>\n<li>Descubrir c\u00f3mo eres.<\/li>\n<\/ul>\n<p>Esto te ayudar\u00e1 enormemente a encontrar estudios y profesiones muy adecuados para ti.<\/p>\n<p style=\"text-align: justify\">\u00bfC\u00f3mo hacerlo? A trav\u00e9s de una herramienta que se denomina test de orientaci\u00f3n. Un<strong>&nbsp;test de orientaci\u00f3n<\/strong>&nbsp;es una herramienta que te permite realizar un proceso de&nbsp;<strong>autoconocimiento<\/strong> a trav\u00e9s de diferentes preguntas y reflexionar sobre las caracter\u00edsticas de tu perfil y los campos o \u00e1reas profesionales que est\u00e1n relacionados con \u00e9ste a partir de los resultados obtenidos. Entre las dimensiones que tratan estos test de evaluarte se encuentran:<\/p>\n<ul>\n<li>Rasgos de personalidad.<\/li>\n<li>Habilidades.<\/li>\n<li>Competencias.<\/li>\n<li>Valores.<\/li>\n<li>Intereses.<\/li>\n<\/ul>\n<p>Hay que tener en cuenta que los test son solo un recurso m\u00e1s a tener en cuenta para clarificar tu futura elecci\u00f3n.<\/p>\n<p style=\"text-align: justify\">Si decides utilizar esta herramienta, es importante que respondas con sinceridad y sepas leer bien los resultados. Cuando se hace es recomendable que se est\u00e9 con un orientador acad\u00e9mico y\/o profesional. &nbsp;<\/p>\n<p>Debes conocer ventajas e inconvenientes de los test.<\/p>\n<table style=\"border-collapse: collapse;width: 100%\">\n<tbody>\n<tr>\n<td style=\"width: 50%;text-align: center\"><strong>VENTAJAS<\/strong><\/td>\n<td style=\"width: 50%;text-align: center\"><strong>INCOVENIENTES<\/strong><\/td>\n<\/tr>\n<tr>\n<td style=\"width: 50%\">\n<ul>\n<li style=\"text-align: justify\">A trav\u00e9s de las diferentes preguntas, permiten que reflexiones sobre tus caracter\u00edsticas e intereses.<\/li>\n<li style=\"text-align: justify\">Algunos los puedes realizar de forma&nbsp;<em>online<\/em>&nbsp;y obtienes los resultados al momento.<\/li>\n<li style=\"text-align: justify\">Los puedes repetir siempre que quieras y realizar tantos como quieras.<\/li>\n<li style=\"text-align: justify\">No existen respuestas correctas o incorrectas, todo depende de c\u00f3mo seas.<\/li>\n<\/ul>\n<\/td>\n<td style=\"width: 50%\">\n<ul>\n<li style=\"text-align: justify\">Cada test puede tener un porcentaje mayor o menor de fiabilidad.<\/li>\n<li style=\"text-align: justify\">En los casos de las personas que tienen muchas dudas, los resultados reflejan esto, unos intereses dispares.<\/li>\n<li style=\"text-align: justify\">Su resultado no siempre coincide con las expectativas. Si esto pasa, se requiere un mayor trabajo de autoconocimiento.<\/li>\n<li style=\"text-align: justify\">Muchas veces requieren de la intervenci\u00f3n de un profesional para ayudar a entender e interpretar los resultados y ayudar a fijar los siguientes pasos.<\/li>\n<\/ul>\n<\/td>\n<\/tr>\n<\/tbody>\n<\/table>\n<p>Aqu\u00ed se te exponen a continuaci\u00f3n algunos ejemplos de test que se pueden realizar online:<\/p>\n<ul>\n<li><a href=\"https:\/\/www.educaweb.com\/orientacion\/intereses-profesionales\/\"><strong>Test de orientaci\u00f3n GR (Gran Recorrido)<\/strong><\/a>.&nbsp;<\/li>\n<li><a href=\"http:\/\/www.psicotecnicostest.com\/testdepersonalidad\/testdeorientacionvocacional.asp?TIP_2=Test%20de%20orientaci%F3n%20vocacional&amp;TIP_1=Test%20de%20Personalidad\" target=\"_blank\" rel=\"nofollow noopener noreferrer\"><strong>Psicot\u00e9cnicos test<\/strong><\/a>.<\/li>\n<li><strong><a href=\"https:\/\/innovacioneducativa.upm.es\/ingeniamoselfuturo\/test-de-orientacion\" target=\"_blank\" rel=\"nofollow noopener noreferrer\">Test de Orientaci\u00f3n de la Universidad Polit\u00e9cnica de Madrid.<\/a><\/strong><\/li>\n<\/ul>\n","protected":false},"excerpt":{"rendered":"<p>DESCUBRE C\u00d3MO ERES ORIENTACI\u00d3N ACAD\u00c9MICA Antes de dar cualquier paso para la realizaci\u00f3n de unos estudios o buscar una profesi\u00f3n debes investigarte a ti mismo o misma. Debes centrarte en dos aspectos: Estudiar tu perfil&#46;&#46;&#46;<\/p>\n","protected":false},"author":6371,"featured_media":0,"parent":0,"menu_order":0,"comment_status":"closed","ping_status":"closed","template":"","meta":{"ngg_post_thumbnail":0,"footnotes":"","_mc_calendar":[]},"aioseo_notices":[],"_links":{"self":[{"href":"https:\/\/blogsaverroes.juntadeandalucia.es\/ceperalmaden\/wp-json\/wp\/v2\/pages\/7086"}],"collection":[{"href":"https:\/\/blogsaverroes.juntadeandalucia.es\/ceperalmaden\/wp-json\/wp\/v2\/pages"}],"about":[{"href":"https:\/\/blogsaverroes.juntadeandalucia.es\/ceperalmaden\/wp-json\/wp\/v2\/types\/page"}],"author":[{"embeddable":true,"href":"https:\/\/blogsaverroes.juntadeandalucia.es\/ceperalmaden\/wp-json\/wp\/v2\/users\/6371"}],"replies":[{"embeddable":true,"href":"https:\/\/blogsaverroes.juntadeandalucia.es\/ceperalmaden\/wp-json\/wp\/v2\/comments?post=7086"}],"version-history":[{"count":12,"href":"https:\/\/blogsaverroes.juntadeandalucia.es\/ceperalmaden\/wp-json\/wp\/v2\/pages\/7086\/revisions"}],"predecessor-version":[{"id":7100,"href":"https:\/\/blogsaverroes.juntadeandalucia.es\/ceperalmaden\/wp-json\/wp\/v2\/pages\/7086\/revisions\/7100"}],"wp:attachment":[{"href":"https:\/\/blogsaverroes.juntadeandalucia.es\/ceperalmaden\/wp-json\/wp\/v2\/media?parent=7086"}],"curies":[{"name":"wp","href":"https:\/\/api.w.org\/{rel}","templated":true}]}}