{"id":82,"date":"2015-03-16T06:59:55","date_gmt":"2015-03-16T06:59:55","guid":{"rendered":"http:\/\/blogsaverroes.juntadeandalucia.es\/pre\/ceip\/?page_id=82"},"modified":"2019-06-21T21:36:44","modified_gmt":"2019-06-21T21:36:44","slug":"horarios","status":"publish","type":"page","link":"https:\/\/blogsaverroes.juntadeandalucia.es\/ceperalmaden\/horarios\/","title":{"rendered":"Horarios"},"content":{"rendered":"<p>&nbsp;<\/p>\n<table class=\" aligncenter\" style=\"width: 449px;height: 671px\">\n<tbody>\n<tr style=\"height: 26px\">\n<td style=\"width: 432px;height: 26px;text-align: center\" colspan=\"2\">\n<h2><span style=\"color: #800080\">Horarios de grupos de clase<\/span><\/h2>\n<\/td>\n<\/tr>\n<tr style=\"height: 3px\">\n<td style=\"width: 388.5px;height: 3px;text-align: center\">\n<h4><a href=\"https:\/\/docs.google.com\/document\/d\/1PMnZenMFG7z-hntvOxVspNliXwK02sl-q7WV5sFaEN0\/edit?usp=sharing\" target=\"_blank\" rel=\"noopener\">CEPer Almad\u00e9n&nbsp;(Ja\u00e9n)<\/a><\/h4>\n<\/td>\n<td style=\"width: 43.5px;height: 3px;text-align: center\"><a href=\"https:\/\/docs.google.com\/document\/d\/1PMnZenMFG7z-hntvOxVspNliXwK02sl-q7WV5sFaEN0\/edit?usp=sharing\" target=\"_blank\" rel=\"noopener\"><img loading=\"lazy\" decoding=\"async\" class=\"alignleft wp-image-2726\" src=\"https:\/\/blogsaverroes.juntadeandalucia.es\/ceperalmaden\/files\/2015\/03\/clic.png\" alt=\"\" width=\"43\" height=\"43\" srcset=\"https:\/\/blogsaverroes.juntadeandalucia.es\/ceperalmaden\/files\/2015\/03\/clic.png 225w, https:\/\/blogsaverroes.juntadeandalucia.es\/ceperalmaden\/files\/2015\/03\/clic-150x150.png 150w, https:\/\/blogsaverroes.juntadeandalucia.es\/ceperalmaden\/files\/2015\/03\/clic-100x100.png 100w, https:\/\/blogsaverroes.juntadeandalucia.es\/ceperalmaden\/files\/2015\/03\/clic-160x160.png 160w, https:\/\/blogsaverroes.juntadeandalucia.es\/ceperalmaden\/files\/2015\/03\/clic-320x320.png 320w, https:\/\/blogsaverroes.juntadeandalucia.es\/ceperalmaden\/files\/2015\/03\/clic-24x24.png 24w, https:\/\/blogsaverroes.juntadeandalucia.es\/ceperalmaden\/files\/2015\/03\/clic-36x36.png 36w, https:\/\/blogsaverroes.juntadeandalucia.es\/ceperalmaden\/files\/2015\/03\/clic-48x48.png 48w\" sizes=\"(max-width: 43px) 100vw, 43px\" \/><\/a><\/td>\n<\/tr>\n<tr style=\"height: 37px\">\n<td style=\"width: 388.5px;height: 37px;text-align: center\">\n<h4><a href=\"https:\/\/docs.google.com\/document\/d\/1Sv1HK7bStWYPTKa_KBHdJe1pyfq41elzkytY23PffKg\/edit?usp=sharing\" target=\"_blank\" rel=\"noopener\">SEP Aznait\u00edn (Albanchez)<\/a><\/h4>\n<\/td>\n<td style=\"width: 43.5px;height: 37px;text-align: center\"><a href=\"https:\/\/docs.google.com\/document\/d\/1Sv1HK7bStWYPTKa_KBHdJe1pyfq41elzkytY23PffKg\/edit?usp=sharing\" target=\"_blank\" rel=\"noopener\"><img loading=\"lazy\" decoding=\"async\" class=\"alignleft wp-image-2726\" src=\"https:\/\/blogsaverroes.juntadeandalucia.es\/ceperalmaden\/files\/2015\/03\/clic.png\" alt=\"\" width=\"43\" height=\"43\" srcset=\"https:\/\/blogsaverroes.juntadeandalucia.es\/ceperalmaden\/files\/2015\/03\/clic.png 225w, https:\/\/blogsaverroes.juntadeandalucia.es\/ceperalmaden\/files\/2015\/03\/clic-150x150.png 150w, https:\/\/blogsaverroes.juntadeandalucia.es\/ceperalmaden\/files\/2015\/03\/clic-100x100.png 100w, https:\/\/blogsaverroes.juntadeandalucia.es\/ceperalmaden\/files\/2015\/03\/clic-160x160.png 160w, https:\/\/blogsaverroes.juntadeandalucia.es\/ceperalmaden\/files\/2015\/03\/clic-320x320.png 320w, https:\/\/blogsaverroes.juntadeandalucia.es\/ceperalmaden\/files\/2015\/03\/clic-24x24.png 24w, https:\/\/blogsaverroes.juntadeandalucia.es\/ceperalmaden\/files\/2015\/03\/clic-36x36.png 36w, https:\/\/blogsaverroes.juntadeandalucia.es\/ceperalmaden\/files\/2015\/03\/clic-48x48.png 48w\" sizes=\"(max-width: 43px) 100vw, 43px\" \/><\/a><\/td>\n<\/tr>\n<tr style=\"height: 48px\">\n<td style=\"width: 388.5px;height: 48px;text-align: center\">\n<h4>&nbsp;<a href=\"https:\/\/docs.google.com\/document\/d\/1ObPJGjJa87czzpz89HcN3W85zrJsEoccU_4RX2rSIeI\/edit?usp=sharing\" target=\"_blank\" rel=\"noopener\">SEP Guadalijar (Huelma &#8211; Cambil)<\/a><\/h4>\n<\/td>\n<td style=\"width: 43.5px;height: 48px;text-align: center\"><a href=\"https:\/\/docs.google.com\/document\/d\/1ObPJGjJa87czzpz89HcN3W85zrJsEoccU_4RX2rSIeI\/edit?usp=sharing\" target=\"_blank\" rel=\"noopener\"><img loading=\"lazy\" decoding=\"async\" class=\"alignleft wp-image-2726\" src=\"https:\/\/blogsaverroes.juntadeandalucia.es\/ceperalmaden\/files\/2015\/03\/clic.png\" alt=\"\" width=\"43\" height=\"43\" srcset=\"https:\/\/blogsaverroes.juntadeandalucia.es\/ceperalmaden\/files\/2015\/03\/clic.png 225w, https:\/\/blogsaverroes.juntadeandalucia.es\/ceperalmaden\/files\/2015\/03\/clic-150x150.png 150w, https:\/\/blogsaverroes.juntadeandalucia.es\/ceperalmaden\/files\/2015\/03\/clic-100x100.png 100w, https:\/\/blogsaverroes.juntadeandalucia.es\/ceperalmaden\/files\/2015\/03\/clic-160x160.png 160w, https:\/\/blogsaverroes.juntadeandalucia.es\/ceperalmaden\/files\/2015\/03\/clic-320x320.png 320w, https:\/\/blogsaverroes.juntadeandalucia.es\/ceperalmaden\/files\/2015\/03\/clic-24x24.png 24w, https:\/\/blogsaverroes.juntadeandalucia.es\/ceperalmaden\/files\/2015\/03\/clic-36x36.png 36w, https:\/\/blogsaverroes.juntadeandalucia.es\/ceperalmaden\/files\/2015\/03\/clic-48x48.png 48w\" sizes=\"(max-width: 43px) 100vw, 43px\" \/><\/a><\/td>\n<\/tr>\n<tr style=\"height: 48px\">\n<td style=\"width: 388.5px;height: 48px;text-align: center\">\n<h4><a href=\"https:\/\/docs.google.com\/document\/d\/1Ea3ll11Fd3Qrm-Ccq159IKlsV7r31PBrom5JI6uPA_U\/edit?usp=sharing\" target=\"_blank\" rel=\"noopener\">SEP Los Jardinillos (Mancha Real)<\/a><\/h4>\n<\/td>\n<td style=\"width: 43.5px;height: 48px;text-align: center\"><a href=\"https:\/\/docs.google.com\/document\/d\/1Ea3ll11Fd3Qrm-Ccq159IKlsV7r31PBrom5JI6uPA_U\/edit?usp=sharing\" target=\"_blank\" rel=\"noopener\"><img loading=\"lazy\" decoding=\"async\" class=\"alignleft wp-image-2726\" src=\"https:\/\/blogsaverroes.juntadeandalucia.es\/ceperalmaden\/files\/2015\/03\/clic.png\" alt=\"\" width=\"43\" height=\"43\" srcset=\"https:\/\/blogsaverroes.juntadeandalucia.es\/ceperalmaden\/files\/2015\/03\/clic.png 225w, https:\/\/blogsaverroes.juntadeandalucia.es\/ceperalmaden\/files\/2015\/03\/clic-150x150.png 150w, https:\/\/blogsaverroes.juntadeandalucia.es\/ceperalmaden\/files\/2015\/03\/clic-100x100.png 100w, https:\/\/blogsaverroes.juntadeandalucia.es\/ceperalmaden\/files\/2015\/03\/clic-160x160.png 160w, https:\/\/blogsaverroes.juntadeandalucia.es\/ceperalmaden\/files\/2015\/03\/clic-320x320.png 320w, https:\/\/blogsaverroes.juntadeandalucia.es\/ceperalmaden\/files\/2015\/03\/clic-24x24.png 24w, https:\/\/blogsaverroes.juntadeandalucia.es\/ceperalmaden\/files\/2015\/03\/clic-36x36.png 36w, https:\/\/blogsaverroes.juntadeandalucia.es\/ceperalmaden\/files\/2015\/03\/clic-48x48.png 48w\" sizes=\"(max-width: 43px) 100vw, 43px\" \/><\/a><\/td>\n<\/tr>\n<tr style=\"height: 33px\">\n<td style=\"width: 388.5px;height: 33px;text-align: center\">\n<h4><a href=\"https:\/\/docs.google.com\/document\/d\/10AHa58GjJljS53zdwWkg2TMN_HHa02zg4gf_89nACVk\/edit?usp=sharing\" target=\"_blank\" rel=\"noopener\">SEP Puerta de M\u00e1gina (Jimena &#8211; B\u00e9lmez)<\/a><\/h4>\n<\/td>\n<td style=\"width: 43.5px;height: 33px;text-align: center\"><a href=\"https:\/\/docs.google.com\/document\/d\/10AHa58GjJljS53zdwWkg2TMN_HHa02zg4gf_89nACVk\/edit?usp=sharing\" target=\"_blank\" rel=\"noopener\"><img loading=\"lazy\" decoding=\"async\" class=\"alignleft wp-image-2726\" src=\"https:\/\/blogsaverroes.juntadeandalucia.es\/ceperalmaden\/files\/2015\/03\/clic.png\" alt=\"\" width=\"43\" height=\"43\" srcset=\"https:\/\/blogsaverroes.juntadeandalucia.es\/ceperalmaden\/files\/2015\/03\/clic.png 225w, https:\/\/blogsaverroes.juntadeandalucia.es\/ceperalmaden\/files\/2015\/03\/clic-150x150.png 150w, https:\/\/blogsaverroes.juntadeandalucia.es\/ceperalmaden\/files\/2015\/03\/clic-100x100.png 100w, https:\/\/blogsaverroes.juntadeandalucia.es\/ceperalmaden\/files\/2015\/03\/clic-160x160.png 160w, https:\/\/blogsaverroes.juntadeandalucia.es\/ceperalmaden\/files\/2015\/03\/clic-320x320.png 320w, https:\/\/blogsaverroes.juntadeandalucia.es\/ceperalmaden\/files\/2015\/03\/clic-24x24.png 24w, https:\/\/blogsaverroes.juntadeandalucia.es\/ceperalmaden\/files\/2015\/03\/clic-36x36.png 36w, https:\/\/blogsaverroes.juntadeandalucia.es\/ceperalmaden\/files\/2015\/03\/clic-48x48.png 48w\" sizes=\"(max-width: 43px) 100vw, 43px\" \/><\/a><\/td>\n<\/tr>\n<tr style=\"height: 28px\">\n<td style=\"width: 388.5px;height: 28px;text-align: center\">\n<h4><a href=\"https:\/\/docs.google.com\/document\/d\/1x--16C73gMKI-Nuo-86b0CMQgru4WDo5HJyjRMqWyo8\/edit?usp=sharing\" target=\"_blank\" rel=\"noopener\">SEP Santo Cristo (Cabra &#8211; Larva)<\/a><\/h4>\n<\/td>\n<td style=\"width: 43.5px;height: 28px;text-align: center\"><a href=\"https:\/\/docs.google.com\/document\/d\/1x--16C73gMKI-Nuo-86b0CMQgru4WDo5HJyjRMqWyo8\/edit?usp=sharing\"><img loading=\"lazy\" decoding=\"async\" class=\"alignleft wp-image-2726\" src=\"https:\/\/blogsaverroes.juntadeandalucia.es\/ceperalmaden\/files\/2015\/03\/clic.png\" alt=\"\" width=\"43\" height=\"43\" srcset=\"https:\/\/blogsaverroes.juntadeandalucia.es\/ceperalmaden\/files\/2015\/03\/clic.png 225w, https:\/\/blogsaverroes.juntadeandalucia.es\/ceperalmaden\/files\/2015\/03\/clic-150x150.png 150w, https:\/\/blogsaverroes.juntadeandalucia.es\/ceperalmaden\/files\/2015\/03\/clic-100x100.png 100w, https:\/\/blogsaverroes.juntadeandalucia.es\/ceperalmaden\/files\/2015\/03\/clic-160x160.png 160w, https:\/\/blogsaverroes.juntadeandalucia.es\/ceperalmaden\/files\/2015\/03\/clic-320x320.png 320w, https:\/\/blogsaverroes.juntadeandalucia.es\/ceperalmaden\/files\/2015\/03\/clic-24x24.png 24w, https:\/\/blogsaverroes.juntadeandalucia.es\/ceperalmaden\/files\/2015\/03\/clic-36x36.png 36w, https:\/\/blogsaverroes.juntadeandalucia.es\/ceperalmaden\/files\/2015\/03\/clic-48x48.png 48w\" sizes=\"(max-width: 43px) 100vw, 43px\" \/><\/a><\/td>\n<\/tr>\n<tr style=\"height: 48px\">\n<td style=\"width: 388.5px;height: 48px;text-align: center\">\n<h4><a href=\"https:\/\/docs.google.com\/document\/d\/119fgVinzAsatPDM8qLWl7rHs9q7GgK6QlFJlhgSDe5E\/edit?usp=sharing\" target=\"_blank\" rel=\"noopener\">SEP Torres (Torres)<\/a><\/h4>\n<\/td>\n<td style=\"width: 43.5px;height: 48px;text-align: center\"><a href=\"https:\/\/docs.google.com\/document\/d\/119fgVinzAsatPDM8qLWl7rHs9q7GgK6QlFJlhgSDe5E\/edit?usp=sharing\" target=\"_blank\" rel=\"noopener\"><img loading=\"lazy\" decoding=\"async\" class=\"alignleft wp-image-2726\" src=\"https:\/\/blogsaverroes.juntadeandalucia.es\/ceperalmaden\/files\/2015\/03\/clic.png\" alt=\"\" width=\"43\" height=\"43\" srcset=\"https:\/\/blogsaverroes.juntadeandalucia.es\/ceperalmaden\/files\/2015\/03\/clic.png 225w, https:\/\/blogsaverroes.juntadeandalucia.es\/ceperalmaden\/files\/2015\/03\/clic-150x150.png 150w, https:\/\/blogsaverroes.juntadeandalucia.es\/ceperalmaden\/files\/2015\/03\/clic-100x100.png 100w, https:\/\/blogsaverroes.juntadeandalucia.es\/ceperalmaden\/files\/2015\/03\/clic-160x160.png 160w, https:\/\/blogsaverroes.juntadeandalucia.es\/ceperalmaden\/files\/2015\/03\/clic-320x320.png 320w, https:\/\/blogsaverroes.juntadeandalucia.es\/ceperalmaden\/files\/2015\/03\/clic-24x24.png 24w, https:\/\/blogsaverroes.juntadeandalucia.es\/ceperalmaden\/files\/2015\/03\/clic-36x36.png 36w, https:\/\/blogsaverroes.juntadeandalucia.es\/ceperalmaden\/files\/2015\/03\/clic-48x48.png 48w\" sizes=\"(max-width: 43px) 100vw, 43px\" \/><\/a><\/td>\n<\/tr>\n<tr style=\"height: 48px\">\n<td style=\"width: 388.5px;height: 48px;text-align: center\">\n<h4><a href=\"https:\/\/docs.google.com\/document\/d\/1luUOykIc0LX_5LfVhQ8q19hb2GxmA0X86JllcUpSqpc\/edit?usp=sharing\" target=\"_blank\" rel=\"noopener\">SEP Virgen de la Paz (B\u00e9lmez)<\/a><\/h4>\n<\/td>\n<td style=\"width: 43.5px;height: 48px;text-align: center\"><a href=\"https:\/\/docs.google.com\/document\/d\/1luUOykIc0LX_5LfVhQ8q19hb2GxmA0X86JllcUpSqpc\/edit?usp=sharing\" target=\"_blank\" rel=\"noopener\"><img loading=\"lazy\" decoding=\"async\" class=\"alignleft wp-image-2726\" src=\"https:\/\/blogsaverroes.juntadeandalucia.es\/ceperalmaden\/files\/2015\/03\/clic.png\" alt=\"\" width=\"43\" height=\"43\" srcset=\"https:\/\/blogsaverroes.juntadeandalucia.es\/ceperalmaden\/files\/2015\/03\/clic.png 225w, https:\/\/blogsaverroes.juntadeandalucia.es\/ceperalmaden\/files\/2015\/03\/clic-150x150.png 150w, https:\/\/blogsaverroes.juntadeandalucia.es\/ceperalmaden\/files\/2015\/03\/clic-100x100.png 100w, https:\/\/blogsaverroes.juntadeandalucia.es\/ceperalmaden\/files\/2015\/03\/clic-160x160.png 160w, https:\/\/blogsaverroes.juntadeandalucia.es\/ceperalmaden\/files\/2015\/03\/clic-320x320.png 320w, https:\/\/blogsaverroes.juntadeandalucia.es\/ceperalmaden\/files\/2015\/03\/clic-24x24.png 24w, https:\/\/blogsaverroes.juntadeandalucia.es\/ceperalmaden\/files\/2015\/03\/clic-36x36.png 36w, https:\/\/blogsaverroes.juntadeandalucia.es\/ceperalmaden\/files\/2015\/03\/clic-48x48.png 48w\" sizes=\"(max-width: 43px) 100vw, 43px\" \/><\/a><\/td>\n<\/tr>\n<\/tbody>\n<\/table>\n","protected":false},"excerpt":{"rendered":"<p>&nbsp; Horarios de grupos de clase CEPer Almad\u00e9n&nbsp;(Ja\u00e9n) SEP Aznait\u00edn (Albanchez) &nbsp;SEP Guadalijar (Huelma &#8211; Cambil) SEP Los Jardinillos (Mancha Real) SEP Puerta de M\u00e1gina (Jimena &#8211; B\u00e9lmez) SEP Santo Cristo (Cabra &#8211; Larva) SEP&#46;&#46;&#46;<\/p>\n","protected":false},"author":1,"featured_media":0,"parent":0,"menu_order":0,"comment_status":"open","ping_status":"open","template":"page-templates\/child-menu.php","meta":{"ngg_post_thumbnail":0,"footnotes":"","_mc_calendar":[]},"aioseo_notices":[],"_links":{"self":[{"href":"https:\/\/blogsaverroes.juntadeandalucia.es\/ceperalmaden\/wp-json\/wp\/v2\/pages\/82"}],"collection":[{"href":"https:\/\/blogsaverroes.juntadeandalucia.es\/ceperalmaden\/wp-json\/wp\/v2\/pages"}],"about":[{"href":"https:\/\/blogsaverroes.juntadeandalucia.es\/ceperalmaden\/wp-json\/wp\/v2\/types\/page"}],"author":[{"embeddable":true,"href":"https:\/\/blogsaverroes.juntadeandalucia.es\/ceperalmaden\/wp-json\/wp\/v2\/users\/1"}],"replies":[{"embeddable":true,"href":"https:\/\/blogsaverroes.juntadeandalucia.es\/ceperalmaden\/wp-json\/wp\/v2\/comments?post=82"}],"version-history":[{"count":22,"href":"https:\/\/blogsaverroes.juntadeandalucia.es\/ceperalmaden\/wp-json\/wp\/v2\/pages\/82\/revisions"}],"predecessor-version":[{"id":4518,"href":"https:\/\/blogsaverroes.juntadeandalucia.es\/ceperalmaden\/wp-json\/wp\/v2\/pages\/82\/revisions\/4518"}],"wp:attachment":[{"href":"https:\/\/blogsaverroes.juntadeandalucia.es\/ceperalmaden\/wp-json\/wp\/v2\/media?parent=82"}],"curies":[{"name":"wp","href":"https:\/\/api.w.org\/{rel}","templated":true}]}}