{"id":2625,"date":"2020-09-22T07:58:54","date_gmt":"2020-09-22T07:58:54","guid":{"rendered":"https:\/\/blogsaverroes.juntadeandalucia.es\/ceperalmanjayarcartuja\/?page_id=2625"},"modified":"2021-03-18T05:53:17","modified_gmt":"2021-03-18T05:53:17","slug":"que-puedo-estudiar","status":"publish","type":"page","link":"https:\/\/blogsaverroes.juntadeandalucia.es\/ceperalmanjayarcartuja\/que-puedo-estudiar\/","title":{"rendered":"Qu\u00e9 puedo estudiar"},"content":{"rendered":"<p>En el CEPER Almanjayar-Cartuja podr\u00e1s estudiar los siguientes planes:<\/p>\n<p><strong>Plan Educativo:<\/strong><\/p>\n<ul>\n<li>Formaci\u00f3n b\u00e1sica.<\/li>\n<\/ul>\n<p><strong>Plan de preparaci\u00f3n para t\u00edtulos oficiales:<\/strong><\/p>\n<ul>\n<li>Educaci\u00f3n Secundaria de Adultos.<\/li>\n<\/ul>\n<p><strong>Planes de fomento de la ciudadan\u00eda activa:<\/strong><\/p>\n<ul>\n<li>Uso b\u00e1sico de idiomas (ingl\u00e9s): nivel b\u00e1sico y medio.<\/li>\n<li>Tecnolog\u00edas de la informaci\u00f3n y comunicaci\u00f3n (inform\u00e1tica).<\/li>\n<li>Conocimiento del Patrimonio Cultural de Andaluc\u00eda.<\/li>\n<li>H\u00e1bitos de Vida Saludable.<\/li>\n<li>Espa\u00f1ol para extranjeros.<\/li>\n<\/ul>\n<p>AULAS DEL CEPER ALMANJ\u00c1YAR CARTUJA:<\/p>\n<ul>\n<li>Juan Ram\u00f3n Jim\u00e9nez<\/li>\n<li>Fray Luis de Granada<\/li>\n<li>Santa Amelia<\/li>\n<li>Centro C\u00edvico Beiro<\/li>\n<li>Centro de Usos M\u00faltiple Beiro<\/li>\n<li>Bolines<\/li>\n<\/ul>\n","protected":false},"excerpt":{"rendered":"<p>En el CEPER Almanjayar-Cartuja podr\u00e1s estudiar los siguientes planes: Plan Educativo: Formaci\u00f3n b\u00e1sica. Plan de preparaci\u00f3n para t\u00edtulos oficiales: Educaci\u00f3n Secundaria de Adultos. Planes de fomento de la ciudadan\u00eda activa: Uso b\u00e1sico de idiomas (ingl\u00e9s): nivel b\u00e1sico y medio. Tecnolog\u00edas de la informaci\u00f3n y comunicaci\u00f3n (inform\u00e1tica). Conocimiento del Patrimonio Cultural de Andaluc\u00eda. H\u00e1bitos de Vida &hellip; <\/p>\n<p class=\"link-more\"><a href=\"https:\/\/blogsaverroes.juntadeandalucia.es\/ceperalmanjayarcartuja\/que-puedo-estudiar\/\" class=\"more-link\">Continuar leyendo<span class=\"screen-reader-text\"> \u00abQu\u00e9 puedo estudiar\u00bb<\/span><\/a><\/p>\n","protected":false},"author":10248,"featured_media":0,"parent":0,"menu_order":0,"comment_status":"closed","ping_status":"closed","template":"","meta":{"ngg_post_thumbnail":0,"footnotes":"","_mc_calendar":[]},"aioseo_notices":[],"_links":{"self":[{"href":"https:\/\/blogsaverroes.juntadeandalucia.es\/ceperalmanjayarcartuja\/wp-json\/wp\/v2\/pages\/2625"}],"collection":[{"href":"https:\/\/blogsaverroes.juntadeandalucia.es\/ceperalmanjayarcartuja\/wp-json\/wp\/v2\/pages"}],"about":[{"href":"https:\/\/blogsaverroes.juntadeandalucia.es\/ceperalmanjayarcartuja\/wp-json\/wp\/v2\/types\/page"}],"author":[{"embeddable":true,"href":"https:\/\/blogsaverroes.juntadeandalucia.es\/ceperalmanjayarcartuja\/wp-json\/wp\/v2\/users\/10248"}],"replies":[{"embeddable":true,"href":"https:\/\/blogsaverroes.juntadeandalucia.es\/ceperalmanjayarcartuja\/wp-json\/wp\/v2\/comments?post=2625"}],"version-history":[{"count":4,"href":"https:\/\/blogsaverroes.juntadeandalucia.es\/ceperalmanjayarcartuja\/wp-json\/wp\/v2\/pages\/2625\/revisions"}],"predecessor-version":[{"id":2815,"href":"https:\/\/blogsaverroes.juntadeandalucia.es\/ceperalmanjayarcartuja\/wp-json\/wp\/v2\/pages\/2625\/revisions\/2815"}],"wp:attachment":[{"href":"https:\/\/blogsaverroes.juntadeandalucia.es\/ceperalmanjayarcartuja\/wp-json\/wp\/v2\/media?parent=2625"}],"curies":[{"name":"wp","href":"https:\/\/api.w.org\/{rel}","templated":true}]}}