{"id":2636,"date":"2020-09-22T08:19:46","date_gmt":"2020-09-22T08:19:46","guid":{"rendered":"https:\/\/blogsaverroes.juntadeandalucia.es\/ceperalmanjayarcartuja\/?page_id=2636"},"modified":"2021-02-16T09:02:36","modified_gmt":"2021-02-16T09:02:36","slug":"covid-19","status":"publish","type":"page","link":"https:\/\/blogsaverroes.juntadeandalucia.es\/ceperalmanjayarcartuja\/covid-19\/","title":{"rendered":"Covid-19"},"content":{"rendered":"<p><strong>PROTOCOLO DE ACTUACI\u00d3N COVID-19<\/strong><\/p>\n<ul>\n<li><strong><span style=\"color: #0000ff\"><a style=\"color: #0000ff;text-decoration: underline\" href=\"https:\/\/blogsaverroes.juntadeandalucia.es\/ceperalmanjayarcartuja\/files\/2020\/09\/Protoc.COVID_.1.2.pdf\" target=\"_blank\" rel=\"noopener noreferrer\">Protocolo de actuaci\u00f3n Covid-19 <\/a><a style=\"color: #0000ff;text-decoration: underline\" href=\"https:\/\/blogsaverroes.juntadeandalucia.es\/ceperalmanjayarcartuja\/files\/2020\/09\/Protoc.COVID_.1.2.pdf\" target=\"_blank\" rel=\"noopener noreferrer\">(PDF).<\/a><\/span><\/strong><\/li>\n<li><strong><a href=\"https:\/\/blogsaverroes.juntadeandalucia.es\/ceperalmanjayarcartuja\/files\/2021\/02\/Gui\u0301a-del-alumnado-para-la-asistencia-a-clase-respetando-el-Protocolo-Covid.pdf\">Gui\u0301a del alumnado para la asistencia a clase respetando el Protocolo Covid<\/a><\/strong><\/li>\n<\/ul>\n<p><strong>P\u00c1GINAS WEB DE INTER\u00c9S<\/strong><\/p>\n<ul>\n<li><strong>Web Informaci\u00f3n sobre la evoluci\u00f3n y comportamiento del COVID-19<\/strong> <a href=\"https:\/\/www.juntadeandalucia.es\/institutodeestadisticaycartografia\/salud\/COVID19.html\" target=\"_blank\" rel=\"noopener noreferrer\">https:\/\/www.juntadeandalucia.es\/institutodeestadisticaycartografia\/salud\/COVID19.html<\/a><\/li>\n<li><strong>Web situaci\u00f3n COVID-19 Ministerio de Salud<\/strong> <a href=\"https:\/\/www.mscbs.gob.es\/profesionales\/saludPublica\/ccayes\/alertasActual\/nCov\/home.htm\" target=\"_blank\" rel=\"noopener noreferrer\">https:\/\/www.mscbs.gob.es\/profesionales\/saludPublica\/ccayes\/alertasActual\/nCov\/home.htm<\/a><\/li>\n<\/ul>\n<p>&nbsp;<\/p>\n<p><strong>COMPOSICI\u00d3N COMISI\u00d3N ESPEC\u00cdFICA COVID-19<\/strong><\/p>\n<table width=\"100%\">\n<tbody>\n<tr>\n<td width=\"15%\"><strong>Cargo<\/strong><\/td>\n<td width=\"40%\"><strong>Apellidos, Nombre<\/strong><\/td>\n<td width=\"22%\"><strong>Cargo \/ Responsabilidad<\/strong><\/td>\n<td width=\"20%\"><strong>Sector comunidad educativa<\/strong><\/td>\n<\/tr>\n<tr>\n<td width=\"15%\">Presidencia<\/td>\n<td width=\"40%\">Dolores Fern\u00e1ndez Fern\u00e1ndez<\/td>\n<td width=\"22%\">Coordinadora COVID<\/td>\n<td width=\"20%\">Profesorado<\/td>\n<\/tr>\n<tr>\n<td width=\"15%\">Secretar\u00eda<\/td>\n<td width=\"40%\">Manuel S\u00e1nchez Ortega<\/td>\n<td width=\"22%\">Coordinador Plan Autoprotecci\u00f3n y Prevenci\u00f3n de Riesgos Laborales<\/td>\n<td width=\"20%\">Profesorado<\/td>\n<\/tr>\n<tr>\n<td width=\"15%\">Miembro<\/td>\n<td width=\"40%\">Rafael E. Morales Toribio<\/td>\n<td width=\"22%\">Coordinador Programa de H\u00e1bitos de Vida Saludable<\/td>\n<td width=\"20%\">Profesorado<\/td>\n<\/tr>\n<tr>\n<td width=\"15%\">Miembro<\/td>\n<td width=\"40%\">Sergio L\u00f3pez Fajardo<\/td>\n<td width=\"22%\">&nbsp;<\/td>\n<td width=\"20%\">PAS<\/td>\n<\/tr>\n<tr>\n<td width=\"15%\">Miembro<\/td>\n<td width=\"40%\">Valent\u00edn Martos Mart\u00ednez<\/td>\n<td width=\"22%\">Representante del Ayuntamiento<\/td>\n<td width=\"20%\">Ayuntamiento<\/td>\n<\/tr>\n<tr>\n<td width=\"15%\">Miembro<\/td>\n<td width=\"40%\">Emilio Mota Romero<\/td>\n<td width=\"22%\">Enlace del Centro de Salud de referencia.<\/td>\n<td width=\"20%\">Consejer\u00eda de Salud<\/td>\n<\/tr>\n<\/tbody>\n<\/table>\n<p>&nbsp;<\/p>\n<p>&nbsp;<\/p>\n<p>&nbsp;<\/p>\n<p><strong>ENLACES DE INTER\u00c9S<\/strong><\/p>\n<ul>\n<li>Web de la Junta de Andaluc\u00eda. <a href=\"https:\/\/www.juntadeandalucia.es\/coronavirus\/\">https:\/\/www.juntadeandalucia.es\/coronavirus\/<\/a><\/li>\n<li>Web del Ministerio <a href=\"https:\/\/www.mscbs.gob.es\/profesionales\/saludPublica\/ccayes\/alertasActual\/nCov\/home.htm\">https:\/\/www.mscbs.gob.es\/profesionales\/saludPublica\/ccayes\/alertasActual\/nCov\/home.htm<\/a><\/li>\n<\/ul>\n<p>&nbsp;<\/p>\n","protected":false},"excerpt":{"rendered":"<p>PROTOCOLO DE ACTUACI\u00d3N COVID-19 Protocolo de actuaci\u00f3n Covid-19 (PDF). Gui\u0301a del alumnado para la asistencia a clase respetando el Protocolo Covid P\u00c1GINAS WEB DE INTER\u00c9S Web Informaci\u00f3n sobre la evoluci\u00f3n y comportamiento del COVID-19 https:\/\/www.juntadeandalucia.es\/institutodeestadisticaycartografia\/salud\/COVID19.html Web situaci\u00f3n COVID-19 Ministerio de Salud https:\/\/www.mscbs.gob.es\/profesionales\/saludPublica\/ccayes\/alertasActual\/nCov\/home.htm &nbsp; COMPOSICI\u00d3N COMISI\u00d3N ESPEC\u00cdFICA COVID-19 Cargo Apellidos, Nombre Cargo \/ Responsabilidad Sector comunidad &hellip; <\/p>\n<p class=\"link-more\"><a href=\"https:\/\/blogsaverroes.juntadeandalucia.es\/ceperalmanjayarcartuja\/covid-19\/\" class=\"more-link\">Continuar leyendo<span class=\"screen-reader-text\"> \u00abCovid-19\u00bb<\/span><\/a><\/p>\n","protected":false},"author":10248,"featured_media":0,"parent":0,"menu_order":0,"comment_status":"closed","ping_status":"closed","template":"","meta":{"ngg_post_thumbnail":0,"footnotes":"","_mc_calendar":[]},"aioseo_notices":[],"_links":{"self":[{"href":"https:\/\/blogsaverroes.juntadeandalucia.es\/ceperalmanjayarcartuja\/wp-json\/wp\/v2\/pages\/2636"}],"collection":[{"href":"https:\/\/blogsaverroes.juntadeandalucia.es\/ceperalmanjayarcartuja\/wp-json\/wp\/v2\/pages"}],"about":[{"href":"https:\/\/blogsaverroes.juntadeandalucia.es\/ceperalmanjayarcartuja\/wp-json\/wp\/v2\/types\/page"}],"author":[{"embeddable":true,"href":"https:\/\/blogsaverroes.juntadeandalucia.es\/ceperalmanjayarcartuja\/wp-json\/wp\/v2\/users\/10248"}],"replies":[{"embeddable":true,"href":"https:\/\/blogsaverroes.juntadeandalucia.es\/ceperalmanjayarcartuja\/wp-json\/wp\/v2\/comments?post=2636"}],"version-history":[{"count":16,"href":"https:\/\/blogsaverroes.juntadeandalucia.es\/ceperalmanjayarcartuja\/wp-json\/wp\/v2\/pages\/2636\/revisions"}],"predecessor-version":[{"id":2812,"href":"https:\/\/blogsaverroes.juntadeandalucia.es\/ceperalmanjayarcartuja\/wp-json\/wp\/v2\/pages\/2636\/revisions\/2812"}],"wp:attachment":[{"href":"https:\/\/blogsaverroes.juntadeandalucia.es\/ceperalmanjayarcartuja\/wp-json\/wp\/v2\/media?parent=2636"}],"curies":[{"name":"wp","href":"https:\/\/api.w.org\/{rel}","templated":true}]}}