{"id":42,"date":"2015-03-13T08:40:47","date_gmt":"2015-03-13T08:40:47","guid":{"rendered":"http:\/\/blogsaverroes.juntadeandalucia.es\/pre\/ceip\/?page_id=42"},"modified":"2021-02-12T09:21:45","modified_gmt":"2021-02-12T09:21:45","slug":"equipo-directivo","status":"publish","type":"page","link":"https:\/\/blogsaverroes.juntadeandalucia.es\/ceperalmanjayarcartuja\/equipo-directivo\/","title":{"rendered":"Equipo directivo"},"content":{"rendered":"<p><strong>Equipo Directivo:<\/strong><\/p>\n<ul>\n<li><strong>Directora<\/strong>: Dolores Fern\u00e1ndez Fern\u00e1ndez.<\/li>\n<li><strong>Jefa de Estudios:<\/strong> Cristina Morillas Mart\u00edn.<\/li>\n<li><strong>Secretario:<\/strong> Arc\u00e1ngel Vilches Santiago.<\/li>\n<\/ul>\n","protected":false},"excerpt":{"rendered":"<p>Equipo Directivo: Directora: Dolores Fern\u00e1ndez Fern\u00e1ndez. Jefa de Estudios: Cristina Morillas Mart\u00edn. Secretario: Arc\u00e1ngel Vilches Santiago.<\/p>\n","protected":false},"author":1,"featured_media":0,"parent":0,"menu_order":0,"comment_status":"open","ping_status":"open","template":"","meta":{"ngg_post_thumbnail":0,"footnotes":"","_mc_calendar":[]},"aioseo_notices":[],"_links":{"self":[{"href":"https:\/\/blogsaverroes.juntadeandalucia.es\/ceperalmanjayarcartuja\/wp-json\/wp\/v2\/pages\/42"}],"collection":[{"href":"https:\/\/blogsaverroes.juntadeandalucia.es\/ceperalmanjayarcartuja\/wp-json\/wp\/v2\/pages"}],"about":[{"href":"https:\/\/blogsaverroes.juntadeandalucia.es\/ceperalmanjayarcartuja\/wp-json\/wp\/v2\/types\/page"}],"author":[{"embeddable":true,"href":"https:\/\/blogsaverroes.juntadeandalucia.es\/ceperalmanjayarcartuja\/wp-json\/wp\/v2\/users\/1"}],"replies":[{"embeddable":true,"href":"https:\/\/blogsaverroes.juntadeandalucia.es\/ceperalmanjayarcartuja\/wp-json\/wp\/v2\/comments?post=42"}],"version-history":[{"count":7,"href":"https:\/\/blogsaverroes.juntadeandalucia.es\/ceperalmanjayarcartuja\/wp-json\/wp\/v2\/pages\/42\/revisions"}],"predecessor-version":[{"id":2798,"href":"https:\/\/blogsaverroes.juntadeandalucia.es\/ceperalmanjayarcartuja\/wp-json\/wp\/v2\/pages\/42\/revisions\/2798"}],"wp:attachment":[{"href":"https:\/\/blogsaverroes.juntadeandalucia.es\/ceperalmanjayarcartuja\/wp-json\/wp\/v2\/media?parent=42"}],"curies":[{"name":"wp","href":"https:\/\/api.w.org\/{rel}","templated":true}]}}