{"id":1001,"date":"2020-10-26T12:40:12","date_gmt":"2020-10-26T12:40:12","guid":{"rendered":"https:\/\/ceperalmazara.wordpress.com\/?page_id=1001"},"modified":"2020-10-26T12:40:12","modified_gmt":"2020-10-26T12:40:12","slug":"carne-de-estudiante","status":"publish","type":"page","link":"https:\/\/blogsaverroes.juntadeandalucia.es\/ceperalmazara\/carne-de-estudiante\/","title":{"rendered":"CARN\u00c9 DE ESTUDIANTE"},"content":{"rendered":"\n<p class=\"has-text-align-justify\">El alumnado con matr\u00edcula en vigor en algunos de los planes educativos en el centro podr\u00e1 solicitar el carn\u00e9 de estudiante.<\/p>\n\n\n\n<p class=\"has-text-align-justify\">Para hacerlo deber\u00e1 dirigirse en horario de atenci\u00f3n al p\u00fablico a la direcci\u00f3n del centro o las jefaturas delegadas de cada secci\u00f3n (los horarios est\u00e1n disponibles en la secci\u00f3n HORARIOS).<\/p>\n\n\n\n<p>El procedimiento para solicitar el carn\u00e9 es el siguiente:<\/p>\n\n\n\n<ol><li><strong>Realizar el pago de la tasa a trav\u00e9s del\u00a0<a href=\"https:\/\/www.ceh.junta-andalucia.es\/economiayhacienda\/apl\/surweb\/modelos\/modelo046\/046.jsp\">modelo 046<\/a>, disponible en la Oficina Virtual de la Junta de Andaluc\u00eda. En su cumplimentaci\u00f3n deber\u00e1 indicar:<\/strong><\/li><\/ol>\n\n\n\n<ul><li>Autoliquidaci\u00f3n.<\/li><li>Total a ingresar: 1.27 \u20ac.<\/li><li>C\u00f3digo territorial: ED0000.<\/li><li>C\u00f3digo \u00d3rgano Territorial: CONSEJER\u00cdA DE EDUCACI\u00d3N.<\/li><li>Concepto de pago: 0027. Por servicios administrativos.<\/li><li>Descripci\u00f3n: Carn\u00e9 de Estudiante.<\/li><\/ul>\n\n\n\n<ol start=\"2\"><li><strong>Entregar el justificante del pago.<\/strong><\/li><\/ol>\n\n\n\n<p class=\"has-text-align-justify\">Para poder emitirle el carn\u00e9 ser\u00e1 necesario disponer de una fotograf\u00eda en su ficha electr\u00f3nica de alumno. En caso de no tenerla tendr\u00e1 que aportarla. <\/p>\n","protected":false},"excerpt":{"rendered":"<p>El alumnado con matr\u00edcula en vigor en algunos de los planes educativos en el centro podr\u00e1 solicitar el carn\u00e9 de estudiante. Para hacerlo deber\u00e1 dirigirse&hellip;<\/p>\n","protected":false},"author":6259,"featured_media":0,"parent":0,"menu_order":0,"comment_status":"closed","ping_status":"closed","template":"","meta":{"ngg_post_thumbnail":0,"footnotes":"","_mc_calendar":[]},"aioseo_notices":[],"_links":{"self":[{"href":"https:\/\/blogsaverroes.juntadeandalucia.es\/ceperalmazara\/wp-json\/wp\/v2\/pages\/1001"}],"collection":[{"href":"https:\/\/blogsaverroes.juntadeandalucia.es\/ceperalmazara\/wp-json\/wp\/v2\/pages"}],"about":[{"href":"https:\/\/blogsaverroes.juntadeandalucia.es\/ceperalmazara\/wp-json\/wp\/v2\/types\/page"}],"author":[{"embeddable":true,"href":"https:\/\/blogsaverroes.juntadeandalucia.es\/ceperalmazara\/wp-json\/wp\/v2\/users\/6259"}],"replies":[{"embeddable":true,"href":"https:\/\/blogsaverroes.juntadeandalucia.es\/ceperalmazara\/wp-json\/wp\/v2\/comments?post=1001"}],"version-history":[{"count":0,"href":"https:\/\/blogsaverroes.juntadeandalucia.es\/ceperalmazara\/wp-json\/wp\/v2\/pages\/1001\/revisions"}],"wp:attachment":[{"href":"https:\/\/blogsaverroes.juntadeandalucia.es\/ceperalmazara\/wp-json\/wp\/v2\/media?parent=1001"}],"curies":[{"name":"wp","href":"https:\/\/api.w.org\/{rel}","templated":true}]}}