{"id":101,"date":"2018-07-30T13:44:58","date_gmt":"2018-07-30T13:44:58","guid":{"rendered":"https:\/\/ceperalmazara.wordpress.com\/?page_id=101"},"modified":"2018-07-30T13:44:58","modified_gmt":"2018-07-30T13:44:58","slug":"ingles-3","status":"publish","type":"page","link":"https:\/\/blogsaverroes.juntadeandalucia.es\/ceperalmazara\/ingles-3\/","title":{"rendered":"INGL\u00c9S"},"content":{"rendered":"<p>Actualmente el CEPER Almazara oferta dos planes educativos en los que se imparten clases de ingl\u00e9s.<\/p>\n<h2 style=\"text-align:justify\"><strong>PLAN DE USO B\u00c1SICO DE INGL\u00c9S<\/strong><\/h2>\n<p style=\"text-align:justify\">Se oferta el <strong>plan de uso b\u00e1sico de ingl\u00e9s,<\/strong> perteneciente a los planes educativos no formales para el fomento de la ciudadan\u00eda activa, en el cual se proporciona al alumnado un conocimiento b\u00e1sico del idioma. Para un mejor funcionamiento y aprovechamiento de las clases, clasificamos al alumnado en distintos niveles seg\u00fan el Marco Europeo de Referencia de las lenguas. En la actualidad, impartimos el nivel de iniciaci\u00f3n al que llamamos A0 y los niveles A1, A2 y B1. En ocasiones y cuando los profesores lo consideren necesario, se har\u00e1n subdivisiones de grupos dentro de cada nivel.<\/p>\n<p style=\"text-align:justify\"><strong>\u00bfCu\u00e1les son los horarios?<\/strong><\/p>\n<p style=\"text-align:justify\">Antes de matricularte debes asegurarte de que los horarios te vienen bien. <strong>Estos pueden variar de un curso a otro.<\/strong> Hay niveles que se imparten en horario de ma\u00f1ana, otros de tarde y en otros tienes la posibilidad de elegir ambas opciones. Para conocer los horarios acude al centro dentro del horario de informaci\u00f3n y matriculaciones.<\/p>\n<p style=\"text-align:justify\"><strong>\u00bfCu\u00e1l es el plazo de matriculaci\u00f3n?<\/strong><\/p>\n<p style=\"text-align:justify\">El plazo de matriculaci\u00f3n es el mismo que para el resto de planes educativos que se imparten en educaci\u00f3n permanente:<\/p>\n<ul style=\"text-align:justify\">\n<li style=\"list-style-type:none\">\n<ul>\n<li>Plazo ordinario del 1 al 15 de junio<\/li>\n<li>Plazo extraordinario (si quedaran plazas vacantes): del 1 al 15 de septiembre.<\/li>\n<li>Plazo adicional (si siguieran quedando vacantes): hasta el 22 de diciembre (no recomendamos la incorporaci\u00f3n con el curso ya empezado a menos que ya se tenga cierto nivel).<\/li>\n<\/ul>\n<\/li>\n<\/ul>\n<p style=\"text-align:justify\"><strong>\u00bfObtendr\u00e9 un t\u00edtulo oficial al superar el curso?<\/strong><\/p>\n<p style=\"text-align:justify\"><strong>No.<\/strong> Se trata de un plan educativo no formal, por tanto, no conduce a la obtenci\u00f3n de titulaci\u00f3n oficial, no obstante, al superar el curso con calificaci\u00f3n positiva podr\u00e1s solicitar en la direcci\u00f3n del centro un certificado de aprovechamiento o diploma, el cual carece de validez oficial o como m\u00e9rito a efectos de acceso o promoci\u00f3n a puestos de empleo p\u00fablico, pero puede servirte para incorporarlo a tu curriculum vitae. Adem\u00e1s, y si lo deseas, tendr\u00e1s la posibilidad de matricularte por tu cuenta como alumnado libre de la Escuela Oficial de Idiomas y presentarte a las pruebas libres de certificaci\u00f3n que se convocan en junio y septiembre. Para consultar cualquier cuesti\u00f3n relacionado con la Escuela Oficial de Idiomas, dir\u00edgete directamente a la EOI Al-Xaraf de Mairena del Aljarafe.<\/p>\n<p style=\"text-align:justify\"><strong>\u00bfD\u00f3nde se imparten las clases?<\/strong><\/p>\n<p style=\"text-align:justify\">En las instalaciones del CEPER Almazara y las de sus secciones de San Juan de Aznalfarache, Palomares del r\u00edo y Almensilla. <strong>No todos los niveles se imparten en los cuatro municipios.<\/strong><\/p>\n<p style=\"text-align:justify\"><strong>\u00bfCu\u00e1nto dura el curso?<\/strong><\/p>\n<p style=\"text-align:justify\">Tiene la duraci\u00f3n de un curso escolar. Las clases se rigen por el calendario escolar oficial fijado por la Delegaci\u00f3n Territorial de Educaci\u00f3n de Sevilla al que se le a\u00f1aden los d\u00edas no lectivos designados por el Consejo Escolar Municipal y el pleno municipal de los respectivos municipios. El curso comienza a mediados de septiembre y termina en junio.<\/p>\n<p style=\"text-align:justify\"><strong>\u00bfCu\u00e1ntas clases tendr\u00e9 a la semana?<\/strong><\/p>\n<p style=\"text-align:justify\">Dependiendo del nivel en el que te matricules tendr\u00e1s 1 \u00f3 2 clases semanales de entre 90 y 120 minutos.<\/p>\n<p style=\"text-align:justify\"><strong>\u00bfEs obligatoria la asistencia a clase?<\/strong><\/p>\n<p style=\"text-align:justify\">El curso es totalmente presencial. No es obligatoria la asistencia pero no tendr\u00eda sentido matricularte si no vas a asistir a clase o si vas a asistir parcialmente. En las ense\u00f1anzas de idiomas es especialmente importante la presencialidad y se pierde f\u00e1cilmente el hilo si faltas a varias clases consecutivas.<\/p>\n<p style=\"text-align:justify\">Si no dispones de tiempo puedes plantearte la matriculaci\u00f3n en la modalidad semipresencial que oferta la Escuela Oficial de Idiomas o en la modalidad a distancia que oferta el Instituto de Ense\u00f1anzas a Distancia de Andaluc\u00eda.<\/p>\n<p style=\"text-align:justify\"><strong>\u00bfQu\u00e9 precio tiene?<\/strong><\/p>\n<p style=\"text-align:justify\">Todos los cursos son gratuitos. Se trata de un centro educativo p\u00fablico perteneciente a la Consejer\u00eda de Educaci\u00f3n. La matriculaci\u00f3n est\u00e1 exenta del pago de tasas acad\u00e9micas.<\/p>\n<p style=\"text-align:justify\"><strong>\u00bfQu\u00e9 metodolog\u00eda se emplea en las clases?<\/strong><\/p>\n<p style=\"text-align:justify\">Se emplea una metodolog\u00eda actualizada basada en el enfoque comunicativo donde se trabajan las cuatro destrezas de la lengua: escuchar, hablar, leer y escribir. Las actividades orales son frecuentes tanto en grupo como en parejas. Se hace uso de materiales audiovisuales: libros de texto, hojas de trabajo, v\u00eddeos, pizarra, posters, flashcards, etc.<\/p>\n<p style=\"text-align:justify\"><strong>\u00bfQu\u00e9 materiales necesito?<\/strong><\/p>\n<p style=\"text-align:justify\">Cada profesor har\u00e1 una sesi\u00f3n de presentaci\u00f3n al comienzo del curso donde explicar\u00e1 los materiales que se van a necesitar. En algunos niveles se usa libro de texto.<\/p>\n<hr \/>\n<h2><\/h2>\n<h2 style=\"text-align:justify\"><strong>PLAN DE OBTENCI\u00d3N DE LA TITULACI\u00d3N DE INGL\u00c9S B\u00c1SICO A TRAV\u00c9S DE LA ESCUELA OFICIAL DE IDIOMAS<\/strong><\/h2>\n<p style=\"text-align:justify\">Aparte del plan de uso b\u00e1sico de ingl\u00e9s anteriormente descrito, el CEPER Almazara tambi\u00e9n imparte el PLAN DE OBTENCI\u00d3N DE LA TITULACI\u00d3N DE INGL\u00c9S B\u00c1SICO como centro adscrito a la EOI Al-Xaraf de Mairena del Aljarafe en la modalidad SEMIPRESENCIAL TUTOR\u00cdA DE APOYO AL ESTUDIO (TAE).<\/p>\n<p style=\"text-align:justify\">Recomendamos la matriculaci\u00f3n en este plan a aquellas personas que tengan inter\u00e9s en la obtenci\u00f3n de la titulaci\u00f3n oficial de nivel b\u00e1sico (equivalente a A2 seg\u00fan el Marco Europeo de Referencia de las lenguas).<\/p>\n<p>Este plan se compone de dos cursos:<\/p>\n<ul>\n<li style=\"text-align:justify\">1\u00ba de Nivel b\u00e1sico o A1: podr\u00e1n matricularse en este nivel cualquier personas, no obstante, recomendamos tener al menos una m\u00ednima base de conocimientos.<\/li>\n<li style=\"text-align:justify\">2\u00ba de Nivel b\u00e1sico o A2: solo podr\u00e1n matricularse en este nivel aquellas personas que hayan superado el nivel A1 en la EOI o que hayan superado la asignatura ingl\u00e9s de 1\u00ba de Bachillerato o de un Ciclo formativo de Grado medio.<\/li>\n<\/ul>\n<p style=\"text-align:justify\">Para poder matricularte en este plan deber\u00e1s entregar la solicitud de admisi\u00f3n en el plazo oficial <strong>(normalmente la primera quincena de mayo)<\/strong>. Podr\u00e1s entregar la solicitud de manera telem\u00e1tica o presencialmente en la secretar\u00eda de la EOI Al-Xaraf o el CEPER. En caso de que el n\u00famero de solicitudes exceda el n\u00famero de plazas, la EOI elaborar\u00e1 un baremo seg\u00fan la renta de la unidad familiar.<\/p>\n<p style=\"text-align:justify\">Al tratarse de un Plan Educativo formal que conduce a la obtenci\u00f3n de una titulaci\u00f3n oficial, s\u00ed tendr\u00e1s que abonar el imparte de las tasas acad\u00e9micas y de apertura del expediente en la EOI antes de la matriculaci\u00f3n (apr\u00f3ximadamente 80 euros).<\/p>\n<p style=\"text-align:justify\">Una vez admitido\/a, tendr\u00e1s que pagar las tasas y formalizar la matr\u00edcula con la EOI entre el 1 y 10 de julio. Las clases este plan educativo se impartir\u00e1n en el CEPER o secci\u00f3n. Adem\u00e1s de las clases tendr\u00e1s que realizar durante el curso distintas actividades en una plataforma online y tendr\u00e1s que realizar el examen de final de curso en la EOI, donde se evaluar\u00e1n las 4 destrezas. Contar\u00e1s con la figura del tutor en el CEPER o secci\u00f3n que impartir\u00e1 las cases y te guiar\u00e1 durante el curso, y con el profesor de la EOI que evaluar\u00e1 las tareas de la plataforma y el examen final.<\/p>\n<hr \/>\n<p style=\"text-align:justify\"><em><span style=\"color:#ff0000\"><b style=\"color:#ff0000\">Toda la informaci\u00f3n publicada en esta web tiene mero car\u00e1cter informativo y carece de <\/b><span style=\"color:#ff0000\"><b>car\u00e1cter<\/b><\/span><b style=\"color:#ff0000\"> oficial. Solo tendr\u00e1 tal consideraci\u00f3n la informaci\u00f3n publicada en los tablones de anuncios de los centros, en BOJA y en BOE.<\/b><\/span><\/em><\/p>\n<p><span style=\"float:none;background-color:transparent;color:#3d596d;cursor:text;font-family:'Noto Serif', Georgia, 'Times New Roman', Times, serif;font-size:16px;font-style:normal;font-variant:normal;font-weight:400;letter-spacing:normal;line-height:19.2px;text-align:left;text-decoration:none;text-indent:0;text-transform:none\">[googleapps domain=\u00bbdrive\u00bb dir=\u00bb\/file\/d<\/span><span style=\"float:none;background-color:transparent;color:#3d596d;cursor:text;font-family:'Noto Serif', Georgia, 'Times New Roman', Times, serif;font-size:16px;font-style:normal;font-variant:normal;font-weight:400;letter-spacing:normal;line-height:19.2px;text-align:left;text-decoration:none;text-indent:0;text-transform:none\">\/1HbI7IElG7RslGmqUfNVyt0FlqBNn4MZv \u00bb query=\u00bb\u00bb width=\u00bb1000&#8243; height=\u00bb800&#8243; \/]<\/span><\/p>\n<p><code>[googleapps domain=\"drive\" dir=\"\/file\/d\/1UrM0Dp4Bt7seWml-WSKonO2gO7E2Zuz8SrmOV3e6GqE\" query=\"\" width=\"1000\" height=\"800\" \/]<\/code><\/p>\n","protected":false},"excerpt":{"rendered":"<p>Actualmente el CEPER Almazara oferta dos planes educativos en los que se imparten clases de ingl\u00e9s. PLAN DE USO B\u00c1SICO DE INGL\u00c9S Se oferta el&hellip;<\/p>\n","protected":false},"author":6259,"featured_media":0,"parent":0,"menu_order":0,"comment_status":"closed","ping_status":"closed","template":"","meta":{"ngg_post_thumbnail":0,"footnotes":"","_mc_calendar":[]},"aioseo_notices":[],"_links":{"self":[{"href":"https:\/\/blogsaverroes.juntadeandalucia.es\/ceperalmazara\/wp-json\/wp\/v2\/pages\/101"}],"collection":[{"href":"https:\/\/blogsaverroes.juntadeandalucia.es\/ceperalmazara\/wp-json\/wp\/v2\/pages"}],"about":[{"href":"https:\/\/blogsaverroes.juntadeandalucia.es\/ceperalmazara\/wp-json\/wp\/v2\/types\/page"}],"author":[{"embeddable":true,"href":"https:\/\/blogsaverroes.juntadeandalucia.es\/ceperalmazara\/wp-json\/wp\/v2\/users\/6259"}],"replies":[{"embeddable":true,"href":"https:\/\/blogsaverroes.juntadeandalucia.es\/ceperalmazara\/wp-json\/wp\/v2\/comments?post=101"}],"version-history":[{"count":0,"href":"https:\/\/blogsaverroes.juntadeandalucia.es\/ceperalmazara\/wp-json\/wp\/v2\/pages\/101\/revisions"}],"wp:attachment":[{"href":"https:\/\/blogsaverroes.juntadeandalucia.es\/ceperalmazara\/wp-json\/wp\/v2\/media?parent=101"}],"curies":[{"name":"wp","href":"https:\/\/api.w.org\/{rel}","templated":true}]}}