{"id":1018,"date":"2020-11-25T12:57:03","date_gmt":"2020-11-25T12:57:03","guid":{"rendered":"https:\/\/ceperalmazara.wordpress.com\/?page_id=1018"},"modified":"2020-11-25T12:57:03","modified_gmt":"2020-11-25T12:57:03","slug":"seguro-escolar","status":"publish","type":"page","link":"https:\/\/blogsaverroes.juntadeandalucia.es\/ceperalmazara\/seguro-escolar\/","title":{"rendered":"SEGURO ESCOLAR"},"content":{"rendered":"\n<p>Todas las personas menores de 28 a\u00f1os que se matriculen en un plan educativo formal ofertado por un centro educativo sostenido con fondos p\u00fablicos, deber\u00e1n abonar en el momento de la matriculaci\u00f3n el importe correspondiente al seguro escolar. <\/p>\n\n\n\n<figure class=\"wp-block-image size-large\"><img loading=\"lazy\" decoding=\"async\" width=\"592\" height=\"667\" src=\"https:\/\/blogsaverroes.juntadeandalucia.es\/ceperalmazara\/files\/2020\/11\/seguro_escolar.gif?w=592\" alt=\"\" class=\"wp-image-1024\" \/><\/figure>\n\n\n\n<p>PUEDES CONSULTAR M\u00c1S INFORMACI\u00d3N AQU\u00cd<\/p>\n\n\n\n<p>http:\/\/www.seg-social.es\/wps\/portal\/wss\/internet\/InformacionUtil\/44539\/45073<\/p>\n","protected":false},"excerpt":{"rendered":"<p>Todas las personas menores de 28 a\u00f1os que se matriculen en un plan educativo formal ofertado por un centro educativo sostenido con fondos p\u00fablicos, deber\u00e1n&hellip;<\/p>\n","protected":false},"author":6259,"featured_media":0,"parent":0,"menu_order":0,"comment_status":"closed","ping_status":"closed","template":"","meta":{"ngg_post_thumbnail":0,"footnotes":"","_mc_calendar":[]},"aioseo_notices":[],"_links":{"self":[{"href":"https:\/\/blogsaverroes.juntadeandalucia.es\/ceperalmazara\/wp-json\/wp\/v2\/pages\/1018"}],"collection":[{"href":"https:\/\/blogsaverroes.juntadeandalucia.es\/ceperalmazara\/wp-json\/wp\/v2\/pages"}],"about":[{"href":"https:\/\/blogsaverroes.juntadeandalucia.es\/ceperalmazara\/wp-json\/wp\/v2\/types\/page"}],"author":[{"embeddable":true,"href":"https:\/\/blogsaverroes.juntadeandalucia.es\/ceperalmazara\/wp-json\/wp\/v2\/users\/6259"}],"replies":[{"embeddable":true,"href":"https:\/\/blogsaverroes.juntadeandalucia.es\/ceperalmazara\/wp-json\/wp\/v2\/comments?post=1018"}],"version-history":[{"count":0,"href":"https:\/\/blogsaverroes.juntadeandalucia.es\/ceperalmazara\/wp-json\/wp\/v2\/pages\/1018\/revisions"}],"wp:attachment":[{"href":"https:\/\/blogsaverroes.juntadeandalucia.es\/ceperalmazara\/wp-json\/wp\/v2\/media?parent=1018"}],"curies":[{"name":"wp","href":"https:\/\/api.w.org\/{rel}","templated":true}]}}