{"id":103,"date":"2018-07-30T13:45:00","date_gmt":"2018-07-30T13:45:00","guid":{"rendered":"https:\/\/ceperalmazara.wordpress.com\/?page_id=103"},"modified":"2018-07-30T13:45:00","modified_gmt":"2018-07-30T13:45:00","slug":"informatica","status":"publish","type":"page","link":"https:\/\/blogsaverroes.juntadeandalucia.es\/ceperalmazara\/informatica\/","title":{"rendered":"INFORM\u00c1TICA Y DISPOSITIVOS M\u00d3VILES"},"content":{"rendered":"<p style=\"text-align:justify\">Uno de los cursos que oferta nuestro centro y sus secciones, y adem\u00e1s de los m\u00e1s demandados por la poblaci\u00f3n, es el curso de inform\u00e1tica y nuevas tecnolog\u00edas.<\/p>\n<p style=\"text-align:justify\">Este curso pertenece a los Planes Educativos No Formales para el Fomento de la Ciudadan\u00eda Activa ofertados por los CENTROS DE EDUCACI\u00d3N PERMANENTE.<\/p>\n<p style=\"text-align:justify\">Nuestro centro cuenta con 2 aulas de inform\u00e1tica, una de ellas dotada con 25 ordenadores y otra con 12. Todos ellos cuentan con el sistema operativo Windows 10 por se el que tiene un uso m\u00e1s extendido entre el usuario com\u00fan.<\/p>\n<p style=\"text-align:justify\">Actualmente el centro cuenta con m\u00e1s de 200 alumnos\/as\u00a0 de todas las edades matriculados en este plan que hemos estructurado en tres niveles:<\/p>\n<ul>\n<li style=\"text-align:justify\">NIVEL B\u00c1SICO: en este nivel se imparten los conocimientos b\u00e1sicos para usar un ordenador y un m\u00f3vil: familiarizaci\u00f3n con el sistema operativo Windows 10, creaci\u00f3n y modificaci\u00f3n de carpetas, uso del rat\u00f3n y del teclado, crear una cuenta de correo GMAIL, etc. Est\u00e1 orientado a personas que nunca han usado un ordenador o que tienen un conocimiento muy b\u00e1sico.<\/li>\n<\/ul>\n<p>&nbsp;<\/p>\n<ul>\n<li>NIVEL INTERMEDIO: este nivel est\u00e1 orientado a personas que usan el ordenador y el m\u00f3vil y habitualmente, pero desean actualizar sus conocimientos. Aprender\u00e1s a:<\/li>\n<\/ul>\n<ul>\n<li style=\"list-style-type:none\">\n<ul>\n<li>Usar las aplicaciones del paquete GOOGLE (GOOGLE FOTOS, DRIVE, GOOGLE CONTACTOS, GOOGLE MAPS, GOOGLE KEEP, GOOGLE TASKS&#8230;),<\/li>\n<li>Gestionar el correo electr\u00f3nico GMAIL con eficiencia<\/li>\n<li>Familiarizaci\u00f3n con los sistemas operativos WINDOWS 10 y ANDROID<\/li>\n<li>Uso de c\u00f3digos QR<\/li>\n<li>Uso del certificado digital<\/li>\n<li>Uso de la nube<\/li>\n<li>Otras aplicaciones \u00fatiles que pueden resultar de inter\u00e9s para la poblaci\u00f3n general tales como WHATSAPP, SHAZAM, SPOTIFY, TELEGRAM, etc.<\/li>\n<\/ul>\n<\/li>\n<\/ul>\n<p>&nbsp;<\/p>\n<ul>\n<li>NIVEL AVANZADO: En este nivel aprender\u00e1s a manejar el paquete OFFICE y todo lo anterior con mayor nivel de profundidad en la materia.<\/li>\n<\/ul>\n<p>Si deseas matricularte deber\u00e1s hacerlo dentro los plazos legales de matriculaci\u00f3n en las ense\u00f1anzas de educaci\u00f3n permanente, puedes consultarlo en el apartado matriculaci\u00f3n.<\/p>\n","protected":false},"excerpt":{"rendered":"<p>Uno de los cursos que oferta nuestro centro y sus secciones, y adem\u00e1s de los m\u00e1s demandados por la poblaci\u00f3n, es el curso de inform\u00e1tica&hellip;<\/p>\n","protected":false},"author":6259,"featured_media":0,"parent":0,"menu_order":0,"comment_status":"closed","ping_status":"closed","template":"","meta":{"ngg_post_thumbnail":0,"footnotes":"","_mc_calendar":[]},"aioseo_notices":[],"_links":{"self":[{"href":"https:\/\/blogsaverroes.juntadeandalucia.es\/ceperalmazara\/wp-json\/wp\/v2\/pages\/103"}],"collection":[{"href":"https:\/\/blogsaverroes.juntadeandalucia.es\/ceperalmazara\/wp-json\/wp\/v2\/pages"}],"about":[{"href":"https:\/\/blogsaverroes.juntadeandalucia.es\/ceperalmazara\/wp-json\/wp\/v2\/types\/page"}],"author":[{"embeddable":true,"href":"https:\/\/blogsaverroes.juntadeandalucia.es\/ceperalmazara\/wp-json\/wp\/v2\/users\/6259"}],"replies":[{"embeddable":true,"href":"https:\/\/blogsaverroes.juntadeandalucia.es\/ceperalmazara\/wp-json\/wp\/v2\/comments?post=103"}],"version-history":[{"count":0,"href":"https:\/\/blogsaverroes.juntadeandalucia.es\/ceperalmazara\/wp-json\/wp\/v2\/pages\/103\/revisions"}],"wp:attachment":[{"href":"https:\/\/blogsaverroes.juntadeandalucia.es\/ceperalmazara\/wp-json\/wp\/v2\/media?parent=103"}],"curies":[{"name":"wp","href":"https:\/\/api.w.org\/{rel}","templated":true}]}}