{"id":1045,"date":"2020-12-11T11:37:23","date_gmt":"2020-12-11T11:37:23","guid":{"rendered":"https:\/\/ceperalmazara.wordpress.com\/?page_id=1045"},"modified":"2020-12-11T11:37:23","modified_gmt":"2020-12-11T11:37:23","slug":"archivo-de-noticias","status":"publish","type":"page","link":"https:\/\/blogsaverroes.juntadeandalucia.es\/ceperalmazara\/archivo-de-noticias\/","title":{"rendered":"ARCHIVO DE NOTICIAS"},"content":{"rendered":"\n<p><a href=\"https:\/\/ceperalmazara.wordpress.com\/2019\/09\/24\/una-alumna-del-ceper-almazara-recibe-en-la-universidad-de-sevilla-el-diploma-a-la-calificacion-mas-alta-en-la-prueba-de-acceso-a-la-universidad-para-mayores-de-45-anos\/\">Una alumna del CEPER Almazara recibe en la Universidad de Sevilla el diploma a la calificaci\u00f3n m\u00e1s alta en la Prueba de Acceso a la Universidad para mayores de 45&nbsp;a\u00f1os<\/a><\/p>\n\n\n\n<p><a rel=\"noreferrer noopener\" href=\"https:\/\/ceperalmazara.wordpress.com\/2019\/02\/15\/una-alumna-del-ceper-almazara-recibe-el-premio-al-esfuerzo-y-a-la-superacion-personal-otorgado-por-la-consejeria-de-educacion-de-la-junta-de-andalucia\/\" target=\"_blank\">Una alumna del CEPER Almazara recibe el premio al esfuerzo y a la superaci\u00f3n personal otorgado por la Consejer\u00eda de Educaci\u00f3n de la Junta de&nbsp;Andaluc\u00eda<\/a><\/p>\n\n\n\n<p><a href=\"https:\/\/ceperalmazara.wordpress.com\/2019\/05\/22\/visita-a-gibraltar-14-de-mayo-2019\/\" target=\"_blank\" rel=\"noreferrer noopener\">Visita a Gibraltar 14 de mayo&nbsp;2019<\/a><\/p>\n\n\n\n<p><a href=\"https:\/\/ceperalmazara.wordpress.com\/2019\/04\/01\/visita-a-triana-viernes-22-de-marzo-de-2019\/\">Visita a Triana. Viernes 22 de marzo de\u00a02019<\/a><\/p>\n\n\n\n<p><a href=\"https:\/\/ceperalmazara.wordpress.com\/2020\/10\/08\/estreno-de-la-obra-the-witch-of-oz\/\">ESTRENO DE LA OBRA \u201cTHE WITCH OF\u00a0OZ\u201d<\/a><\/p>\n\n\n\n<p><a href=\"https:\/\/ceperalmazara.wordpress.com\/2020\/01\/10\/obra-de-teatro-the-cinderella\/\">OBRA DE TEATRO \u201cTHE CINDERELLA\u201d<\/a><\/p>\n","protected":false},"excerpt":{"rendered":"<p>Una alumna del CEPER Almazara recibe en la Universidad de Sevilla el diploma a la calificaci\u00f3n m\u00e1s alta en la Prueba de Acceso a la&hellip;<\/p>\n","protected":false},"author":6259,"featured_media":0,"parent":0,"menu_order":0,"comment_status":"closed","ping_status":"closed","template":"","meta":{"ngg_post_thumbnail":0,"footnotes":"","_mc_calendar":[]},"aioseo_notices":[],"_links":{"self":[{"href":"https:\/\/blogsaverroes.juntadeandalucia.es\/ceperalmazara\/wp-json\/wp\/v2\/pages\/1045"}],"collection":[{"href":"https:\/\/blogsaverroes.juntadeandalucia.es\/ceperalmazara\/wp-json\/wp\/v2\/pages"}],"about":[{"href":"https:\/\/blogsaverroes.juntadeandalucia.es\/ceperalmazara\/wp-json\/wp\/v2\/types\/page"}],"author":[{"embeddable":true,"href":"https:\/\/blogsaverroes.juntadeandalucia.es\/ceperalmazara\/wp-json\/wp\/v2\/users\/6259"}],"replies":[{"embeddable":true,"href":"https:\/\/blogsaverroes.juntadeandalucia.es\/ceperalmazara\/wp-json\/wp\/v2\/comments?post=1045"}],"version-history":[{"count":0,"href":"https:\/\/blogsaverroes.juntadeandalucia.es\/ceperalmazara\/wp-json\/wp\/v2\/pages\/1045\/revisions"}],"wp:attachment":[{"href":"https:\/\/blogsaverroes.juntadeandalucia.es\/ceperalmazara\/wp-json\/wp\/v2\/media?parent=1045"}],"curies":[{"name":"wp","href":"https:\/\/api.w.org\/{rel}","templated":true}]}}