{"id":1098,"date":"2021-04-09T10:13:36","date_gmt":"2021-04-09T10:13:36","guid":{"rendered":"https:\/\/ceperalmazara.wordpress.com\/?page_id=1098"},"modified":"2021-04-09T10:13:36","modified_gmt":"2021-04-09T10:13:36","slug":"clave-iande","status":"publish","type":"page","link":"https:\/\/blogsaverroes.juntadeandalucia.es\/ceperalmazara\/clave-iande\/","title":{"rendered":"CLAVE IANDE"},"content":{"rendered":"\n<p class=\"has-text-align-justify\">Para facilitar telem\u00e1ticamente los procedimientos de inscripci\u00f3n en procedimientos de admisi\u00f3n y de realizaci\u00f3n de pruebas libres y as\u00ed evitar que los interesados tengan que desplazarse, se ha habilitado el<strong>\u00a0Identificador Andaluz Educativo (iANDE)<\/strong>, una clave que les permitir\u00e1 autenticarse en la Secretar\u00eda Virtual de forma \u00e1gil y r\u00e1pida. <\/p>\n\n\n\n<p class=\"has-text-align-justify\">Debido a la situaci\u00f3n provocada por el COVID-19 se recomienda la tramitaci\u00f3n online de todos los procedimientos a trav\u00e9s de la Secretar\u00eda Virtual<\/p>\n\n\n\n<p><strong>Obtenci\u00f3n de la clave iANDE<\/strong><\/p>\n\n\n\n<p class=\"has-text-align-justify\"><strong>iANDE<\/strong>&nbsp;es una nueva contrase\u00f1a que permite acceder de forma muy sencilla a la secretar\u00eda virtual de la Consejer\u00eda de Educaci\u00f3n. Puede obtener su clave iANDE de <strong>dos formas:&nbsp;<\/strong><\/p>\n\n\n\n<p><\/p>\n\n\n\n<p><strong>1.-&nbsp; Consulta de la clave iANDE<\/strong> <span style=\"color:#a30900\" class=\"has-inline-color\"><strong>(para personas actualmente matriculadas en alg\u00fan centro educativo)<\/strong><\/span><\/p>\n\n\n\n<p class=\"has-text-align-justify\">La clave iANDE se encuentra en la app iPasen (aplicaci\u00f3n que permite acceder al Portal de comunicaci\u00f3n entre alumnos, familias y centros educativos. Una vez haya accedido a la app con sus credenciales, podr\u00e1 consultarla en un mensaje anclado en la bandeja de entrada de la secci\u00f3n <strong>Comunicaciones<\/strong>. <\/p>\n\n\n\n<p>En este mensaje el alumnado tendr\u00e1 a su disposici\u00f3n su clave iande y las claves iANDE de cada uno de sus hijos. Este mensaje permanece fijo y no se puede borrar.<\/p>\n\n\n\n<p>Cuando entre en iPASEN, busque su clave iANDE en&nbsp;<em>Comunicaciones &gt; Recibidos &gt; Primer mensajes (Administrador PASEN identificador Andaluz Educativo (iANDE)<\/em>.<\/p>\n\n\n\n<figure class=\"wp-block-table\"><table><tbody><tr><td><a href=\"https:\/\/blogsaverroes.juntadeandalucia.es\/iesramonycajalfuengirola\/files\/2020\/06\/ipasen_1.jpg\"><\/a><\/td><td><a href=\"https:\/\/blogsaverroes.juntadeandalucia.es\/iesramonycajalfuengirola\/files\/2020\/06\/iPasen_2.jpg\"><\/a><\/td><td><a href=\"https:\/\/blogsaverroes.juntadeandalucia.es\/iesramonycajalfuengirola\/files\/2020\/06\/iPasen_3.jpg\"><\/a><\/td><\/tr><\/tbody><\/table><\/figure>\n\n\n\n<figure class=\"wp-block-table\"><table><tbody><tr><td>La Clave iANDE estar\u00e1 en el primer mensaje que se encuentra anclado y no se puede borrar: <br><br><strong>Consta de:<\/strong><br><br>&#8211; <strong>La fecha de nacimiento del alumno\/a: dd\/mm\/aaaa<\/strong><br>&#8211; <strong>Clave iANDE: (d\u00edgitos con n\u00fameros y letras may\u00fasculas) Por ejemplo: XYZ123A<\/strong><\/td><\/tr><\/tbody><\/table><\/figure>\n\n\n\n<p><\/p>\n\n\n\n<p><\/p>\n\n\n\n<p class=\"has-text-align-justify\"><strong>2.- Solicitud de la clave iANDE<\/strong> <strong><span style=\"color:#039e56\" class=\"has-inline-color\">(para personas que no se encuentran matriculadas en ning\u00fan centro educativo)<\/span><\/strong><\/p>\n\n\n\n<p class=\"has-text-align-justify\">Tambi\u00e9n est\u00e1 disponible en la Secretar\u00eda Virtual un auto servicio de iANDE para aquellas personas que no son alumnado de ning\u00fan centro y deseen realizar tr\u00e1mites de admisi\u00f3n y matr\u00edcula en aquellos procedimientos que permitan la participaci\u00f3n de este tipo de personas (Inscripci\u00f3n en pruebas libres, admisi\u00f3n en ciclos formativos, Conservatorios, EOIs, y Educaci\u00f3n Permanente).<\/p>\n\n\n\n<p>https:\/\/www.juntadeandalucia.es\/educacion\/secretariavirtual\/autenticacion\/registroUsuarioIANDE\/<\/p>\n","protected":false},"excerpt":{"rendered":"<p>Para facilitar telem\u00e1ticamente los procedimientos de inscripci\u00f3n en procedimientos de admisi\u00f3n y de realizaci\u00f3n de pruebas libres y as\u00ed evitar que los interesados tengan que&hellip;<\/p>\n","protected":false},"author":6259,"featured_media":0,"parent":0,"menu_order":0,"comment_status":"closed","ping_status":"closed","template":"","meta":{"ngg_post_thumbnail":0,"footnotes":"","_mc_calendar":[]},"aioseo_notices":[],"_links":{"self":[{"href":"https:\/\/blogsaverroes.juntadeandalucia.es\/ceperalmazara\/wp-json\/wp\/v2\/pages\/1098"}],"collection":[{"href":"https:\/\/blogsaverroes.juntadeandalucia.es\/ceperalmazara\/wp-json\/wp\/v2\/pages"}],"about":[{"href":"https:\/\/blogsaverroes.juntadeandalucia.es\/ceperalmazara\/wp-json\/wp\/v2\/types\/page"}],"author":[{"embeddable":true,"href":"https:\/\/blogsaverroes.juntadeandalucia.es\/ceperalmazara\/wp-json\/wp\/v2\/users\/6259"}],"replies":[{"embeddable":true,"href":"https:\/\/blogsaverroes.juntadeandalucia.es\/ceperalmazara\/wp-json\/wp\/v2\/comments?post=1098"}],"version-history":[{"count":0,"href":"https:\/\/blogsaverroes.juntadeandalucia.es\/ceperalmazara\/wp-json\/wp\/v2\/pages\/1098\/revisions"}],"wp:attachment":[{"href":"https:\/\/blogsaverroes.juntadeandalucia.es\/ceperalmazara\/wp-json\/wp\/v2\/media?parent=1098"}],"curies":[{"name":"wp","href":"https:\/\/api.w.org\/{rel}","templated":true}]}}