{"id":1161,"date":"2021-05-20T10:04:11","date_gmt":"2021-05-20T10:04:11","guid":{"rendered":"https:\/\/ceperalmazara.wordpress.com\/?page_id=1161"},"modified":"2021-05-20T10:04:11","modified_gmt":"2021-05-20T10:04:11","slug":"menores-de-edad","status":"publish","type":"page","link":"https:\/\/blogsaverroes.juntadeandalucia.es\/ceperalmazara\/menores-de-edad\/","title":{"rendered":"MENORES DE EDAD"},"content":{"rendered":"\n<p>En Espa\u00f1a la escolarizaci\u00f3n es obligatoria hasta los 16 a\u00f1os. <\/p>\n\n\n\n<p><strong>\u00bfQu\u00e9 puede hacer un menor de edad con trayectoria negativa en la Ense\u00f1anza Secundaria Obligatoria?<\/strong><\/p>\n\n\n\n<p>En ese caso la primera opci\u00f3n a contemplar es cursar la ESO a trav\u00e9s de un PROGRAMA DE MEJORA DEL RENDIMIENTO ACAD\u00c9MICO (PMAR) y una vez superado, cursar 4\u00ba de la ESO MODALIDAD APLICADA.<\/p>\n\n\n\n<p><a href=\"https:\/\/ceperalmazara.wordpress.com\/pmar\/\">Consulta aqu\u00ed <\/a>m\u00e1s informaci\u00f3n sobre PMAR<\/p>\n\n\n\n<p><strong>\u00bfQu\u00e9 hacer si la opci\u00f3n de PMAR est\u00e1 agotada o el menor no re\u00fane los requisitos para cursarlo?<\/strong><\/p>\n\n\n\n<p>Una vez descartada la opci\u00f3n de PMAR, la segunda mejor opci\u00f3n ser\u00eda cursar un t\u00edtulo de FORMACI\u00d3N PROFESIONAL B\u00c1SICA?<\/p>\n\n\n\n<p><strong>\u00bfQu\u00e9 ventajas tiene obtener un t\u00edtulo de FP b\u00e1sica?<\/strong><\/p>\n\n\n\n<p>Un t\u00edtulo de FP B\u00c1SICA equivale al t\u00edtulo de GRADUADO EN SECUNDARIA A EFECTOS DE ACCESO A EMPLEO P\u00daBLICO Y PRIVADO.<\/p>\n\n\n\n<p>Adem\u00e1s, los alumnos que hayan cursado y concluido satisfactoriamente los m\u00f3dulos correspondientes, obtendr\u00e1n el t\u00edtulo de GRADUADO EN SECUNDARIA.<\/p>\n\n\n\n<p>Tambi\u00e9n tendr\u00e1n acceso directo a CICLOS FORMATIVOS DE GRADO MEDIO en el orden de prioridad 1\u00ba del CUPO 2.<\/p>\n\n\n\n<p><a href=\"https:\/\/ceperalmazara.wordpress.com\/fp-basica\/\">Consulta aqu\u00ed m\u00e1s informaci\u00f3n sobre la FP B\u00c1SICA<\/a><\/p>\n\n\n\n<p><strong>\u00bfQu\u00e9 hacer si el menor no re\u00fane los requisitos para acceder a FP b\u00e1sica?<\/strong><\/p>\n\n\n\n<p>En ese caso y habiendo agotado las dos opciones anteriores, la opci\u00f3n m\u00e1s recomendable ser\u00eda cursar el CURSO DE ACCESO A CICLOS FORMATIVOS DE GRADO MEDIO.<\/p>\n\n\n\n<p>Si esa opci\u00f3n tampoco es posible, se puede recurrir a la realizaci\u00f3n de la PRUEBA DE ACCESO A CICLOS FORMATIVOS DE GRADO MEDIO.<\/p>\n\n\n\n<p><strong>Ense\u00f1anza Secundaria para adultos<\/strong><\/p>\n\n\n\n<p>Sin perjuicio de lo anterior, los menores que se encuentren en alguna de las situaciones excepcionales descritas por la normativa de admisi\u00f3n en Ense\u00f1anzas en R\u00e9gimen de Educaci\u00f3n de adultos podr\u00e1n solicitar la autorizaci\u00f3n para matricularse en la ENSE\u00d1ANZA SECUNDARIA DE ADULTOS (ESPA).<\/p>\n\n\n\n<p>Consulta aqu\u00ed la normativa de admisi\u00f3n<\/p>\n\n\n\n<p><a href=\"https:\/\/www.juntadeandalucia.es\/educacion\/portals\/delegate\/content\/1f9c35c9-1a60-4ff3-8d71-b6e63efc961c\/ADMINISTRACI%C3%93N%20%3E%20ESCOLARIZACI%C3%93N%20(Orden25mayo2012AdmisionAdultos.pdf)\">Orden de 25 de mayo de 2012<\/a><\/p>\n\n\n\n<p>No obstante, se deber\u00e1 tener en cuenta que una vez obtenido el t\u00edtulo de GRADUADO EN SECUNDARIA a trav\u00e9s de la ESPA, <strong>el acceso a la FORMACI\u00d3N PROFESIONAL se complica<\/strong>, debido a que los solicitantes de acceso a CICLOS FORMATIVOS DE GRADO MEDIO, acceder\u00e1n a trav\u00e9s del <strong>orden de prioridad 2\u00ba del CUPO 1<\/strong> el mismo a\u00f1o de obtenci\u00f3n de la titulaci\u00f3n, y en el <strong>orden de prioridad 4\u00ba<\/strong> en los a\u00f1os posteriores.<\/p>\n","protected":false},"excerpt":{"rendered":"<p>En Espa\u00f1a la escolarizaci\u00f3n es obligatoria hasta los 16 a\u00f1os. \u00bfQu\u00e9 puede hacer un menor de edad con trayectoria negativa en la Ense\u00f1anza Secundaria Obligatoria?&hellip;<\/p>\n","protected":false},"author":6259,"featured_media":0,"parent":0,"menu_order":0,"comment_status":"closed","ping_status":"closed","template":"","meta":{"ngg_post_thumbnail":0,"footnotes":"","_mc_calendar":[]},"aioseo_notices":[],"_links":{"self":[{"href":"https:\/\/blogsaverroes.juntadeandalucia.es\/ceperalmazara\/wp-json\/wp\/v2\/pages\/1161"}],"collection":[{"href":"https:\/\/blogsaverroes.juntadeandalucia.es\/ceperalmazara\/wp-json\/wp\/v2\/pages"}],"about":[{"href":"https:\/\/blogsaverroes.juntadeandalucia.es\/ceperalmazara\/wp-json\/wp\/v2\/types\/page"}],"author":[{"embeddable":true,"href":"https:\/\/blogsaverroes.juntadeandalucia.es\/ceperalmazara\/wp-json\/wp\/v2\/users\/6259"}],"replies":[{"embeddable":true,"href":"https:\/\/blogsaverroes.juntadeandalucia.es\/ceperalmazara\/wp-json\/wp\/v2\/comments?post=1161"}],"version-history":[{"count":0,"href":"https:\/\/blogsaverroes.juntadeandalucia.es\/ceperalmazara\/wp-json\/wp\/v2\/pages\/1161\/revisions"}],"wp:attachment":[{"href":"https:\/\/blogsaverroes.juntadeandalucia.es\/ceperalmazara\/wp-json\/wp\/v2\/media?parent=1161"}],"curies":[{"name":"wp","href":"https:\/\/api.w.org\/{rel}","templated":true}]}}