{"id":125,"date":"2018-07-30T14:13:15","date_gmt":"2018-07-30T14:13:15","guid":{"rendered":"https:\/\/ceperalmazara.wordpress.com\/?page_id=125"},"modified":"2018-07-30T14:13:15","modified_gmt":"2018-07-30T14:13:15","slug":"acceso-a-la-universidad","status":"publish","type":"page","link":"https:\/\/blogsaverroes.juntadeandalucia.es\/ceperalmazara\/acceso-a-la-universidad\/","title":{"rendered":"ACCESO A LA UNIVERSIDAD"},"content":{"rendered":"<h3><a href=\"https:\/\/wordpress.com\/page\/ceperalmazara.wordpress.com\/802\">INSCRIPCI\u00d3N EN LA PRUEBA 2020 EN LA UNIVERSIDAD PABLO DE OLAVIDE<\/a><\/h3>\n<h3><a href=\"https:\/\/ceperalmazara.wordpress.com\/convocatoria-2019\/\">INFORMACI\u00d3N PARA LA INSCRIPCI\u00d3N EN LA CONVOCATORIA 2019<\/a><\/h3>\n<div align=\"center\"><\/div>\n<p><a style=\"background-color:initial;text-align:center\" href=\"http:\/\/www.juntadeandalucia.es\/educacion\/permanente\/materiales\/index.php?etapa=6\" target=\"_blank\" rel=\"noopener noreferrer\"><img loading=\"lazy\" decoding=\"async\" class=\"alignnone size-full wp-image-142\" src=\"https:\/\/blogsaverroes.juntadeandalucia.es\/ceperalmazara\/files\/2018\/07\/crea.jpg\" alt=\"CREA\" width=\"150\" height=\"107\" \/><\/a><\/p>\n<p>TEMARIO OFICIAL<\/p>\n<figure id=\"attachment_342\" aria-describedby=\"caption-attachment-342\" style=\"width: 150px\" class=\"wp-caption alignnone\"><a href=\"https:\/\/drive.google.com\/drive\/folders\/1db_VO-sLpIBNUU82vS1wa7WIVqvVK7OO?usp=sharing\"><img loading=\"lazy\" decoding=\"async\" class=\"alignnone size-thumbnail wp-image-342\" src=\"https:\/\/blogsaverroes.juntadeandalucia.es\/ceperalmazara\/files\/2018\/09\/lengua.jpg?w=300\" alt=\"LENGUA\" width=\"150\" height=\"114\" srcset=\"https:\/\/blogsaverroes.juntadeandalucia.es\/ceperalmazara\/files\/2018\/09\/lengua.jpg 330w, https:\/\/blogsaverroes.juntadeandalucia.es\/ceperalmazara\/files\/2018\/09\/lengua-300x228.jpg 300w\" sizes=\"(max-width: 150px) 100vw, 150px\" \/><\/a><figcaption id=\"caption-attachment-342\" class=\"wp-caption-text\">LENGUA<\/figcaption><\/figure>\n<figure id=\"attachment_337\" aria-describedby=\"caption-attachment-337\" style=\"width: 150px\" class=\"wp-caption alignnone\"><a href=\"https:\/\/drive.google.com\/drive\/folders\/1wP4RrUm7PJjjKxHF_uuw5eJSJqmWv4Zl?usp=sharing\"><img loading=\"lazy\" decoding=\"async\" class=\"alignnone size-thumbnail wp-image-337\" src=\"https:\/\/blogsaverroes.juntadeandalucia.es\/ceperalmazara\/files\/2018\/09\/geografia.jpg?w=300\" alt=\"GEOGRAFIA\" width=\"150\" height=\"150\" srcset=\"https:\/\/blogsaverroes.juntadeandalucia.es\/ceperalmazara\/files\/2018\/09\/geografia.jpg 1200w, https:\/\/blogsaverroes.juntadeandalucia.es\/ceperalmazara\/files\/2018\/09\/geografia-300x300.jpg 300w, https:\/\/blogsaverroes.juntadeandalucia.es\/ceperalmazara\/files\/2018\/09\/geografia-1024x1024.jpg 1024w, https:\/\/blogsaverroes.juntadeandalucia.es\/ceperalmazara\/files\/2018\/09\/geografia-150x150.jpg 150w, https:\/\/blogsaverroes.juntadeandalucia.es\/ceperalmazara\/files\/2018\/09\/geografia-768x768.jpg 768w, https:\/\/blogsaverroes.juntadeandalucia.es\/ceperalmazara\/files\/2018\/09\/geografia-50x50.jpg 50w\" sizes=\"(max-width: 150px) 100vw, 150px\" \/><\/a><figcaption id=\"caption-attachment-337\" class=\"wp-caption-text\">GEOGRAF\u00cdA<\/figcaption><\/figure>\n<figure id=\"attachment_338\" aria-describedby=\"caption-attachment-338\" style=\"width: 150px\" class=\"wp-caption alignnone\"><a href=\"https:\/\/drive.google.com\/drive\/folders\/1WXO5fvS5In8s09epHRxx2Q-QtZc23URy?usp=sharing\"><img loading=\"lazy\" decoding=\"async\" class=\"alignnone size-thumbnail wp-image-338\" src=\"https:\/\/blogsaverroes.juntadeandalucia.es\/ceperalmazara\/files\/2018\/09\/economia.jpg?w=300\" alt=\"economia\" width=\"150\" height=\"88\" srcset=\"https:\/\/blogsaverroes.juntadeandalucia.es\/ceperalmazara\/files\/2018\/09\/economia.jpg 612w, https:\/\/blogsaverroes.juntadeandalucia.es\/ceperalmazara\/files\/2018\/09\/economia-300x176.jpg 300w\" sizes=\"(max-width: 150px) 100vw, 150px\" \/><\/a><figcaption id=\"caption-attachment-338\" class=\"wp-caption-text\">ECONOM\u00cdA<\/figcaption><\/figure>\n","protected":false},"excerpt":{"rendered":"<p>INSCRIPCI\u00d3N EN LA PRUEBA 2020 EN LA UNIVERSIDAD PABLO DE OLAVIDE INFORMACI\u00d3N PARA LA INSCRIPCI\u00d3N EN LA CONVOCATORIA 2019 TEMARIO OFICIAL<\/p>\n","protected":false},"author":6259,"featured_media":0,"parent":0,"menu_order":0,"comment_status":"closed","ping_status":"closed","template":"","meta":{"ngg_post_thumbnail":0,"footnotes":"","_mc_calendar":[]},"aioseo_notices":[],"_links":{"self":[{"href":"https:\/\/blogsaverroes.juntadeandalucia.es\/ceperalmazara\/wp-json\/wp\/v2\/pages\/125"}],"collection":[{"href":"https:\/\/blogsaverroes.juntadeandalucia.es\/ceperalmazara\/wp-json\/wp\/v2\/pages"}],"about":[{"href":"https:\/\/blogsaverroes.juntadeandalucia.es\/ceperalmazara\/wp-json\/wp\/v2\/types\/page"}],"author":[{"embeddable":true,"href":"https:\/\/blogsaverroes.juntadeandalucia.es\/ceperalmazara\/wp-json\/wp\/v2\/users\/6259"}],"replies":[{"embeddable":true,"href":"https:\/\/blogsaverroes.juntadeandalucia.es\/ceperalmazara\/wp-json\/wp\/v2\/comments?post=125"}],"version-history":[{"count":0,"href":"https:\/\/blogsaverroes.juntadeandalucia.es\/ceperalmazara\/wp-json\/wp\/v2\/pages\/125\/revisions"}],"wp:attachment":[{"href":"https:\/\/blogsaverroes.juntadeandalucia.es\/ceperalmazara\/wp-json\/wp\/v2\/media?parent=125"}],"curies":[{"name":"wp","href":"https:\/\/api.w.org\/{rel}","templated":true}]}}