{"id":126,"date":"2018-07-30T14:13:16","date_gmt":"2018-07-30T14:13:16","guid":{"rendered":"https:\/\/ceperalmazara.wordpress.com\/?page_id=126"},"modified":"2018-07-30T14:13:16","modified_gmt":"2018-07-30T14:13:16","slug":"secundaria","status":"publish","type":"page","link":"https:\/\/blogsaverroes.juntadeandalucia.es\/ceperalmazara\/secundaria\/","title":{"rendered":"SECUNDARIA"},"content":{"rendered":"<h3><span style=\"color:#ff6600\"><strong><a style=\"color:#ff6600\" href=\"https:\/\/docs.google.com\/forms\/d\/e\/1FAIpQLSfXOQX7O0eJq3qcK3llUbiasYQC-QKLyyQclYxQyzoiKKDSFw\/viewform?usp=pp_url\">FORMULARIO DE INCIDENCIAS DE LA PLATAFORMA<\/a><\/strong><\/span><\/h3>\n<h3><span style=\"color:#0000ff\"><strong><a style=\"color:#0000ff\" href=\"http:\/\/www.iesmateoaleman.es\/images\/documentos\/espa\/tutoriales\/Instrucciones_PASEN_18-19_v02.pdf\">MANUAL PARA ACTIVAR EL USUARIO PASEN<\/a><\/strong><\/span><\/h3>\n<hr \/>\n<div class=\"mceTemp\"><\/div>\n<h1><strong>NIVEL 1<\/strong><\/h1>\n<p><strong><a href=\"http:\/\/www.iesmateoaleman.es\/index.php\/espa\/pruebas-via\">MODELOS PRUEBA VIA<\/a><\/strong><\/p>\n<p><a style=\"font-weight:bold\" href=\"http:\/\/www.iesmateoaleman.es\/index.php\/espa\/pruebas-via\"><img loading=\"lazy\" decoding=\"async\" class=\"alignnone size-full wp-image-147\" src=\"https:\/\/blogsaverroes.juntadeandalucia.es\/ceperalmazara\/files\/2018\/07\/examen_p.gif\" alt=\"examen_p\" width=\"150\" height=\"141\" \/><\/a><\/p>\n<ul>\n<li>\n<h2><strong><a href=\"https:\/\/drive.google.com\/drive\/folders\/1H-dQZ3xQX24x7RthjbXZyRAqmLXyyOje?usp=sharing\">\u00c1MBITO CIENT\u00cdFICO-TECNOL\u00d3GICO<\/a><\/strong><\/h2>\n<\/li>\n<\/ul>\n<p><a href=\"https:\/\/drive.google.com\/drive\/folders\/1H-dQZ3xQX24x7RthjbXZyRAqmLXyyOje?usp=sharing\"><img loading=\"lazy\" decoding=\"async\" class=\"alignnone  wp-image-978\" src=\"https:\/\/blogsaverroes.juntadeandalucia.es\/ceperalmazara\/files\/2020\/10\/historiacienciag0.gif\" alt=\"HistoriaCienciaG,0\" width=\"256\" height=\"144\" \/><\/a><\/p>\n<ul>\n<li>\n<h2><strong><a href=\"https:\/\/ceperalmazara.wordpress.com\/ambito-social-nivel-1\">\u00c1MBITO SOCIAL<\/a><\/strong><\/h2>\n<\/li>\n<\/ul>\n<h2><img loading=\"lazy\" decoding=\"async\" class=\"alignnone  wp-image-976\" style=\"color:inherit\" src=\"https:\/\/blogsaverroes.juntadeandalucia.es\/ceperalmazara\/files\/2020\/10\/como-son-las-ciencias-sociales.jpg\" alt=\"c\u00f3mo-son-las-ciencias-sociales\" width=\"238\" height=\"118\" srcset=\"https:\/\/blogsaverroes.juntadeandalucia.es\/ceperalmazara\/files\/2020\/10\/como-son-las-ciencias-sociales.jpg 800w, https:\/\/blogsaverroes.juntadeandalucia.es\/ceperalmazara\/files\/2020\/10\/como-son-las-ciencias-sociales-300x149.jpg 300w, https:\/\/blogsaverroes.juntadeandalucia.es\/ceperalmazara\/files\/2020\/10\/como-son-las-ciencias-sociales-768x380.jpg 768w\" sizes=\"(max-width: 238px) 100vw, 238px\" \/><\/h2>\n<ul>\n<li>\n<h2><strong><a href=\"https:\/\/drive.google.com\/drive\/folders\/155r6b686vANO9DDHzKwNQbbta7H8c9KC?usp=sharing\">\u00c1MBITO DE COMUNICACI\u00d3N- LENGUA<\/a><\/strong><\/h2>\n<\/li>\n<\/ul>\n<p><a href=\"https:\/\/drive.google.com\/drive\/folders\/155r6b686vANO9DDHzKwNQbbta7H8c9KC?usp=sharing\"><img loading=\"lazy\" decoding=\"async\" class=\"alignnone  wp-image-988\" src=\"https:\/\/blogsaverroes.juntadeandalucia.es\/ceperalmazara\/files\/2020\/10\/lengua-2.jpg\" alt=\"LENGUA 2\" width=\"259\" height=\"100\" srcset=\"https:\/\/blogsaverroes.juntadeandalucia.es\/ceperalmazara\/files\/2020\/10\/lengua-2.jpg 512w, https:\/\/blogsaverroes.juntadeandalucia.es\/ceperalmazara\/files\/2020\/10\/lengua-2-300x116.jpg 300w\" sizes=\"(max-width: 259px) 100vw, 259px\" \/><\/a><\/p>\n<ul>\n<li>\n<h2><a href=\"https:\/\/drive.google.com\/drive\/folders\/1k23E7C87b_1AiVfqK-kdWNHjfFTrxZvS?usp=sharing\"><strong>\u00c1MBITO DE COMUNICACI\u00d3N- INGL\u00c9S<\/strong><\/a><\/h2>\n<\/li>\n<\/ul>\n<p><a href=\"https:\/\/drive.google.com\/drive\/folders\/1k23E7C87b_1AiVfqK-kdWNHjfFTrxZvS?usp=sharing\"><img loading=\"lazy\" decoding=\"async\" class=\"alignnone  wp-image-995\" src=\"https:\/\/blogsaverroes.juntadeandalucia.es\/ceperalmazara\/files\/2020\/10\/280647-696x435-1.jpg\" alt=\"280647-696x435\" width=\"224\" height=\"140\" srcset=\"https:\/\/blogsaverroes.juntadeandalucia.es\/ceperalmazara\/files\/2020\/10\/280647-696x435-1.jpg 696w, https:\/\/blogsaverroes.juntadeandalucia.es\/ceperalmazara\/files\/2020\/10\/280647-696x435-1-300x188.jpg 300w\" sizes=\"(max-width: 224px) 100vw, 224px\" \/><\/a><\/p>\n<hr \/>\n<h1><strong>NIVEL 2<\/strong><\/h1>\n<h3><strong><a href=\"https:\/\/docs.google.com\/spreadsheets\/d\/1g4GuNZLqUz-MFBZ6HN9v4iXuIWdjkXY-NEcFhy1-1Dg\/edit#gid=0\">Simulador para el c\u00e1lculo de la nota de un m\u00f3dulo\u00a0<\/a><\/strong><\/h3>\n<ul>\n<li>\n<h2><a href=\"https:\/\/drive.google.com\/drive\/folders\/1f88E6TXB-HYXjGR7vrilJz3vgnBaGYhV?usp=sharing\"><strong>\u00c1MBITO CIENT\u00cdFICO-TECNOL\u00d3GICO<\/strong><\/a><\/h2>\n<\/li>\n<\/ul>\n<p><a href=\"https:\/\/drive.google.com\/drive\/folders\/1f88E6TXB-HYXjGR7vrilJz3vgnBaGYhV?usp=sharing\"><img loading=\"lazy\" decoding=\"async\" class=\"alignnone  wp-image-977\" src=\"https:\/\/blogsaverroes.juntadeandalucia.es\/ceperalmazara\/files\/2020\/10\/ensencc83ar-ciencias.jpg\" alt=\"Imprimir\" width=\"256\" height=\"171\" srcset=\"https:\/\/blogsaverroes.juntadeandalucia.es\/ceperalmazara\/files\/2020\/10\/ensencc83ar-ciencias.jpg 800w, https:\/\/blogsaverroes.juntadeandalucia.es\/ceperalmazara\/files\/2020\/10\/ensencc83ar-ciencias-300x200.jpg 300w, https:\/\/blogsaverroes.juntadeandalucia.es\/ceperalmazara\/files\/2020\/10\/ensencc83ar-ciencias-768x512.jpg 768w\" sizes=\"(max-width: 256px) 100vw, 256px\" \/><\/a><\/p>\n<ul>\n<li>\n<h2><strong><a href=\"https:\/\/ceperalmazara.wordpress.com\/ambito-social\/\">\u00c1MBITO SOCIAL<\/a><\/strong><\/h2>\n<\/li>\n<\/ul>\n<h2><img loading=\"lazy\" decoding=\"async\" class=\"alignnone  wp-image-975\" src=\"https:\/\/blogsaverroes.juntadeandalucia.es\/ceperalmazara\/files\/2020\/10\/ciencias-sociales-e1559699629114.jpg\" alt=\"ciencias-sociales-e1559699629114\" width=\"240\" height=\"120\" srcset=\"https:\/\/blogsaverroes.juntadeandalucia.es\/ceperalmazara\/files\/2020\/10\/ciencias-sociales-e1559699629114.jpg 800w, https:\/\/blogsaverroes.juntadeandalucia.es\/ceperalmazara\/files\/2020\/10\/ciencias-sociales-e1559699629114-300x150.jpg 300w, https:\/\/blogsaverroes.juntadeandalucia.es\/ceperalmazara\/files\/2020\/10\/ciencias-sociales-e1559699629114-768x384.jpg 768w\" sizes=\"(max-width: 240px) 100vw, 240px\" \/><\/h2>\n<ul>\n<li>\n<h2><strong><a href=\"https:\/\/drive.google.com\/drive\/folders\/1dRwQFSGkdQA6uV65S3IgiF5gMWYpNETy?usp=sharing\">\u00c1MBITO DE COMUNICACI\u00d3N-LENGUA<\/a><\/strong><\/h2>\n<\/li>\n<\/ul>\n<p><a href=\"https:\/\/drive.google.com\/drive\/folders\/1dRwQFSGkdQA6uV65S3IgiF5gMWYpNETy?usp=sharing\"><img loading=\"lazy\" decoding=\"async\" class=\"alignnone  wp-image-990\" src=\"https:\/\/blogsaverroes.juntadeandalucia.es\/ceperalmazara\/files\/2020\/10\/lengua-1.jpg\" alt=\"LENGUA\" width=\"239\" height=\"159\" \/><\/a><\/p>\n<ul>\n<li>\n<h2><a href=\"https:\/\/drive.google.com\/drive\/folders\/1JaD9TSqpyjw4zhiLZe8zy3uq_RqokzCJ?usp=sharing\"><strong>\u00c1MBITO DE COMUNICACI\u00d3N-INGL\u00c9S<\/strong><\/a><\/h2>\n<\/li>\n<\/ul>\n<p><a href=\"https:\/\/drive.google.com\/drive\/folders\/1JaD9TSqpyjw4zhiLZe8zy3uq_RqokzCJ?usp=sharing\"><img loading=\"lazy\" decoding=\"async\" class=\"alignnone  wp-image-993\" src=\"https:\/\/blogsaverroes.juntadeandalucia.es\/ceperalmazara\/files\/2020\/10\/10-razones-para-aprender-ingles-academia-goma-talavera-de-la-reina.jpg\" alt=\"10-razones-para-aprender-ingles-academia-goma-talavera-de-la-reina\" width=\"237\" height=\"133\" srcset=\"https:\/\/blogsaverroes.juntadeandalucia.es\/ceperalmazara\/files\/2020\/10\/10-razones-para-aprender-ingles-academia-goma-talavera-de-la-reina.jpg 800w, https:\/\/blogsaverroes.juntadeandalucia.es\/ceperalmazara\/files\/2020\/10\/10-razones-para-aprender-ingles-academia-goma-talavera-de-la-reina-300x168.jpg 300w, https:\/\/blogsaverroes.juntadeandalucia.es\/ceperalmazara\/files\/2020\/10\/10-razones-para-aprender-ingles-academia-goma-talavera-de-la-reina-768x431.jpg 768w\" sizes=\"(max-width: 237px) 100vw, 237px\" \/><\/a><\/p>\n<hr \/>\n<h1><strong>PRUEBA LIBRE\u00a0<\/strong><\/h1>\n<h2><a href=\"https:\/\/ceperalmazara.wordpress.com\/prueba-libre-secundaria\/\">GU\u00cdA Y MATERIALES PARA LA SOLICITUD Y REALIZACI\u00d3N DE LA PRUEBA LIBRE DE OBTENCI\u00d3N DEL T\u00cdTULO DE GRADUADO EN SECUNDARIA<\/a><\/h2>\n<div class=\"mceTemp\"><\/div>\n<figure id=\"attachment_142\" aria-describedby=\"caption-attachment-142\" style=\"width: 150px\" class=\"wp-caption alignnone\"><a href=\"http:\/\/www.juntadeandalucia.es\/educacion\/permanente\/materiales\/index.php?etapa=1\" target=\"_blank\" rel=\"noopener noreferrer\"><img loading=\"lazy\" decoding=\"async\" class=\"alignnone size-full wp-image-142\" src=\"https:\/\/blogsaverroes.juntadeandalucia.es\/ceperalmazara\/files\/2018\/07\/crea.jpg\" alt=\"CREA\" width=\"150\" height=\"107\" \/><\/a><figcaption id=\"caption-attachment-142\" class=\"wp-caption-text\">TEMARIO CREA NIVEL 1<\/figcaption><\/figure>\n<figure id=\"attachment_142\" aria-describedby=\"caption-attachment-142\" style=\"width: 150px\" class=\"wp-caption alignnone\"><a href=\"http:\/\/www.juntadeandalucia.es\/educacion\/permanente\/materiales\/index.php?etapa=2\" target=\"_blank\" rel=\"noopener noreferrer\"><img loading=\"lazy\" decoding=\"async\" class=\"alignnone size-full wp-image-142\" src=\"https:\/\/blogsaverroes.juntadeandalucia.es\/ceperalmazara\/files\/2018\/07\/crea.jpg\" alt=\"CREA\" width=\"150\" height=\"107\" \/><\/a><figcaption id=\"caption-attachment-142\" class=\"wp-caption-text\">TEMARIO CREA NIVEL 2<\/figcaption><\/figure>\n<div class=\"mceTemp\"><\/div>\n","protected":false},"excerpt":{"rendered":"<p>FORMULARIO DE INCIDENCIAS DE LA PLATAFORMA MANUAL PARA ACTIVAR EL USUARIO PASEN NIVEL 1 MODELOS PRUEBA VIA \u00c1MBITO CIENT\u00cdFICO-TECNOL\u00d3GICO \u00c1MBITO SOCIAL \u00c1MBITO DE COMUNICACI\u00d3N- LENGUA&hellip;<\/p>\n","protected":false},"author":6259,"featured_media":0,"parent":0,"menu_order":0,"comment_status":"closed","ping_status":"closed","template":"","meta":{"ngg_post_thumbnail":0,"footnotes":"","_mc_calendar":[]},"aioseo_notices":[],"_links":{"self":[{"href":"https:\/\/blogsaverroes.juntadeandalucia.es\/ceperalmazara\/wp-json\/wp\/v2\/pages\/126"}],"collection":[{"href":"https:\/\/blogsaverroes.juntadeandalucia.es\/ceperalmazara\/wp-json\/wp\/v2\/pages"}],"about":[{"href":"https:\/\/blogsaverroes.juntadeandalucia.es\/ceperalmazara\/wp-json\/wp\/v2\/types\/page"}],"author":[{"embeddable":true,"href":"https:\/\/blogsaverroes.juntadeandalucia.es\/ceperalmazara\/wp-json\/wp\/v2\/users\/6259"}],"replies":[{"embeddable":true,"href":"https:\/\/blogsaverroes.juntadeandalucia.es\/ceperalmazara\/wp-json\/wp\/v2\/comments?post=126"}],"version-history":[{"count":0,"href":"https:\/\/blogsaverroes.juntadeandalucia.es\/ceperalmazara\/wp-json\/wp\/v2\/pages\/126\/revisions"}],"wp:attachment":[{"href":"https:\/\/blogsaverroes.juntadeandalucia.es\/ceperalmazara\/wp-json\/wp\/v2\/media?parent=126"}],"curies":[{"name":"wp","href":"https:\/\/api.w.org\/{rel}","templated":true}]}}