{"id":1302,"date":"2022-01-20T13:31:13","date_gmt":"2022-01-20T13:31:13","guid":{"rendered":"https:\/\/ceperalmazara.wordpress.com\/?page_id=1302"},"modified":"2022-01-20T13:31:13","modified_gmt":"2022-01-20T13:31:13","slug":"bachillerato","status":"publish","type":"page","link":"https:\/\/blogsaverroes.juntadeandalucia.es\/ceperalmazara\/bachillerato\/","title":{"rendered":"BACHILLERATO"},"content":{"rendered":"\n<p>El Bachillerato es la ense\u00f1anza posterior a la educaci\u00f3n secundaria que prepara y capacita al alumno para el acceso a la universidad. Consta de dos cursos. <\/p>\n\n\n\n<p>Actualmente se puede cursar el bachillerato en Espa\u00f1a en dos reg\u00edmenes: ordinario y adultos.<\/p>\n\n\n\n<p>El r\u00e9gimen ordinario se imparte en los INSTITUTOS DE ENSE\u00d1ANZA SECUNDARIA en modalidad presencial y en horario de ma\u00f1ana. A diferencia de lo que se cree, no hay l\u00edmite de edad para la matriculaci\u00f3n en este r\u00e9gimen. <\/p>\n\n\n\n<p>El r\u00e9gimen de adultos se imparte solo en algunos INSTITUTOS DE ENSE\u00d1ANZA SECUNDARIA y en los INSTITUTOS PROVINCIALES DE EDUCACI\u00d3N PERMANENTE. Se puede cursar en modalidad presencial, semipresencial y a distancia. <\/p>\n\n\n\n<p><strong>El bachillerato en r\u00e9gimen de adultos no se imparte en los CENTROS DE EDUCACI\u00d3N PERMANENTE.<\/strong><\/p>\n\n\n\n<p>Otra alternativa para obtener el t\u00edtulo de Bachillerato es la superaci\u00f3n de las pruebas libres de obtenci\u00f3n del t\u00edtulo de Bachillerato. Puedes consultar informaci\u00f3n y plazos en la web del Portal de Educaci\u00f3n Permanente de la Consejer\u00eda de Educaci\u00f3n.<\/p>\n\n\n\n<p>Centros en los que se pueden estudiar Bachillerato en r\u00e9gimen de adultos en la zona del Aljarafe y cercan\u00eda:<\/p>\n\n\n\n<ul><li>IES Rodrigo Caro (Coria del r\u00edo)<\/li><li>IES N\u00e9stor Almendros (Tomares)<\/li><li>IES El Majuelo (Gines)<\/li><li>IES B\u00e9cquer (Sevilla)<\/li><li>IPEP Sevilla (Sevilla)<\/li><\/ul>\n\n\n\n<p><\/p>\n\n\n\n<p><strong><em>Toda la informaci\u00f3n mostrada en esta p\u00e1gina web tiene car\u00e1cter meramente informativo y carece de car\u00e1cter oficial.<\/em><\/strong><\/p>\n","protected":false},"excerpt":{"rendered":"<p>El Bachillerato es la ense\u00f1anza posterior a la educaci\u00f3n secundaria que prepara y capacita al alumno para el acceso a la universidad. Consta de dos&hellip;<\/p>\n","protected":false},"author":6259,"featured_media":0,"parent":0,"menu_order":0,"comment_status":"closed","ping_status":"closed","template":"","meta":{"ngg_post_thumbnail":0,"footnotes":"","_mc_calendar":[]},"aioseo_notices":[],"_links":{"self":[{"href":"https:\/\/blogsaverroes.juntadeandalucia.es\/ceperalmazara\/wp-json\/wp\/v2\/pages\/1302"}],"collection":[{"href":"https:\/\/blogsaverroes.juntadeandalucia.es\/ceperalmazara\/wp-json\/wp\/v2\/pages"}],"about":[{"href":"https:\/\/blogsaverroes.juntadeandalucia.es\/ceperalmazara\/wp-json\/wp\/v2\/types\/page"}],"author":[{"embeddable":true,"href":"https:\/\/blogsaverroes.juntadeandalucia.es\/ceperalmazara\/wp-json\/wp\/v2\/users\/6259"}],"replies":[{"embeddable":true,"href":"https:\/\/blogsaverroes.juntadeandalucia.es\/ceperalmazara\/wp-json\/wp\/v2\/comments?post=1302"}],"version-history":[{"count":0,"href":"https:\/\/blogsaverroes.juntadeandalucia.es\/ceperalmazara\/wp-json\/wp\/v2\/pages\/1302\/revisions"}],"wp:attachment":[{"href":"https:\/\/blogsaverroes.juntadeandalucia.es\/ceperalmazara\/wp-json\/wp\/v2\/media?parent=1302"}],"curies":[{"name":"wp","href":"https:\/\/api.w.org\/{rel}","templated":true}]}}