{"id":2495,"date":"2018-07-12T13:16:35","date_gmt":"2018-07-12T13:16:35","guid":{"rendered":"https:\/\/ceperalmazara.wordpress.com\/?page_id=27"},"modified":"2018-07-12T13:16:35","modified_gmt":"2018-07-12T13:16:35","slug":"oferta-educativa","status":"publish","type":"page","link":"https:\/\/blogsaverroes.juntadeandalucia.es\/ceperalmazara\/oferta-educativa\/","title":{"rendered":"OFERTA EDUCATIVA"},"content":{"rendered":"<p>&nbsp;<\/p>\n<p><img loading=\"lazy\" decoding=\"async\" class=\"alignnone size-full wp-image-77\" src=\"https:\/\/blogsaverroes.juntadeandalucia.es\/ceperalmazara\/files\/2018\/07\/1.jpg\" alt=\"1\" width=\"1056\" height=\"816\" \/><img loading=\"lazy\" decoding=\"async\" class=\"alignnone size-full wp-image-78\" src=\"https:\/\/blogsaverroes.juntadeandalucia.es\/ceperalmazara\/files\/2018\/07\/2.jpg\" alt=\"2\" width=\"1056\" height=\"816\" srcset=\"https:\/\/blogsaverroes.juntadeandalucia.es\/ceperalmazara\/files\/2018\/07\/2.jpg 1056w, https:\/\/blogsaverroes.juntadeandalucia.es\/ceperalmazara\/files\/2018\/07\/2-300x232.jpg 300w, https:\/\/blogsaverroes.juntadeandalucia.es\/ceperalmazara\/files\/2018\/07\/2-1024x791.jpg 1024w, https:\/\/blogsaverroes.juntadeandalucia.es\/ceperalmazara\/files\/2018\/07\/2-768x593.jpg 768w\" sizes=\"(max-width: 1056px) 100vw, 1056px\" \/><\/p>\n<p style=\"text-align:justify\">Actualmente, los planes educativos que oferta el centro son los siguientes:<\/p>\n<ul>\n<li style=\"text-align:justify\">Obtenci\u00f3n del Graduado en secundaria para mayores de 18 a\u00f1os: modalidad semipresencial (niveles I y II) y preparaci\u00f3n para la prueba libre.<\/li>\n<li style=\"text-align:justify\">Preparaci\u00f3n de la prueba de acceso a la universidad para mayores de 25 y 45 a\u00f1os<\/li>\n<li style=\"text-align:justify\">Ingl\u00e9s: modalidad libre y semipresencial en coordinaci\u00f3n con la Escuela Oficial de Idiomas \u00abAl-Xaraf\u00bb de Mairena del Aljarafe. Tenemos cuatro niveles: A0, A1, A2 y B1 (de acuerdo con los niveles establecidos en el marco com\u00fan europeo de referencia para las lenguas)<\/li>\n<li style=\"text-align:justify\">Inform\u00e1tica: manejo del ordenador, tabletas, m\u00f3viles y nuevas tecnolog\u00edas. Distintos niveles desde iniciaci\u00f3n a perfeccionamiento. Desde ofim\u00e1tica b\u00e1sica, redes sociales, internet&#8230;\u00a0 hasta retoque fotogr\u00e1fico y dise\u00f1o<\/li>\n<li>Espa\u00f1ol para extranjeros<\/li>\n<li>Formaci\u00f3n b\u00e1sica: lectura, escritura, matem\u00e1ticas, geograf\u00eda, etc. Si no pudiste ir a la escuela o quieres recordar lo olvidado.<\/li>\n<li>Cultura andaluza y H\u00e1bitos de vida saludable: estas clases est\u00e1n destinadas a todas aquellas personas que quieran mantenerse activas y seguir aprendiendo.<\/li>\n<\/ul>\n<p>Adem\u00e1s de las clases, organizamos durante el curso distintas actividades extraescolares como excursiones, viajes, visitas culturales, charlas, etc. Solo para nuestros alumnos.<\/p>\n","protected":false},"excerpt":{"rendered":"<p>&nbsp; Actualmente, los planes educativos que oferta el centro son los siguientes: Obtenci\u00f3n del Graduado en secundaria para mayores de 18 a\u00f1os: modalidad semipresencial (niveles&hellip;<\/p>\n","protected":false},"author":6259,"featured_media":0,"parent":0,"menu_order":0,"comment_status":"closed","ping_status":"closed","template":"","meta":{"ngg_post_thumbnail":0,"footnotes":"","_mc_calendar":[]},"aioseo_notices":[],"_links":{"self":[{"href":"https:\/\/blogsaverroes.juntadeandalucia.es\/ceperalmazara\/wp-json\/wp\/v2\/pages\/2495"}],"collection":[{"href":"https:\/\/blogsaverroes.juntadeandalucia.es\/ceperalmazara\/wp-json\/wp\/v2\/pages"}],"about":[{"href":"https:\/\/blogsaverroes.juntadeandalucia.es\/ceperalmazara\/wp-json\/wp\/v2\/types\/page"}],"author":[{"embeddable":true,"href":"https:\/\/blogsaverroes.juntadeandalucia.es\/ceperalmazara\/wp-json\/wp\/v2\/users\/6259"}],"replies":[{"embeddable":true,"href":"https:\/\/blogsaverroes.juntadeandalucia.es\/ceperalmazara\/wp-json\/wp\/v2\/comments?post=2495"}],"version-history":[{"count":0,"href":"https:\/\/blogsaverroes.juntadeandalucia.es\/ceperalmazara\/wp-json\/wp\/v2\/pages\/2495\/revisions"}],"wp:attachment":[{"href":"https:\/\/blogsaverroes.juntadeandalucia.es\/ceperalmazara\/wp-json\/wp\/v2\/media?parent=2495"}],"curies":[{"name":"wp","href":"https:\/\/api.w.org\/{rel}","templated":true}]}}