{"id":3,"date":"2018-04-17T17:59:36","date_gmt":"2018-04-17T17:59:36","guid":{"rendered":"https:\/\/ceperalmazara.wordpress.com\/?page_id=3"},"modified":"2018-04-17T17:59:36","modified_gmt":"2018-04-17T17:59:36","slug":"contacto","status":"publish","type":"page","link":"https:\/\/blogsaverroes.juntadeandalucia.es\/ceperalmazara\/contacto\/","title":{"rendered":"Contacto"},"content":{"rendered":"<p>Puede contactar con el centro a trav\u00e9s del correo electr\u00f3nico <a href=\"mailto:ceperalmazara@gmail.com\" target=\"_blank\" rel=\"noopener noreferrer\">ceperalmazara@gmail.com<\/a> o a trav\u00e9s de este formulario:<\/p>\n<p class=\"wpcf7-contact-form-not-found\"><strong>Error:<\/strong> Formulario de contacto no encontrado.<\/p>\n","protected":false},"excerpt":{"rendered":"<p>Puede contactar con el centro a trav\u00e9s del correo electr\u00f3nico ceperalmazara@gmail.com o a trav\u00e9s de este formulario:<\/p>\n","protected":false},"author":6259,"featured_media":0,"parent":0,"menu_order":2,"comment_status":"closed","ping_status":"closed","template":"","meta":{"ngg_post_thumbnail":0,"footnotes":"","_mc_calendar":[]},"aioseo_notices":[],"_links":{"self":[{"href":"https:\/\/blogsaverroes.juntadeandalucia.es\/ceperalmazara\/wp-json\/wp\/v2\/pages\/3"}],"collection":[{"href":"https:\/\/blogsaverroes.juntadeandalucia.es\/ceperalmazara\/wp-json\/wp\/v2\/pages"}],"about":[{"href":"https:\/\/blogsaverroes.juntadeandalucia.es\/ceperalmazara\/wp-json\/wp\/v2\/types\/page"}],"author":[{"embeddable":true,"href":"https:\/\/blogsaverroes.juntadeandalucia.es\/ceperalmazara\/wp-json\/wp\/v2\/users\/6259"}],"replies":[{"embeddable":true,"href":"https:\/\/blogsaverroes.juntadeandalucia.es\/ceperalmazara\/wp-json\/wp\/v2\/comments?post=3"}],"version-history":[{"count":0,"href":"https:\/\/blogsaverroes.juntadeandalucia.es\/ceperalmazara\/wp-json\/wp\/v2\/pages\/3\/revisions"}],"wp:attachment":[{"href":"https:\/\/blogsaverroes.juntadeandalucia.es\/ceperalmazara\/wp-json\/wp\/v2\/media?parent=3"}],"curies":[{"name":"wp","href":"https:\/\/api.w.org\/{rel}","templated":true}]}}