{"id":55,"date":"2018-07-30T00:42:03","date_gmt":"2018-07-30T00:42:03","guid":{"rendered":"https:\/\/ceperalmazara.wordpress.com\/?page_id=55"},"modified":"2018-07-30T00:42:03","modified_gmt":"2018-07-30T00:42:03","slug":"nuestro-centro","status":"publish","type":"page","link":"https:\/\/blogsaverroes.juntadeandalucia.es\/ceperalmazara\/nuestro-centro\/","title":{"rendered":"NUESTRO CENTRO"},"content":{"rendered":"<p><img loading=\"lazy\" decoding=\"async\" class=\"alignnone size-full wp-image-229\" src=\"https:\/\/blogsaverroes.juntadeandalucia.es\/ceperalmazara\/files\/2018\/07\/foto-ceper-mairena.png\" alt=\"foto ceper mairena\" width=\"1390\" height=\"566\" srcset=\"https:\/\/blogsaverroes.juntadeandalucia.es\/ceperalmazara\/files\/2018\/07\/foto-ceper-mairena.png 1390w, https:\/\/blogsaverroes.juntadeandalucia.es\/ceperalmazara\/files\/2018\/07\/foto-ceper-mairena-300x122.png 300w, https:\/\/blogsaverroes.juntadeandalucia.es\/ceperalmazara\/files\/2018\/07\/foto-ceper-mairena-1024x417.png 1024w, https:\/\/blogsaverroes.juntadeandalucia.es\/ceperalmazara\/files\/2018\/07\/foto-ceper-mairena-768x313.png 768w\" sizes=\"(max-width: 1390px) 100vw, 1390px\" \/><\/p>\n<p style=\"text-align:justify\">El CEPER Almazara es un centro educativo p\u00fablico perteneciente a la red de centros de educaci\u00f3n permanente de la Consejer\u00eda de educaci\u00f3n de la Junta de Andaluc\u00eda.<\/p>\n<div id='gallery-1' class='gallery galleryid-55 gallery-columns-2 gallery-size-medium'><figure class='gallery-item'>\n\t\t\t<div class='gallery-icon landscape'>\n\t\t\t\t<a href='https:\/\/blogsaverroes.juntadeandalucia.es\/ceperalmazara\/nuestro-centro\/logoep\/'><img loading=\"lazy\" decoding=\"async\" width=\"300\" height=\"195\" src=\"https:\/\/blogsaverroes.juntadeandalucia.es\/ceperalmazara\/files\/2018\/07\/logoep-300x195.png\" class=\"attachment-medium size-medium\" alt=\"\" srcset=\"https:\/\/blogsaverroes.juntadeandalucia.es\/ceperalmazara\/files\/2018\/07\/logoep-300x195.png 300w, https:\/\/blogsaverroes.juntadeandalucia.es\/ceperalmazara\/files\/2018\/07\/logoep-1024x667.png 1024w, https:\/\/blogsaverroes.juntadeandalucia.es\/ceperalmazara\/files\/2018\/07\/logoep-768x500.png 768w, https:\/\/blogsaverroes.juntadeandalucia.es\/ceperalmazara\/files\/2018\/07\/logoep.png 1355w\" sizes=\"(max-width: 300px) 100vw, 300px\" \/><\/a>\n\t\t\t<\/div><\/figure><figure class='gallery-item'>\n\t\t\t<div class='gallery-icon landscape'>\n\t\t\t\t<a href='https:\/\/blogsaverroes.juntadeandalucia.es\/ceperalmazara\/nuestro-centro\/logo-junta-andalucia\/'><img loading=\"lazy\" decoding=\"async\" width=\"249\" height=\"202\" src=\"https:\/\/blogsaverroes.juntadeandalucia.es\/ceperalmazara\/files\/2018\/07\/logo-junta-andalucia.jpg\" class=\"attachment-medium size-medium\" alt=\"\" \/><\/a>\n\t\t\t<\/div><\/figure>\n\t\t<\/div>\n\n<p style=\"text-align:justify\">El CEPER Almazara est\u00e1 formado por un centro matriz en Mairena del Aljarafe y dos secciones de educaci\u00f3n permanente, una en San Juan de Aznalfarache y la otra en Palomares del r\u00edo y Almensilla.<\/p>\n<p style=\"text-align:justify\">Tanto el centro como sus dos secciones son de titularidad de la Consejer\u00eda de Educaci\u00f3n de la Junta de Andaluc\u00eda, no obstante, los ayuntamientos de los respectivos municipios son los titulares de los edificios donde nos ubicamos y tienen las competencias de la conservaci\u00f3nn, vigilancia y mantenimiento de los mismos.<\/p>\n<div id='gallery-2' class='gallery galleryid-55 gallery-columns-3 gallery-size-thumbnail'><figure class='gallery-item'>\n\t\t\t<div class='gallery-icon landscape'>\n\t\t\t\t<a href='https:\/\/blogsaverroes.juntadeandalucia.es\/ceperalmazara\/aula_matinal-2\/'><img loading=\"lazy\" decoding=\"async\" width=\"150\" height=\"150\" src=\"https:\/\/blogsaverroes.juntadeandalucia.es\/ceperalmazara\/files\/2015\/03\/aula_matinal-150x150.jpg\" class=\"attachment-thumbnail size-thumbnail\" alt=\"\" srcset=\"https:\/\/blogsaverroes.juntadeandalucia.es\/ceperalmazara\/files\/2015\/03\/aula_matinal-150x150.jpg 150w, https:\/\/blogsaverroes.juntadeandalucia.es\/ceperalmazara\/files\/2015\/03\/aula_matinal-160x160.jpg 160w\" sizes=\"(max-width: 150px) 100vw, 150px\" \/><\/a>\n\t\t\t<\/div><\/figure><figure class='gallery-item'>\n\t\t\t<div class='gallery-icon landscape'>\n\t\t\t\t<a href='https:\/\/blogsaverroes.juntadeandalucia.es\/ceperalmazara\/nuestro-centro\/palomares-2\/'><img loading=\"lazy\" decoding=\"async\" width=\"150\" height=\"150\" src=\"https:\/\/blogsaverroes.juntadeandalucia.es\/ceperalmazara\/files\/2018\/07\/palomares-150x150.png\" class=\"attachment-thumbnail size-thumbnail\" alt=\"\" aria-describedby=\"gallery-2-227\" srcset=\"https:\/\/blogsaverroes.juntadeandalucia.es\/ceperalmazara\/files\/2018\/07\/palomares-150x150.png 150w, https:\/\/blogsaverroes.juntadeandalucia.es\/ceperalmazara\/files\/2018\/07\/palomares-50x50.png 50w\" sizes=\"(max-width: 150px) 100vw, 150px\" \/><\/a>\n\t\t\t<\/div>\n\t\t\t\t<figcaption class='wp-caption-text gallery-caption' id='gallery-2-227'>\n\t\t\t\tPalomares\n\t\t\t\t<\/figcaption><\/figure><figure class='gallery-item'>\n\t\t\t<div class='gallery-icon landscape'>\n\t\t\t\t<a href='https:\/\/blogsaverroes.juntadeandalucia.es\/ceperalmazara\/nuestro-centro\/almensilla2\/'><img loading=\"lazy\" decoding=\"async\" width=\"150\" height=\"150\" src=\"https:\/\/blogsaverroes.juntadeandalucia.es\/ceperalmazara\/files\/2018\/07\/almensilla2-150x150.png\" class=\"attachment-thumbnail size-thumbnail\" alt=\"\" aria-describedby=\"gallery-2-225\" srcset=\"https:\/\/blogsaverroes.juntadeandalucia.es\/ceperalmazara\/files\/2018\/07\/almensilla2-150x150.png 150w, https:\/\/blogsaverroes.juntadeandalucia.es\/ceperalmazara\/files\/2018\/07\/almensilla2-50x50.png 50w\" sizes=\"(max-width: 150px) 100vw, 150px\" \/><\/a>\n\t\t\t<\/div>\n\t\t\t\t<figcaption class='wp-caption-text gallery-caption' id='gallery-2-225'>\n\t\t\t\tAlmensilla\n\t\t\t\t<\/figcaption><\/figure>\n\t\t<\/div>\n\n<p>&nbsp;<\/p>\n<p style=\"text-align:justify\">El claustro del centro est\u00e1 compuesto por doce profesores. Actualmente el CEPER Almazara imparte ense\u00f1anzas\u00a0 para adultos como el Graduado en Secundaria para mayores de 18 a\u00f1os, Ingl\u00e9s modalidad libre y semipresencial para la obtenci\u00f3n de titulaciones oficiales a trav\u00e9s de la Escuela Oficial de Idiomas, preparaci\u00f3n del acceso a la universidad para mayores de 25 y 45 a\u00f1os, inform\u00e1tica, espa\u00f1ol para extranjeros y formaci\u00f3n b\u00e1sica.<\/p>\n<p>&nbsp;<\/p>\n<h2 style=\"text-align:justify\"><strong>Comienzos<\/strong><\/h2>\n<p style=\"text-align:justify\">El centro comenz\u00f3 su andadura a principios de la d\u00e9cada de los 80. Por aquel entonces y durante muchos a\u00f1os, los centros de Mairena del Aljarafe, San Juan de Aznalfarache, Palomares del r\u00edo y Almensilla fueron centros independientes y\u00a0 tuvieron la denominaci\u00f3n de \u00abCentros de adultos\u00bb. Fueron gestionados \u00edntegramente por los ayuntamientos.<\/p>\n<p style=\"text-align:justify\">Durante todos estos a\u00f1os el centro ha tenido un compromiso claro con la mejora de la educaci\u00f3n y formaci\u00f3n de las personas. Se han impartido diversas ense\u00f1anzas como el extinguido Graduado escolar, alfabetizaci\u00f3n, seguridad vial, teatro, poes\u00eda&#8230; e incluso clases de cocina.<\/p>\n<p style=\"text-align:justify\">En el a\u00f1o 2005 la Consejer\u00eda de Educaci\u00f3n de la Junta de Andaluc\u00eda cre\u00f3 la red de centros de educaci\u00f3n permanente,\u00a0 asumiendo la titularidad y gesti\u00f3n de todos los \u00abcentros de adultos\u00bb. Se crearon as\u00ed las denominaciones de \u00abCEPER\u00bb (centro de educaci\u00f3n permanente)\u00a0 para los centros de los municipios de mayor tama\u00f1o y \u00abSEP\u00bb (secci\u00f3n de educaci\u00f3n permanente) para los centros de los municipios de menor tama\u00f1o.\u00a0 Fue as\u00ed como se integraron los cuatro centros de adultos de Mairena, San Juan, Palomares y Almensilla en un mismo Centro de educaci\u00f3n permanente con dos secciones.<\/p>\n<h2 style=\"text-align:justify\"><strong>\u00bfQu\u00e9 es la educaci\u00f3n permanente?<\/strong><\/h2>\n<p style=\"text-align:justify\">\u201cEducaci\u00f3n permanente\u201d es un t\u00e9rmino reconocido internacionalmente que podemos englobar dentro de un nuevo paradigma educativo que se contrapone al paradigma que tradicionalmente se ha realizado en la escuela.<\/p>\n<p style=\"text-align:justify\" align=\"JUSTIFY\">Seg\u00fan la XIX Conferencia General de la UNESCO celebrada en Nairobi en 1976, la expresi\u00f3n educaci\u00f3n permanente se define como \u201cun proyecto global encaminado tanto a reestructurar el sistema educativo existente, como a desarrollar todas las posibilidades de formaci\u00f3n fuera del sistema educativo\u201d:<\/p>\n<ul style=\"text-align:justify\">\n<li>\n<p align=\"JUSTIFY\">En ese proyecto la persona es el agente de su propia educaci\u00f3n por medio de la interacci\u00f3n permanente de sus acciones y su reflexi\u00f3n.<\/p>\n<\/li>\n<\/ul>\n<ul style=\"text-align:justify\">\n<li>\n<p align=\"JUSTIFY\">La educaci\u00f3n permanente, lejos de limitarse al periodo de escolaridad, debe abarcar todas las dimensiones de la vida, todas las ramas del saber y todos los conocimientos pr\u00e1cticos que puedan adquirirse por todos los medios y contribuir a todas las formas de desarrollo de la personalidad.<\/p>\n<\/li>\n<\/ul>\n<ul style=\"text-align:justify\">\n<li>\n<p style=\"text-align:justify\" align=\"JUSTIFY\">Los procesos educativos que siguen a lo largo de su vida los ni\u00f1os, los j\u00f3venes y los adultos, cualquiera que sea su forma, deben considerarse como un todo.<\/p>\n<\/li>\n<\/ul>\n<h2><\/h2>\n<h2 style=\"text-align:justify\"><strong>Actualidad<\/strong><\/h2>\n<p style=\"text-align:justify\">Aunque los tiempos han cambiado, en la actualidad el CEPER Almazara mantiene el mismo compromiso y esp\u00edritu de sus inicios: mejorar la educaci\u00f3n y formaci\u00f3n de las personas, ser un elemento dinamizador social y cultural, y actuar como un agente de cambio.<\/p>\n<p style=\"text-align:justify\">Las ense\u00f1anzas que se imparten ahora en el centro y en sus secciones\u00a0 son muy diferentes a las que se impart\u00edan en sus comienzos, puedes consultarlas en el apartado <a href=\"https:\/\/ceperalmazara.wordpress.com\/oferta-educativa\/\">OFERTA EDUCATIVA<\/a>.<\/p>\n<p style=\"text-align:justify\">La sociedad ha cambiado y demanda formaci\u00f3n en nuevas \u00e1reas como los idiomas y el acceso a niveles superiores del sistema educativo como los ciclos formativos y la universidad.<\/p>\n<p style=\"text-align:justify\">Por otra parte, la esperanza de vida es cada vez m\u00e1s longeva y es un hecho la inversi\u00f3n de la pir\u00e1mide de la poblaci\u00f3n, por lo que la educaci\u00f3n permanente tiene como reto responder proporcionando formas que faciliten el envejecimiento activo.<\/p>\n<p style=\"text-align:justify\">En el curso 2018-19 hemos hecho una apuesta por ampliar la oferta educativa en clases de ingl\u00e9s incorporando la posibilidad de obtener titulaciones oficiales con la modalidad semipresencial en coordinaci\u00f3n con la Escuela Oficial de Idiomas \u00abAl-Xaraf\u00bb de Mairena del Aljarafe.<\/p>\n<p style=\"text-align:justify\">Asimismo, hemos ofertado la preparaci\u00f3n de la prueba de acceso a la universidad para mayores de 25 y 45 a\u00f1os.<\/p>\n<p style=\"text-align:justify\">En los pr\u00f3ximos cursos seguiremos ampliando la oferta educativa incorporando ciclos formativos de grado medio y superior, siempre adapt\u00e1ndonos a las demandas del entorno.<\/p>\n<p style=\"text-align:justify\">Las metodolog\u00edas que se usan actualmente para ense\u00f1ar en nuestro centro son tambi\u00e9n muy diferentes a las que se utilizaban en los comienzos. La tiza y la voz van dando paso cada vez m\u00e1s a las nuevas tecnolog\u00edas y a nuevas formas de aprender como la clase invertida, el aprendizaje cooperativo, el aprendizaje basado en proyectos, la gamificaci\u00f3n, etc.<\/p>\n<p style=\"text-align:justify\" align=\"JUSTIFY\"><em>\u201cLa educaci\u00f3n permanente no es un lujo, es una necesidad y una obligaci\u00f3n. Debe abarcar todas las dimensiones de la vida, todas las ramas del saber y todos los conocimientos pr\u00e1cticos que puedan adquirirse por todos los medios, y debe contribuir a todas las formas de desarrollo de la personalidad\u201d<\/em><\/p>\n<p align=\"JUSTIFY\">(<strong>UNESCO<\/strong>, recomendaciones relativas a la educaci\u00f3n de adultos.)<\/p>\n","protected":false},"excerpt":{"rendered":"<p>El CEPER Almazara es un centro educativo p\u00fablico perteneciente a la red de centros de educaci\u00f3n permanente de la Consejer\u00eda de educaci\u00f3n de la Junta&hellip;<\/p>\n","protected":false},"author":6259,"featured_media":0,"parent":0,"menu_order":0,"comment_status":"closed","ping_status":"closed","template":"","meta":{"ngg_post_thumbnail":0,"footnotes":"","_mc_calendar":[]},"aioseo_notices":[],"_links":{"self":[{"href":"https:\/\/blogsaverroes.juntadeandalucia.es\/ceperalmazara\/wp-json\/wp\/v2\/pages\/55"}],"collection":[{"href":"https:\/\/blogsaverroes.juntadeandalucia.es\/ceperalmazara\/wp-json\/wp\/v2\/pages"}],"about":[{"href":"https:\/\/blogsaverroes.juntadeandalucia.es\/ceperalmazara\/wp-json\/wp\/v2\/types\/page"}],"author":[{"embeddable":true,"href":"https:\/\/blogsaverroes.juntadeandalucia.es\/ceperalmazara\/wp-json\/wp\/v2\/users\/6259"}],"replies":[{"embeddable":true,"href":"https:\/\/blogsaverroes.juntadeandalucia.es\/ceperalmazara\/wp-json\/wp\/v2\/comments?post=55"}],"version-history":[{"count":0,"href":"https:\/\/blogsaverroes.juntadeandalucia.es\/ceperalmazara\/wp-json\/wp\/v2\/pages\/55\/revisions"}],"wp:attachment":[{"href":"https:\/\/blogsaverroes.juntadeandalucia.es\/ceperalmazara\/wp-json\/wp\/v2\/media?parent=55"}],"curies":[{"name":"wp","href":"https:\/\/api.w.org\/{rel}","templated":true}]}}