{"id":6,"date":"2018-04-17T17:59:33","date_gmt":"2018-04-17T17:59:33","guid":{"rendered":"https:\/\/ceperalmazara.wordpress.com\/?page_id=6"},"modified":"2018-04-17T17:59:33","modified_gmt":"2018-04-17T17:59:33","slug":"secretaria-2","status":"publish","type":"page","link":"https:\/\/blogsaverroes.juntadeandalucia.es\/ceperalmazara\/secretaria-2\/","title":{"rendered":"SECRETAR\u00cdA"},"content":{"rendered":"<h2 style=\"text-align:justify\"><strong>PROCESO DE ADMISI\u00d3N\u00a0<\/strong><\/h2>\n<p style=\"text-align:justify\">El proceso de admisi\u00f3n y matriculaci\u00f3n en nuestro centro se solicita dentro de los siguientes plazos:<\/p>\n<ul style=\"text-align:justify\">\n<li style=\"text-align:justify\">Plazo ordinario de preinscripci\u00f3n y matriculaci\u00f3n: <span style=\"color:#00ff00\"><strong>Desde al 1 al 22 de junio.\u00a0 <span style=\"color:#000000\">Las matr\u00edculas realizadas en junio deber\u00e1n ser confirmadas entre el 1 y el 10 de septiembre<\/span>.<\/strong><\/span><\/li>\n<li style=\"text-align:justify\">Plazo extraordinario de matriculaci\u00f3n: <span style=\"color:#ff9900\"><strong>Desde el 1 al 15 de septiembre<\/strong><\/span><\/li>\n<li style=\"text-align:justify\">Si quedaran plazas libres seguir\u00edamos admitiendo nuevas matriculaciones <strong><span style=\"color:#ff0000\">hasta final del primer trimestre<\/span><\/strong> (22 de diciembre). No obstante, las clases comienzan a mediados de septiembre por lo que se recomienda realizar la matriculaci\u00f3n antes de esa fecha.<\/li>\n<\/ul>\n<p style=\"text-align:justify\">No es necesario residir ni estar empadronado\/a en alguno de los municipios de nuestro \u00e1mbito de actuaci\u00f3n para poder matricularse en nuestro centro, es decir, cualquier persona se puede matricular independientemente de donde resida.<\/p>\n<p style=\"text-align:justify\">Nuestras clases son <span style=\"color:#0000ff\"><strong>TOTALMENTE GRATUITAS. <\/strong><span style=\"color:#666699\">NO hay que pagar ning\u00fan importe de matr\u00edcula ni mensualidad\u00a0 (salvo las personas matriculadas en los grupos de ingl\u00e9s A1 y A2 que quieran realizar el examen oficial para la obtenci\u00f3n del certificado, que en ese caso tendr\u00e1n que abonar las tasas acad\u00e9micas de la Escuela Oficial de Idiomas)\u00a0<\/span><\/span><\/p>\n<h2 style=\"text-align:justify\"><strong>DOCUMENTACI\u00d3N A ENTREGAR<\/strong><\/h2>\n<p style=\"text-align:justify\">Para proceder con la matriculaci\u00f3n se ha de entregar la siguiente documentaci\u00f3n en horario de secretar\u00eda:<\/p>\n<ul style=\"text-align:justify\">\n<li>Impreso de matriculaci\u00f3n relleno por duplicado. Puedes solicitarlo en nuestro centro.<\/li>\n<li>Fotograf\u00eda de carn\u00e9<\/li>\n<\/ul>\n<p style=\"text-align:justify\">+ Para la matriculaci\u00f3n en el grupo de Graduado de secundaria tambi\u00e9n se deber\u00e1 aportar certificado de notas de la ESO (se debe solicitar en la secretar\u00eda del instituto donde se realiz\u00f3 el \u00faltimo curso) o T\u00edtulo de graduado escolar en caso de tenerlo.<\/p>\n<h2 style=\"text-align:justify\"><strong>HORARIO DE SECRETAR\u00cdA<\/strong><\/h2>\n<p style=\"text-align:justify\">Para cualquier consulta o tr\u00e1mite presencial el horario de atenci\u00f3n al p\u00fablico es el siguiente:<\/p>\n<ul style=\"text-align:justify\">\n<li>Viernes de 12 a 13.30 horas<\/li>\n<\/ul>\n<p>&nbsp;<\/p>\n<p style=\"text-align:justify\">Durante los siguientes periodos el horario se ampl\u00eda:<\/p>\n<ul style=\"text-align:justify\">\n<li style=\"text-align:justify\">Entre el 1 y el 15 de septiembre: lunes a viernes de 12 a 13.30 horas.<\/li>\n<li style=\"text-align:justify\">Entre el 22 y el 30 de junio: lunes a viernes de 12 a 13.30 horas.<\/li>\n<\/ul>\n<p style=\"text-align:justify\">Tambi\u00e9n se pueden realizar consultas a trav\u00e9s del correo electr\u00f3nico ceperalmazara@gmail.com y del n\u00famero de tel\u00e9fono\u00a0 <span class=\"LrzXr zdqRlf kno-fv\"><a class=\"fl r-i7Oe6XND9mRA\" title=\"Llamar a trav\u00e9s de Hangouts\" href=\"https:\/\/www.google.es\/search?q=centro+de+adultos+mairena&amp;ie=&amp;oe=#\">955 62 49 79<\/a><\/span> (no se atender\u00e1n llamadas en horario de clase).<\/p>\n","protected":false},"excerpt":{"rendered":"<p>PROCESO DE ADMISI\u00d3N\u00a0 El proceso de admisi\u00f3n y matriculaci\u00f3n en nuestro centro se solicita dentro de los siguientes plazos: Plazo ordinario de preinscripci\u00f3n y matriculaci\u00f3n:&hellip;<\/p>\n","protected":false},"author":6259,"featured_media":0,"parent":0,"menu_order":1,"comment_status":"closed","ping_status":"closed","template":"","meta":{"ngg_post_thumbnail":0,"footnotes":"","_mc_calendar":[]},"aioseo_notices":[],"_links":{"self":[{"href":"https:\/\/blogsaverroes.juntadeandalucia.es\/ceperalmazara\/wp-json\/wp\/v2\/pages\/6"}],"collection":[{"href":"https:\/\/blogsaverroes.juntadeandalucia.es\/ceperalmazara\/wp-json\/wp\/v2\/pages"}],"about":[{"href":"https:\/\/blogsaverroes.juntadeandalucia.es\/ceperalmazara\/wp-json\/wp\/v2\/types\/page"}],"author":[{"embeddable":true,"href":"https:\/\/blogsaverroes.juntadeandalucia.es\/ceperalmazara\/wp-json\/wp\/v2\/users\/6259"}],"replies":[{"embeddable":true,"href":"https:\/\/blogsaverroes.juntadeandalucia.es\/ceperalmazara\/wp-json\/wp\/v2\/comments?post=6"}],"version-history":[{"count":0,"href":"https:\/\/blogsaverroes.juntadeandalucia.es\/ceperalmazara\/wp-json\/wp\/v2\/pages\/6\/revisions"}],"wp:attachment":[{"href":"https:\/\/blogsaverroes.juntadeandalucia.es\/ceperalmazara\/wp-json\/wp\/v2\/media?parent=6"}],"curies":[{"name":"wp","href":"https:\/\/api.w.org\/{rel}","templated":true}]}}