{"id":2232,"date":"2019-11-22T10:01:13","date_gmt":"2019-11-22T10:01:13","guid":{"rendered":"https:\/\/blogsaverroes.juntadeandalucia.es\/ceperaltoguadalquivir\/?page_id=2232"},"modified":"2019-11-29T11:47:56","modified_gmt":"2019-11-29T11:47:56","slug":"datos-del-centro","status":"publish","type":"page","link":"https:\/\/blogsaverroes.juntadeandalucia.es\/ceperaltoguadalquivir\/datos-del-centro\/","title":{"rendered":"Datos del centro (Baeza)"},"content":{"rendered":"<p><iframe loading=\"lazy\" src=\"https:\/\/www.google.com\/maps\/embed?pb=!1m18!1m12!1m3!1d3144.113019424949!2d-3.469804049299483!3d37.997824206968886!2m3!1f0!2f0!3f0!3m2!1i1024!2i768!4f13.1!3m3!1m2!1s0xd6e8b9a4b1dc15d%3A0x5ac9c70dac54bb13!2sCalle%20Acera%20de%20la%20Trinidad%2C%2035%2C%2023440%20Baeza%2C%20Ja%C3%A9n!5e0!3m2!1ses!2ses!4v1574417235034!5m2!1ses!2ses\" width=\"600\" height=\"450\" frameborder=\"0\"><\/iframe><\/p>\n<h4>&nbsp;<\/h4>\n<h4><strong>Datos de contacto<\/strong><\/h4>\n<p>Secci\u00f3n de Educaci\u00f3n Permanente \u00abLa Loma\u00bb.<\/p>\n<p><strong>Direcci\u00f3n:<\/strong>&nbsp; C\/ Acera de la Trinidad, 35. C.P: 23440 Baeza (Ja\u00e9n).<\/p>\n<p><strong>Tel\u00e9fono: <\/strong>953.779.696 \/ 953.779.695<br \/>\n<strong>Email:<\/strong> 23500176.edu@juntadeandalucia.es<\/p>\n<h4>&nbsp;<\/h4>\n<h4><strong>Horario<\/strong><\/h4>\n<h4>El centro permanece abierto en el siguiente horario:<\/h4>\n<table style=\"width: 761px\">\n<tbody>\n<tr>\n<td style=\"width: 91px\">&nbsp;<\/td>\n<td style=\"width: 92px;text-align: center\"><strong>LUNES<\/strong><\/td>\n<td style=\"width: 99px;text-align: center\"><strong>MARTES<\/strong><\/td>\n<td style=\"width: 121.203125px;text-align: center\"><strong>MI\u00c9RCOLES<\/strong><\/td>\n<td style=\"width: 113.796875px;text-align: center\"><strong>JUEVES<\/strong><\/td>\n<td style=\"width: 116px;text-align: center\"><strong>VIERNES<\/strong><\/td>\n<\/tr>\n<tr>\n<td style=\"width: 91px;text-align: center\"><strong>MA\u00d1ANAS<\/strong><\/td>\n<td style=\"width: 92px;text-align: center\">9 &#8211; 14<\/td>\n<td style=\"width: 99px;text-align: center\">9 &#8211; 14<\/td>\n<td style=\"width: 121.203125px;text-align: center\">9 &#8211; 14<\/td>\n<td style=\"width: 113.796875px;text-align: center\">9 &#8211; 14<\/td>\n<td style=\"width: 116px;text-align: center\">9 &#8211; 12<\/td>\n<\/tr>\n<tr>\n<td style=\"width: 91px;text-align: center\"><strong>TARDES<\/strong><\/td>\n<td style=\"width: 92px;text-align: center\">16 &#8211; 21<\/td>\n<td style=\"width: 99px;text-align: center\">16 &#8211; 21<\/td>\n<td style=\"width: 121.203125px;text-align: center\">16 &#8211; 20<\/td>\n<td style=\"width: 113.796875px;text-align: center\">16 &#8211; 20<\/td>\n<td style=\"width: 116px;text-align: center\">&nbsp;<\/td>\n<\/tr>\n<\/tbody>\n<\/table>\n<h4>&nbsp;<\/h4>\n<h4><strong>Oferta educativa<\/strong><\/h4>\n<p>La oferta educativa se centra en planes dirigidos a la obtenci\u00f3n de titulaciones:<\/p>\n<ul>\n<li>Graduado en Educaci\u00f3n Secundaria Obligatoria para personas adultas Nivel I y Nivel II de Semipresencial.<\/li>\n<li>Nivel A1 y A2 de la Escuela Oficial de Idiomas.<\/li>\n<\/ul>\n<p>Planes de acceso a otros niveles del sistema educativo:<\/p>\n<ul>\n<li>Acceso a la Universidad para mayores de 45 a\u00f1os.<\/li>\n<\/ul>\n<p>Se ofrecen otros planes educativos para el fomento de la ciudadan\u00eda activa:<\/p>\n<ul>\n<li>Uso B\u00e1sico de Idiomas (Ingl\u00e9s).<\/li>\n<li>Uso B\u00e1sico de las Tecnolog\u00edas de la Informaci\u00f3n y Comunicaci\u00f3n.<\/li>\n<li>Adquisici\u00f3n de H\u00e1bitos de Vida Saludable.<\/li>\n<li>Interculturalidad.<\/li>\n<li>Conocimiento y Conservaci\u00f3n del Patrimonio Cultural de Andaluc\u00eda y del Medioambiente.<\/li>\n<\/ul>\n<h4>&nbsp;<\/h4>\n<h4><strong>Instalaciones<\/strong><\/h4>\n<p>El centro consta de un edificio propio.<\/p>\n","protected":false},"excerpt":{"rendered":"<p>&nbsp; Datos de contacto Secci\u00f3n de Educaci\u00f3n Permanente \u00abLa Loma\u00bb. Direcci\u00f3n:&nbsp; C\/ Acera de la Trinidad, 35. C.P: 23440 Baeza (Ja\u00e9n). Tel\u00e9fono: 953.779.696 \/ 953.779.695 Email: 23500176.edu@juntadeandalucia.es &nbsp; Horario El centro permanece abierto en&#46;&#46;&#46;<\/p>\n","protected":false},"author":7870,"featured_media":0,"parent":0,"menu_order":0,"comment_status":"closed","ping_status":"closed","template":"","meta":{"ngg_post_thumbnail":0,"footnotes":"","_mc_calendar":[]},"aioseo_notices":[],"_links":{"self":[{"href":"https:\/\/blogsaverroes.juntadeandalucia.es\/ceperaltoguadalquivir\/wp-json\/wp\/v2\/pages\/2232"}],"collection":[{"href":"https:\/\/blogsaverroes.juntadeandalucia.es\/ceperaltoguadalquivir\/wp-json\/wp\/v2\/pages"}],"about":[{"href":"https:\/\/blogsaverroes.juntadeandalucia.es\/ceperaltoguadalquivir\/wp-json\/wp\/v2\/types\/page"}],"author":[{"embeddable":true,"href":"https:\/\/blogsaverroes.juntadeandalucia.es\/ceperaltoguadalquivir\/wp-json\/wp\/v2\/users\/7870"}],"replies":[{"embeddable":true,"href":"https:\/\/blogsaverroes.juntadeandalucia.es\/ceperaltoguadalquivir\/wp-json\/wp\/v2\/comments?post=2232"}],"version-history":[{"count":11,"href":"https:\/\/blogsaverroes.juntadeandalucia.es\/ceperaltoguadalquivir\/wp-json\/wp\/v2\/pages\/2232\/revisions"}],"predecessor-version":[{"id":2240,"href":"https:\/\/blogsaverroes.juntadeandalucia.es\/ceperaltoguadalquivir\/wp-json\/wp\/v2\/pages\/2232\/revisions\/2240"}],"wp:attachment":[{"href":"https:\/\/blogsaverroes.juntadeandalucia.es\/ceperaltoguadalquivir\/wp-json\/wp\/v2\/media?parent=2232"}],"curies":[{"name":"wp","href":"https:\/\/api.w.org\/{rel}","templated":true}]}}