{"id":2386,"date":"2019-11-29T14:26:11","date_gmt":"2019-11-29T14:26:11","guid":{"rendered":"https:\/\/blogsaverroes.juntadeandalucia.es\/ceperaltoguadalquivir\/?page_id=2386"},"modified":"2019-11-29T14:44:03","modified_gmt":"2019-11-29T14:44:03","slug":"horarios-ibros","status":"publish","type":"page","link":"https:\/\/blogsaverroes.juntadeandalucia.es\/ceperaltoguadalquivir\/horarios-ibros\/","title":{"rendered":"Horarios (Ibros)"},"content":{"rendered":"<p><span style=\"text-decoration: underline\"><strong>Pruebas Libres para la obtenci\u00f3n del T\u00edtulo de Graduado de Educaci\u00f3n Secundaria Obligatoria<\/strong><\/span><\/p>\n<table style=\"width: 752px\">\n<tbody>\n<tr style=\"height: 22px\">\n<td style=\"height: 22px;text-align: center;width: 96px\">&nbsp;<\/td>\n<td style=\"height: 22px;background-color: #ffffff;text-align: center;width: 120.1875px\"><strong>LUNES<\/strong><\/td>\n<td style=\"height: 22px;background-color: #ffffff;text-align: center;width: 82.8125px\"><strong>MARTES<\/strong><\/td>\n<td style=\"height: 22px;background-color: #ffffff;text-align: center;width: 124px\"><strong>&nbsp;MI\u00c9RCOLES<\/strong><\/td>\n<td style=\"height: 22px;background-color: #ffffff;text-align: center;width: 49px\"><strong>JUEVES<\/strong><\/td>\n<td style=\"height: 22px;background-color: #ffffff;text-align: center;width: 54px\"><strong>VIERNES<\/strong><\/td>\n<\/tr>\n<tr style=\"height: 23px\">\n<td style=\"height: 23px;text-align: center;width: 96px\"><strong>18:00 &#8211; 19:00<\/strong><\/td>\n<td style=\"height: 23px;text-align: center;width: 120.1875px\">&nbsp;<\/td>\n<td style=\"height: 23px;text-align: center;width: 82.8125px\">&nbsp;<\/td>\n<td style=\"height: 23px;text-align: center;width: 124px\">Lengua<\/td>\n<td style=\"height: 23px;text-align: center;width: 49px\">&nbsp;<\/td>\n<td style=\"height: 23px;text-align: center;width: 54px\">&nbsp;<\/td>\n<\/tr>\n<tr style=\"height: 22px\">\n<td style=\"height: 22px;text-align: center;width: 96px\"><strong>19:00 &#8211; 20:00<\/strong><\/td>\n<td style=\"height: 22px;text-align: center;width: 120.1875px\">Ingl\u00e9s<\/td>\n<td style=\"height: 66.5px;text-align: center;width: 82.8125px\">Sociales<\/p>\n<p>(19:30 &#8211; 20:15)<\/td>\n<td style=\"height: 66.5px;text-align: center;width: 124px\">Ingl\u00e9s<\/td>\n<td style=\"height: 66.5px;text-align: center;width: 49px\">Ingl\u00e9s<\/td>\n<td style=\"height: 22px;text-align: center;width: 54px\">&nbsp;<\/td>\n<\/tr>\n<tr style=\"height: 22.5px\">\n<td style=\"height: 22.5px;text-align: center;width: 96px\"><strong>20:00 &#8211; 21:00<\/strong><\/td>\n<td style=\"height: 44.5px;text-align: center;width: 120.1875px\" rowspan=\"2\">Cient\u00edfico-Tecnol\u00f3gico<\/td>\n<td style=\"height: 44.5px;text-align: center;width: 82.8125px\">Lengua<\/p>\n<p>(20:15 &#8211; 21:00)<\/td>\n<td style=\"height: 44.5px;text-align: center;width: 124px\">Cient\u00edfico-Tecnol\u00f3gico<\/td>\n<td style=\"height: 44.5px;text-align: center;width: 49px\">Sociales<\/td>\n<td style=\"height: 22.5px;text-align: center;width: 54px\">Tutor\u00eda<\/td>\n<\/tr>\n<tr style=\"height: 22px\">\n<td style=\"height: 22px;text-align: center;width: 96px\"><strong>21:30 &#8211; 21:30<\/strong><\/td>\n<td style=\"height: 22px;text-align: center;width: 82.8125px\">&nbsp;<\/td>\n<td style=\"height: 22px;text-align: center;width: 124px\">&nbsp;<\/td>\n<td style=\"height: 22px;text-align: center;width: 49px\">&nbsp;<\/td>\n<td style=\"height: 22px;text-align: center;width: 54px\">&nbsp;<\/td>\n<\/tr>\n<\/tbody>\n<\/table>\n<p>&nbsp;<\/p>\n<p><span style=\"text-decoration: underline\"><strong>Cultura Emprendedora<\/strong><\/span><\/p>\n<table>\n<tbody>\n<tr style=\"height: 22px\">\n<td style=\"height: 22px;text-align: center\">&nbsp;<\/td>\n<td style=\"text-align: center;height: 22px\"><strong>LUNES<\/strong><\/td>\n<td style=\"text-align: center;height: 22px\"><strong>VIERNES<\/strong><\/td>\n<\/tr>\n<tr style=\"height: 22px\">\n<td style=\"height: 22px;text-align: center\"><strong>17:00 &#8211; 18:00<\/strong><\/td>\n<td style=\"height: 22px;text-align: center\" rowspan=\"2\">Cultura Emprendora<\/p>\n<p>17:30 &#8211; 19:00<\/td>\n<td style=\"height: 22px;text-align: center\">&nbsp;<\/td>\n<\/tr>\n<tr style=\"height: 22.5px\">\n<td style=\"height: 22.5px;text-align: center\"><strong>18:00 &#8211; 19:00<\/strong><\/td>\n<td style=\"height: 44.5px;text-align: center\" rowspan=\"2\">Cultura Emprendedora<\/td>\n<\/tr>\n<tr style=\"height: 22.5px\">\n<td style=\"height: 22.5px;text-align: center\"><strong>19:00 &#8211; 20:00<\/strong><\/td>\n<td style=\"height: 22.5px;text-align: center\">&nbsp;<\/td>\n<\/tr>\n<\/tbody>\n<\/table>\n<p>&nbsp;<\/p>\n<p><span style=\"text-decoration: underline\"><strong>Tecnolog\u00edas de la Informaci\u00f3n y la Comunicaci\u00f3n<\/strong><\/span><\/p>\n<table style=\"width: 764px\">\n<tbody>\n<tr style=\"height: 22px\">\n<td style=\"height: 22px;text-align: center;width: 166px\">&nbsp;<\/td>\n<td style=\"text-align: center;height: 22px;width: 274px\"><strong>MARTES<\/strong><\/td>\n<td style=\"text-align: center;height: 22px;width: 274px\"><strong>JUEVES<\/strong><\/td>\n<\/tr>\n<tr style=\"height: 22px\">\n<td style=\"height: 22px;text-align: center;width: 166px\"><strong>17:00 &#8211; 18:00<\/strong><\/td>\n<td style=\"height: 22px;text-align: center;width: 274px\">&nbsp;<\/td>\n<td style=\"height: 22px;text-align: center;width: 274px\" rowspan=\"2\">Inform\u00e1tica<\/p>\n<p>(17:30 &#8211; 19:00)<\/td>\n<\/tr>\n<tr style=\"height: 22px\">\n<td style=\"height: 22px;text-align: center;width: 166px\"><strong>18:00 &#8211; 19:00<\/strong><\/td>\n<td style=\"height: 22px;text-align: center;width: 274px\" rowspan=\"2\">Inform\u00e1tica<\/td>\n<\/tr>\n<tr style=\"height: 22px\">\n<td style=\"height: 22px;text-align: center;width: 166px\"><strong>19:00 &#8211; 19:30<\/strong><\/td>\n<td style=\"height: 22px;text-align: center;width: 274px\">&nbsp;<\/td>\n<\/tr>\n<\/tbody>\n<\/table>\n<p>&nbsp;<\/p>\n<p><span style=\"text-decoration: underline\"><strong>Patrimonio Cultural de Andaluc\u00eda y del Medioambiente<\/strong><\/span><\/p>\n<table style=\"width: 747px\">\n<tbody>\n<tr style=\"height: 22px\">\n<td style=\"height: 22px;text-align: center;width: 371px\">&nbsp;<\/td>\n<td style=\"text-align: center;height: 22px;width: 269px\"><strong>LUNES<\/strong><\/td>\n<td style=\"text-align: center;height: 22px;width: 202.453125px\"><strong>MARTES<\/strong><\/td>\n<td style=\"text-align: center;height: 22px;width: 157.546875px\"><strong>MI\u00c9RCOLES<\/strong><\/td>\n<td style=\"text-align: center;height: 22px;width: 287px\"><strong>JUEVES<\/strong><\/td>\n<td style=\"text-align: center;height: 22px;width: 192px\"><strong>VIERNES<\/strong><\/td>\n<\/tr>\n<tr style=\"height: 22px\">\n<td style=\"height: 22px;text-align: center;width: 371px\"><strong>16:30 &#8211; 18:00<\/strong><\/td>\n<td style=\"height: 22px;text-align: center;width: 269px\">PCMA<\/p>\n<p>(16:30 &#8211; 17:30)<\/td>\n<td style=\"height: 22px;text-align: center;width: 202.453125px\">PCMA<\/td>\n<td style=\"height: 22px;text-align: center;width: 157.546875px\">PCMA<\/td>\n<td style=\"height: 22px;text-align: center;width: 287px\">PCMA<\/p>\n<p>(16:30 &#8211; 17:30)<\/td>\n<td style=\"height: 22px;text-align: center;width: 192px\">PCMA<\/td>\n<\/tr>\n<\/tbody>\n<\/table>\n<p>&nbsp;<\/p>\n<p><span style=\"text-decoration: underline\"><strong>Uso B\u00e1sico de Idiomas<\/strong><\/span><\/p>\n<table style=\"width: 764px\">\n<tbody>\n<tr style=\"height: 22px\">\n<td style=\"height: 22px;text-align: center;width: 166px\">&nbsp;<\/td>\n<td style=\"text-align: center;height: 22px;width: 274px\"><strong>LUNES<\/strong><\/td>\n<td style=\"text-align: center;height: 22px;width: 260px\"><strong>MI\u00c9RCOLES<\/strong><\/td>\n<td style=\"text-align: center;height: 22px;width: 260px\"><strong>JUEVES<\/strong><\/td>\n<\/tr>\n<tr style=\"height: 22px\">\n<td style=\"height: 22px;text-align: center;width: 166px\"><strong>19:00 &#8211; 20:00<\/strong><\/td>\n<td style=\"height: 22px;text-align: center;width: 274px\">Ingl\u00e9s<\/td>\n<td style=\"height: 22px;text-align: center;width: 260px\">Ingl\u00e9s<\/td>\n<td style=\"height: 22px;text-align: center;width: 260px\">Ingl\u00e9s<\/td>\n<\/tr>\n<\/tbody>\n<\/table>\n<p>&nbsp;<\/p>\n","protected":false},"excerpt":{"rendered":"<p>Pruebas Libres para la obtenci\u00f3n del T\u00edtulo de Graduado de Educaci\u00f3n Secundaria Obligatoria &nbsp; LUNES MARTES &nbsp;MI\u00c9RCOLES JUEVES VIERNES 18:00 &#8211; 19:00 &nbsp; &nbsp; Lengua &nbsp; &nbsp; 19:00 &#8211; 20:00 Ingl\u00e9s Sociales (19:30 &#8211;&#46;&#46;&#46;<\/p>\n","protected":false},"author":7870,"featured_media":0,"parent":0,"menu_order":0,"comment_status":"closed","ping_status":"closed","template":"","meta":{"ngg_post_thumbnail":0,"footnotes":"","_mc_calendar":[]},"aioseo_notices":[],"_links":{"self":[{"href":"https:\/\/blogsaverroes.juntadeandalucia.es\/ceperaltoguadalquivir\/wp-json\/wp\/v2\/pages\/2386"}],"collection":[{"href":"https:\/\/blogsaverroes.juntadeandalucia.es\/ceperaltoguadalquivir\/wp-json\/wp\/v2\/pages"}],"about":[{"href":"https:\/\/blogsaverroes.juntadeandalucia.es\/ceperaltoguadalquivir\/wp-json\/wp\/v2\/types\/page"}],"author":[{"embeddable":true,"href":"https:\/\/blogsaverroes.juntadeandalucia.es\/ceperaltoguadalquivir\/wp-json\/wp\/v2\/users\/7870"}],"replies":[{"embeddable":true,"href":"https:\/\/blogsaverroes.juntadeandalucia.es\/ceperaltoguadalquivir\/wp-json\/wp\/v2\/comments?post=2386"}],"version-history":[{"count":5,"href":"https:\/\/blogsaverroes.juntadeandalucia.es\/ceperaltoguadalquivir\/wp-json\/wp\/v2\/pages\/2386\/revisions"}],"predecessor-version":[{"id":2394,"href":"https:\/\/blogsaverroes.juntadeandalucia.es\/ceperaltoguadalquivir\/wp-json\/wp\/v2\/pages\/2386\/revisions\/2394"}],"wp:attachment":[{"href":"https:\/\/blogsaverroes.juntadeandalucia.es\/ceperaltoguadalquivir\/wp-json\/wp\/v2\/media?parent=2386"}],"curies":[{"name":"wp","href":"https:\/\/api.w.org\/{rel}","templated":true}]}}