{"id":2401,"date":"2019-11-29T20:28:59","date_gmt":"2019-11-29T20:28:59","guid":{"rendered":"https:\/\/blogsaverroes.juntadeandalucia.es\/ceperaltoguadalquivir\/?page_id=2401"},"modified":"2020-09-16T14:49:35","modified_gmt":"2020-09-16T14:49:35","slug":"datos-del-centro-jodar","status":"publish","type":"page","link":"https:\/\/blogsaverroes.juntadeandalucia.es\/ceperaltoguadalquivir\/datos-del-centro-jodar\/","title":{"rendered":"Datos del centro (J\u00f3dar)"},"content":{"rendered":"<p><iframe loading=\"lazy\" src=\"https:\/\/www.google.com\/maps\/embed?pb=!1m18!1m12!1m3!1d3150.8520355820283!2d-3.3521037847405366!3d37.84034967974753!2m3!1f0!2f0!3f0!3m2!1i1024!2i768!4f13.1!3m3!1m2!1s0xd6e5c1b5ca2bfc9%3A0x1f004d49702e5444!2zQXYuIGRlIEFuZGFsdWPDrWEsIDY5LCAyMzUwMCBKw7NkYXIsIEphw6lu!5e0!3m2!1ses!2ses!4v1575058862818!5m2!1ses!2ses\" width=\"600\" height=\"450\" frameborder=\"0\"><\/iframe><\/p>\n<h4>&nbsp;<\/h4>\n<h4><strong>Datos de contacto<\/strong><\/h4>\n<p>Secci\u00f3n de Educaci\u00f3n Permanente \u00abPuerta de M\u00e1gina\u00bb.<\/p>\n<p><strong>Direcci\u00f3n (despacho):<\/strong>&nbsp; Avenida de Andaluc\u00eda, 2. C.P: 23500 J\u00f3dar (Ja\u00e9n) &#8211; Dentro de Casa de la Juventud.<\/p>\n<p><strong>Direcci\u00f3n (aulas):<\/strong>&nbsp; Avenida de Andaluc\u00eda, 9. C.P: 23500 J\u00f3dar (Ja\u00e9n) &#8211; Dentro del I.E.S. \u00abJuan L\u00f3pez Morillas\u00bb.<\/p>\n<p><strong>Tel\u00e9fono Corporativo: <\/strong>607.870<\/p>\n<p><strong>Tel\u00e9fono: <\/strong>636.692.743<\/p>\n<p><strong>Email:<\/strong> 23500358.edu@juntadeandalucia.es<\/p>\n<h4>&nbsp;<\/h4>\n<h4><strong>Horario<\/strong><\/h4>\n<h4>El centro permanece abierto en el siguiente horario:<\/h4>\n<table style=\"width: 761px\">\n<tbody>\n<tr>\n<td style=\"width: 91px\">&nbsp;<\/td>\n<td style=\"width: 92px;text-align: center\"><strong>LUNES<\/strong><\/td>\n<td style=\"width: 99px;text-align: center\"><strong>MARTES<\/strong><\/td>\n<td style=\"width: 121.203125px;text-align: center\"><strong>MI\u00c9RCOLES<\/strong><\/td>\n<td style=\"width: 113.796875px;text-align: center\"><strong>JUEVES<\/strong><\/td>\n<td style=\"width: 116px;text-align: center\"><strong>VIERNES<\/strong><\/td>\n<\/tr>\n<tr>\n<td style=\"width: 91px;text-align: center\"><strong>TARDES<\/strong><\/td>\n<td style=\"width: 92px;text-align: center\">16:00 &#8211; 22:00<\/p>\n<p>(Aulas)<\/td>\n<td style=\"width: 99px;text-align: center\">16:00 &#8211; 22:00<\/p>\n<p>(Aulas)<\/td>\n<td style=\"width: 121.203125px;text-align: center\">16:00 &#8211; 21:00<\/p>\n<p>(Aulas)<\/td>\n<td style=\"width: 113.796875px;text-align: center\">16:00 &#8211; 21:00<\/p>\n<p>(Aulas)<\/td>\n<td style=\"width: 116px;text-align: center\">16:00 &#8211; 18:00<\/p>\n<p>(Despacho)<\/p>\n<p>18:00 &#8211; 21:00<\/p>\n<p>(Aulas)<\/td>\n<\/tr>\n<\/tbody>\n<\/table>\n<h4>&nbsp;<\/h4>\n<h4><strong>Oferta educativa<\/strong><\/h4>\n<p>La oferta educativa se centra en planes dirigidos a la obtenci\u00f3n de titulaciones:<\/p>\n<ul>\n<li>Graduado en Educaci\u00f3n Secundaria Obligatoria para personas adultas Nivel I y Nivel II de Semipresencial.<\/li>\n<li>Nivel A1 de la Escuela Oficial de Idiomas (Ingl\u00e9s).<\/li>\n<\/ul>\n<p>Se ofrecen otros planes educativos para el fomento de la ciudadan\u00eda activa:<\/p>\n<ul>\n<li>Conocimiento y Conservaci\u00f3n del Patrimonio Cultural de Andaluc\u00eda y del Medioambiente.<\/li>\n<\/ul>\n<h4>&nbsp;<\/h4>\n<h4><strong>Instalaciones<\/strong><\/h4>\n<p>El centro consta de dos edificios, ambos compartidos. El despacho est\u00e1 ubicado en la Casa de la Juventud y dos aulas en el I.E.S. \u00abJuan L\u00f3pez Morillas\u00bb.<\/p>\n","protected":false},"excerpt":{"rendered":"<p>&nbsp; Datos de contacto Secci\u00f3n de Educaci\u00f3n Permanente \u00abPuerta de M\u00e1gina\u00bb. Direcci\u00f3n (despacho):&nbsp; Avenida de Andaluc\u00eda, 2. C.P: 23500 J\u00f3dar (Ja\u00e9n) &#8211; Dentro de Casa de la Juventud. Direcci\u00f3n (aulas):&nbsp; Avenida de Andaluc\u00eda, 9.&#46;&#46;&#46;<\/p>\n","protected":false},"author":7870,"featured_media":0,"parent":0,"menu_order":0,"comment_status":"closed","ping_status":"closed","template":"","meta":{"ngg_post_thumbnail":0,"footnotes":"","_mc_calendar":[]},"aioseo_notices":[],"_links":{"self":[{"href":"https:\/\/blogsaverroes.juntadeandalucia.es\/ceperaltoguadalquivir\/wp-json\/wp\/v2\/pages\/2401"}],"collection":[{"href":"https:\/\/blogsaverroes.juntadeandalucia.es\/ceperaltoguadalquivir\/wp-json\/wp\/v2\/pages"}],"about":[{"href":"https:\/\/blogsaverroes.juntadeandalucia.es\/ceperaltoguadalquivir\/wp-json\/wp\/v2\/types\/page"}],"author":[{"embeddable":true,"href":"https:\/\/blogsaverroes.juntadeandalucia.es\/ceperaltoguadalquivir\/wp-json\/wp\/v2\/users\/7870"}],"replies":[{"embeddable":true,"href":"https:\/\/blogsaverroes.juntadeandalucia.es\/ceperaltoguadalquivir\/wp-json\/wp\/v2\/comments?post=2401"}],"version-history":[{"count":4,"href":"https:\/\/blogsaverroes.juntadeandalucia.es\/ceperaltoguadalquivir\/wp-json\/wp\/v2\/pages\/2401\/revisions"}],"predecessor-version":[{"id":2498,"href":"https:\/\/blogsaverroes.juntadeandalucia.es\/ceperaltoguadalquivir\/wp-json\/wp\/v2\/pages\/2401\/revisions\/2498"}],"wp:attachment":[{"href":"https:\/\/blogsaverroes.juntadeandalucia.es\/ceperaltoguadalquivir\/wp-json\/wp\/v2\/media?parent=2401"}],"curies":[{"name":"wp","href":"https:\/\/api.w.org\/{rel}","templated":true}]}}