{"id":2404,"date":"2019-11-29T20:39:31","date_gmt":"2019-11-29T20:39:31","guid":{"rendered":"https:\/\/blogsaverroes.juntadeandalucia.es\/ceperaltoguadalquivir\/?page_id=2404"},"modified":"2019-11-29T20:39:31","modified_gmt":"2019-11-29T20:39:31","slug":"matricula-rus","status":"publish","type":"page","link":"https:\/\/blogsaverroes.juntadeandalucia.es\/ceperaltoguadalquivir\/matricula-rus\/","title":{"rendered":"Matr\u00edcula (Rus)"},"content":{"rendered":"<p><strong>CURSO 2019\/2020<\/strong><\/p>\n<p>La matr\u00edcula y asistencia a todos nuestros planes educativos es&nbsp;<strong>totalmente gratuita<\/strong>.<\/p>\n<p>Los plazos para la matriculaci\u00f3n comienzan <strong>desde el d\u00eda 1 de junio de cada curso en horario de centro.<\/strong><\/p>\n<p>Los impresos de matr\u00edcula para el pr\u00f3ximo curso son auto rellenables (los puedes cumplimentar en tu ordenador e imprimir despu\u00e9s) aunque no olvides firmarlos y acompa\u00f1ar la solicitud de matr\u00edcula con tu fotocopia del DNI.<\/p>\n<ul>\n<li>Pinchando <a href=\"https:\/\/blogsaverroes.juntadeandalucia.es\/ceperaltoguadalquivir\/files\/2019\/11\/MATRICULACI\u00d3N-PLANES-Anexo-V.pdf\" target=\"_blank\" rel=\"noopener noreferrer\"><span style=\"text-decoration: underline;color: #ff0000\"><strong>AQU\u00cd<\/strong><\/span><\/a> pod\u00e9is obtener los<strong> impresos de matr\u00edcula<\/strong> para el pr\u00f3ximo curso de los planes de fomento para la ciudadan\u00eda activa (TIC, UBI, HVS, CE&#8230;). Solamente es necesario imprimir las dos primeras hojas.<\/li>\n<li>Pinchando <a href=\"https:\/\/blogsaverroes.juntadeandalucia.es\/ceperaltoguadalquivir\/files\/2019\/11\/Matriculaci\u00f3n-Semipresencial.pdf\" target=\"_blank\" rel=\"noopener noreferrer\"><span style=\"text-decoration: underline;color: #ff0000\"><strong>AQU\u00cd<\/strong><\/span><\/a> pod\u00e9is obtener el&nbsp;<strong>impreso de matr\u00edcula&nbsp;<\/strong>para el pr\u00f3ximo curso de la E.S.O.<\/li>\n<\/ul>\n<p>En el siguiente enlace se puede acceder a <strong>toda la informaci\u00f3n<\/strong> al respecto:&nbsp;<a title=\"Portal escolarizaci\u00f3n\" href=\"http:\/\/www.juntadeandalucia.es\/educacion\/webportal\/web\/portal-escolarizacion\/infantil-primaria-eso-bachillerato\" target=\"_blank\" rel=\"noopener noreferrer\">Enlace al portal de escolarizaci\u00f3n.<\/a><\/p>\n","protected":false},"excerpt":{"rendered":"<p>CURSO 2019\/2020 La matr\u00edcula y asistencia a todos nuestros planes educativos es&nbsp;totalmente gratuita. Los plazos para la matriculaci\u00f3n comienzan desde el d\u00eda 1 de junio de cada curso en horario de centro. Los impresos&#46;&#46;&#46;<\/p>\n","protected":false},"author":7870,"featured_media":0,"parent":0,"menu_order":0,"comment_status":"closed","ping_status":"closed","template":"","meta":{"ngg_post_thumbnail":0,"footnotes":"","_mc_calendar":[]},"aioseo_notices":[],"_links":{"self":[{"href":"https:\/\/blogsaverroes.juntadeandalucia.es\/ceperaltoguadalquivir\/wp-json\/wp\/v2\/pages\/2404"}],"collection":[{"href":"https:\/\/blogsaverroes.juntadeandalucia.es\/ceperaltoguadalquivir\/wp-json\/wp\/v2\/pages"}],"about":[{"href":"https:\/\/blogsaverroes.juntadeandalucia.es\/ceperaltoguadalquivir\/wp-json\/wp\/v2\/types\/page"}],"author":[{"embeddable":true,"href":"https:\/\/blogsaverroes.juntadeandalucia.es\/ceperaltoguadalquivir\/wp-json\/wp\/v2\/users\/7870"}],"replies":[{"embeddable":true,"href":"https:\/\/blogsaverroes.juntadeandalucia.es\/ceperaltoguadalquivir\/wp-json\/wp\/v2\/comments?post=2404"}],"version-history":[{"count":1,"href":"https:\/\/blogsaverroes.juntadeandalucia.es\/ceperaltoguadalquivir\/wp-json\/wp\/v2\/pages\/2404\/revisions"}],"predecessor-version":[{"id":2405,"href":"https:\/\/blogsaverroes.juntadeandalucia.es\/ceperaltoguadalquivir\/wp-json\/wp\/v2\/pages\/2404\/revisions\/2405"}],"wp:attachment":[{"href":"https:\/\/blogsaverroes.juntadeandalucia.es\/ceperaltoguadalquivir\/wp-json\/wp\/v2\/media?parent=2404"}],"curies":[{"name":"wp","href":"https:\/\/api.w.org\/{rel}","templated":true}]}}