{"id":2443,"date":"2019-12-13T12:31:01","date_gmt":"2019-12-13T12:31:01","guid":{"rendered":"https:\/\/blogsaverroes.juntadeandalucia.es\/ceperaltoguadalquivir\/?page_id=2443"},"modified":"2019-12-13T12:32:18","modified_gmt":"2019-12-13T12:32:18","slug":"datos-del-centro-torreperogil","status":"publish","type":"page","link":"https:\/\/blogsaverroes.juntadeandalucia.es\/ceperaltoguadalquivir\/datos-del-centro-torreperogil\/","title":{"rendered":"Datos del centro (Torreperogil)"},"content":{"rendered":"<p><iframe loading=\"lazy\" src=\"https:\/\/www.google.com\/maps\/embed?pb=!1m18!1m12!1m3!1d3142.5860995915136!2d-3.28848520990025!3d38.03342766814747!2m3!1f0!2f0!3f0!3m2!1i1024!2i768!4f13.1!3m3!1m2!1s0xd6ef0c354ef3141%3A0xc86f5bf3e292f05f!2sCalle%20Cervantes%2C%203%2C%2023320%20Torreperogil%2C%20Ja%C3%A9n!5e0!3m2!1ses!2ses!4v1576239780392!5m2!1ses!2ses\" width=\"600\" height=\"450\" frameborder=\"0\"><\/iframe><\/p>\n<h4>&nbsp;<\/h4>\n<h4><strong>Datos de contacto<\/strong><\/h4>\n<p>Secci\u00f3n de Educaci\u00f3n Permanente \u00abTorres de Hamd\u00f3n\u00bb.<\/p>\n<p><strong>Direcci\u00f3n:<\/strong>&nbsp; C\/ Cervantes, 3. C.P: 23320 Torreperogil (Ja\u00e9n).<\/p>\n<p><strong>Tel\u00e9fono: <\/strong>953.776.526 \/ 953.654.131 (Corporativo)<br \/>\n<strong>Email:<\/strong> manuel.moreno.garrido.edu@juntadeandalucia.es<\/p>\n<h4>&nbsp;<\/h4>\n<h4><strong>Horario<\/strong><\/h4>\n<h4>El centro permanece abierto en el siguiente horario:<\/h4>\n<table style=\"width: 761px\">\n<tbody>\n<tr>\n<td style=\"width: 91px\">&nbsp;<\/td>\n<td style=\"width: 92px;text-align: center\"><strong>LUNES<\/strong><\/td>\n<td style=\"width: 99px;text-align: center\"><strong>MARTES<\/strong><\/td>\n<td style=\"width: 121.203125px;text-align: center\"><strong>MI\u00c9RCOLES<\/strong><\/td>\n<td style=\"width: 113.796875px;text-align: center\"><strong>JUEVES<\/strong><\/td>\n<td style=\"width: 116px;text-align: center\"><strong>VIERNES<\/strong><\/td>\n<\/tr>\n<tr>\n<td style=\"width: 91px;text-align: center\"><strong>MA\u00d1ANAS<\/strong><\/td>\n<td style=\"width: 92px;text-align: center\">&nbsp;<\/td>\n<td style=\"width: 99px;text-align: center\">&nbsp;<\/td>\n<td style=\"width: 121.203125px;text-align: center\">&nbsp;<\/td>\n<td style=\"width: 113.796875px;text-align: center\">&nbsp;<\/td>\n<td style=\"width: 116px;text-align: center\">9 &#8211; 14<\/td>\n<\/tr>\n<tr>\n<td style=\"width: 91px;text-align: center\"><strong>TARDES<\/strong><\/td>\n<td style=\"width: 92px;text-align: center\">16:00 &#8211; 21:30<\/td>\n<td style=\"width: 99px;text-align: center\">16:00 &#8211; 21:30<\/td>\n<td style=\"width: 121.203125px;text-align: center\">16 &#8211; 22<\/td>\n<td style=\"width: 113.796875px;text-align: center\">16 &#8211; 22<\/td>\n<td style=\"width: 116px;text-align: center\">16 &#8211; 21<\/td>\n<\/tr>\n<\/tbody>\n<\/table>\n<h4>&nbsp;<\/h4>\n<h4><strong>Oferta educativa<\/strong><\/h4>\n<p>La oferta educativa se centra en planes dirigidos a la obtenci\u00f3n de titulaciones:<\/p>\n<ul>\n<li>Graduado en Educaci\u00f3n Secundaria Obligatoria para personas adultas Nivel I y Nivel II de Semipresencial.<\/li>\n<\/ul>\n<p>Planes de acceso a otros niveles del sistema educativo:<\/p>\n<ul>\n<li>Acceso a la Universidad para mayores de 45 a\u00f1os.<\/li>\n<li>Pruebas de Acceso a Ciclos Formativos de la Formaci\u00f3n Profesional de Grado Medio.<\/li>\n<\/ul>\n<p>Se ofrecen otros planes educativos para el fomento de la ciudadan\u00eda activa:<\/p>\n<ul>\n<li>Uso B\u00e1sico de Idiomas (Ingl\u00e9s).<\/li>\n<li>Uso B\u00e1sico de las Tecnolog\u00edas de la Informaci\u00f3n y Comunicaci\u00f3n.<\/li>\n<li>Adquisici\u00f3n de H\u00e1bitos de Vida Saludable.<\/li>\n<\/ul>\n<h4>&nbsp;<\/h4>\n<h4><strong>Instalaciones<\/strong><\/h4>\n<p>El centro consta de un edificio propio.<\/p>\n","protected":false},"excerpt":{"rendered":"<p>&nbsp; Datos de contacto Secci\u00f3n de Educaci\u00f3n Permanente \u00abTorres de Hamd\u00f3n\u00bb. Direcci\u00f3n:&nbsp; C\/ Cervantes, 3. C.P: 23320 Torreperogil (Ja\u00e9n). Tel\u00e9fono: 953.776.526 \/ 953.654.131 (Corporativo) Email: manuel.moreno.garrido.edu@juntadeandalucia.es &nbsp; Horario El centro permanece abierto en el&#46;&#46;&#46;<\/p>\n","protected":false},"author":7870,"featured_media":0,"parent":0,"menu_order":0,"comment_status":"closed","ping_status":"closed","template":"","meta":{"ngg_post_thumbnail":0,"footnotes":"","_mc_calendar":[]},"aioseo_notices":[],"_links":{"self":[{"href":"https:\/\/blogsaverroes.juntadeandalucia.es\/ceperaltoguadalquivir\/wp-json\/wp\/v2\/pages\/2443"}],"collection":[{"href":"https:\/\/blogsaverroes.juntadeandalucia.es\/ceperaltoguadalquivir\/wp-json\/wp\/v2\/pages"}],"about":[{"href":"https:\/\/blogsaverroes.juntadeandalucia.es\/ceperaltoguadalquivir\/wp-json\/wp\/v2\/types\/page"}],"author":[{"embeddable":true,"href":"https:\/\/blogsaverroes.juntadeandalucia.es\/ceperaltoguadalquivir\/wp-json\/wp\/v2\/users\/7870"}],"replies":[{"embeddable":true,"href":"https:\/\/blogsaverroes.juntadeandalucia.es\/ceperaltoguadalquivir\/wp-json\/wp\/v2\/comments?post=2443"}],"version-history":[{"count":2,"href":"https:\/\/blogsaverroes.juntadeandalucia.es\/ceperaltoguadalquivir\/wp-json\/wp\/v2\/pages\/2443\/revisions"}],"predecessor-version":[{"id":2446,"href":"https:\/\/blogsaverroes.juntadeandalucia.es\/ceperaltoguadalquivir\/wp-json\/wp\/v2\/pages\/2443\/revisions\/2446"}],"wp:attachment":[{"href":"https:\/\/blogsaverroes.juntadeandalucia.es\/ceperaltoguadalquivir\/wp-json\/wp\/v2\/media?parent=2443"}],"curies":[{"name":"wp","href":"https:\/\/api.w.org\/{rel}","templated":true}]}}