{"id":82,"date":"2015-03-16T06:59:55","date_gmt":"2015-03-16T06:59:55","guid":{"rendered":"http:\/\/blogsaverroes.juntadeandalucia.es\/pre\/ceip\/?page_id=82"},"modified":"2019-11-08T21:07:33","modified_gmt":"2019-11-08T21:07:33","slug":"horarios","status":"publish","type":"page","link":"https:\/\/blogsaverroes.juntadeandalucia.es\/ceperaltoguadalquivir\/horarios\/","title":{"rendered":"Horarios"},"content":{"rendered":"<h4><strong>Horarios<\/strong><\/h4>\n<p>&nbsp;<\/p>\n<p><span style=\"text-decoration: underline\"><strong>Tutor\u00eda de Apoyo al Estudio de la E.S.O. Nivel I<\/strong><\/span><\/p>\n<table>\n<tbody>\n<tr style=\"height: 22px\">\n<td style=\"height: 22px;text-align: center\">&nbsp;<\/td>\n<td style=\"height: 22px;background-color: #ffffff;text-align: center\"><strong>LUNES<\/strong><\/td>\n<td style=\"height: 22px;background-color: #ffffff;text-align: center\"><strong>MARTES<\/strong><\/td>\n<td style=\"height: 22px;background-color: #ffffff;text-align: center\"><strong>&nbsp;MI\u00c9RCOLES<\/strong><\/td>\n<td style=\"height: 22px;background-color: #ffffff;text-align: center\"><strong>JUEVES<\/strong><\/td>\n<\/tr>\n<tr style=\"height: 22px\">\n<td style=\"height: 22px;text-align: center\"><strong>9:30 &#8211; 11:30<\/strong><\/td>\n<td style=\"height: 22px;text-align: center\">Lengua<\/td>\n<td style=\"height: 22px;text-align: center\">Ingl\u00e9s<\/td>\n<td style=\"height: 22px;text-align: center\">Cient\u00edfico-Tecnol\u00f3gico<\/td>\n<td style=\"height: 22px;text-align: center\">Cient\u00edfico-Tecnol\u00f3gico<\/td>\n<\/tr>\n<tr style=\"height: 22.5px\">\n<td style=\"height: 22.5px;text-align: center\"><strong>11:30 &#8211; 12:30<\/strong><\/td>\n<td style=\"height: 44.5px;text-align: center\" rowspan=\"2\">Sociales<\/p>\n<p>(1 h y 30 min)<\/td>\n<td style=\"height: 22.5px;text-align: center\">Cient\u00edfico-Tecnol\u00f3gico<\/td>\n<td style=\"height: 22.5px;text-align: center\" rowspan=\"2\">Sociales<\/p>\n<p>(1 h y 30 min)<\/td>\n<td style=\"height: 22.5px;text-align: center\">Lengua<\/td>\n<\/tr>\n<tr style=\"height: 22px\">\n<td style=\"height: 22px;text-align: center\"><strong>12:30 &#8211; 13:30<\/strong><\/td>\n<td style=\"height: 22px;text-align: center\">Lengua<\/td>\n<td style=\"height: 22px;text-align: center\">Tutor\u00eda<\/td>\n<\/tr>\n<\/tbody>\n<\/table>\n<p>&nbsp;<\/p>\n<p><span style=\"text-decoration: underline\"><strong>Tutor\u00eda de Apoyo al Estudio de la E.S.O. Nivel II<\/strong><\/span><\/p>\n<table style=\"width: 760px\">\n<tbody>\n<tr style=\"height: 22px\">\n<td style=\"height: 22px;text-align: center;width: 109.828125px\">&nbsp;<\/td>\n<td style=\"text-align: center;height: 22px;width: 143.171875px\"><strong>LUNES<\/strong><\/td>\n<td style=\"text-align: center;height: 22px;width: 93px\"><strong>MARTES<\/strong><\/td>\n<td style=\"text-align: center;height: 22px;width: 164px\"><strong>&nbsp;MI\u00c9RCOLES<\/strong><\/td>\n<td style=\"text-align: center;height: 22px;width: 145px\"><strong>JUEVES<\/strong><\/td>\n<\/tr>\n<tr style=\"height: 22px\">\n<td style=\"height: 22px;text-align: center;width: 109.828125px\"><strong>9:30 &#8211; 10:30<\/strong><\/td>\n<td style=\"height: 44px;text-align: center;width: 143.171875px\" rowspan=\"2\">Cient\u00edfico-Tecnol\u00f3gico<\/td>\n<td style=\"height: 44px;text-align: center;width: 93px\" rowspan=\"2\">Lengua<\/td>\n<td style=\"height: 22px;text-align: center;width: 164px\">Lengua<\/td>\n<td style=\"height: 44px;text-align: center;width: 145px\" rowspan=\"2\">Lengua<\/td>\n<\/tr>\n<tr style=\"height: 22px\">\n<td style=\"height: 22px;text-align: center;width: 109.828125px\"><strong>10:30 &#8211; 11:30<\/strong><\/td>\n<td style=\"height: 22px;text-align: center;width: 164px\">Sociales<\/td>\n<\/tr>\n<tr style=\"height: 22.5px\">\n<td style=\"height: 22.5px;text-align: center;width: 109.828125px\"><strong>11:30 &#8211; 12:30<\/strong><\/td>\n<td style=\"height: 44.5px;text-align: center;width: 143.171875px\" rowspan=\"2\">Ingl\u00e9s<\/td>\n<td style=\"height: 22.5px;text-align: center;width: 93px\">Sociales<\/td>\n<td style=\"height: 22.5px;text-align: center;width: 164px\" rowspan=\"2\">Cient\u00edfico-Tecnol\u00f3gico<\/p>\n<p>(1h y 30 min)<\/td>\n<td style=\"height: 22.5px;text-align: center;width: 145px\" rowspan=\"2\">Cient\u00edfico-Tecnol\u00f3gico<\/p>\n<p>(1h y 30 min)<\/td>\n<\/tr>\n<tr style=\"height: 22px\">\n<td style=\"height: 22px;text-align: center;width: 109.828125px\"><strong>12:30 &#8211; 13:30<\/strong><\/td>\n<td style=\"height: 22px;text-align: center;width: 93px\">&nbsp;<\/td>\n<\/tr>\n<tr style=\"height: 22px\">\n<td style=\"height: 22px;text-align: center;width: 109.828125px\"><strong>13:00 &#8211; 14:00<\/strong><\/td>\n<td style=\"height: 22px;text-align: center;width: 143.171875px\">&nbsp;<\/td>\n<td style=\"height: 22px;text-align: center;width: 93px\">&nbsp;<\/td>\n<td style=\"height: 22px;text-align: center;width: 164px\">Tutor\u00eda<\/td>\n<td style=\"height: 22px;text-align: center;width: 145px\">&nbsp;<\/td>\n<\/tr>\n<\/tbody>\n<\/table>\n<p>&nbsp;<\/p>\n<p><span style=\"text-decoration: underline\"><strong>Tutor\u00eda de Apoyo al Estudio de la E.S.O. Nivel II<\/strong><\/span><\/p>\n<table style=\"width: 755px\">\n<tbody>\n<tr style=\"height: 22px\">\n<td style=\"height: 22px;text-align: center;width: 107.984375px\">&nbsp;<\/td>\n<td style=\"text-align: center;height: 22px;width: 66.015625px\"><strong>LUNES<\/strong><\/td>\n<td style=\"text-align: center;height: 22px;width: 102px\"><strong>MARTES<\/strong><\/td>\n<td style=\"text-align: center;height: 22px;width: 122px\"><strong>&nbsp;MI\u00c9RCOLES<\/strong><\/td>\n<td style=\"text-align: center;height: 22px;width: 104px\"><strong>JUEVES<\/strong><\/td>\n<td style=\"text-align: center;height: 22px;width: 123px\"><strong>VIERNES<\/strong><\/td>\n<\/tr>\n<tr style=\"height: 22px\">\n<td style=\"height: 22px;text-align: center;width: 107.984375px\"><strong>17:30 &#8211; 18:00<\/strong><\/td>\n<td style=\"height: 22px;text-align: center;width: 66.015625px\">&nbsp;<\/td>\n<td style=\"height: 66.5px;text-align: center;width: 102px\" rowspan=\"3\">Cient\u00edfico-Tecnol\u00f3gico<\/td>\n<td style=\"height: 22px;text-align: center;width: 122px\">&nbsp;<\/td>\n<td style=\"height: 22px;text-align: center;width: 104px\">&nbsp;<\/td>\n<td style=\"height: 66.5px;text-align: center;width: 123px\" rowspan=\"3\">Cient\u00edfico-Tecnol\u00f3gico<\/td>\n<\/tr>\n<tr style=\"height: 22.5px\">\n<td style=\"height: 22.5px;text-align: center;width: 107.984375px\"><strong>18:00 &#8211; 19:00<\/strong><\/td>\n<td style=\"height: 44.5px;text-align: center;width: 66.015625px\" rowspan=\"2\">Sociales<\/td>\n<td style=\"height: 66.5px;text-align: center;width: 122px\" rowspan=\"3\">Lengua<\/p>\n<p>(18:20 &#8211; 20:30)<\/td>\n<td style=\"height: 22.5px;text-align: center;width: 104px\" rowspan=\"3\">Lengua<\/p>\n<p>(18:20 &#8211; 20:30)<\/td>\n<\/tr>\n<tr style=\"height: 22px\">\n<td style=\"height: 22px;text-align: center;width: 107.984375px\"><strong>19:00 &#8211; 20:00<\/strong><\/td>\n<\/tr>\n<tr style=\"height: 22px\">\n<td style=\"height: 22px;text-align: center;width: 107.984375px\"><strong>20:00 &#8211; 21:00<\/strong><\/td>\n<td style=\"height: 22px;text-align: center;width: 66.015625px\">Ingl\u00e9s<\/td>\n<td style=\"height: 22px;text-align: center;width: 102px\">Ingl\u00e9s<\/td>\n<td style=\"height: 22px;text-align: center;width: 123px\">&nbsp;<\/td>\n<\/tr>\n<\/tbody>\n<\/table>\n<p>&nbsp;<\/p>\n<p><span style=\"text-decoration: underline\"><strong>Cultura Emprendedora<\/strong><\/span><\/p>\n<table>\n<tbody>\n<tr style=\"height: 22px\">\n<td style=\"height: 22px;text-align: center\">&nbsp;<\/td>\n<td style=\"text-align: center;height: 22px\"><strong>LUNES<\/strong><\/td>\n<td style=\"text-align: center;height: 22px\"><strong>VIERNES<\/strong><\/td>\n<\/tr>\n<tr style=\"height: 22px\">\n<td style=\"height: 22px;text-align: center\"><strong>10:30 &#8211; 12:30<\/strong><\/td>\n<td style=\"height: 22px;text-align: center\">&nbsp;<\/td>\n<td style=\"height: 22px;text-align: center\">Cultura Emprendedora<\/td>\n<\/tr>\n<tr style=\"height: 22.5px\">\n<td style=\"height: 22.5px;text-align: center\"><strong>11:30 &#8211; 13:30<\/strong><\/td>\n<td style=\"height: 44.5px;text-align: center\">Cultura Emprendedora<\/td>\n<td style=\"height: 22.5px;text-align: center\">&nbsp;<\/td>\n<\/tr>\n<\/tbody>\n<\/table>\n<p>&nbsp;<\/p>\n<p><span style=\"text-decoration: underline\"><strong>Uso B\u00e1sico de Idiomas 1<\/strong><\/span><\/p>\n<table style=\"width: 764px\">\n<tbody>\n<tr style=\"height: 22px\">\n<td style=\"height: 22px;text-align: center;width: 166px\">&nbsp;<\/td>\n<td style=\"text-align: center;height: 22px;width: 274px\"><strong>MARTES<\/strong><\/td>\n<td style=\"text-align: center;height: 22px;width: 260px\"><strong>JUEVES<\/strong><\/td>\n<\/tr>\n<tr style=\"height: 22px\">\n<td style=\"height: 22px;text-align: center;width: 166px\"><strong>9:30 &#8211; 11:30<\/strong><\/td>\n<td style=\"height: 22px;text-align: center;width: 274px\">Ingl\u00e9s<\/td>\n<td style=\"height: 22px;text-align: center;width: 260px\">Ingl\u00e9s<\/td>\n<\/tr>\n<\/tbody>\n<\/table>\n<p>&nbsp;<\/p>\n<p><span style=\"text-decoration: underline\"><strong>Uso B\u00e1sico de Idiomas 2<\/strong><\/span><\/p>\n<table style=\"width: 764px\">\n<tbody>\n<tr style=\"height: 22px\">\n<td style=\"height: 22px;text-align: center;width: 166px\">&nbsp;<\/td>\n<td style=\"text-align: center;height: 22px;width: 274px\"><strong>MI\u00c9RCOLES<\/strong><\/td>\n<td style=\"text-align: center;height: 22px;width: 260px\"><strong>JUEVES<\/strong><\/td>\n<\/tr>\n<tr style=\"height: 22px\">\n<td style=\"height: 22px;text-align: center;width: 166px\"><strong>11:30 &#8211; 13:30<\/strong><\/td>\n<td style=\"height: 22px;text-align: center;width: 274px\">Ingl\u00e9s<\/td>\n<td style=\"height: 22px;text-align: center;width: 260px\">Ingl\u00e9s<\/td>\n<\/tr>\n<\/tbody>\n<\/table>\n<p>&nbsp;<\/p>\n<p><span style=\"text-decoration: underline\"><strong>Uso B\u00e1sico de Idiomas 3<\/strong><\/span><\/p>\n<table style=\"width: 764px\">\n<tbody>\n<tr style=\"height: 22px\">\n<td style=\"height: 22px;text-align: center;width: 166px\">&nbsp;<\/td>\n<td style=\"text-align: center;height: 22px;width: 274px\"><strong>LUNES<\/strong><\/td>\n<td style=\"text-align: center;height: 22px;width: 260px\"><strong>MARTES<\/strong><\/td>\n<\/tr>\n<tr style=\"height: 22px\">\n<td style=\"height: 22px;text-align: center;width: 166px\"><strong>18:00 &#8211; 20:00<\/strong><\/td>\n<td style=\"height: 22px;text-align: center;width: 274px\">Ingl\u00e9s<\/td>\n<td style=\"height: 22px;text-align: center;width: 260px\">Ingl\u00e9s<\/td>\n<\/tr>\n<\/tbody>\n<\/table>\n<p>&nbsp;<\/p>\n<p><span style=\"text-decoration: underline\"><strong>Uso B\u00e1sico de Idiomas 11<\/strong><\/span><\/p>\n<table style=\"width: 764px\">\n<tbody>\n<tr style=\"height: 22px\">\n<td style=\"height: 22px;text-align: center;width: 166px\">&nbsp;<\/td>\n<td style=\"text-align: center;height: 22px;width: 274px\"><strong>LUNES<\/strong><\/td>\n<td style=\"text-align: center;height: 22px;width: 260px\"><strong>VIERNES<\/strong><\/td>\n<\/tr>\n<tr style=\"height: 22px\">\n<td style=\"height: 22px;text-align: center;width: 166px\"><strong>9:30 &#8211; 11:30<\/strong><\/td>\n<td style=\"height: 22px;text-align: center;width: 274px\">Ingl\u00e9s<\/td>\n<td style=\"height: 22px;text-align: center;width: 260px\">Ingl\u00e9s<\/td>\n<\/tr>\n<\/tbody>\n<\/table>\n<p>&nbsp;<\/p>\n<p><span style=\"text-decoration: underline\"><strong>Uso B\u00e1sico de Idiomas 12<\/strong><\/span><\/p>\n<table style=\"width: 764px\">\n<tbody>\n<tr style=\"height: 22px\">\n<td style=\"height: 22px;text-align: center;width: 166px\">&nbsp;<\/td>\n<td style=\"text-align: center;height: 22px;width: 274px\"><strong>LUNES<\/strong><\/td>\n<td style=\"text-align: center;height: 22px;width: 260px\"><strong>MI\u00c9RCOLES<\/strong><\/td>\n<\/tr>\n<tr style=\"height: 22px\">\n<td style=\"height: 22px;text-align: center;width: 166px\"><strong>17:00- 18:00<\/strong><\/td>\n<td style=\"height: 22px;text-align: center;width: 274px\">&nbsp;<\/td>\n<td style=\"height: 22px;text-align: center;width: 260px\" rowspan=\"2\">Ingl\u00e9s<\/td>\n<\/tr>\n<tr style=\"height: 22px\">\n<td style=\"height: 22px;text-align: center;width: 166px\"><strong>18:00 &#8211; 19:00<\/strong><\/td>\n<td style=\"height: 22px;text-align: center;width: 274px\">Ingl\u00e9s<\/td>\n<\/tr>\n<\/tbody>\n<\/table>\n<p>&nbsp;<\/p>\n<p><span style=\"text-decoration: underline\"><strong>Uso B\u00e1sico de Idiomas 13<\/strong><\/span><\/p>\n<table style=\"width: 764px\">\n<tbody>\n<tr style=\"height: 22px\">\n<td style=\"height: 22px;text-align: center;width: 166px\">&nbsp;<\/td>\n<td style=\"text-align: center;height: 22px;width: 274px\"><strong>LUNES<\/strong><\/td>\n<td style=\"text-align: center;height: 22px;width: 260px\"><strong>MARTES<\/strong><\/td>\n<\/tr>\n<tr style=\"height: 22px\">\n<td style=\"height: 22px;text-align: center;width: 166px\"><strong>16:00 &#8211; 18:00<\/strong><\/td>\n<td style=\"height: 22px;text-align: center;width: 274px\">Ingl\u00e9s<\/td>\n<td style=\"height: 22px;text-align: center;width: 260px\">Ingl\u00e9s<\/td>\n<\/tr>\n<\/tbody>\n<\/table>\n<p>&nbsp;<\/p>\n<p><span style=\"text-decoration: underline\"><strong>Uso B\u00e1sico de Idiomas 14<\/strong><\/span><\/p>\n<table style=\"width: 764px\">\n<tbody>\n<tr style=\"height: 22px\">\n<td style=\"height: 22px;text-align: center;width: 166px\">&nbsp;<\/td>\n<td style=\"text-align: center;height: 22px;width: 274px\"><strong>MARTES<\/strong><\/td>\n<td style=\"text-align: center;height: 22px;width: 260px\"><strong>VIERNES<\/strong><\/td>\n<\/tr>\n<tr style=\"height: 20px\">\n<td style=\"height: 20px;text-align: center;width: 166px\"><strong>11:30- 13:00<\/strong><\/td>\n<td style=\"height: 20px;text-align: center;width: 274px\">Ingl\u00e9s<\/td>\n<td style=\"height: 20px;text-align: center;width: 260px\">&nbsp;<\/td>\n<\/tr>\n<tr style=\"height: 22px\">\n<td style=\"height: 22px;text-align: center;width: 166px\"><strong>10:30 &#8211; 12:00<\/strong><\/td>\n<td style=\"height: 22px;text-align: center;width: 274px\">&nbsp;<\/td>\n<td style=\"height: 22px;text-align: center;width: 274px\">Ingl\u00e9s<\/td>\n<\/tr>\n<\/tbody>\n<\/table>\n<p>&nbsp;<\/p>\n<p><span style=\"text-decoration: underline\"><strong>Uso B\u00e1sico de Idiomas 15<\/strong><\/span><\/p>\n<table style=\"width: 764px\">\n<tbody>\n<tr style=\"height: 22px\">\n<td style=\"height: 22px;text-align: center;width: 166px\">&nbsp;<\/td>\n<td style=\"text-align: center;height: 22px;width: 274px\"><strong>MARTES<\/strong><\/td>\n<td style=\"text-align: center;height: 22px;width: 260px\"><strong>VIERNES<\/strong><\/td>\n<\/tr>\n<tr style=\"height: 22px\">\n<td style=\"height: 22px;text-align: center;width: 166px\"><strong>20:00 &#8211; 21:00<\/strong><\/td>\n<td style=\"height: 22px;text-align: center;width: 274px\">Ingl\u00e9s<\/td>\n<td style=\"height: 22px;text-align: center;width: 260px\">Ingl\u00e9s<\/td>\n<\/tr>\n<\/tbody>\n<\/table>\n<p>&nbsp;<\/p>\n<p><span style=\"text-decoration: underline\"><strong>Tutor\u00eda de Apoyo al Estudio de Ingl\u00e9s (A1)<\/strong><\/span><\/p>\n<table style=\"width: 764px\">\n<tbody>\n<tr style=\"height: 22px\">\n<td style=\"height: 22px;text-align: center;width: 166px\">&nbsp;<\/td>\n<td style=\"text-align: center;height: 22px;width: 274px\"><strong>MARTES<\/strong><\/td>\n<td style=\"text-align: center;height: 22px;width: 260px\"><strong>MI\u00c9RCOLES<\/strong><\/td>\n<td style=\"text-align: center;height: 22px;width: 260px\"><strong>JUEVES<\/strong><\/td>\n<\/tr>\n<tr style=\"height: 22px\">\n<td style=\"height: 22px;text-align: center;width: 166px\"><strong>16:00 &#8211; 17:00<\/strong><\/td>\n<td style=\"height: 22px;text-align: center;width: 274px\">Ingl\u00e9s<\/td>\n<td style=\"height: 22px;text-align: center;width: 260px\">Ingl\u00e9s<\/td>\n<td style=\"height: 22px;text-align: center;width: 260px\">Ingl\u00e9s<\/td>\n<\/tr>\n<\/tbody>\n<\/table>\n<p>&nbsp;<\/p>\n<p><span style=\"text-decoration: underline\"><strong>Tutor\u00eda de Apoyo al Estudio de Ingl\u00e9s (A2)<\/strong><\/span><\/p>\n<table style=\"width: 764px\">\n<tbody>\n<tr style=\"height: 22px\">\n<td style=\"height: 22px;text-align: center;width: 166px\">&nbsp;<\/td>\n<td style=\"text-align: center;height: 22px;width: 274px\"><strong>MARTES<\/strong><\/td>\n<td style=\"text-align: center;height: 22px;width: 260px\"><strong>JUEVES<\/strong><\/td>\n<\/tr>\n<tr style=\"height: 22px\">\n<td style=\"height: 22px;text-align: center;width: 166px\"><strong>17:00 &#8211; 19:00<\/strong><\/td>\n<td style=\"height: 22px;text-align: center;width: 274px\">Ingl\u00e9s<\/td>\n<td style=\"height: 22px;text-align: center;width: 260px\">Ingl\u00e9s<\/td>\n<\/tr>\n<\/tbody>\n<\/table>\n<p>&nbsp;<\/p>\n<p><span style=\"text-decoration: underline\"><strong>Tutor\u00eda de Apoyo al Estudio de Ingl\u00e9s (A2+)<\/strong><\/span><\/p>\n<table style=\"width: 764px\">\n<tbody>\n<tr style=\"height: 22px\">\n<td style=\"height: 22px;text-align: center;width: 166px\">&nbsp;<\/td>\n<td style=\"text-align: center;height: 22px;width: 274px\"><strong>MARTES<\/strong><\/td>\n<td style=\"text-align: center;height: 22px;width: 260px\"><strong>JUEVES<\/strong><\/td>\n<\/tr>\n<tr style=\"height: 22px\">\n<td style=\"height: 22px;text-align: center;width: 166px\"><strong>19:00 &#8211; 21:00<\/strong><\/td>\n<td style=\"height: 22px;text-align: center;width: 274px\">Ingl\u00e9s<\/td>\n<td style=\"height: 22px;text-align: center;width: 260px\">Ingl\u00e9s<\/td>\n<\/tr>\n<\/tbody>\n<\/table>\n<p>&nbsp;<\/p>\n<p><span style=\"text-decoration: underline\"><strong>Tutor\u00eda de Apoyo al Estudio de Ingl\u00e9s (A2++)<\/strong><\/span><\/p>\n<table style=\"width: 764px\">\n<tbody>\n<tr style=\"height: 22px\">\n<td style=\"height: 22px;text-align: center;width: 166px\">&nbsp;<\/td>\n<td style=\"text-align: center;height: 22px;width: 274px\"><strong>LUNES<\/strong><\/td>\n<td style=\"text-align: center;height: 22px;width: 260px\"><strong>MI\u00c9RCOLES<\/strong><\/td>\n<\/tr>\n<tr style=\"height: 22px\">\n<td style=\"height: 22px;text-align: center;width: 166px\"><strong>19:00 &#8211; 21:00<\/strong><\/td>\n<td style=\"height: 22px;text-align: center;width: 274px\">Ingl\u00e9s<\/td>\n<td style=\"height: 22px;text-align: center;width: 260px\">Ingl\u00e9s<\/td>\n<\/tr>\n<\/tbody>\n<\/table>\n<p>&nbsp;<\/p>\n<p><span style=\"text-decoration: underline\"><strong>Tecnolog\u00edas de la Informaci\u00f3n y la Comunicaci\u00f3n (TIC 1)<\/strong><\/span><\/p>\n<table style=\"width: 764px\">\n<tbody>\n<tr style=\"height: 22px\">\n<td style=\"height: 22px;text-align: center;width: 166px\">&nbsp;<\/td>\n<td style=\"text-align: center;height: 22px;width: 274px\"><strong>MARTES<\/strong><\/td>\n<td style=\"text-align: center;height: 22px;width: 260px\"><strong>VIERNES<\/strong><\/td>\n<\/tr>\n<tr style=\"height: 22px\">\n<td style=\"height: 22px;text-align: center;width: 166px\"><strong>10:00 &#8211; 11:30<\/strong><\/td>\n<td style=\"height: 22px;text-align: center;width: 274px\">Inform\u00e1tica<\/td>\n<td style=\"height: 22px;text-align: center;width: 260px\">Inform\u00e1tica<\/td>\n<\/tr>\n<\/tbody>\n<\/table>\n<p>&nbsp;<\/p>\n<p><span style=\"text-decoration: underline\"><strong>Tecnolog\u00edas de la Informaci\u00f3n y la Comunicaci\u00f3n (TIC 2)<\/strong><\/span><\/p>\n<table style=\"width: 764px\">\n<tbody>\n<tr style=\"height: 22px\">\n<td style=\"height: 22px;text-align: center;width: 166px\">&nbsp;<\/td>\n<td style=\"text-align: center;height: 22px;width: 274px\"><strong>MARTES<\/strong><\/td>\n<td style=\"text-align: center;height: 22px;width: 260px\"><strong>VIERNES<\/strong><\/td>\n<\/tr>\n<tr style=\"height: 22px\">\n<td style=\"height: 22px;text-align: center;width: 166px\"><strong>16:00 &#8211; 17:30<\/strong><\/td>\n<td style=\"height: 22px;text-align: center;width: 274px\">Inform\u00e1tica<\/td>\n<td style=\"height: 22px;text-align: center;width: 260px\">Inform\u00e1tica<\/td>\n<\/tr>\n<\/tbody>\n<\/table>\n<p>&nbsp;<\/p>\n<p><span style=\"text-decoration: underline\"><strong>Tecnolog\u00edas de la Informaci\u00f3n y la Comunicaci\u00f3n (TIC 3)<\/strong><\/span><\/p>\n<table style=\"width: 760.421875px\">\n<tbody>\n<tr style=\"height: 22px\">\n<td style=\"height: 22px;text-align: center;width: 98px\">&nbsp;<\/td>\n<td style=\"text-align: center;height: 22px;width: 340.421875px\"><strong>LUNES<\/strong><\/td>\n<\/tr>\n<tr style=\"height: 22px\">\n<td style=\"height: 22px;text-align: center;width: 98px\"><strong>16:00 &#8211; 18:00<\/strong><\/td>\n<td style=\"height: 22px;text-align: center;width: 340.421875px\">Inform\u00e1tica<\/td>\n<\/tr>\n<\/tbody>\n<\/table>\n<p>&nbsp;<\/p>\n<p><span style=\"text-decoration: underline\"><strong>H\u00e1bitos de Vida Saludable (HVS 1)<\/strong><\/span><\/p>\n<table style=\"width: 762px\">\n<tbody>\n<tr style=\"height: 22px\">\n<td style=\"height: 22px;text-align: center;width: 195.8125px\">&nbsp;<\/td>\n<td style=\"text-align: center;height: 22px;width: 243.1875px\"><strong>LUNES<\/strong><\/td>\n<td style=\"text-align: center;height: 22px;width: 260px\"><strong>MARTES<\/strong><\/td>\n<td style=\"text-align: center;height: 22px;width: 260px\"><strong>MI\u00c9RCOLES<\/strong><\/td>\n<td style=\"text-align: center;height: 22px;width: 260px\"><strong>JUEVES<\/strong><\/td>\n<\/tr>\n<tr style=\"height: 22px\">\n<td style=\"height: 22px;text-align: center;width: 195.8125px\"><strong>10:30 &#8211; 12:30<\/strong><\/td>\n<td style=\"height: 22px;text-align: center;width: 243.1875px\">HVS<\/td>\n<td style=\"height: 22px;text-align: center;width: 260px\">HVS<\/td>\n<td style=\"height: 22px;text-align: center;width: 260px\">HVS<\/td>\n<td style=\"height: 22px;text-align: center;width: 260px\">HVS<\/td>\n<\/tr>\n<\/tbody>\n<\/table>\n<p>&nbsp;<\/p>\n<p><span style=\"text-decoration: underline\"><strong>H\u00e1bitos de Vida Saludable (HVS 2)<\/strong><\/span><\/p>\n<table style=\"width: 762px\">\n<tbody>\n<tr style=\"height: 22px\">\n<td style=\"height: 22px;text-align: center;width: 191.8125px\">&nbsp;<\/td>\n<td style=\"text-align: center;height: 22px;width: 247.1875px\"><strong>LUNES<\/strong><\/td>\n<td style=\"text-align: center;height: 22px;width: 260px\"><strong>MARTES<\/strong><\/td>\n<td style=\"text-align: center;height: 22px;width: 260px\"><strong>MI\u00c9RCOLES<\/strong><\/td>\n<td style=\"text-align: center;height: 22px;width: 260px\"><strong>JUEVES<\/strong><\/td>\n<\/tr>\n<tr style=\"height: 22px\">\n<td style=\"height: 22px;text-align: center;width: 191.8125px\"><strong>16:00 &#8211; 18:00<\/strong><\/td>\n<td style=\"height: 22px;text-align: center;width: 247.1875px\">HVS<\/td>\n<td style=\"height: 22px;text-align: center;width: 260px\">HVS<\/td>\n<td style=\"height: 22px;text-align: center;width: 260px\">HVS<\/td>\n<td style=\"height: 22px;text-align: center;width: 260px\">HVS<\/td>\n<\/tr>\n<\/tbody>\n<\/table>\n<p>&nbsp;<\/p>\n<p><span style=\"text-decoration: underline\"><strong>H\u00e1bitos de Vida Saludable (HVS 3)<\/strong><\/span><\/p>\n<table style=\"width: 756px\">\n<tbody>\n<tr style=\"height: 22px\">\n<td style=\"height: 22px;text-align: center;width: 257.59375px\">&nbsp;<\/td>\n<td style=\"text-align: center;height: 22px;width: 199.40625px\"><strong>LUNES<\/strong><\/td>\n<td style=\"text-align: center;height: 22px;width: 258px\"><strong>MARTES<\/strong><\/td>\n<td style=\"text-align: center;height: 22px;width: 238px\"><strong>MI\u00c9RCOLES<\/strong><\/td>\n<td style=\"text-align: center;height: 22px;width: 260px\"><strong>JUEVES<\/strong><\/td>\n<td style=\"text-align: center;height: 22px;width: 260px\"><strong>VIERNES<\/strong><\/td>\n<\/tr>\n<tr style=\"height: 22px\">\n<td style=\"height: 22px;text-align: center;width: 257.59375px\"><strong>16:00 &#8211; 18:00<\/strong><\/td>\n<td style=\"height: 22px;text-align: center;width: 199.40625px\">HVS<\/td>\n<td style=\"height: 22px;text-align: center;width: 258px\">HVS<\/td>\n<td style=\"height: 22px;text-align: center;width: 238px\">HVS<\/td>\n<td style=\"height: 22px;text-align: center;width: 260px\">HVS<\/td>\n<td style=\"height: 22px;text-align: center;width: 260px\">HVS<\/td>\n<\/tr>\n<\/tbody>\n<\/table>\n","protected":false},"excerpt":{"rendered":"<p>Horarios &nbsp; Tutor\u00eda de Apoyo al Estudio de la E.S.O. Nivel I &nbsp; LUNES MARTES &nbsp;MI\u00c9RCOLES JUEVES 9:30 &#8211; 11:30 Lengua Ingl\u00e9s Cient\u00edfico-Tecnol\u00f3gico Cient\u00edfico-Tecnol\u00f3gico 11:30 &#8211; 12:30 Sociales (1 h y 30 min) Cient\u00edfico-Tecnol\u00f3gico&#46;&#46;&#46;<\/p>\n","protected":false},"author":1,"featured_media":0,"parent":0,"menu_order":0,"comment_status":"closed","ping_status":"open","template":"page-cs.php","meta":{"ngg_post_thumbnail":0,"footnotes":"","_mc_calendar":[]},"aioseo_notices":[],"_links":{"self":[{"href":"https:\/\/blogsaverroes.juntadeandalucia.es\/ceperaltoguadalquivir\/wp-json\/wp\/v2\/pages\/82"}],"collection":[{"href":"https:\/\/blogsaverroes.juntadeandalucia.es\/ceperaltoguadalquivir\/wp-json\/wp\/v2\/pages"}],"about":[{"href":"https:\/\/blogsaverroes.juntadeandalucia.es\/ceperaltoguadalquivir\/wp-json\/wp\/v2\/types\/page"}],"author":[{"embeddable":true,"href":"https:\/\/blogsaverroes.juntadeandalucia.es\/ceperaltoguadalquivir\/wp-json\/wp\/v2\/users\/1"}],"replies":[{"embeddable":true,"href":"https:\/\/blogsaverroes.juntadeandalucia.es\/ceperaltoguadalquivir\/wp-json\/wp\/v2\/comments?post=82"}],"version-history":[{"count":14,"href":"https:\/\/blogsaverroes.juntadeandalucia.es\/ceperaltoguadalquivir\/wp-json\/wp\/v2\/pages\/82\/revisions"}],"predecessor-version":[{"id":2206,"href":"https:\/\/blogsaverroes.juntadeandalucia.es\/ceperaltoguadalquivir\/wp-json\/wp\/v2\/pages\/82\/revisions\/2206"}],"wp:attachment":[{"href":"https:\/\/blogsaverroes.juntadeandalucia.es\/ceperaltoguadalquivir\/wp-json\/wp\/v2\/media?parent=82"}],"curies":[{"name":"wp","href":"https:\/\/api.w.org\/{rel}","templated":true}]}}