{"id":1352,"date":"2024-06-17T17:23:53","date_gmt":"2024-06-17T15:23:53","guid":{"rendered":"https:\/\/blogsaverroes.juntadeandalucia.es\/ceperamericaysecciones\/?page_id=1352"},"modified":"2025-01-29T12:22:30","modified_gmt":"2025-01-29T11:22:30","slug":"tcae","status":"publish","type":"page","link":"https:\/\/blogsaverroes.juntadeandalucia.es\/ceperamericaysecciones\/oferta-educativa\/tcae\/","title":{"rendered":"TCAE"},"content":{"rendered":"<p>Los requerimientos generales para este t\u00e9cnico(TCAE) son proporcionar cuidados auxiliares al paciente\/cliente y actuar sobre las condiciones sanitarias de su entorno como miembro de un equipo de enfermer\u00eda en los centros sanitarios de atenci\u00f3n especializada y de atenci\u00f3n primaria, bajo la dependencia del diplomado de enfermer\u00eda, o en su caso, como miembro de un equipo de salud en la asistencia sanitaria derivada de la pr\u00e1ctica del ejercicio liberal, bajo la supervisi\u00f3n correspondiente.<\/p>\n<p>La competencia general debe permitir el desempe\u00f1o, entre otros, de los siguientes puestos de trabajo u ocupaciones:<br \/>\n-Auxiliar de Enfermer\u00eda\/Cl\u00ednica.<br \/>\n-Auxiliar de Balnearios.<br \/>\n-Auxiliar de Atenci\u00f3n Primaria y Cuidados de Enfermer\u00eda a domicilio.<br \/>\n-Auxiliar Bucodental.<br \/>\n-Auxiliar Geri\u00e1trico.<br \/>\n-Auxiliar Pedi\u00e1trico.<br \/>\n-Auxiliar de Esterilizaci\u00f3n.<br \/>\n-Auxiliar de Unidades Especiales.<br \/>\n-Auxiliar de Salud Mental.<\/p>\n","protected":false},"excerpt":{"rendered":"<p>Los requerimientos generales para este t\u00e9cnico(TCAE) son proporcionar cuidados auxiliares al paciente\/cliente y actuar sobre las condiciones sanitarias de su entorno como miembro de un equipo de enfermer\u00eda en los centros sanitarios de atenci\u00f3n especializada y de atenci\u00f3n primaria, bajo la dependencia del diplomado de enfermer\u00eda, o en su caso, como miembro de un equipo [&hellip;]<\/p>\n","protected":false},"author":16847,"featured_media":0,"parent":582,"menu_order":0,"comment_status":"closed","ping_status":"closed","template":"","meta":{"_et_pb_use_builder":"","_et_pb_old_content":"","_et_gb_content_width":"","ngg_post_thumbnail":0,"footnotes":""},"aioseo_notices":[],"_links":{"self":[{"href":"https:\/\/blogsaverroes.juntadeandalucia.es\/ceperamericaysecciones\/wp-json\/wp\/v2\/pages\/1352"}],"collection":[{"href":"https:\/\/blogsaverroes.juntadeandalucia.es\/ceperamericaysecciones\/wp-json\/wp\/v2\/pages"}],"about":[{"href":"https:\/\/blogsaverroes.juntadeandalucia.es\/ceperamericaysecciones\/wp-json\/wp\/v2\/types\/page"}],"author":[{"embeddable":true,"href":"https:\/\/blogsaverroes.juntadeandalucia.es\/ceperamericaysecciones\/wp-json\/wp\/v2\/users\/16847"}],"replies":[{"embeddable":true,"href":"https:\/\/blogsaverroes.juntadeandalucia.es\/ceperamericaysecciones\/wp-json\/wp\/v2\/comments?post=1352"}],"version-history":[{"count":4,"href":"https:\/\/blogsaverroes.juntadeandalucia.es\/ceperamericaysecciones\/wp-json\/wp\/v2\/pages\/1352\/revisions"}],"predecessor-version":[{"id":1557,"href":"https:\/\/blogsaverroes.juntadeandalucia.es\/ceperamericaysecciones\/wp-json\/wp\/v2\/pages\/1352\/revisions\/1557"}],"up":[{"embeddable":true,"href":"https:\/\/blogsaverroes.juntadeandalucia.es\/ceperamericaysecciones\/wp-json\/wp\/v2\/pages\/582"}],"wp:attachment":[{"href":"https:\/\/blogsaverroes.juntadeandalucia.es\/ceperamericaysecciones\/wp-json\/wp\/v2\/media?parent=1352"}],"curies":[{"name":"wp","href":"https:\/\/api.w.org\/{rel}","templated":true}]}}